{"id":8892,"date":"2014-05-22T12:17:43","date_gmt":"2014-05-23T10:35:56","guid":{"rendered":"http:\/\/www.minoanlife.com\/?post_type=product&#038;p=8892"},"modified":"2025-06-14T07:19:04","modified_gmt":"2025-06-14T07:19:04","slug":"creme-pieds","status":"publish","type":"product","link":"https:\/\/www.minoanlife.com\/fr\/eshop\/creme-pieds\/","title":{"rendered":"Cr\u00e8me Pieds avec Olive, Cypress &amp; Menthe"},"content":{"rendered":"<p>Cr\u00e8me de soin des pieds aux extraits de cypr\u00e8s et de huiles essentiels de menthe. Elle soulage et rafraichit les pieds fatigu\u00e9es ou gonfl\u00e9es , ce qui donne une sensation de relaxation. Ses huiles v\u00e9g\u00e9tales contenant offrent d&#8217;hydratation riche et nourrissent la peau d\u00e9shydrat\u00e9.<\/p>\n<p><strong>Mode d\u2019emploi:<\/strong>\u00a0Appliquez une petite quantit\u00e9 et massez par des mouvements circulaires aux pieds et aux jambes.<\/p>\n","protected":false},"excerpt":{"rendered":"<p>Olive, Cypress Et Menthe<\/p>\n","protected":false},"featured_media":24158,"comment_status":"open","ping_status":"closed","template":"","meta":[],"product_brand":[],"product_cat":[876],"product_tag":[1735],"class_list":{"0":"post-8892","1":"product","2":"type-product","3":"status-publish","4":"has-post-thumbnail","6":"product_cat-soins-corps","7":"product_tag-articles_taille_voyage","8":"brand-olive-beauty-medi-care-brand-fr","10":"first","11":"instock","12":"featured","13":"taxable","14":"shipping-taxable","15":"purchasable","16":"product-type-variable","17":"has-default-attributes"},"yoast_head":"<!-- This site is optimized with the Yoast SEO plugin v27.2 - https:\/\/yoast.com\/product\/yoast-seo-wordpress\/ -->\n<title>Cr\u00e8me Pieds avec Olive, Cypress &amp; Menthe | Minoan Life<\/title>\n<meta name=\"description\" content=\"Cr\u00e8me de soin des pieds aux extraits de cypr\u00e8s et de huiles essentiels de menthe.\" \/>\n<meta name=\"robots\" content=\"index, follow, max-snippet:-1, max-image-preview:large, max-video-preview:-1\" \/>\n<link rel=\"canonical\" href=\"https:\/\/www.minoanlife.com\/fr\/eshop\/creme-pieds\/\" \/>\n<meta property=\"og:locale\" content=\"fr_FR\" \/>\n<meta property=\"og:type\" content=\"article\" \/>\n<meta property=\"og:title\" content=\"Cr\u00e8me Pieds avec Olive, Cypress &amp; Menthe | Minoan Life\" \/>\n<meta property=\"og:description\" content=\"Cr\u00e8me de soin des pieds aux extraits de cypr\u00e8s et de huiles essentiels de menthe.\" \/>\n<meta property=\"og:url\" content=\"https:\/\/www.minoanlife.com\/fr\/eshop\/creme-pieds\/\" \/>\n<meta property=\"og:site_name\" content=\"Minoan Life\" \/>\n<meta property=\"article:modified_time\" content=\"2025-06-14T07:19:04+00:00\" \/>\n<meta property=\"og:image\" content=\"https:\/\/www.minoanlife.com\/wp-content\/uploads\/foot_cream_with_olive_and_mint_minoanlife.jpg\" \/>\n\t<meta property=\"og:image:width\" content=\"600\" \/>\n\t<meta property=\"og:image:height\" content=\"600\" \/>\n\t<meta property=\"og:image:type\" content=\"image\/jpeg\" \/>\n<script type=\"application\/ld+json\" class=\"yoast-schema-graph\">{\"@context\":\"https:\/\/schema.org\",\"@graph\":[{\"@type\":\"WebPage\",\"@id\":\"https:\/\/www.minoanlife.com\/fr\/eshop\/creme-pieds\/\",\"url\":\"https:\/\/www.minoanlife.com\/fr\/eshop\/creme-pieds\/\",\"name\":\"Cr\u00e8me Pieds avec Olive, Cypress &amp; Menthe | Minoan Life\",\"isPartOf\":{\"@id\":\"https:\/\/www.minoanlife.com\/fr\/#website\"},\"primaryImageOfPage\":{\"@id\":\"https:\/\/www.minoanlife.com\/fr\/eshop\/creme-pieds\/#primaryimage\"},\"image\":{\"@id\":\"https:\/\/www.minoanlife.com\/fr\/eshop\/creme-pieds\/#primaryimage\"},\"thumbnailUrl\":\"https:\/\/www.minoanlife.com\/wp-content\/uploads\/foot_cream_with_olive_and_mint_minoanlife.jpg\",\"datePublished\":\"2014-05-23T10:35:56+00:00\",\"dateModified\":\"2025-06-14T07:19:04+00:00\",\"description\":\"Cr\u00e8me de soin des pieds aux extraits de cypr\u00e8s et de huiles essentiels de menthe.\",\"breadcrumb\":{\"@id\":\"https:\/\/www.minoanlife.com\/fr\/eshop\/creme-pieds\/#breadcrumb\"},\"inLanguage\":\"fr-FR\",\"potentialAction\":[{\"@type\":\"ReadAction\",\"target\":[\"https:\/\/www.minoanlife.com\/fr\/eshop\/creme-pieds\/\"]}]},{\"@type\":\"ImageObject\",\"inLanguage\":\"fr-FR\",\"@id\":\"https:\/\/www.minoanlife.com\/fr\/eshop\/creme-pieds\/#primaryimage\",\"url\":\"https:\/\/www.minoanlife.com\/wp-content\/uploads\/foot_cream_with_olive_and_mint_minoanlife.jpg\",\"contentUrl\":\"https:\/\/www.minoanlife.com\/wp-content\/uploads\/foot_cream_with_olive_and_mint_minoanlife.jpg\",\"width\":600,\"height\":600,\"caption\":\"foot_cream_with_olive_and_mint_minoanlife\"},{\"@type\":\"BreadcrumbList\",\"@id\":\"https:\/\/www.minoanlife.com\/fr\/eshop\/creme-pieds\/#breadcrumb\",\"itemListElement\":[{\"@type\":\"ListItem\",\"position\":1,\"name\":\"Home\",\"item\":\"https:\/\/www.minoanlife.com\/fr\/\"},{\"@type\":\"ListItem\",\"position\":2,\"name\":\"Eshop\",\"item\":\"https:\/\/www.minoanlife.com\/fr\/eshop\/\"},{\"@type\":\"ListItem\",\"position\":3,\"name\":\"Cr\u00e8me Pieds avec Olive, Cypress &amp; Menthe\"}]},{\"@type\":\"WebSite\",\"@id\":\"https:\/\/www.minoanlife.com\/fr\/#website\",\"url\":\"https:\/\/www.minoanlife.com\/fr\/\",\"name\":\"Minoan Life\",\"description\":\"\",\"potentialAction\":[{\"@type\":\"SearchAction\",\"target\":{\"@type\":\"EntryPoint\",\"urlTemplate\":\"https:\/\/www.minoanlife.com\/fr\/?s={search_term_string}\"},\"query-input\":{\"@type\":\"PropertyValueSpecification\",\"valueRequired\":true,\"valueName\":\"search_term_string\"}}],\"inLanguage\":\"fr-FR\"}]}<\/script>\n<!-- \/ Yoast SEO plugin. -->","yoast_head_json":{"title":"Cr\u00e8me Pieds avec Olive, Cypress &amp; Menthe | Minoan Life","description":"Cr\u00e8me de soin des pieds aux extraits de cypr\u00e8s et de huiles essentiels de menthe.","robots":{"index":"index","follow":"follow","max-snippet":"max-snippet:-1","max-image-preview":"max-image-preview:large","max-video-preview":"max-video-preview:-1"},"canonical":"https:\/\/www.minoanlife.com\/fr\/eshop\/creme-pieds\/","og_locale":"fr_FR","og_type":"article","og_title":"Cr\u00e8me Pieds avec Olive, Cypress &amp; Menthe | Minoan Life","og_description":"Cr\u00e8me de soin des pieds aux extraits de cypr\u00e8s et de huiles essentiels de menthe.","og_url":"https:\/\/www.minoanlife.com\/fr\/eshop\/creme-pieds\/","og_site_name":"Minoan Life","article_modified_time":"2025-06-14T07:19:04+00:00","og_image":[{"width":600,"height":600,"url":"https:\/\/www.minoanlife.com\/wp-content\/uploads\/foot_cream_with_olive_and_mint_minoanlife.jpg","type":"image\/jpeg"}],"schema":{"@context":"https:\/\/schema.org","@graph":[{"@type":"WebPage","@id":"https:\/\/www.minoanlife.com\/fr\/eshop\/creme-pieds\/","url":"https:\/\/www.minoanlife.com\/fr\/eshop\/creme-pieds\/","name":"Cr\u00e8me Pieds avec Olive, Cypress &amp; Menthe | Minoan Life","isPartOf":{"@id":"https:\/\/www.minoanlife.com\/fr\/#website"},"primaryImageOfPage":{"@id":"https:\/\/www.minoanlife.com\/fr\/eshop\/creme-pieds\/#primaryimage"},"image":{"@id":"https:\/\/www.minoanlife.com\/fr\/eshop\/creme-pieds\/#primaryimage"},"thumbnailUrl":"https:\/\/www.minoanlife.com\/wp-content\/uploads\/foot_cream_with_olive_and_mint_minoanlife.jpg","datePublished":"2014-05-23T10:35:56+00:00","dateModified":"2025-06-14T07:19:04+00:00","description":"Cr\u00e8me de soin des pieds aux extraits de cypr\u00e8s et de huiles essentiels de menthe.","breadcrumb":{"@id":"https:\/\/www.minoanlife.com\/fr\/eshop\/creme-pieds\/#breadcrumb"},"inLanguage":"fr-FR","potentialAction":[{"@type":"ReadAction","target":["https:\/\/www.minoanlife.com\/fr\/eshop\/creme-pieds\/"]}]},{"@type":"ImageObject","inLanguage":"fr-FR","@id":"https:\/\/www.minoanlife.com\/fr\/eshop\/creme-pieds\/#primaryimage","url":"https:\/\/www.minoanlife.com\/wp-content\/uploads\/foot_cream_with_olive_and_mint_minoanlife.jpg","contentUrl":"https:\/\/www.minoanlife.com\/wp-content\/uploads\/foot_cream_with_olive_and_mint_minoanlife.jpg","width":600,"height":600,"caption":"foot_cream_with_olive_and_mint_minoanlife"},{"@type":"BreadcrumbList","@id":"https:\/\/www.minoanlife.com\/fr\/eshop\/creme-pieds\/#breadcrumb","itemListElement":[{"@type":"ListItem","position":1,"name":"Home","item":"https:\/\/www.minoanlife.com\/fr\/"},{"@type":"ListItem","position":2,"name":"Eshop","item":"https:\/\/www.minoanlife.com\/fr\/eshop\/"},{"@type":"ListItem","position":3,"name":"Cr\u00e8me Pieds avec Olive, Cypress &amp; Menthe"}]},{"@type":"WebSite","@id":"https:\/\/www.minoanlife.com\/fr\/#website","url":"https:\/\/www.minoanlife.com\/fr\/","name":"Minoan Life","description":"","potentialAction":[{"@type":"SearchAction","target":{"@type":"EntryPoint","urlTemplate":"https:\/\/www.minoanlife.com\/fr\/?s={search_term_string}"},"query-input":{"@type":"PropertyValueSpecification","valueRequired":true,"valueName":"search_term_string"}}],"inLanguage":"fr-FR"}]}},"_links":{"self":[{"href":"https:\/\/www.minoanlife.com\/fr\/wp-json\/wp\/v2\/product\/8892","targetHints":{"allow":["GET"]}}],"collection":[{"href":"https:\/\/www.minoanlife.com\/fr\/wp-json\/wp\/v2\/product"}],"about":[{"href":"https:\/\/www.minoanlife.com\/fr\/wp-json\/wp\/v2\/types\/product"}],"replies":[{"embeddable":true,"href":"https:\/\/www.minoanlife.com\/fr\/wp-json\/wp\/v2\/comments?post=8892"}],"wp:featuredmedia":[{"embeddable":true,"href":"https:\/\/www.minoanlife.com\/fr\/wp-json\/wp\/v2\/media\/24158"}],"wp:attachment":[{"href":"https:\/\/www.minoanlife.com\/fr\/wp-json\/wp\/v2\/media?parent=8892"}],"wp:term":[{"taxonomy":"product_brand","embeddable":true,"href":"https:\/\/www.minoanlife.com\/fr\/wp-json\/wp\/v2\/product_brand?post=8892"},{"taxonomy":"product_cat","embeddable":true,"href":"https:\/\/www.minoanlife.com\/fr\/wp-json\/wp\/v2\/product_cat?post=8892"},{"taxonomy":"product_tag","embeddable":true,"href":"https:\/\/www.minoanlife.com\/fr\/wp-json\/wp\/v2\/product_tag?post=8892"}],"curies":[{"name":"wp","href":"https:\/\/api.w.org\/{rel}","templated":true}]}}