{"id":8880,"date":"2014-05-22T12:39:41","date_gmt":"2014-05-23T10:27:06","guid":{"rendered":"http:\/\/www.minoanlife.com\/?post_type=product&#038;p=8880"},"modified":"2021-02-13T09:52:42","modified_gmt":"2021-02-13T09:52:42","slug":"shampoing","status":"publish","type":"product","link":"https:\/\/www.minoanlife.com\/fr\/eshop\/shampoing\/","title":{"rendered":"Shampoing avec Olive &amp; Sauge"},"content":{"rendered":"<p>Shampooing doux aux extraits de la sauge et de l\u2019olivier avec des caract\u00e9ristiques antioxydants qui donnent de brillance, renforcent la couleur naturelle et la sant\u00e9 des cheveux et de la peau de la t\u00eate. Enrichi avec la provitamine B5 et des facteurs qui ne provoquent pas de dess\u00e9chement.<\/p>\n<p><strong>Mode d\u2019emploi:<\/strong>\u00a0Appliquez une quantit\u00e9 sur cheveux mouill\u00e9s et massez doucement. Laissez les ingr\u00e9dients actives agir pour quelques minutes et rincez abondamment avec de l&#8217;eau. Id\u00e9al pour usage fr\u00e9quent.<\/p>\n","protected":false},"excerpt":{"rendered":"<p>Olive &amp; Sauge<\/p>\n","protected":false},"featured_media":23727,"comment_status":"closed","ping_status":"closed","template":"","meta":[],"product_brand":[],"product_cat":[883],"product_tag":[1735],"class_list":{"0":"post-8880","1":"product","2":"type-product","3":"status-publish","4":"has-post-thumbnail","6":"product_cat-soins-cheveux","7":"product_tag-articles_taille_voyage","8":"brand-olive-beauty-medi-care-brand-fr","10":"first","11":"instock","12":"taxable","13":"shipping-taxable","14":"purchasable","15":"product-type-variable","16":"has-default-attributes"},"yoast_head":"<!-- This site is optimized with the Yoast SEO plugin v27.2 - https:\/\/yoast.com\/product\/yoast-seo-wordpress\/ -->\n<title>Shampoing avec Olive &amp; Sauge | Minoan Life<\/title>\n<meta name=\"description\" content=\"Enrichi avec la provitamine B5 et des facteurs qui ne provoquent pas de dess\u00e9chement.\" \/>\n<meta name=\"robots\" content=\"index, follow, max-snippet:-1, max-image-preview:large, max-video-preview:-1\" \/>\n<link rel=\"canonical\" href=\"https:\/\/www.minoanlife.com\/fr\/eshop\/shampoing\/\" \/>\n<meta property=\"og:locale\" content=\"fr_FR\" \/>\n<meta property=\"og:type\" content=\"article\" \/>\n<meta property=\"og:title\" content=\"Shampoing avec Olive &amp; Sauge | Minoan Life\" \/>\n<meta property=\"og:description\" content=\"Enrichi avec la provitamine B5 et des facteurs qui ne provoquent pas de dess\u00e9chement.\" \/>\n<meta property=\"og:url\" content=\"https:\/\/www.minoanlife.com\/fr\/eshop\/shampoing\/\" \/>\n<meta property=\"og:site_name\" content=\"Minoan Life\" \/>\n<meta property=\"article:modified_time\" content=\"2021-02-13T09:52:42+00:00\" \/>\n<meta property=\"og:image\" content=\"https:\/\/www.minoanlife.com\/wp-content\/uploads\/shampoo_minoanlife.jpg\" \/>\n\t<meta property=\"og:image:width\" content=\"600\" \/>\n\t<meta property=\"og:image:height\" content=\"600\" \/>\n\t<meta property=\"og:image:type\" content=\"image\/jpeg\" \/>\n<script type=\"application\/ld+json\" class=\"yoast-schema-graph\">{\"@context\":\"https:\/\/schema.org\",\"@graph\":[{\"@type\":\"WebPage\",\"@id\":\"https:\/\/www.minoanlife.com\/fr\/eshop\/shampoing\/\",\"url\":\"https:\/\/www.minoanlife.com\/fr\/eshop\/shampoing\/\",\"name\":\"Shampoing avec Olive &amp; Sauge | Minoan Life\",\"isPartOf\":{\"@id\":\"https:\/\/www.minoanlife.com\/fr\/#website\"},\"primaryImageOfPage\":{\"@id\":\"https:\/\/www.minoanlife.com\/fr\/eshop\/shampoing\/#primaryimage\"},\"image\":{\"@id\":\"https:\/\/www.minoanlife.com\/fr\/eshop\/shampoing\/#primaryimage\"},\"thumbnailUrl\":\"https:\/\/www.minoanlife.com\/wp-content\/uploads\/shampoo_minoanlife.jpg\",\"datePublished\":\"2014-05-23T10:27:06+00:00\",\"dateModified\":\"2021-02-13T09:52:42+00:00\",\"description\":\"Enrichi avec la provitamine B5 et des facteurs qui ne provoquent pas de dess\u00e9chement.\",\"breadcrumb\":{\"@id\":\"https:\/\/www.minoanlife.com\/fr\/eshop\/shampoing\/#breadcrumb\"},\"inLanguage\":\"fr-FR\",\"potentialAction\":[{\"@type\":\"ReadAction\",\"target\":[\"https:\/\/www.minoanlife.com\/fr\/eshop\/shampoing\/\"]}]},{\"@type\":\"ImageObject\",\"inLanguage\":\"fr-FR\",\"@id\":\"https:\/\/www.minoanlife.com\/fr\/eshop\/shampoing\/#primaryimage\",\"url\":\"https:\/\/www.minoanlife.com\/wp-content\/uploads\/shampoo_minoanlife.jpg\",\"contentUrl\":\"https:\/\/www.minoanlife.com\/wp-content\/uploads\/shampoo_minoanlife.jpg\",\"width\":600,\"height\":600,\"caption\":\"shampoo_minoanlife\"},{\"@type\":\"BreadcrumbList\",\"@id\":\"https:\/\/www.minoanlife.com\/fr\/eshop\/shampoing\/#breadcrumb\",\"itemListElement\":[{\"@type\":\"ListItem\",\"position\":1,\"name\":\"Home\",\"item\":\"https:\/\/www.minoanlife.com\/fr\/\"},{\"@type\":\"ListItem\",\"position\":2,\"name\":\"Eshop\",\"item\":\"https:\/\/www.minoanlife.com\/fr\/eshop\/\"},{\"@type\":\"ListItem\",\"position\":3,\"name\":\"Shampoing avec Olive &amp; Sauge\"}]},{\"@type\":\"WebSite\",\"@id\":\"https:\/\/www.minoanlife.com\/fr\/#website\",\"url\":\"https:\/\/www.minoanlife.com\/fr\/\",\"name\":\"Minoan Life\",\"description\":\"\",\"potentialAction\":[{\"@type\":\"SearchAction\",\"target\":{\"@type\":\"EntryPoint\",\"urlTemplate\":\"https:\/\/www.minoanlife.com\/fr\/?s={search_term_string}\"},\"query-input\":{\"@type\":\"PropertyValueSpecification\",\"valueRequired\":true,\"valueName\":\"search_term_string\"}}],\"inLanguage\":\"fr-FR\"}]}<\/script>\n<!-- \/ Yoast SEO plugin. -->","yoast_head_json":{"title":"Shampoing avec Olive &amp; Sauge | Minoan Life","description":"Enrichi avec la provitamine B5 et des facteurs qui ne provoquent pas de dess\u00e9chement.","robots":{"index":"index","follow":"follow","max-snippet":"max-snippet:-1","max-image-preview":"max-image-preview:large","max-video-preview":"max-video-preview:-1"},"canonical":"https:\/\/www.minoanlife.com\/fr\/eshop\/shampoing\/","og_locale":"fr_FR","og_type":"article","og_title":"Shampoing avec Olive &amp; Sauge | Minoan Life","og_description":"Enrichi avec la provitamine B5 et des facteurs qui ne provoquent pas de dess\u00e9chement.","og_url":"https:\/\/www.minoanlife.com\/fr\/eshop\/shampoing\/","og_site_name":"Minoan Life","article_modified_time":"2021-02-13T09:52:42+00:00","og_image":[{"width":600,"height":600,"url":"https:\/\/www.minoanlife.com\/wp-content\/uploads\/shampoo_minoanlife.jpg","type":"image\/jpeg"}],"schema":{"@context":"https:\/\/schema.org","@graph":[{"@type":"WebPage","@id":"https:\/\/www.minoanlife.com\/fr\/eshop\/shampoing\/","url":"https:\/\/www.minoanlife.com\/fr\/eshop\/shampoing\/","name":"Shampoing avec Olive &amp; Sauge | Minoan Life","isPartOf":{"@id":"https:\/\/www.minoanlife.com\/fr\/#website"},"primaryImageOfPage":{"@id":"https:\/\/www.minoanlife.com\/fr\/eshop\/shampoing\/#primaryimage"},"image":{"@id":"https:\/\/www.minoanlife.com\/fr\/eshop\/shampoing\/#primaryimage"},"thumbnailUrl":"https:\/\/www.minoanlife.com\/wp-content\/uploads\/shampoo_minoanlife.jpg","datePublished":"2014-05-23T10:27:06+00:00","dateModified":"2021-02-13T09:52:42+00:00","description":"Enrichi avec la provitamine B5 et des facteurs qui ne provoquent pas de dess\u00e9chement.","breadcrumb":{"@id":"https:\/\/www.minoanlife.com\/fr\/eshop\/shampoing\/#breadcrumb"},"inLanguage":"fr-FR","potentialAction":[{"@type":"ReadAction","target":["https:\/\/www.minoanlife.com\/fr\/eshop\/shampoing\/"]}]},{"@type":"ImageObject","inLanguage":"fr-FR","@id":"https:\/\/www.minoanlife.com\/fr\/eshop\/shampoing\/#primaryimage","url":"https:\/\/www.minoanlife.com\/wp-content\/uploads\/shampoo_minoanlife.jpg","contentUrl":"https:\/\/www.minoanlife.com\/wp-content\/uploads\/shampoo_minoanlife.jpg","width":600,"height":600,"caption":"shampoo_minoanlife"},{"@type":"BreadcrumbList","@id":"https:\/\/www.minoanlife.com\/fr\/eshop\/shampoing\/#breadcrumb","itemListElement":[{"@type":"ListItem","position":1,"name":"Home","item":"https:\/\/www.minoanlife.com\/fr\/"},{"@type":"ListItem","position":2,"name":"Eshop","item":"https:\/\/www.minoanlife.com\/fr\/eshop\/"},{"@type":"ListItem","position":3,"name":"Shampoing avec Olive &amp; Sauge"}]},{"@type":"WebSite","@id":"https:\/\/www.minoanlife.com\/fr\/#website","url":"https:\/\/www.minoanlife.com\/fr\/","name":"Minoan Life","description":"","potentialAction":[{"@type":"SearchAction","target":{"@type":"EntryPoint","urlTemplate":"https:\/\/www.minoanlife.com\/fr\/?s={search_term_string}"},"query-input":{"@type":"PropertyValueSpecification","valueRequired":true,"valueName":"search_term_string"}}],"inLanguage":"fr-FR"}]}},"_links":{"self":[{"href":"https:\/\/www.minoanlife.com\/fr\/wp-json\/wp\/v2\/product\/8880","targetHints":{"allow":["GET"]}}],"collection":[{"href":"https:\/\/www.minoanlife.com\/fr\/wp-json\/wp\/v2\/product"}],"about":[{"href":"https:\/\/www.minoanlife.com\/fr\/wp-json\/wp\/v2\/types\/product"}],"replies":[{"embeddable":true,"href":"https:\/\/www.minoanlife.com\/fr\/wp-json\/wp\/v2\/comments?post=8880"}],"wp:featuredmedia":[{"embeddable":true,"href":"https:\/\/www.minoanlife.com\/fr\/wp-json\/wp\/v2\/media\/23727"}],"wp:attachment":[{"href":"https:\/\/www.minoanlife.com\/fr\/wp-json\/wp\/v2\/media?parent=8880"}],"wp:term":[{"taxonomy":"product_brand","embeddable":true,"href":"https:\/\/www.minoanlife.com\/fr\/wp-json\/wp\/v2\/product_brand?post=8880"},{"taxonomy":"product_cat","embeddable":true,"href":"https:\/\/www.minoanlife.com\/fr\/wp-json\/wp\/v2\/product_cat?post=8880"},{"taxonomy":"product_tag","embeddable":true,"href":"https:\/\/www.minoanlife.com\/fr\/wp-json\/wp\/v2\/product_tag?post=8880"}],"curies":[{"name":"wp","href":"https:\/\/api.w.org\/{rel}","templated":true}]}}