{"id":8876,"date":"2014-05-22T12:41:49","date_gmt":"2014-05-23T10:23:19","guid":{"rendered":"http:\/\/www.minoanlife.com\/?post_type=product&#038;p=8876"},"modified":"2021-02-15T07:21:30","modified_gmt":"2021-02-15T07:21:30","slug":"gel-apres-soleil","status":"publish","type":"product","link":"https:\/\/www.minoanlife.com\/fr\/eshop\/gel-apres-soleil\/","title":{"rendered":"Gel Apr\u00e8s Soleil avec Olive &amp; Sauge"},"content":{"rendered":"<p>Gel hydratant pour la d\u00e9cence du visage et du corps apr\u00e8s l\u2019exposition au soleil. Sa synth\u00e8se l\u00e9g\u00e8re et rafraichissante avec l\u2019extrait de la sauge et de l\u2019huile d\u2019olive, soulage et prot\u00e8ge la peau contre les irritations et se soucie de la peau d\u00e9shydrat\u00e9e.<\/p>\n<p><strong>Mode d\u2019emploi:<\/strong>\u00a0Appliquez sur le visage et le corps apr\u00e8s l\u2019exposition au soleil. R\u00e9p\u00e9tez 2-3 fois sur la peau irrit\u00e9e.<\/p>\n","protected":false},"excerpt":{"rendered":"<p>Olive &amp; Sauge<\/p>\n","protected":false},"featured_media":24019,"comment_status":"open","ping_status":"closed","template":"","meta":[],"product_brand":[],"product_cat":[876,879],"product_tag":[1735],"class_list":{"0":"post-8876","1":"product","2":"type-product","3":"status-publish","4":"has-post-thumbnail","6":"product_cat-soins-corps","7":"product_cat-soins-visage","8":"product_tag-articles_taille_voyage","9":"brand-olive-beauty-medi-care-brand-fr","11":"first","12":"instock","13":"taxable","14":"shipping-taxable","15":"purchasable","16":"product-type-variable","17":"has-default-attributes"},"yoast_head":"<!-- This site is optimized with the Yoast SEO plugin v27.2 - https:\/\/yoast.com\/product\/yoast-seo-wordpress\/ -->\n<title>Gel Apr\u00e8s Soleil avec Olive &amp; Sauge | Minoan Life<\/title>\n<meta name=\"description\" content=\"true\" \/>\n<meta name=\"robots\" content=\"index, follow, max-snippet:-1, max-image-preview:large, max-video-preview:-1\" \/>\n<link rel=\"canonical\" href=\"https:\/\/www.minoanlife.com\/fr\/eshop\/gel-apres-soleil\/\" \/>\n<meta property=\"og:locale\" content=\"fr_FR\" \/>\n<meta property=\"og:type\" content=\"article\" \/>\n<meta property=\"og:title\" content=\"Gel Apr\u00e8s Soleil avec Olive &amp; Sauge | Minoan Life\" \/>\n<meta property=\"og:description\" content=\"true\" \/>\n<meta property=\"og:url\" content=\"https:\/\/www.minoanlife.com\/fr\/eshop\/gel-apres-soleil\/\" \/>\n<meta property=\"og:site_name\" content=\"Minoan Life\" \/>\n<meta property=\"article:modified_time\" content=\"2021-02-15T07:21:30+00:00\" \/>\n<meta property=\"og:image\" content=\"https:\/\/www.minoanlife.com\/wp-content\/uploads\/after_sun_gel_with_olive_and_sage_minoanlife.jpg\" \/>\n\t<meta property=\"og:image:width\" content=\"600\" \/>\n\t<meta property=\"og:image:height\" content=\"600\" \/>\n\t<meta property=\"og:image:type\" content=\"image\/jpeg\" \/>\n<script type=\"application\/ld+json\" class=\"yoast-schema-graph\">{\"@context\":\"https:\/\/schema.org\",\"@graph\":[{\"@type\":\"WebPage\",\"@id\":\"https:\/\/www.minoanlife.com\/fr\/eshop\/gel-apres-soleil\/\",\"url\":\"https:\/\/www.minoanlife.com\/fr\/eshop\/gel-apres-soleil\/\",\"name\":\"Gel Apr\u00e8s Soleil avec Olive &amp; Sauge | Minoan Life\",\"isPartOf\":{\"@id\":\"https:\/\/www.minoanlife.com\/fr\/#website\"},\"primaryImageOfPage\":{\"@id\":\"https:\/\/www.minoanlife.com\/fr\/eshop\/gel-apres-soleil\/#primaryimage\"},\"image\":{\"@id\":\"https:\/\/www.minoanlife.com\/fr\/eshop\/gel-apres-soleil\/#primaryimage\"},\"thumbnailUrl\":\"https:\/\/www.minoanlife.com\/wp-content\/uploads\/after_sun_gel_with_olive_and_sage_minoanlife.jpg\",\"datePublished\":\"2014-05-23T10:23:19+00:00\",\"dateModified\":\"2021-02-15T07:21:30+00:00\",\"description\":\"true\",\"breadcrumb\":{\"@id\":\"https:\/\/www.minoanlife.com\/fr\/eshop\/gel-apres-soleil\/#breadcrumb\"},\"inLanguage\":\"fr-FR\",\"potentialAction\":[{\"@type\":\"ReadAction\",\"target\":[\"https:\/\/www.minoanlife.com\/fr\/eshop\/gel-apres-soleil\/\"]}]},{\"@type\":\"ImageObject\",\"inLanguage\":\"fr-FR\",\"@id\":\"https:\/\/www.minoanlife.com\/fr\/eshop\/gel-apres-soleil\/#primaryimage\",\"url\":\"https:\/\/www.minoanlife.com\/wp-content\/uploads\/after_sun_gel_with_olive_and_sage_minoanlife.jpg\",\"contentUrl\":\"https:\/\/www.minoanlife.com\/wp-content\/uploads\/after_sun_gel_with_olive_and_sage_minoanlife.jpg\",\"width\":600,\"height\":600,\"caption\":\"after_sun_gel_with_olive_and_sage_minoanlife\"},{\"@type\":\"BreadcrumbList\",\"@id\":\"https:\/\/www.minoanlife.com\/fr\/eshop\/gel-apres-soleil\/#breadcrumb\",\"itemListElement\":[{\"@type\":\"ListItem\",\"position\":1,\"name\":\"Home\",\"item\":\"https:\/\/www.minoanlife.com\/fr\/\"},{\"@type\":\"ListItem\",\"position\":2,\"name\":\"Eshop\",\"item\":\"https:\/\/www.minoanlife.com\/fr\/eshop\/\"},{\"@type\":\"ListItem\",\"position\":3,\"name\":\"Gel Apr\u00e8s Soleil avec Olive &amp; Sauge\"}]},{\"@type\":\"WebSite\",\"@id\":\"https:\/\/www.minoanlife.com\/fr\/#website\",\"url\":\"https:\/\/www.minoanlife.com\/fr\/\",\"name\":\"Minoan Life\",\"description\":\"\",\"potentialAction\":[{\"@type\":\"SearchAction\",\"target\":{\"@type\":\"EntryPoint\",\"urlTemplate\":\"https:\/\/www.minoanlife.com\/fr\/?s={search_term_string}\"},\"query-input\":{\"@type\":\"PropertyValueSpecification\",\"valueRequired\":true,\"valueName\":\"search_term_string\"}}],\"inLanguage\":\"fr-FR\"}]}<\/script>\n<!-- \/ Yoast SEO plugin. -->","yoast_head_json":{"title":"Gel Apr\u00e8s Soleil avec Olive &amp; Sauge | Minoan Life","description":"true","robots":{"index":"index","follow":"follow","max-snippet":"max-snippet:-1","max-image-preview":"max-image-preview:large","max-video-preview":"max-video-preview:-1"},"canonical":"https:\/\/www.minoanlife.com\/fr\/eshop\/gel-apres-soleil\/","og_locale":"fr_FR","og_type":"article","og_title":"Gel Apr\u00e8s Soleil avec Olive &amp; Sauge | Minoan Life","og_description":"true","og_url":"https:\/\/www.minoanlife.com\/fr\/eshop\/gel-apres-soleil\/","og_site_name":"Minoan Life","article_modified_time":"2021-02-15T07:21:30+00:00","og_image":[{"width":600,"height":600,"url":"https:\/\/www.minoanlife.com\/wp-content\/uploads\/after_sun_gel_with_olive_and_sage_minoanlife.jpg","type":"image\/jpeg"}],"schema":{"@context":"https:\/\/schema.org","@graph":[{"@type":"WebPage","@id":"https:\/\/www.minoanlife.com\/fr\/eshop\/gel-apres-soleil\/","url":"https:\/\/www.minoanlife.com\/fr\/eshop\/gel-apres-soleil\/","name":"Gel Apr\u00e8s Soleil avec Olive &amp; Sauge | Minoan Life","isPartOf":{"@id":"https:\/\/www.minoanlife.com\/fr\/#website"},"primaryImageOfPage":{"@id":"https:\/\/www.minoanlife.com\/fr\/eshop\/gel-apres-soleil\/#primaryimage"},"image":{"@id":"https:\/\/www.minoanlife.com\/fr\/eshop\/gel-apres-soleil\/#primaryimage"},"thumbnailUrl":"https:\/\/www.minoanlife.com\/wp-content\/uploads\/after_sun_gel_with_olive_and_sage_minoanlife.jpg","datePublished":"2014-05-23T10:23:19+00:00","dateModified":"2021-02-15T07:21:30+00:00","description":"true","breadcrumb":{"@id":"https:\/\/www.minoanlife.com\/fr\/eshop\/gel-apres-soleil\/#breadcrumb"},"inLanguage":"fr-FR","potentialAction":[{"@type":"ReadAction","target":["https:\/\/www.minoanlife.com\/fr\/eshop\/gel-apres-soleil\/"]}]},{"@type":"ImageObject","inLanguage":"fr-FR","@id":"https:\/\/www.minoanlife.com\/fr\/eshop\/gel-apres-soleil\/#primaryimage","url":"https:\/\/www.minoanlife.com\/wp-content\/uploads\/after_sun_gel_with_olive_and_sage_minoanlife.jpg","contentUrl":"https:\/\/www.minoanlife.com\/wp-content\/uploads\/after_sun_gel_with_olive_and_sage_minoanlife.jpg","width":600,"height":600,"caption":"after_sun_gel_with_olive_and_sage_minoanlife"},{"@type":"BreadcrumbList","@id":"https:\/\/www.minoanlife.com\/fr\/eshop\/gel-apres-soleil\/#breadcrumb","itemListElement":[{"@type":"ListItem","position":1,"name":"Home","item":"https:\/\/www.minoanlife.com\/fr\/"},{"@type":"ListItem","position":2,"name":"Eshop","item":"https:\/\/www.minoanlife.com\/fr\/eshop\/"},{"@type":"ListItem","position":3,"name":"Gel Apr\u00e8s Soleil avec Olive &amp; Sauge"}]},{"@type":"WebSite","@id":"https:\/\/www.minoanlife.com\/fr\/#website","url":"https:\/\/www.minoanlife.com\/fr\/","name":"Minoan Life","description":"","potentialAction":[{"@type":"SearchAction","target":{"@type":"EntryPoint","urlTemplate":"https:\/\/www.minoanlife.com\/fr\/?s={search_term_string}"},"query-input":{"@type":"PropertyValueSpecification","valueRequired":true,"valueName":"search_term_string"}}],"inLanguage":"fr-FR"}]}},"_links":{"self":[{"href":"https:\/\/www.minoanlife.com\/fr\/wp-json\/wp\/v2\/product\/8876","targetHints":{"allow":["GET"]}}],"collection":[{"href":"https:\/\/www.minoanlife.com\/fr\/wp-json\/wp\/v2\/product"}],"about":[{"href":"https:\/\/www.minoanlife.com\/fr\/wp-json\/wp\/v2\/types\/product"}],"replies":[{"embeddable":true,"href":"https:\/\/www.minoanlife.com\/fr\/wp-json\/wp\/v2\/comments?post=8876"}],"wp:featuredmedia":[{"embeddable":true,"href":"https:\/\/www.minoanlife.com\/fr\/wp-json\/wp\/v2\/media\/24019"}],"wp:attachment":[{"href":"https:\/\/www.minoanlife.com\/fr\/wp-json\/wp\/v2\/media?parent=8876"}],"wp:term":[{"taxonomy":"product_brand","embeddable":true,"href":"https:\/\/www.minoanlife.com\/fr\/wp-json\/wp\/v2\/product_brand?post=8876"},{"taxonomy":"product_cat","embeddable":true,"href":"https:\/\/www.minoanlife.com\/fr\/wp-json\/wp\/v2\/product_cat?post=8876"},{"taxonomy":"product_tag","embeddable":true,"href":"https:\/\/www.minoanlife.com\/fr\/wp-json\/wp\/v2\/product_tag?post=8876"}],"curies":[{"name":"wp","href":"https:\/\/api.w.org\/{rel}","templated":true}]}}