{"id":8864,"date":"2014-05-22T13:10:47","date_gmt":"2014-05-23T09:58:17","guid":{"rendered":"http:\/\/www.minoanlife.com\/?post_type=product&#038;p=8864"},"modified":"2025-09-04T07:18:59","modified_gmt":"2025-09-04T07:18:59","slug":"24h-creme-de-visage","status":"publish","type":"product","link":"https:\/\/www.minoanlife.com\/fr\/eshop\/24h-creme-de-visage\/","title":{"rendered":"24h Cr\u00e8me De Visage avec Olive, Criste Marine &amp; Artichaut"},"content":{"rendered":"<p>Cr\u00e8me de visage en huile d\u2019olive, huile d\u2019avocat et extraits de criste\u00a0marine et d\u2019artichaut, enrichis en ingr\u00e9dients antioxydants (polyph\u00e9nols) qui luttent contre le vieillissement de la peau et micronutriments essentiels qui nourrissent et donnent de brillance. Sa synth\u00e8se riche hydrate la peau et permet une \u00e9lasticit\u00e9.<\/p>\n<p><strong>Mode d\u2019emploi :<\/strong>\u00a0Appliquez la cr\u00e8me le matin et la nuit par des mouvements circulaires sur la peau du visage et du cou jusqu\u2019 \u00e0 absorption compl\u00e8te.<\/p>\n","protected":false},"excerpt":{"rendered":"<p>Olive, Criste Marine &amp; Artichaut<\/p>\n","protected":false},"featured_media":23638,"comment_status":"open","ping_status":"closed","template":"","meta":[],"product_brand":[],"product_cat":[879],"product_tag":[1735],"class_list":{"0":"post-8864","1":"product","2":"type-product","3":"status-publish","4":"has-post-thumbnail","6":"product_cat-soins-visage","7":"product_tag-articles_taille_voyage","8":"brand-olive-beauty-medi-care-brand-fr","10":"first","11":"outofstock","12":"featured","13":"taxable","14":"shipping-taxable","15":"purchasable","16":"product-type-variable","17":"has-default-attributes"},"yoast_head":"<!-- This site is optimized with the Yoast SEO plugin v27.2 - https:\/\/yoast.com\/product\/yoast-seo-wordpress\/ -->\n<title>24h Cr\u00e8me De Visage avec Olive, Criste Marine &amp; Artichaut | Minoan Life<\/title>\n<meta name=\"description\" content=\"true\" \/>\n<meta name=\"robots\" content=\"index, follow, max-snippet:-1, max-image-preview:large, max-video-preview:-1\" \/>\n<link rel=\"canonical\" href=\"https:\/\/www.minoanlife.com\/fr\/eshop\/24h-creme-de-visage\/\" \/>\n<meta property=\"og:locale\" content=\"fr_FR\" \/>\n<meta property=\"og:type\" content=\"article\" \/>\n<meta property=\"og:title\" content=\"24h Cr\u00e8me De Visage avec Olive, Criste Marine &amp; Artichaut | Minoan Life\" \/>\n<meta property=\"og:description\" content=\"true\" \/>\n<meta property=\"og:url\" content=\"https:\/\/www.minoanlife.com\/fr\/eshop\/24h-creme-de-visage\/\" \/>\n<meta property=\"og:site_name\" content=\"Minoan Life\" \/>\n<meta property=\"article:modified_time\" content=\"2025-09-04T07:18:59+00:00\" \/>\n<meta property=\"og:image\" content=\"https:\/\/www.minoanlife.com\/wp-content\/uploads\/24h_face_cream_with_olive_and_avocado_minoanlife.jpg\" \/>\n\t<meta property=\"og:image:width\" content=\"600\" \/>\n\t<meta property=\"og:image:height\" content=\"600\" \/>\n\t<meta property=\"og:image:type\" content=\"image\/jpeg\" \/>\n<script type=\"application\/ld+json\" class=\"yoast-schema-graph\">{\"@context\":\"https:\/\/schema.org\",\"@graph\":[{\"@type\":\"WebPage\",\"@id\":\"https:\/\/www.minoanlife.com\/fr\/eshop\/24h-creme-de-visage\/\",\"url\":\"https:\/\/www.minoanlife.com\/fr\/eshop\/24h-creme-de-visage\/\",\"name\":\"24h Cr\u00e8me De Visage avec Olive, Criste Marine &amp; Artichaut | Minoan Life\",\"isPartOf\":{\"@id\":\"https:\/\/www.minoanlife.com\/fr\/#website\"},\"primaryImageOfPage\":{\"@id\":\"https:\/\/www.minoanlife.com\/fr\/eshop\/24h-creme-de-visage\/#primaryimage\"},\"image\":{\"@id\":\"https:\/\/www.minoanlife.com\/fr\/eshop\/24h-creme-de-visage\/#primaryimage\"},\"thumbnailUrl\":\"https:\/\/www.minoanlife.com\/wp-content\/uploads\/24h_face_cream_with_olive_and_avocado_minoanlife.jpg\",\"datePublished\":\"2014-05-23T09:58:17+00:00\",\"dateModified\":\"2025-09-04T07:18:59+00:00\",\"description\":\"true\",\"breadcrumb\":{\"@id\":\"https:\/\/www.minoanlife.com\/fr\/eshop\/24h-creme-de-visage\/#breadcrumb\"},\"inLanguage\":\"fr-FR\",\"potentialAction\":[{\"@type\":\"ReadAction\",\"target\":[\"https:\/\/www.minoanlife.com\/fr\/eshop\/24h-creme-de-visage\/\"]}]},{\"@type\":\"ImageObject\",\"inLanguage\":\"fr-FR\",\"@id\":\"https:\/\/www.minoanlife.com\/fr\/eshop\/24h-creme-de-visage\/#primaryimage\",\"url\":\"https:\/\/www.minoanlife.com\/wp-content\/uploads\/24h_face_cream_with_olive_and_avocado_minoanlife.jpg\",\"contentUrl\":\"https:\/\/www.minoanlife.com\/wp-content\/uploads\/24h_face_cream_with_olive_and_avocado_minoanlife.jpg\",\"width\":600,\"height\":600},{\"@type\":\"BreadcrumbList\",\"@id\":\"https:\/\/www.minoanlife.com\/fr\/eshop\/24h-creme-de-visage\/#breadcrumb\",\"itemListElement\":[{\"@type\":\"ListItem\",\"position\":1,\"name\":\"Home\",\"item\":\"https:\/\/www.minoanlife.com\/fr\/\"},{\"@type\":\"ListItem\",\"position\":2,\"name\":\"Eshop\",\"item\":\"https:\/\/www.minoanlife.com\/fr\/eshop\/\"},{\"@type\":\"ListItem\",\"position\":3,\"name\":\"24h Cr\u00e8me De Visage avec Olive, Criste Marine &amp; Artichaut\"}]},{\"@type\":\"WebSite\",\"@id\":\"https:\/\/www.minoanlife.com\/fr\/#website\",\"url\":\"https:\/\/www.minoanlife.com\/fr\/\",\"name\":\"Minoan Life\",\"description\":\"\",\"potentialAction\":[{\"@type\":\"SearchAction\",\"target\":{\"@type\":\"EntryPoint\",\"urlTemplate\":\"https:\/\/www.minoanlife.com\/fr\/?s={search_term_string}\"},\"query-input\":{\"@type\":\"PropertyValueSpecification\",\"valueRequired\":true,\"valueName\":\"search_term_string\"}}],\"inLanguage\":\"fr-FR\"}]}<\/script>\n<!-- \/ Yoast SEO plugin. -->","yoast_head_json":{"title":"24h Cr\u00e8me De Visage avec Olive, Criste Marine &amp; Artichaut | Minoan Life","description":"true","robots":{"index":"index","follow":"follow","max-snippet":"max-snippet:-1","max-image-preview":"max-image-preview:large","max-video-preview":"max-video-preview:-1"},"canonical":"https:\/\/www.minoanlife.com\/fr\/eshop\/24h-creme-de-visage\/","og_locale":"fr_FR","og_type":"article","og_title":"24h Cr\u00e8me De Visage avec Olive, Criste Marine &amp; Artichaut | Minoan Life","og_description":"true","og_url":"https:\/\/www.minoanlife.com\/fr\/eshop\/24h-creme-de-visage\/","og_site_name":"Minoan Life","article_modified_time":"2025-09-04T07:18:59+00:00","og_image":[{"width":600,"height":600,"url":"https:\/\/www.minoanlife.com\/wp-content\/uploads\/24h_face_cream_with_olive_and_avocado_minoanlife.jpg","type":"image\/jpeg"}],"schema":{"@context":"https:\/\/schema.org","@graph":[{"@type":"WebPage","@id":"https:\/\/www.minoanlife.com\/fr\/eshop\/24h-creme-de-visage\/","url":"https:\/\/www.minoanlife.com\/fr\/eshop\/24h-creme-de-visage\/","name":"24h Cr\u00e8me De Visage avec Olive, Criste Marine &amp; Artichaut | Minoan Life","isPartOf":{"@id":"https:\/\/www.minoanlife.com\/fr\/#website"},"primaryImageOfPage":{"@id":"https:\/\/www.minoanlife.com\/fr\/eshop\/24h-creme-de-visage\/#primaryimage"},"image":{"@id":"https:\/\/www.minoanlife.com\/fr\/eshop\/24h-creme-de-visage\/#primaryimage"},"thumbnailUrl":"https:\/\/www.minoanlife.com\/wp-content\/uploads\/24h_face_cream_with_olive_and_avocado_minoanlife.jpg","datePublished":"2014-05-23T09:58:17+00:00","dateModified":"2025-09-04T07:18:59+00:00","description":"true","breadcrumb":{"@id":"https:\/\/www.minoanlife.com\/fr\/eshop\/24h-creme-de-visage\/#breadcrumb"},"inLanguage":"fr-FR","potentialAction":[{"@type":"ReadAction","target":["https:\/\/www.minoanlife.com\/fr\/eshop\/24h-creme-de-visage\/"]}]},{"@type":"ImageObject","inLanguage":"fr-FR","@id":"https:\/\/www.minoanlife.com\/fr\/eshop\/24h-creme-de-visage\/#primaryimage","url":"https:\/\/www.minoanlife.com\/wp-content\/uploads\/24h_face_cream_with_olive_and_avocado_minoanlife.jpg","contentUrl":"https:\/\/www.minoanlife.com\/wp-content\/uploads\/24h_face_cream_with_olive_and_avocado_minoanlife.jpg","width":600,"height":600},{"@type":"BreadcrumbList","@id":"https:\/\/www.minoanlife.com\/fr\/eshop\/24h-creme-de-visage\/#breadcrumb","itemListElement":[{"@type":"ListItem","position":1,"name":"Home","item":"https:\/\/www.minoanlife.com\/fr\/"},{"@type":"ListItem","position":2,"name":"Eshop","item":"https:\/\/www.minoanlife.com\/fr\/eshop\/"},{"@type":"ListItem","position":3,"name":"24h Cr\u00e8me De Visage avec Olive, Criste Marine &amp; Artichaut"}]},{"@type":"WebSite","@id":"https:\/\/www.minoanlife.com\/fr\/#website","url":"https:\/\/www.minoanlife.com\/fr\/","name":"Minoan Life","description":"","potentialAction":[{"@type":"SearchAction","target":{"@type":"EntryPoint","urlTemplate":"https:\/\/www.minoanlife.com\/fr\/?s={search_term_string}"},"query-input":{"@type":"PropertyValueSpecification","valueRequired":true,"valueName":"search_term_string"}}],"inLanguage":"fr-FR"}]}},"_links":{"self":[{"href":"https:\/\/www.minoanlife.com\/fr\/wp-json\/wp\/v2\/product\/8864","targetHints":{"allow":["GET"]}}],"collection":[{"href":"https:\/\/www.minoanlife.com\/fr\/wp-json\/wp\/v2\/product"}],"about":[{"href":"https:\/\/www.minoanlife.com\/fr\/wp-json\/wp\/v2\/types\/product"}],"replies":[{"embeddable":true,"href":"https:\/\/www.minoanlife.com\/fr\/wp-json\/wp\/v2\/comments?post=8864"}],"wp:featuredmedia":[{"embeddable":true,"href":"https:\/\/www.minoanlife.com\/fr\/wp-json\/wp\/v2\/media\/23638"}],"wp:attachment":[{"href":"https:\/\/www.minoanlife.com\/fr\/wp-json\/wp\/v2\/media?parent=8864"}],"wp:term":[{"taxonomy":"product_brand","embeddable":true,"href":"https:\/\/www.minoanlife.com\/fr\/wp-json\/wp\/v2\/product_brand?post=8864"},{"taxonomy":"product_cat","embeddable":true,"href":"https:\/\/www.minoanlife.com\/fr\/wp-json\/wp\/v2\/product_cat?post=8864"},{"taxonomy":"product_tag","embeddable":true,"href":"https:\/\/www.minoanlife.com\/fr\/wp-json\/wp\/v2\/product_tag?post=8864"}],"curies":[{"name":"wp","href":"https:\/\/api.w.org\/{rel}","templated":true}]}}