{"id":8856,"date":"2014-05-22T13:19:27","date_gmt":"2014-05-23T09:29:07","guid":{"rendered":"http:\/\/www.minoanlife.com\/?post_type=product&#038;p=8856"},"modified":"2021-02-15T07:56:35","modified_gmt":"2021-02-15T07:56:35","slug":"beurre-corporel-olive-majoram","status":"publish","type":"product","link":"https:\/\/www.minoanlife.com\/fr\/eshop\/beurre-corporel-olive-majoram\/","title":{"rendered":"Beurre Corporel &#8211; Olive &amp; Majoram"},"content":{"rendered":"<p>Beurre corporelle en huile et beurre d\u2019olivier, beurre de karit\u00e9 et extrait de marjolaine pour une riche hydratation et nourrit de la peau. Ses ingr\u00e9dients antioxydants pr\u00e9cieux et les acides gras qu&#8217;elle contient, apaisent et renforcent la peau.<\/p>\n<p><strong>Mode d\u2019emploi:<\/strong>\u00a0Appliquez une quantit\u00e9 sur l\u2019ensemble du corps et masser doucement jusqu\u2019 \u00e0 absorption totale. Id\u00e9al \u00e2pres le bain.<\/p>\n","protected":false},"excerpt":{"rendered":"<p>Olive &amp; Majoram<\/p>\n","protected":false},"featured_media":23957,"comment_status":"closed","ping_status":"closed","template":"","meta":[],"product_brand":[],"product_cat":[876],"product_tag":[],"class_list":{"0":"post-8856","1":"product","2":"type-product","3":"status-publish","4":"has-post-thumbnail","6":"product_cat-soins-corps","7":"brand-olive-beauty-medi-care-brand-fr","9":"first","10":"outofstock","11":"taxable","12":"shipping-taxable","13":"purchasable","14":"product-type-simple"},"yoast_head":"<!-- This site is optimized with the Yoast SEO plugin v27.2 - https:\/\/yoast.com\/product\/yoast-seo-wordpress\/ -->\n<title>Beurre Corporel - Olive &amp; Majoram | Minoan Life<\/title>\n<meta name=\"description\" content=\"Beurre corporelle en huile et beurre d\u2019olivier, beurre de karit\u00e9 et extrait de marjolaine pour une riche hydratation et nourrit de la peau.\" \/>\n<meta name=\"robots\" content=\"index, follow, max-snippet:-1, max-image-preview:large, max-video-preview:-1\" \/>\n<link rel=\"canonical\" href=\"https:\/\/www.minoanlife.com\/fr\/eshop\/beurre-corporel-olive-majoram\/\" \/>\n<meta property=\"og:locale\" content=\"fr_FR\" \/>\n<meta property=\"og:type\" content=\"article\" \/>\n<meta property=\"og:title\" content=\"Beurre Corporel - Olive &amp; Majoram | Minoan Life\" \/>\n<meta property=\"og:description\" content=\"Beurre corporelle en huile et beurre d\u2019olivier, beurre de karit\u00e9 et extrait de marjolaine pour une riche hydratation et nourrit de la peau.\" \/>\n<meta property=\"og:url\" content=\"https:\/\/www.minoanlife.com\/fr\/eshop\/beurre-corporel-olive-majoram\/\" \/>\n<meta property=\"og:site_name\" content=\"Minoan Life\" \/>\n<meta property=\"article:modified_time\" content=\"2021-02-15T07:56:35+00:00\" \/>\n<meta property=\"og:image\" content=\"https:\/\/www.minoanlife.com\/wp-content\/uploads\/body_butter_with_olive_and_marjoram_minoanlife-2.jpg\" \/>\n\t<meta property=\"og:image:width\" content=\"600\" \/>\n\t<meta property=\"og:image:height\" content=\"600\" \/>\n\t<meta property=\"og:image:type\" content=\"image\/jpeg\" \/>\n<script type=\"application\/ld+json\" class=\"yoast-schema-graph\">{\"@context\":\"https:\/\/schema.org\",\"@graph\":[{\"@type\":\"WebPage\",\"@id\":\"https:\/\/www.minoanlife.com\/fr\/eshop\/beurre-corporel-olive-majoram\/\",\"url\":\"https:\/\/www.minoanlife.com\/fr\/eshop\/beurre-corporel-olive-majoram\/\",\"name\":\"Beurre Corporel - Olive &amp; Majoram | Minoan Life\",\"isPartOf\":{\"@id\":\"https:\/\/www.minoanlife.com\/fr\/#website\"},\"primaryImageOfPage\":{\"@id\":\"https:\/\/www.minoanlife.com\/fr\/eshop\/beurre-corporel-olive-majoram\/#primaryimage\"},\"image\":{\"@id\":\"https:\/\/www.minoanlife.com\/fr\/eshop\/beurre-corporel-olive-majoram\/#primaryimage\"},\"thumbnailUrl\":\"https:\/\/www.minoanlife.com\/wp-content\/uploads\/body_butter_with_olive_and_marjoram_minoanlife-2.jpg\",\"datePublished\":\"2014-05-23T09:29:07+00:00\",\"dateModified\":\"2021-02-15T07:56:35+00:00\",\"description\":\"Beurre corporelle en huile et beurre d\u2019olivier, beurre de karit\u00e9 et extrait de marjolaine pour une riche hydratation et nourrit de la peau.\",\"breadcrumb\":{\"@id\":\"https:\/\/www.minoanlife.com\/fr\/eshop\/beurre-corporel-olive-majoram\/#breadcrumb\"},\"inLanguage\":\"fr-FR\",\"potentialAction\":[{\"@type\":\"ReadAction\",\"target\":[\"https:\/\/www.minoanlife.com\/fr\/eshop\/beurre-corporel-olive-majoram\/\"]}]},{\"@type\":\"ImageObject\",\"inLanguage\":\"fr-FR\",\"@id\":\"https:\/\/www.minoanlife.com\/fr\/eshop\/beurre-corporel-olive-majoram\/#primaryimage\",\"url\":\"https:\/\/www.minoanlife.com\/wp-content\/uploads\/body_butter_with_olive_and_marjoram_minoanlife-2.jpg\",\"contentUrl\":\"https:\/\/www.minoanlife.com\/wp-content\/uploads\/body_butter_with_olive_and_marjoram_minoanlife-2.jpg\",\"width\":600,\"height\":600,\"caption\":\"body_butter_with_olive_and_marjoram_minoanlife\"},{\"@type\":\"BreadcrumbList\",\"@id\":\"https:\/\/www.minoanlife.com\/fr\/eshop\/beurre-corporel-olive-majoram\/#breadcrumb\",\"itemListElement\":[{\"@type\":\"ListItem\",\"position\":1,\"name\":\"Home\",\"item\":\"https:\/\/www.minoanlife.com\/fr\/\"},{\"@type\":\"ListItem\",\"position\":2,\"name\":\"Eshop\",\"item\":\"https:\/\/www.minoanlife.com\/fr\/eshop\/\"},{\"@type\":\"ListItem\",\"position\":3,\"name\":\"Beurre Corporel &#8211; Olive &amp; Majoram\"}]},{\"@type\":\"WebSite\",\"@id\":\"https:\/\/www.minoanlife.com\/fr\/#website\",\"url\":\"https:\/\/www.minoanlife.com\/fr\/\",\"name\":\"Minoan Life\",\"description\":\"\",\"potentialAction\":[{\"@type\":\"SearchAction\",\"target\":{\"@type\":\"EntryPoint\",\"urlTemplate\":\"https:\/\/www.minoanlife.com\/fr\/?s={search_term_string}\"},\"query-input\":{\"@type\":\"PropertyValueSpecification\",\"valueRequired\":true,\"valueName\":\"search_term_string\"}}],\"inLanguage\":\"fr-FR\"}]}<\/script>\n<!-- \/ Yoast SEO plugin. -->","yoast_head_json":{"title":"Beurre Corporel - Olive &amp; Majoram | Minoan Life","description":"Beurre corporelle en huile et beurre d\u2019olivier, beurre de karit\u00e9 et extrait de marjolaine pour une riche hydratation et nourrit de la peau.","robots":{"index":"index","follow":"follow","max-snippet":"max-snippet:-1","max-image-preview":"max-image-preview:large","max-video-preview":"max-video-preview:-1"},"canonical":"https:\/\/www.minoanlife.com\/fr\/eshop\/beurre-corporel-olive-majoram\/","og_locale":"fr_FR","og_type":"article","og_title":"Beurre Corporel - Olive &amp; Majoram | Minoan Life","og_description":"Beurre corporelle en huile et beurre d\u2019olivier, beurre de karit\u00e9 et extrait de marjolaine pour une riche hydratation et nourrit de la peau.","og_url":"https:\/\/www.minoanlife.com\/fr\/eshop\/beurre-corporel-olive-majoram\/","og_site_name":"Minoan Life","article_modified_time":"2021-02-15T07:56:35+00:00","og_image":[{"width":600,"height":600,"url":"https:\/\/www.minoanlife.com\/wp-content\/uploads\/body_butter_with_olive_and_marjoram_minoanlife-2.jpg","type":"image\/jpeg"}],"schema":{"@context":"https:\/\/schema.org","@graph":[{"@type":"WebPage","@id":"https:\/\/www.minoanlife.com\/fr\/eshop\/beurre-corporel-olive-majoram\/","url":"https:\/\/www.minoanlife.com\/fr\/eshop\/beurre-corporel-olive-majoram\/","name":"Beurre Corporel - Olive &amp; Majoram | Minoan Life","isPartOf":{"@id":"https:\/\/www.minoanlife.com\/fr\/#website"},"primaryImageOfPage":{"@id":"https:\/\/www.minoanlife.com\/fr\/eshop\/beurre-corporel-olive-majoram\/#primaryimage"},"image":{"@id":"https:\/\/www.minoanlife.com\/fr\/eshop\/beurre-corporel-olive-majoram\/#primaryimage"},"thumbnailUrl":"https:\/\/www.minoanlife.com\/wp-content\/uploads\/body_butter_with_olive_and_marjoram_minoanlife-2.jpg","datePublished":"2014-05-23T09:29:07+00:00","dateModified":"2021-02-15T07:56:35+00:00","description":"Beurre corporelle en huile et beurre d\u2019olivier, beurre de karit\u00e9 et extrait de marjolaine pour une riche hydratation et nourrit de la peau.","breadcrumb":{"@id":"https:\/\/www.minoanlife.com\/fr\/eshop\/beurre-corporel-olive-majoram\/#breadcrumb"},"inLanguage":"fr-FR","potentialAction":[{"@type":"ReadAction","target":["https:\/\/www.minoanlife.com\/fr\/eshop\/beurre-corporel-olive-majoram\/"]}]},{"@type":"ImageObject","inLanguage":"fr-FR","@id":"https:\/\/www.minoanlife.com\/fr\/eshop\/beurre-corporel-olive-majoram\/#primaryimage","url":"https:\/\/www.minoanlife.com\/wp-content\/uploads\/body_butter_with_olive_and_marjoram_minoanlife-2.jpg","contentUrl":"https:\/\/www.minoanlife.com\/wp-content\/uploads\/body_butter_with_olive_and_marjoram_minoanlife-2.jpg","width":600,"height":600,"caption":"body_butter_with_olive_and_marjoram_minoanlife"},{"@type":"BreadcrumbList","@id":"https:\/\/www.minoanlife.com\/fr\/eshop\/beurre-corporel-olive-majoram\/#breadcrumb","itemListElement":[{"@type":"ListItem","position":1,"name":"Home","item":"https:\/\/www.minoanlife.com\/fr\/"},{"@type":"ListItem","position":2,"name":"Eshop","item":"https:\/\/www.minoanlife.com\/fr\/eshop\/"},{"@type":"ListItem","position":3,"name":"Beurre Corporel &#8211; Olive &amp; Majoram"}]},{"@type":"WebSite","@id":"https:\/\/www.minoanlife.com\/fr\/#website","url":"https:\/\/www.minoanlife.com\/fr\/","name":"Minoan Life","description":"","potentialAction":[{"@type":"SearchAction","target":{"@type":"EntryPoint","urlTemplate":"https:\/\/www.minoanlife.com\/fr\/?s={search_term_string}"},"query-input":{"@type":"PropertyValueSpecification","valueRequired":true,"valueName":"search_term_string"}}],"inLanguage":"fr-FR"}]}},"_links":{"self":[{"href":"https:\/\/www.minoanlife.com\/fr\/wp-json\/wp\/v2\/product\/8856","targetHints":{"allow":["GET"]}}],"collection":[{"href":"https:\/\/www.minoanlife.com\/fr\/wp-json\/wp\/v2\/product"}],"about":[{"href":"https:\/\/www.minoanlife.com\/fr\/wp-json\/wp\/v2\/types\/product"}],"replies":[{"embeddable":true,"href":"https:\/\/www.minoanlife.com\/fr\/wp-json\/wp\/v2\/comments?post=8856"}],"wp:featuredmedia":[{"embeddable":true,"href":"https:\/\/www.minoanlife.com\/fr\/wp-json\/wp\/v2\/media\/23957"}],"wp:attachment":[{"href":"https:\/\/www.minoanlife.com\/fr\/wp-json\/wp\/v2\/media?parent=8856"}],"wp:term":[{"taxonomy":"product_brand","embeddable":true,"href":"https:\/\/www.minoanlife.com\/fr\/wp-json\/wp\/v2\/product_brand?post=8856"},{"taxonomy":"product_cat","embeddable":true,"href":"https:\/\/www.minoanlife.com\/fr\/wp-json\/wp\/v2\/product_cat?post=8856"},{"taxonomy":"product_tag","embeddable":true,"href":"https:\/\/www.minoanlife.com\/fr\/wp-json\/wp\/v2\/product_tag?post=8856"}],"curies":[{"name":"wp","href":"https:\/\/api.w.org\/{rel}","templated":true}]}}