{"id":8848,"date":"2014-05-22T13:26:24","date_gmt":"2014-05-23T09:17:42","guid":{"rendered":"http:\/\/www.minoanlife.com\/?post_type=product&#038;p=8848"},"modified":"2021-02-15T07:59:29","modified_gmt":"2021-02-15T07:59:29","slug":"beurre-corporel-olive-raisins-rouges-grenade","status":"publish","type":"product","link":"https:\/\/www.minoanlife.com\/fr\/eshop\/beurre-corporel-olive-raisins-rouges-grenade\/","title":{"rendered":"Beurre Corporel &#8211; Olive, Raisins Rouges &amp; Grenade"},"content":{"rendered":"<p>Beurre fondant pour le corps avec une texture merveilleuse, qui donne \u00e0 la peau une apparence saine et un aspect \u00e9clatant. Les extraits de raisins rouges et de grenade, riches en ingr\u00e9dients bienfaisants, hydratent, rajeunissent et tonifient la peau. Renforc\u00e9s en huiles naturelles et beurres naturels qui nourrissent intens\u00e9ment la peau.<\/p>\n<p><strong>Utilisation :<\/strong>\u00a0Appliquez le beurre sur une peau au sec et proc\u00e9dez \u00e0 un l\u00e9ger massage. Utilisez le beurre aussi souvent que vous le souhaitez.<\/p>\n","protected":false},"excerpt":{"rendered":"<p>Olive, Raisins Rouges &amp; Grenade<\/p>\n","protected":false},"featured_media":23689,"comment_status":"open","ping_status":"closed","template":"","meta":[],"product_brand":[],"product_cat":[876],"product_tag":[1735],"class_list":{"0":"post-8848","1":"product","2":"type-product","3":"status-publish","4":"has-post-thumbnail","6":"product_cat-soins-corps","7":"product_tag-articles_taille_voyage","8":"brand-olive-beauty-medi-care-brand-fr","10":"first","11":"outofstock","12":"taxable","13":"shipping-taxable","14":"purchasable","15":"product-type-variable","16":"has-default-attributes"},"yoast_head":"<!-- This site is optimized with the Yoast SEO plugin v27.2 - https:\/\/yoast.com\/product\/yoast-seo-wordpress\/ -->\n<title>Beurre Corporel - Olive, Raisins Rouges &amp; Grenade | Minoan Life<\/title>\n<meta name=\"description\" content=\"Les extraits de raisins rouges et de grenade, riches en ingr\u00e9dients bienfaisants, hydratent, rajeunissent et tonifient la peau. \u03a4est\u00e9 dermatologiquement.\" \/>\n<meta name=\"robots\" content=\"index, follow, max-snippet:-1, max-image-preview:large, max-video-preview:-1\" \/>\n<link rel=\"canonical\" href=\"https:\/\/www.minoanlife.com\/fr\/eshop\/beurre-corporel-olive-raisins-rouges-grenade\/\" \/>\n<meta property=\"og:locale\" content=\"fr_FR\" \/>\n<meta property=\"og:type\" content=\"article\" \/>\n<meta property=\"og:title\" content=\"Beurre Corporel - Olive, Raisins Rouges &amp; Grenade | Minoan Life\" \/>\n<meta property=\"og:description\" content=\"Les extraits de raisins rouges et de grenade, riches en ingr\u00e9dients bienfaisants, hydratent, rajeunissent et tonifient la peau. \u03a4est\u00e9 dermatologiquement.\" \/>\n<meta property=\"og:url\" content=\"https:\/\/www.minoanlife.com\/fr\/eshop\/beurre-corporel-olive-raisins-rouges-grenade\/\" \/>\n<meta property=\"og:site_name\" content=\"Minoan Life\" \/>\n<meta property=\"article:modified_time\" content=\"2021-02-15T07:59:29+00:00\" \/>\n<meta property=\"og:image\" content=\"https:\/\/www.minoanlife.com\/wp-content\/uploads\/body_butter_with_olive_and_red_grape_minoanlife.jpg\" \/>\n\t<meta property=\"og:image:width\" content=\"600\" \/>\n\t<meta property=\"og:image:height\" content=\"600\" \/>\n\t<meta property=\"og:image:type\" content=\"image\/jpeg\" \/>\n<script type=\"application\/ld+json\" class=\"yoast-schema-graph\">{\"@context\":\"https:\/\/schema.org\",\"@graph\":[{\"@type\":\"WebPage\",\"@id\":\"https:\/\/www.minoanlife.com\/fr\/eshop\/beurre-corporel-olive-raisins-rouges-grenade\/\",\"url\":\"https:\/\/www.minoanlife.com\/fr\/eshop\/beurre-corporel-olive-raisins-rouges-grenade\/\",\"name\":\"Beurre Corporel - Olive, Raisins Rouges &amp; Grenade | Minoan Life\",\"isPartOf\":{\"@id\":\"https:\/\/www.minoanlife.com\/fr\/#website\"},\"primaryImageOfPage\":{\"@id\":\"https:\/\/www.minoanlife.com\/fr\/eshop\/beurre-corporel-olive-raisins-rouges-grenade\/#primaryimage\"},\"image\":{\"@id\":\"https:\/\/www.minoanlife.com\/fr\/eshop\/beurre-corporel-olive-raisins-rouges-grenade\/#primaryimage\"},\"thumbnailUrl\":\"https:\/\/www.minoanlife.com\/wp-content\/uploads\/body_butter_with_olive_and_red_grape_minoanlife.jpg\",\"datePublished\":\"2014-05-23T09:17:42+00:00\",\"dateModified\":\"2021-02-15T07:59:29+00:00\",\"description\":\"Les extraits de raisins rouges et de grenade, riches en ingr\u00e9dients bienfaisants, hydratent, rajeunissent et tonifient la peau. \u03a4est\u00e9 dermatologiquement.\",\"breadcrumb\":{\"@id\":\"https:\/\/www.minoanlife.com\/fr\/eshop\/beurre-corporel-olive-raisins-rouges-grenade\/#breadcrumb\"},\"inLanguage\":\"fr-FR\",\"potentialAction\":[{\"@type\":\"ReadAction\",\"target\":[\"https:\/\/www.minoanlife.com\/fr\/eshop\/beurre-corporel-olive-raisins-rouges-grenade\/\"]}]},{\"@type\":\"ImageObject\",\"inLanguage\":\"fr-FR\",\"@id\":\"https:\/\/www.minoanlife.com\/fr\/eshop\/beurre-corporel-olive-raisins-rouges-grenade\/#primaryimage\",\"url\":\"https:\/\/www.minoanlife.com\/wp-content\/uploads\/body_butter_with_olive_and_red_grape_minoanlife.jpg\",\"contentUrl\":\"https:\/\/www.minoanlife.com\/wp-content\/uploads\/body_butter_with_olive_and_red_grape_minoanlife.jpg\",\"width\":600,\"height\":600,\"caption\":\"body_butter_with_olive_and_red_grape_minoanlife\"},{\"@type\":\"BreadcrumbList\",\"@id\":\"https:\/\/www.minoanlife.com\/fr\/eshop\/beurre-corporel-olive-raisins-rouges-grenade\/#breadcrumb\",\"itemListElement\":[{\"@type\":\"ListItem\",\"position\":1,\"name\":\"Home\",\"item\":\"https:\/\/www.minoanlife.com\/fr\/\"},{\"@type\":\"ListItem\",\"position\":2,\"name\":\"Eshop\",\"item\":\"https:\/\/www.minoanlife.com\/fr\/eshop\/\"},{\"@type\":\"ListItem\",\"position\":3,\"name\":\"Beurre Corporel &#8211; Olive, Raisins Rouges &amp; Grenade\"}]},{\"@type\":\"WebSite\",\"@id\":\"https:\/\/www.minoanlife.com\/fr\/#website\",\"url\":\"https:\/\/www.minoanlife.com\/fr\/\",\"name\":\"Minoan Life\",\"description\":\"\",\"potentialAction\":[{\"@type\":\"SearchAction\",\"target\":{\"@type\":\"EntryPoint\",\"urlTemplate\":\"https:\/\/www.minoanlife.com\/fr\/?s={search_term_string}\"},\"query-input\":{\"@type\":\"PropertyValueSpecification\",\"valueRequired\":true,\"valueName\":\"search_term_string\"}}],\"inLanguage\":\"fr-FR\"}]}<\/script>\n<!-- \/ Yoast SEO plugin. -->","yoast_head_json":{"title":"Beurre Corporel - Olive, Raisins Rouges &amp; Grenade | Minoan Life","description":"Les extraits de raisins rouges et de grenade, riches en ingr\u00e9dients bienfaisants, hydratent, rajeunissent et tonifient la peau. \u03a4est\u00e9 dermatologiquement.","robots":{"index":"index","follow":"follow","max-snippet":"max-snippet:-1","max-image-preview":"max-image-preview:large","max-video-preview":"max-video-preview:-1"},"canonical":"https:\/\/www.minoanlife.com\/fr\/eshop\/beurre-corporel-olive-raisins-rouges-grenade\/","og_locale":"fr_FR","og_type":"article","og_title":"Beurre Corporel - Olive, Raisins Rouges &amp; Grenade | Minoan Life","og_description":"Les extraits de raisins rouges et de grenade, riches en ingr\u00e9dients bienfaisants, hydratent, rajeunissent et tonifient la peau. \u03a4est\u00e9 dermatologiquement.","og_url":"https:\/\/www.minoanlife.com\/fr\/eshop\/beurre-corporel-olive-raisins-rouges-grenade\/","og_site_name":"Minoan Life","article_modified_time":"2021-02-15T07:59:29+00:00","og_image":[{"width":600,"height":600,"url":"https:\/\/www.minoanlife.com\/wp-content\/uploads\/body_butter_with_olive_and_red_grape_minoanlife.jpg","type":"image\/jpeg"}],"schema":{"@context":"https:\/\/schema.org","@graph":[{"@type":"WebPage","@id":"https:\/\/www.minoanlife.com\/fr\/eshop\/beurre-corporel-olive-raisins-rouges-grenade\/","url":"https:\/\/www.minoanlife.com\/fr\/eshop\/beurre-corporel-olive-raisins-rouges-grenade\/","name":"Beurre Corporel - Olive, Raisins Rouges &amp; Grenade | Minoan Life","isPartOf":{"@id":"https:\/\/www.minoanlife.com\/fr\/#website"},"primaryImageOfPage":{"@id":"https:\/\/www.minoanlife.com\/fr\/eshop\/beurre-corporel-olive-raisins-rouges-grenade\/#primaryimage"},"image":{"@id":"https:\/\/www.minoanlife.com\/fr\/eshop\/beurre-corporel-olive-raisins-rouges-grenade\/#primaryimage"},"thumbnailUrl":"https:\/\/www.minoanlife.com\/wp-content\/uploads\/body_butter_with_olive_and_red_grape_minoanlife.jpg","datePublished":"2014-05-23T09:17:42+00:00","dateModified":"2021-02-15T07:59:29+00:00","description":"Les extraits de raisins rouges et de grenade, riches en ingr\u00e9dients bienfaisants, hydratent, rajeunissent et tonifient la peau. \u03a4est\u00e9 dermatologiquement.","breadcrumb":{"@id":"https:\/\/www.minoanlife.com\/fr\/eshop\/beurre-corporel-olive-raisins-rouges-grenade\/#breadcrumb"},"inLanguage":"fr-FR","potentialAction":[{"@type":"ReadAction","target":["https:\/\/www.minoanlife.com\/fr\/eshop\/beurre-corporel-olive-raisins-rouges-grenade\/"]}]},{"@type":"ImageObject","inLanguage":"fr-FR","@id":"https:\/\/www.minoanlife.com\/fr\/eshop\/beurre-corporel-olive-raisins-rouges-grenade\/#primaryimage","url":"https:\/\/www.minoanlife.com\/wp-content\/uploads\/body_butter_with_olive_and_red_grape_minoanlife.jpg","contentUrl":"https:\/\/www.minoanlife.com\/wp-content\/uploads\/body_butter_with_olive_and_red_grape_minoanlife.jpg","width":600,"height":600,"caption":"body_butter_with_olive_and_red_grape_minoanlife"},{"@type":"BreadcrumbList","@id":"https:\/\/www.minoanlife.com\/fr\/eshop\/beurre-corporel-olive-raisins-rouges-grenade\/#breadcrumb","itemListElement":[{"@type":"ListItem","position":1,"name":"Home","item":"https:\/\/www.minoanlife.com\/fr\/"},{"@type":"ListItem","position":2,"name":"Eshop","item":"https:\/\/www.minoanlife.com\/fr\/eshop\/"},{"@type":"ListItem","position":3,"name":"Beurre Corporel &#8211; Olive, Raisins Rouges &amp; Grenade"}]},{"@type":"WebSite","@id":"https:\/\/www.minoanlife.com\/fr\/#website","url":"https:\/\/www.minoanlife.com\/fr\/","name":"Minoan Life","description":"","potentialAction":[{"@type":"SearchAction","target":{"@type":"EntryPoint","urlTemplate":"https:\/\/www.minoanlife.com\/fr\/?s={search_term_string}"},"query-input":{"@type":"PropertyValueSpecification","valueRequired":true,"valueName":"search_term_string"}}],"inLanguage":"fr-FR"}]}},"_links":{"self":[{"href":"https:\/\/www.minoanlife.com\/fr\/wp-json\/wp\/v2\/product\/8848","targetHints":{"allow":["GET"]}}],"collection":[{"href":"https:\/\/www.minoanlife.com\/fr\/wp-json\/wp\/v2\/product"}],"about":[{"href":"https:\/\/www.minoanlife.com\/fr\/wp-json\/wp\/v2\/types\/product"}],"replies":[{"embeddable":true,"href":"https:\/\/www.minoanlife.com\/fr\/wp-json\/wp\/v2\/comments?post=8848"}],"wp:featuredmedia":[{"embeddable":true,"href":"https:\/\/www.minoanlife.com\/fr\/wp-json\/wp\/v2\/media\/23689"}],"wp:attachment":[{"href":"https:\/\/www.minoanlife.com\/fr\/wp-json\/wp\/v2\/media?parent=8848"}],"wp:term":[{"taxonomy":"product_brand","embeddable":true,"href":"https:\/\/www.minoanlife.com\/fr\/wp-json\/wp\/v2\/product_brand?post=8848"},{"taxonomy":"product_cat","embeddable":true,"href":"https:\/\/www.minoanlife.com\/fr\/wp-json\/wp\/v2\/product_cat?post=8848"},{"taxonomy":"product_tag","embeddable":true,"href":"https:\/\/www.minoanlife.com\/fr\/wp-json\/wp\/v2\/product_tag?post=8848"}],"curies":[{"name":"wp","href":"https:\/\/api.w.org\/{rel}","templated":true}]}}