{"id":8836,"date":"2014-05-22T13:30:27","date_gmt":"2014-05-23T09:04:14","guid":{"rendered":"http:\/\/www.minoanlife.com\/?post_type=product&#038;p=8836"},"modified":"2021-02-15T09:31:45","modified_gmt":"2021-02-15T09:31:45","slug":"huile-pour-les-cheveux","status":"publish","type":"product","link":"https:\/\/www.minoanlife.com\/fr\/eshop\/huile-pour-les-cheveux\/","title":{"rendered":"Huile Pour Les Cheveux avec Huile D\u2019olive &amp; Extraits De Fenouil"},"content":{"rendered":"<p>Huile r\u00e9paratrice et protectrice pour les cheveux \u00e0 base d\u2019huile d\u2019olive, de p\u00e9pins de raisin et de noyau d\u2019avocat, lesquels nourrissent et adoucissent le cheveu tout en cr\u00e9ant sur celui-ci un film lipidique. La phytosqual\u00e8ne prot\u00e8ge contre la d\u00e9shydratation et restaure la douceur et la souplesse dans les cheveux. L\u2019extrait de fenouil et la vitamine E prot\u00e8gent la tige du cheveu contre la formation des radicaux libres.<\/p>\n<p><strong>Utilisation :<\/strong>\u00a0Vaporisez une petite quantit\u00e9 d\u2019huile sur les longueurs et les pointes des cheveux, aussi souvent que n\u00e9cessaire.<\/p>\n","protected":false},"excerpt":{"rendered":"<p>Huile D\u2019olive &amp; Extraits De Fenouil<\/p>\n","protected":false},"featured_media":24355,"comment_status":"open","ping_status":"closed","template":"","meta":[],"product_brand":[],"product_cat":[883],"product_tag":[],"class_list":{"0":"post-8836","1":"product","2":"type-product","3":"status-publish","4":"has-post-thumbnail","6":"product_cat-soins-cheveux","7":"brand-olive-beauty-medi-care-brand-fr","9":"first","10":"instock","11":"sale","12":"taxable","13":"shipping-taxable","14":"purchasable","15":"product-type-simple"},"yoast_head":"<!-- This site is optimized with the Yoast SEO plugin v27.2 - https:\/\/yoast.com\/product\/yoast-seo-wordpress\/ -->\n<title>Huile Pour Les Cheveux avec Huile D\u2019olive &amp; Extraits De Fenouil | Minoan Life<\/title>\n<meta name=\"description\" content=\"Huile r\u00e9paratrice et protectrice pour les cheveux \u00e0 base d\u2019huile d\u2019olive, de p\u00e9pins de raisin et de noyau d\u2019avocat. \u03a4est\u00e9 dermatologiquement\" \/>\n<meta name=\"robots\" content=\"index, follow, max-snippet:-1, max-image-preview:large, max-video-preview:-1\" \/>\n<link rel=\"canonical\" href=\"https:\/\/www.minoanlife.com\/fr\/eshop\/huile-pour-les-cheveux\/\" \/>\n<meta property=\"og:locale\" content=\"fr_FR\" \/>\n<meta property=\"og:type\" content=\"article\" \/>\n<meta property=\"og:title\" content=\"Huile Pour Les Cheveux avec Huile D\u2019olive &amp; Extraits De Fenouil | Minoan Life\" \/>\n<meta property=\"og:description\" content=\"Huile r\u00e9paratrice et protectrice pour les cheveux \u00e0 base d\u2019huile d\u2019olive, de p\u00e9pins de raisin et de noyau d\u2019avocat. \u03a4est\u00e9 dermatologiquement\" \/>\n<meta property=\"og:url\" content=\"https:\/\/www.minoanlife.com\/fr\/eshop\/huile-pour-les-cheveux\/\" \/>\n<meta property=\"og:site_name\" content=\"Minoan Life\" \/>\n<meta property=\"article:modified_time\" content=\"2021-02-15T09:31:45+00:00\" \/>\n<meta property=\"og:image\" content=\"https:\/\/www.minoanlife.com\/wp-content\/uploads\/hair_oil_minoanlife-1.jpg\" \/>\n\t<meta property=\"og:image:width\" content=\"600\" \/>\n\t<meta property=\"og:image:height\" content=\"600\" \/>\n\t<meta property=\"og:image:type\" content=\"image\/jpeg\" \/>\n<script type=\"application\/ld+json\" class=\"yoast-schema-graph\">{\"@context\":\"https:\/\/schema.org\",\"@graph\":[{\"@type\":\"WebPage\",\"@id\":\"https:\/\/www.minoanlife.com\/fr\/eshop\/huile-pour-les-cheveux\/\",\"url\":\"https:\/\/www.minoanlife.com\/fr\/eshop\/huile-pour-les-cheveux\/\",\"name\":\"Huile Pour Les Cheveux avec Huile D\u2019olive &amp; Extraits De Fenouil | Minoan Life\",\"isPartOf\":{\"@id\":\"https:\/\/www.minoanlife.com\/fr\/#website\"},\"primaryImageOfPage\":{\"@id\":\"https:\/\/www.minoanlife.com\/fr\/eshop\/huile-pour-les-cheveux\/#primaryimage\"},\"image\":{\"@id\":\"https:\/\/www.minoanlife.com\/fr\/eshop\/huile-pour-les-cheveux\/#primaryimage\"},\"thumbnailUrl\":\"https:\/\/www.minoanlife.com\/wp-content\/uploads\/hair_oil_minoanlife-1.jpg\",\"datePublished\":\"2014-05-23T09:04:14+00:00\",\"dateModified\":\"2021-02-15T09:31:45+00:00\",\"description\":\"Huile r\u00e9paratrice et protectrice pour les cheveux \u00e0 base d\u2019huile d\u2019olive, de p\u00e9pins de raisin et de noyau d\u2019avocat. \u03a4est\u00e9 dermatologiquement\",\"breadcrumb\":{\"@id\":\"https:\/\/www.minoanlife.com\/fr\/eshop\/huile-pour-les-cheveux\/#breadcrumb\"},\"inLanguage\":\"fr-FR\",\"potentialAction\":[{\"@type\":\"ReadAction\",\"target\":[\"https:\/\/www.minoanlife.com\/fr\/eshop\/huile-pour-les-cheveux\/\"]}]},{\"@type\":\"ImageObject\",\"inLanguage\":\"fr-FR\",\"@id\":\"https:\/\/www.minoanlife.com\/fr\/eshop\/huile-pour-les-cheveux\/#primaryimage\",\"url\":\"https:\/\/www.minoanlife.com\/wp-content\/uploads\/hair_oil_minoanlife-1.jpg\",\"contentUrl\":\"https:\/\/www.minoanlife.com\/wp-content\/uploads\/hair_oil_minoanlife-1.jpg\",\"width\":600,\"height\":600,\"caption\":\"hair_oil_minoanlife\"},{\"@type\":\"BreadcrumbList\",\"@id\":\"https:\/\/www.minoanlife.com\/fr\/eshop\/huile-pour-les-cheveux\/#breadcrumb\",\"itemListElement\":[{\"@type\":\"ListItem\",\"position\":1,\"name\":\"Home\",\"item\":\"https:\/\/www.minoanlife.com\/fr\/\"},{\"@type\":\"ListItem\",\"position\":2,\"name\":\"Eshop\",\"item\":\"https:\/\/www.minoanlife.com\/fr\/eshop\/\"},{\"@type\":\"ListItem\",\"position\":3,\"name\":\"Huile Pour Les Cheveux avec Huile D\u2019olive &amp; Extraits De Fenouil\"}]},{\"@type\":\"WebSite\",\"@id\":\"https:\/\/www.minoanlife.com\/fr\/#website\",\"url\":\"https:\/\/www.minoanlife.com\/fr\/\",\"name\":\"Minoan Life\",\"description\":\"\",\"potentialAction\":[{\"@type\":\"SearchAction\",\"target\":{\"@type\":\"EntryPoint\",\"urlTemplate\":\"https:\/\/www.minoanlife.com\/fr\/?s={search_term_string}\"},\"query-input\":{\"@type\":\"PropertyValueSpecification\",\"valueRequired\":true,\"valueName\":\"search_term_string\"}}],\"inLanguage\":\"fr-FR\"}]}<\/script>\n<!-- \/ Yoast SEO plugin. -->","yoast_head_json":{"title":"Huile Pour Les Cheveux avec Huile D\u2019olive &amp; Extraits De Fenouil | Minoan Life","description":"Huile r\u00e9paratrice et protectrice pour les cheveux \u00e0 base d\u2019huile d\u2019olive, de p\u00e9pins de raisin et de noyau d\u2019avocat. \u03a4est\u00e9 dermatologiquement","robots":{"index":"index","follow":"follow","max-snippet":"max-snippet:-1","max-image-preview":"max-image-preview:large","max-video-preview":"max-video-preview:-1"},"canonical":"https:\/\/www.minoanlife.com\/fr\/eshop\/huile-pour-les-cheveux\/","og_locale":"fr_FR","og_type":"article","og_title":"Huile Pour Les Cheveux avec Huile D\u2019olive &amp; Extraits De Fenouil | Minoan Life","og_description":"Huile r\u00e9paratrice et protectrice pour les cheveux \u00e0 base d\u2019huile d\u2019olive, de p\u00e9pins de raisin et de noyau d\u2019avocat. \u03a4est\u00e9 dermatologiquement","og_url":"https:\/\/www.minoanlife.com\/fr\/eshop\/huile-pour-les-cheveux\/","og_site_name":"Minoan Life","article_modified_time":"2021-02-15T09:31:45+00:00","og_image":[{"width":600,"height":600,"url":"https:\/\/www.minoanlife.com\/wp-content\/uploads\/hair_oil_minoanlife-1.jpg","type":"image\/jpeg"}],"schema":{"@context":"https:\/\/schema.org","@graph":[{"@type":"WebPage","@id":"https:\/\/www.minoanlife.com\/fr\/eshop\/huile-pour-les-cheveux\/","url":"https:\/\/www.minoanlife.com\/fr\/eshop\/huile-pour-les-cheveux\/","name":"Huile Pour Les Cheveux avec Huile D\u2019olive &amp; Extraits De Fenouil | Minoan Life","isPartOf":{"@id":"https:\/\/www.minoanlife.com\/fr\/#website"},"primaryImageOfPage":{"@id":"https:\/\/www.minoanlife.com\/fr\/eshop\/huile-pour-les-cheveux\/#primaryimage"},"image":{"@id":"https:\/\/www.minoanlife.com\/fr\/eshop\/huile-pour-les-cheveux\/#primaryimage"},"thumbnailUrl":"https:\/\/www.minoanlife.com\/wp-content\/uploads\/hair_oil_minoanlife-1.jpg","datePublished":"2014-05-23T09:04:14+00:00","dateModified":"2021-02-15T09:31:45+00:00","description":"Huile r\u00e9paratrice et protectrice pour les cheveux \u00e0 base d\u2019huile d\u2019olive, de p\u00e9pins de raisin et de noyau d\u2019avocat. \u03a4est\u00e9 dermatologiquement","breadcrumb":{"@id":"https:\/\/www.minoanlife.com\/fr\/eshop\/huile-pour-les-cheveux\/#breadcrumb"},"inLanguage":"fr-FR","potentialAction":[{"@type":"ReadAction","target":["https:\/\/www.minoanlife.com\/fr\/eshop\/huile-pour-les-cheveux\/"]}]},{"@type":"ImageObject","inLanguage":"fr-FR","@id":"https:\/\/www.minoanlife.com\/fr\/eshop\/huile-pour-les-cheveux\/#primaryimage","url":"https:\/\/www.minoanlife.com\/wp-content\/uploads\/hair_oil_minoanlife-1.jpg","contentUrl":"https:\/\/www.minoanlife.com\/wp-content\/uploads\/hair_oil_minoanlife-1.jpg","width":600,"height":600,"caption":"hair_oil_minoanlife"},{"@type":"BreadcrumbList","@id":"https:\/\/www.minoanlife.com\/fr\/eshop\/huile-pour-les-cheveux\/#breadcrumb","itemListElement":[{"@type":"ListItem","position":1,"name":"Home","item":"https:\/\/www.minoanlife.com\/fr\/"},{"@type":"ListItem","position":2,"name":"Eshop","item":"https:\/\/www.minoanlife.com\/fr\/eshop\/"},{"@type":"ListItem","position":3,"name":"Huile Pour Les Cheveux avec Huile D\u2019olive &amp; Extraits De Fenouil"}]},{"@type":"WebSite","@id":"https:\/\/www.minoanlife.com\/fr\/#website","url":"https:\/\/www.minoanlife.com\/fr\/","name":"Minoan Life","description":"","potentialAction":[{"@type":"SearchAction","target":{"@type":"EntryPoint","urlTemplate":"https:\/\/www.minoanlife.com\/fr\/?s={search_term_string}"},"query-input":{"@type":"PropertyValueSpecification","valueRequired":true,"valueName":"search_term_string"}}],"inLanguage":"fr-FR"}]}},"_links":{"self":[{"href":"https:\/\/www.minoanlife.com\/fr\/wp-json\/wp\/v2\/product\/8836","targetHints":{"allow":["GET"]}}],"collection":[{"href":"https:\/\/www.minoanlife.com\/fr\/wp-json\/wp\/v2\/product"}],"about":[{"href":"https:\/\/www.minoanlife.com\/fr\/wp-json\/wp\/v2\/types\/product"}],"replies":[{"embeddable":true,"href":"https:\/\/www.minoanlife.com\/fr\/wp-json\/wp\/v2\/comments?post=8836"}],"wp:featuredmedia":[{"embeddable":true,"href":"https:\/\/www.minoanlife.com\/fr\/wp-json\/wp\/v2\/media\/24355"}],"wp:attachment":[{"href":"https:\/\/www.minoanlife.com\/fr\/wp-json\/wp\/v2\/media?parent=8836"}],"wp:term":[{"taxonomy":"product_brand","embeddable":true,"href":"https:\/\/www.minoanlife.com\/fr\/wp-json\/wp\/v2\/product_brand?post=8836"},{"taxonomy":"product_cat","embeddable":true,"href":"https:\/\/www.minoanlife.com\/fr\/wp-json\/wp\/v2\/product_cat?post=8836"},{"taxonomy":"product_tag","embeddable":true,"href":"https:\/\/www.minoanlife.com\/fr\/wp-json\/wp\/v2\/product_tag?post=8836"}],"curies":[{"name":"wp","href":"https:\/\/api.w.org\/{rel}","templated":true}]}}