{"id":8808,"date":"2014-05-22T13:54:53","date_gmt":"2014-05-23T08:08:43","guid":{"rendered":"http:\/\/www.minoanlife.com\/?post_type=product&#038;p=8808"},"modified":"2021-02-15T09:22:06","modified_gmt":"2021-02-15T09:22:06","slug":"huile-corporelle-contenant-de-lhuile-de-noix-de-macadamia","status":"publish","type":"product","link":"https:\/\/www.minoanlife.com\/fr\/eshop\/huile-corporelle-contenant-de-lhuile-de-noix-de-macadamia\/","title":{"rendered":"Huile Corporelle Contenant De L\u2019Huile De Noix De Macadamia"},"content":{"rendered":"<p>Huile naturelle contenant de l\u2019huile de noix de Macadamia, riche en acides gras et en phytost\u00e9rols, lesquels restaurent l\u2019humidit\u00e9 de la peau, la soulagent et la r\u00e9g\u00e9n\u00e8rent. En outre, la vitamine E et de l\u2019huile d\u2019olive, nourrissent et prot\u00e8gent la peau. Huile id\u00e9ale pour les peaux s\u00e8ches ou sensibles.<\/p>\n<p><strong>Utilisation :<\/strong>\u00a0Appliquez matin et\/ou soir l\u2019huile sur une peau propre et au sec. Proc\u00e9dez \u00e0 un massage doux jusqu\u2019\u00e0 absorption compl\u00e8te.<\/p>\n","protected":false},"excerpt":{"rendered":"<p>Huile De Noix De Macadamia<\/p>\n","protected":false},"featured_media":24365,"comment_status":"closed","ping_status":"closed","template":"","meta":[],"product_brand":[],"product_cat":[876],"product_tag":[],"class_list":{"0":"post-8808","1":"product","2":"type-product","3":"status-publish","4":"has-post-thumbnail","6":"product_cat-soins-corps","7":"brand-olive-beauty-medi-care-brand-fr","9":"first","10":"instock","11":"taxable","12":"shipping-taxable","13":"purchasable","14":"product-type-simple"},"yoast_head":"<!-- This site is optimized with the Yoast SEO plugin v27.2 - https:\/\/yoast.com\/product\/yoast-seo-wordpress\/ -->\n<title>Huile Corporelle Contenant De L\u2019Huile De Noix De Macadamia | Minoan Life<\/title>\n<meta name=\"description\" content=\"Huile naturelle contenant de l\u2019huile de noix de Macadamia, riche en acides gras et en phytost\u00e9rols, lesquels restaurent l\u2019humidit\u00e9 de la peau, la soulagent et la r\u00e9g\u00e9n\u00e8rent.\" \/>\n<meta name=\"robots\" content=\"index, follow, max-snippet:-1, max-image-preview:large, max-video-preview:-1\" \/>\n<link rel=\"canonical\" href=\"https:\/\/www.minoanlife.com\/fr\/eshop\/huile-corporelle-contenant-de-lhuile-de-noix-de-macadamia\/\" \/>\n<meta property=\"og:locale\" content=\"fr_FR\" \/>\n<meta property=\"og:type\" content=\"article\" \/>\n<meta property=\"og:title\" content=\"Huile Corporelle Contenant De L\u2019Huile De Noix De Macadamia | Minoan Life\" \/>\n<meta property=\"og:description\" content=\"Huile naturelle contenant de l\u2019huile de noix de Macadamia, riche en acides gras et en phytost\u00e9rols, lesquels restaurent l\u2019humidit\u00e9 de la peau, la soulagent et la r\u00e9g\u00e9n\u00e8rent.\" \/>\n<meta property=\"og:url\" content=\"https:\/\/www.minoanlife.com\/fr\/eshop\/huile-corporelle-contenant-de-lhuile-de-noix-de-macadamia\/\" \/>\n<meta property=\"og:site_name\" content=\"Minoan Life\" \/>\n<meta property=\"article:modified_time\" content=\"2021-02-15T09:22:06+00:00\" \/>\n<meta property=\"og:image\" content=\"https:\/\/www.minoanlife.com\/wp-content\/uploads\/macadamia_body_oil_minoanlife-1.jpg\" \/>\n\t<meta property=\"og:image:width\" content=\"600\" \/>\n\t<meta property=\"og:image:height\" content=\"600\" \/>\n\t<meta property=\"og:image:type\" content=\"image\/jpeg\" \/>\n<script type=\"application\/ld+json\" class=\"yoast-schema-graph\">{\"@context\":\"https:\/\/schema.org\",\"@graph\":[{\"@type\":\"WebPage\",\"@id\":\"https:\/\/www.minoanlife.com\/fr\/eshop\/huile-corporelle-contenant-de-lhuile-de-noix-de-macadamia\/\",\"url\":\"https:\/\/www.minoanlife.com\/fr\/eshop\/huile-corporelle-contenant-de-lhuile-de-noix-de-macadamia\/\",\"name\":\"Huile Corporelle Contenant De L\u2019Huile De Noix De Macadamia | Minoan Life\",\"isPartOf\":{\"@id\":\"https:\/\/www.minoanlife.com\/fr\/#website\"},\"primaryImageOfPage\":{\"@id\":\"https:\/\/www.minoanlife.com\/fr\/eshop\/huile-corporelle-contenant-de-lhuile-de-noix-de-macadamia\/#primaryimage\"},\"image\":{\"@id\":\"https:\/\/www.minoanlife.com\/fr\/eshop\/huile-corporelle-contenant-de-lhuile-de-noix-de-macadamia\/#primaryimage\"},\"thumbnailUrl\":\"https:\/\/www.minoanlife.com\/wp-content\/uploads\/macadamia_body_oil_minoanlife-1.jpg\",\"datePublished\":\"2014-05-23T08:08:43+00:00\",\"dateModified\":\"2021-02-15T09:22:06+00:00\",\"description\":\"Huile naturelle contenant de l\u2019huile de noix de Macadamia, riche en acides gras et en phytost\u00e9rols, lesquels restaurent l\u2019humidit\u00e9 de la peau, la soulagent et la r\u00e9g\u00e9n\u00e8rent.\",\"breadcrumb\":{\"@id\":\"https:\/\/www.minoanlife.com\/fr\/eshop\/huile-corporelle-contenant-de-lhuile-de-noix-de-macadamia\/#breadcrumb\"},\"inLanguage\":\"fr-FR\",\"potentialAction\":[{\"@type\":\"ReadAction\",\"target\":[\"https:\/\/www.minoanlife.com\/fr\/eshop\/huile-corporelle-contenant-de-lhuile-de-noix-de-macadamia\/\"]}]},{\"@type\":\"ImageObject\",\"inLanguage\":\"fr-FR\",\"@id\":\"https:\/\/www.minoanlife.com\/fr\/eshop\/huile-corporelle-contenant-de-lhuile-de-noix-de-macadamia\/#primaryimage\",\"url\":\"https:\/\/www.minoanlife.com\/wp-content\/uploads\/macadamia_body_oil_minoanlife-1.jpg\",\"contentUrl\":\"https:\/\/www.minoanlife.com\/wp-content\/uploads\/macadamia_body_oil_minoanlife-1.jpg\",\"width\":600,\"height\":600,\"caption\":\"macadamia_body_oil_minoanlife\"},{\"@type\":\"BreadcrumbList\",\"@id\":\"https:\/\/www.minoanlife.com\/fr\/eshop\/huile-corporelle-contenant-de-lhuile-de-noix-de-macadamia\/#breadcrumb\",\"itemListElement\":[{\"@type\":\"ListItem\",\"position\":1,\"name\":\"Home\",\"item\":\"https:\/\/www.minoanlife.com\/fr\/\"},{\"@type\":\"ListItem\",\"position\":2,\"name\":\"Eshop\",\"item\":\"https:\/\/www.minoanlife.com\/fr\/eshop\/\"},{\"@type\":\"ListItem\",\"position\":3,\"name\":\"Huile Corporelle Contenant De L\u2019Huile De Noix De Macadamia\"}]},{\"@type\":\"WebSite\",\"@id\":\"https:\/\/www.minoanlife.com\/fr\/#website\",\"url\":\"https:\/\/www.minoanlife.com\/fr\/\",\"name\":\"Minoan Life\",\"description\":\"\",\"potentialAction\":[{\"@type\":\"SearchAction\",\"target\":{\"@type\":\"EntryPoint\",\"urlTemplate\":\"https:\/\/www.minoanlife.com\/fr\/?s={search_term_string}\"},\"query-input\":{\"@type\":\"PropertyValueSpecification\",\"valueRequired\":true,\"valueName\":\"search_term_string\"}}],\"inLanguage\":\"fr-FR\"}]}<\/script>\n<!-- \/ Yoast SEO plugin. -->","yoast_head_json":{"title":"Huile Corporelle Contenant De L\u2019Huile De Noix De Macadamia | Minoan Life","description":"Huile naturelle contenant de l\u2019huile de noix de Macadamia, riche en acides gras et en phytost\u00e9rols, lesquels restaurent l\u2019humidit\u00e9 de la peau, la soulagent et la r\u00e9g\u00e9n\u00e8rent.","robots":{"index":"index","follow":"follow","max-snippet":"max-snippet:-1","max-image-preview":"max-image-preview:large","max-video-preview":"max-video-preview:-1"},"canonical":"https:\/\/www.minoanlife.com\/fr\/eshop\/huile-corporelle-contenant-de-lhuile-de-noix-de-macadamia\/","og_locale":"fr_FR","og_type":"article","og_title":"Huile Corporelle Contenant De L\u2019Huile De Noix De Macadamia | Minoan Life","og_description":"Huile naturelle contenant de l\u2019huile de noix de Macadamia, riche en acides gras et en phytost\u00e9rols, lesquels restaurent l\u2019humidit\u00e9 de la peau, la soulagent et la r\u00e9g\u00e9n\u00e8rent.","og_url":"https:\/\/www.minoanlife.com\/fr\/eshop\/huile-corporelle-contenant-de-lhuile-de-noix-de-macadamia\/","og_site_name":"Minoan Life","article_modified_time":"2021-02-15T09:22:06+00:00","og_image":[{"width":600,"height":600,"url":"https:\/\/www.minoanlife.com\/wp-content\/uploads\/macadamia_body_oil_minoanlife-1.jpg","type":"image\/jpeg"}],"schema":{"@context":"https:\/\/schema.org","@graph":[{"@type":"WebPage","@id":"https:\/\/www.minoanlife.com\/fr\/eshop\/huile-corporelle-contenant-de-lhuile-de-noix-de-macadamia\/","url":"https:\/\/www.minoanlife.com\/fr\/eshop\/huile-corporelle-contenant-de-lhuile-de-noix-de-macadamia\/","name":"Huile Corporelle Contenant De L\u2019Huile De Noix De Macadamia | Minoan Life","isPartOf":{"@id":"https:\/\/www.minoanlife.com\/fr\/#website"},"primaryImageOfPage":{"@id":"https:\/\/www.minoanlife.com\/fr\/eshop\/huile-corporelle-contenant-de-lhuile-de-noix-de-macadamia\/#primaryimage"},"image":{"@id":"https:\/\/www.minoanlife.com\/fr\/eshop\/huile-corporelle-contenant-de-lhuile-de-noix-de-macadamia\/#primaryimage"},"thumbnailUrl":"https:\/\/www.minoanlife.com\/wp-content\/uploads\/macadamia_body_oil_minoanlife-1.jpg","datePublished":"2014-05-23T08:08:43+00:00","dateModified":"2021-02-15T09:22:06+00:00","description":"Huile naturelle contenant de l\u2019huile de noix de Macadamia, riche en acides gras et en phytost\u00e9rols, lesquels restaurent l\u2019humidit\u00e9 de la peau, la soulagent et la r\u00e9g\u00e9n\u00e8rent.","breadcrumb":{"@id":"https:\/\/www.minoanlife.com\/fr\/eshop\/huile-corporelle-contenant-de-lhuile-de-noix-de-macadamia\/#breadcrumb"},"inLanguage":"fr-FR","potentialAction":[{"@type":"ReadAction","target":["https:\/\/www.minoanlife.com\/fr\/eshop\/huile-corporelle-contenant-de-lhuile-de-noix-de-macadamia\/"]}]},{"@type":"ImageObject","inLanguage":"fr-FR","@id":"https:\/\/www.minoanlife.com\/fr\/eshop\/huile-corporelle-contenant-de-lhuile-de-noix-de-macadamia\/#primaryimage","url":"https:\/\/www.minoanlife.com\/wp-content\/uploads\/macadamia_body_oil_minoanlife-1.jpg","contentUrl":"https:\/\/www.minoanlife.com\/wp-content\/uploads\/macadamia_body_oil_minoanlife-1.jpg","width":600,"height":600,"caption":"macadamia_body_oil_minoanlife"},{"@type":"BreadcrumbList","@id":"https:\/\/www.minoanlife.com\/fr\/eshop\/huile-corporelle-contenant-de-lhuile-de-noix-de-macadamia\/#breadcrumb","itemListElement":[{"@type":"ListItem","position":1,"name":"Home","item":"https:\/\/www.minoanlife.com\/fr\/"},{"@type":"ListItem","position":2,"name":"Eshop","item":"https:\/\/www.minoanlife.com\/fr\/eshop\/"},{"@type":"ListItem","position":3,"name":"Huile Corporelle Contenant De L\u2019Huile De Noix De Macadamia"}]},{"@type":"WebSite","@id":"https:\/\/www.minoanlife.com\/fr\/#website","url":"https:\/\/www.minoanlife.com\/fr\/","name":"Minoan Life","description":"","potentialAction":[{"@type":"SearchAction","target":{"@type":"EntryPoint","urlTemplate":"https:\/\/www.minoanlife.com\/fr\/?s={search_term_string}"},"query-input":{"@type":"PropertyValueSpecification","valueRequired":true,"valueName":"search_term_string"}}],"inLanguage":"fr-FR"}]}},"_links":{"self":[{"href":"https:\/\/www.minoanlife.com\/fr\/wp-json\/wp\/v2\/product\/8808","targetHints":{"allow":["GET"]}}],"collection":[{"href":"https:\/\/www.minoanlife.com\/fr\/wp-json\/wp\/v2\/product"}],"about":[{"href":"https:\/\/www.minoanlife.com\/fr\/wp-json\/wp\/v2\/types\/product"}],"replies":[{"embeddable":true,"href":"https:\/\/www.minoanlife.com\/fr\/wp-json\/wp\/v2\/comments?post=8808"}],"wp:featuredmedia":[{"embeddable":true,"href":"https:\/\/www.minoanlife.com\/fr\/wp-json\/wp\/v2\/media\/24365"}],"wp:attachment":[{"href":"https:\/\/www.minoanlife.com\/fr\/wp-json\/wp\/v2\/media?parent=8808"}],"wp:term":[{"taxonomy":"product_brand","embeddable":true,"href":"https:\/\/www.minoanlife.com\/fr\/wp-json\/wp\/v2\/product_brand?post=8808"},{"taxonomy":"product_cat","embeddable":true,"href":"https:\/\/www.minoanlife.com\/fr\/wp-json\/wp\/v2\/product_cat?post=8808"},{"taxonomy":"product_tag","embeddable":true,"href":"https:\/\/www.minoanlife.com\/fr\/wp-json\/wp\/v2\/product_tag?post=8808"}],"curies":[{"name":"wp","href":"https:\/\/api.w.org\/{rel}","templated":true}]}}