{"id":8807,"date":"2014-05-22T14:00:38","date_gmt":"2014-05-23T08:04:19","guid":{"rendered":"http:\/\/www.minoanlife.com\/?post_type=product&#038;p=8807"},"modified":"2024-10-05T18:59:44","modified_gmt":"2024-10-05T18:59:44","slug":"creme-de-nuit","status":"publish","type":"product","link":"https:\/\/www.minoanlife.com\/fr\/eshop\/creme-de-nuit\/","title":{"rendered":"Cr\u00e8me De Nuit avec Olive, Dictame &amp; Amarante"},"content":{"rendered":"<p>La cr\u00e8me de nuit \u00e0 base d\u2019extraits de dictame et d\u2019amarante contient une combinaison de beurres de karit\u00e9 et de l\u2019huile d\u2019olive, lesquels nourrissent et hydratent l\u2019\u00e9piderme en profondeur. En outre, les insaponifiables de l\u2019huile d\u2019avocat r\u00e9duisent efficacement la perte d\u2019humidit\u00e9 par voie transdermique (percutan\u00e9e) et en combinaison avec l\u2019huile d\u2019olive, ils contribuent \u00e0 la texture lisse et saine de l\u2019\u00e9piderme. L\u2019agent hydratant des capteurs naturels issus du Caroubier, comme analogue v\u00e9g\u00e9tal de l\u2019acide hyaluronique, cr\u00e9e un film protecteur sur la peau tandis que le jus d\u2019alo\u00e8s compl\u00e8te l\u2019effet hydratant du produit. Les extraits de dictame et d\u2019amarante apportent une protection antioxydante.<\/p>\n<p><strong>Mode d\u2019emploi :<\/strong>\u00a0Appliquez la cr\u00e8me la nuit par des mouvements circulaires sur la peau du visage et du cou jusqu\u2019 \u00e0 absorption compl\u00e8te.<\/p>\n","protected":false},"excerpt":{"rendered":"<p>Olive, Dictame &amp; Amarante<\/p>\n","protected":false},"featured_media":23658,"comment_status":"open","ping_status":"closed","template":"","meta":[],"product_brand":[],"product_cat":[879],"product_tag":[1735],"class_list":{"0":"post-8807","1":"product","2":"type-product","3":"status-publish","4":"has-post-thumbnail","6":"product_cat-soins-visage","7":"product_tag-articles_taille_voyage","8":"brand-olive-beauty-medi-care-brand-fr","10":"first","11":"instock","12":"taxable","13":"shipping-taxable","14":"purchasable","15":"product-type-variable","16":"has-default-attributes"},"yoast_head":"<!-- This site is optimized with the Yoast SEO plugin v27.2 - https:\/\/yoast.com\/product\/yoast-seo-wordpress\/ -->\n<title>Cr\u00e8me De Nuit avec Olive, Dictame &amp; Amarante | Minoan Life<\/title>\n<meta name=\"description\" content=\"true\" \/>\n<meta name=\"robots\" content=\"index, follow, max-snippet:-1, max-image-preview:large, max-video-preview:-1\" \/>\n<link rel=\"canonical\" href=\"https:\/\/www.minoanlife.com\/fr\/eshop\/creme-de-nuit\/\" \/>\n<meta property=\"og:locale\" content=\"fr_FR\" \/>\n<meta property=\"og:type\" content=\"article\" \/>\n<meta property=\"og:title\" content=\"Cr\u00e8me De Nuit avec Olive, Dictame &amp; Amarante | Minoan Life\" \/>\n<meta property=\"og:description\" content=\"true\" \/>\n<meta property=\"og:url\" content=\"https:\/\/www.minoanlife.com\/fr\/eshop\/creme-de-nuit\/\" \/>\n<meta property=\"og:site_name\" content=\"Minoan Life\" \/>\n<meta property=\"article:modified_time\" content=\"2024-10-05T18:59:44+00:00\" \/>\n<meta property=\"og:image\" content=\"https:\/\/www.minoanlife.com\/wp-content\/uploads\/night_cream_minoanlife.jpg\" \/>\n\t<meta property=\"og:image:width\" content=\"600\" \/>\n\t<meta property=\"og:image:height\" content=\"600\" \/>\n\t<meta property=\"og:image:type\" content=\"image\/jpeg\" \/>\n<meta name=\"twitter:label1\" content=\"Dur\u00e9e de lecture estim\u00e9e\" \/>\n\t<meta name=\"twitter:data1\" content=\"1 minute\" \/>\n<script type=\"application\/ld+json\" class=\"yoast-schema-graph\">{\"@context\":\"https:\/\/schema.org\",\"@graph\":[{\"@type\":\"WebPage\",\"@id\":\"https:\/\/www.minoanlife.com\/fr\/eshop\/creme-de-nuit\/\",\"url\":\"https:\/\/www.minoanlife.com\/fr\/eshop\/creme-de-nuit\/\",\"name\":\"Cr\u00e8me De Nuit avec Olive, Dictame &amp; Amarante | Minoan Life\",\"isPartOf\":{\"@id\":\"https:\/\/www.minoanlife.com\/fr\/#website\"},\"primaryImageOfPage\":{\"@id\":\"https:\/\/www.minoanlife.com\/fr\/eshop\/creme-de-nuit\/#primaryimage\"},\"image\":{\"@id\":\"https:\/\/www.minoanlife.com\/fr\/eshop\/creme-de-nuit\/#primaryimage\"},\"thumbnailUrl\":\"https:\/\/www.minoanlife.com\/wp-content\/uploads\/night_cream_minoanlife.jpg\",\"datePublished\":\"2014-05-23T08:04:19+00:00\",\"dateModified\":\"2024-10-05T18:59:44+00:00\",\"description\":\"true\",\"breadcrumb\":{\"@id\":\"https:\/\/www.minoanlife.com\/fr\/eshop\/creme-de-nuit\/#breadcrumb\"},\"inLanguage\":\"fr-FR\",\"potentialAction\":[{\"@type\":\"ReadAction\",\"target\":[\"https:\/\/www.minoanlife.com\/fr\/eshop\/creme-de-nuit\/\"]}]},{\"@type\":\"ImageObject\",\"inLanguage\":\"fr-FR\",\"@id\":\"https:\/\/www.minoanlife.com\/fr\/eshop\/creme-de-nuit\/#primaryimage\",\"url\":\"https:\/\/www.minoanlife.com\/wp-content\/uploads\/night_cream_minoanlife.jpg\",\"contentUrl\":\"https:\/\/www.minoanlife.com\/wp-content\/uploads\/night_cream_minoanlife.jpg\",\"width\":600,\"height\":600,\"caption\":\"night_cream_minoanlife\"},{\"@type\":\"BreadcrumbList\",\"@id\":\"https:\/\/www.minoanlife.com\/fr\/eshop\/creme-de-nuit\/#breadcrumb\",\"itemListElement\":[{\"@type\":\"ListItem\",\"position\":1,\"name\":\"Home\",\"item\":\"https:\/\/www.minoanlife.com\/fr\/\"},{\"@type\":\"ListItem\",\"position\":2,\"name\":\"Eshop\",\"item\":\"https:\/\/www.minoanlife.com\/fr\/eshop\/\"},{\"@type\":\"ListItem\",\"position\":3,\"name\":\"Cr\u00e8me De Nuit avec Olive, Dictame &amp; Amarante\"}]},{\"@type\":\"WebSite\",\"@id\":\"https:\/\/www.minoanlife.com\/fr\/#website\",\"url\":\"https:\/\/www.minoanlife.com\/fr\/\",\"name\":\"Minoan Life\",\"description\":\"\",\"potentialAction\":[{\"@type\":\"SearchAction\",\"target\":{\"@type\":\"EntryPoint\",\"urlTemplate\":\"https:\/\/www.minoanlife.com\/fr\/?s={search_term_string}\"},\"query-input\":{\"@type\":\"PropertyValueSpecification\",\"valueRequired\":true,\"valueName\":\"search_term_string\"}}],\"inLanguage\":\"fr-FR\"}]}<\/script>\n<!-- \/ Yoast SEO plugin. -->","yoast_head_json":{"title":"Cr\u00e8me De Nuit avec Olive, Dictame &amp; Amarante | Minoan Life","description":"true","robots":{"index":"index","follow":"follow","max-snippet":"max-snippet:-1","max-image-preview":"max-image-preview:large","max-video-preview":"max-video-preview:-1"},"canonical":"https:\/\/www.minoanlife.com\/fr\/eshop\/creme-de-nuit\/","og_locale":"fr_FR","og_type":"article","og_title":"Cr\u00e8me De Nuit avec Olive, Dictame &amp; Amarante | Minoan Life","og_description":"true","og_url":"https:\/\/www.minoanlife.com\/fr\/eshop\/creme-de-nuit\/","og_site_name":"Minoan Life","article_modified_time":"2024-10-05T18:59:44+00:00","og_image":[{"width":600,"height":600,"url":"https:\/\/www.minoanlife.com\/wp-content\/uploads\/night_cream_minoanlife.jpg","type":"image\/jpeg"}],"twitter_misc":{"Dur\u00e9e de lecture estim\u00e9e":"1 minute"},"schema":{"@context":"https:\/\/schema.org","@graph":[{"@type":"WebPage","@id":"https:\/\/www.minoanlife.com\/fr\/eshop\/creme-de-nuit\/","url":"https:\/\/www.minoanlife.com\/fr\/eshop\/creme-de-nuit\/","name":"Cr\u00e8me De Nuit avec Olive, Dictame &amp; Amarante | Minoan Life","isPartOf":{"@id":"https:\/\/www.minoanlife.com\/fr\/#website"},"primaryImageOfPage":{"@id":"https:\/\/www.minoanlife.com\/fr\/eshop\/creme-de-nuit\/#primaryimage"},"image":{"@id":"https:\/\/www.minoanlife.com\/fr\/eshop\/creme-de-nuit\/#primaryimage"},"thumbnailUrl":"https:\/\/www.minoanlife.com\/wp-content\/uploads\/night_cream_minoanlife.jpg","datePublished":"2014-05-23T08:04:19+00:00","dateModified":"2024-10-05T18:59:44+00:00","description":"true","breadcrumb":{"@id":"https:\/\/www.minoanlife.com\/fr\/eshop\/creme-de-nuit\/#breadcrumb"},"inLanguage":"fr-FR","potentialAction":[{"@type":"ReadAction","target":["https:\/\/www.minoanlife.com\/fr\/eshop\/creme-de-nuit\/"]}]},{"@type":"ImageObject","inLanguage":"fr-FR","@id":"https:\/\/www.minoanlife.com\/fr\/eshop\/creme-de-nuit\/#primaryimage","url":"https:\/\/www.minoanlife.com\/wp-content\/uploads\/night_cream_minoanlife.jpg","contentUrl":"https:\/\/www.minoanlife.com\/wp-content\/uploads\/night_cream_minoanlife.jpg","width":600,"height":600,"caption":"night_cream_minoanlife"},{"@type":"BreadcrumbList","@id":"https:\/\/www.minoanlife.com\/fr\/eshop\/creme-de-nuit\/#breadcrumb","itemListElement":[{"@type":"ListItem","position":1,"name":"Home","item":"https:\/\/www.minoanlife.com\/fr\/"},{"@type":"ListItem","position":2,"name":"Eshop","item":"https:\/\/www.minoanlife.com\/fr\/eshop\/"},{"@type":"ListItem","position":3,"name":"Cr\u00e8me De Nuit avec Olive, Dictame &amp; Amarante"}]},{"@type":"WebSite","@id":"https:\/\/www.minoanlife.com\/fr\/#website","url":"https:\/\/www.minoanlife.com\/fr\/","name":"Minoan Life","description":"","potentialAction":[{"@type":"SearchAction","target":{"@type":"EntryPoint","urlTemplate":"https:\/\/www.minoanlife.com\/fr\/?s={search_term_string}"},"query-input":{"@type":"PropertyValueSpecification","valueRequired":true,"valueName":"search_term_string"}}],"inLanguage":"fr-FR"}]}},"_links":{"self":[{"href":"https:\/\/www.minoanlife.com\/fr\/wp-json\/wp\/v2\/product\/8807","targetHints":{"allow":["GET"]}}],"collection":[{"href":"https:\/\/www.minoanlife.com\/fr\/wp-json\/wp\/v2\/product"}],"about":[{"href":"https:\/\/www.minoanlife.com\/fr\/wp-json\/wp\/v2\/types\/product"}],"replies":[{"embeddable":true,"href":"https:\/\/www.minoanlife.com\/fr\/wp-json\/wp\/v2\/comments?post=8807"}],"wp:featuredmedia":[{"embeddable":true,"href":"https:\/\/www.minoanlife.com\/fr\/wp-json\/wp\/v2\/media\/23658"}],"wp:attachment":[{"href":"https:\/\/www.minoanlife.com\/fr\/wp-json\/wp\/v2\/media?parent=8807"}],"wp:term":[{"taxonomy":"product_brand","embeddable":true,"href":"https:\/\/www.minoanlife.com\/fr\/wp-json\/wp\/v2\/product_brand?post=8807"},{"taxonomy":"product_cat","embeddable":true,"href":"https:\/\/www.minoanlife.com\/fr\/wp-json\/wp\/v2\/product_cat?post=8807"},{"taxonomy":"product_tag","embeddable":true,"href":"https:\/\/www.minoanlife.com\/fr\/wp-json\/wp\/v2\/product_tag?post=8807"}],"curies":[{"name":"wp","href":"https:\/\/api.w.org\/{rel}","templated":true}]}}