{"id":8795,"date":"2014-05-22T14:07:07","date_gmt":"2014-05-23T07:36:13","guid":{"rendered":"http:\/\/www.minoanlife.com\/?post_type=product&#038;p=8795"},"modified":"2021-02-15T08:07:44","modified_gmt":"2021-02-15T08:07:44","slug":"beurre-corporel-olive-avocat-dictame-fenouil","status":"publish","type":"product","link":"https:\/\/www.minoanlife.com\/fr\/eshop\/beurre-corporel-olive-avocat-dictame-fenouil\/","title":{"rendered":"Beurre Corporel &#8211; Olive, Avocat, Dictame &amp; Fenouil"},"content":{"rendered":"<p>Le beurre corporel \u00e0 base d\u2019extraits de fenouil et de dictame contient des beurres v\u00e9g\u00e9taux et des huiles v\u00e9g\u00e9tales qui hydratent et nourrissent l\u2019\u00e9piderme. L\u2019huile d\u2019olive combin\u00e9e avec de l\u2019huile d\u2019avocat et de ses insaponifiables prot\u00e8gent l\u2019\u00e9piderme du dess\u00e9chement, tandis que les beurres de karit\u00e9 et l\u2019huile d\u2019olive nourrissent la peau sans laisser de sensation graisseuse d\u00e9sagr\u00e9able. Enfin, le jus d\u2019alo\u00e8s en combinaison avec les extraits de fenouil et de dictame, offrent l\u2019hydratation et une protection antioxydante.<\/p>\n<p><strong>Utilisation :<\/strong>\u00a0Appliquez le beurre sur une peau au sec et proc\u00e9dez \u00e0 un l\u00e9ger massage. Utilisez le beurre aussi souvent que vous le souhaitez.<\/p>\n","protected":false},"excerpt":{"rendered":"<p>Olive, Avocat, Dictame &amp; Fenouil<\/p>\n","protected":false},"featured_media":23670,"comment_status":"open","ping_status":"closed","template":"","meta":[],"product_brand":[],"product_cat":[876],"product_tag":[1735],"class_list":{"0":"post-8795","1":"product","2":"type-product","3":"status-publish","4":"has-post-thumbnail","6":"product_cat-soins-corps","7":"product_tag-articles_taille_voyage","8":"brand-olive-beauty-medi-care-brand-fr","10":"first","11":"outofstock","12":"taxable","13":"shipping-taxable","14":"purchasable","15":"product-type-variable","16":"has-default-attributes"},"yoast_head":"<!-- This site is optimized with the Yoast SEO plugin v27.2 - https:\/\/yoast.com\/product\/yoast-seo-wordpress\/ -->\n<title>Beurre Corporel - Olive, Avocat, Dictame &amp; Fenouil | Minoan Life<\/title>\n<meta name=\"description\" content=\"Le beurre corporel \u00e0 base d\u2019extraits de fenouil et de dictame contient des beurres v\u00e9g\u00e9taux et des huiles v\u00e9g\u00e9tales qui hydratent et nourrissent l\u2019\u00e9piderme.\" \/>\n<meta name=\"robots\" content=\"index, follow, max-snippet:-1, max-image-preview:large, max-video-preview:-1\" \/>\n<link rel=\"canonical\" href=\"https:\/\/www.minoanlife.com\/fr\/eshop\/beurre-corporel-olive-avocat-dictame-fenouil\/\" \/>\n<meta property=\"og:locale\" content=\"fr_FR\" \/>\n<meta property=\"og:type\" content=\"article\" \/>\n<meta property=\"og:title\" content=\"Beurre Corporel - Olive, Avocat, Dictame &amp; Fenouil | Minoan Life\" \/>\n<meta property=\"og:description\" content=\"Le beurre corporel \u00e0 base d\u2019extraits de fenouil et de dictame contient des beurres v\u00e9g\u00e9taux et des huiles v\u00e9g\u00e9tales qui hydratent et nourrissent l\u2019\u00e9piderme.\" \/>\n<meta property=\"og:url\" content=\"https:\/\/www.minoanlife.com\/fr\/eshop\/beurre-corporel-olive-avocat-dictame-fenouil\/\" \/>\n<meta property=\"og:site_name\" content=\"Minoan Life\" \/>\n<meta property=\"article:modified_time\" content=\"2021-02-15T08:07:44+00:00\" \/>\n<meta property=\"og:image\" content=\"https:\/\/www.minoanlife.com\/wp-content\/uploads\/body_butter_with_olive_and_avocado_minoanlife.jpg\" \/>\n\t<meta property=\"og:image:width\" content=\"600\" \/>\n\t<meta property=\"og:image:height\" content=\"600\" \/>\n\t<meta property=\"og:image:type\" content=\"image\/jpeg\" \/>\n<meta name=\"twitter:label1\" content=\"Dur\u00e9e de lecture estim\u00e9e\" \/>\n\t<meta name=\"twitter:data1\" content=\"1 minute\" \/>\n<script type=\"application\/ld+json\" class=\"yoast-schema-graph\">{\"@context\":\"https:\/\/schema.org\",\"@graph\":[{\"@type\":\"WebPage\",\"@id\":\"https:\/\/www.minoanlife.com\/fr\/eshop\/beurre-corporel-olive-avocat-dictame-fenouil\/\",\"url\":\"https:\/\/www.minoanlife.com\/fr\/eshop\/beurre-corporel-olive-avocat-dictame-fenouil\/\",\"name\":\"Beurre Corporel - Olive, Avocat, Dictame &amp; Fenouil | Minoan Life\",\"isPartOf\":{\"@id\":\"https:\/\/www.minoanlife.com\/fr\/#website\"},\"primaryImageOfPage\":{\"@id\":\"https:\/\/www.minoanlife.com\/fr\/eshop\/beurre-corporel-olive-avocat-dictame-fenouil\/#primaryimage\"},\"image\":{\"@id\":\"https:\/\/www.minoanlife.com\/fr\/eshop\/beurre-corporel-olive-avocat-dictame-fenouil\/#primaryimage\"},\"thumbnailUrl\":\"https:\/\/www.minoanlife.com\/wp-content\/uploads\/body_butter_with_olive_and_avocado_minoanlife.jpg\",\"datePublished\":\"2014-05-23T07:36:13+00:00\",\"dateModified\":\"2021-02-15T08:07:44+00:00\",\"description\":\"Le beurre corporel \u00e0 base d\u2019extraits de fenouil et de dictame contient des beurres v\u00e9g\u00e9taux et des huiles v\u00e9g\u00e9tales qui hydratent et nourrissent l\u2019\u00e9piderme.\",\"breadcrumb\":{\"@id\":\"https:\/\/www.minoanlife.com\/fr\/eshop\/beurre-corporel-olive-avocat-dictame-fenouil\/#breadcrumb\"},\"inLanguage\":\"fr-FR\",\"potentialAction\":[{\"@type\":\"ReadAction\",\"target\":[\"https:\/\/www.minoanlife.com\/fr\/eshop\/beurre-corporel-olive-avocat-dictame-fenouil\/\"]}]},{\"@type\":\"ImageObject\",\"inLanguage\":\"fr-FR\",\"@id\":\"https:\/\/www.minoanlife.com\/fr\/eshop\/beurre-corporel-olive-avocat-dictame-fenouil\/#primaryimage\",\"url\":\"https:\/\/www.minoanlife.com\/wp-content\/uploads\/body_butter_with_olive_and_avocado_minoanlife.jpg\",\"contentUrl\":\"https:\/\/www.minoanlife.com\/wp-content\/uploads\/body_butter_with_olive_and_avocado_minoanlife.jpg\",\"width\":600,\"height\":600,\"caption\":\"body_butter_with_olive_and_avocado_minoanlife\"},{\"@type\":\"BreadcrumbList\",\"@id\":\"https:\/\/www.minoanlife.com\/fr\/eshop\/beurre-corporel-olive-avocat-dictame-fenouil\/#breadcrumb\",\"itemListElement\":[{\"@type\":\"ListItem\",\"position\":1,\"name\":\"Home\",\"item\":\"https:\/\/www.minoanlife.com\/fr\/\"},{\"@type\":\"ListItem\",\"position\":2,\"name\":\"Eshop\",\"item\":\"https:\/\/www.minoanlife.com\/fr\/eshop\/\"},{\"@type\":\"ListItem\",\"position\":3,\"name\":\"Beurre Corporel &#8211; Olive, Avocat, Dictame &amp; Fenouil\"}]},{\"@type\":\"WebSite\",\"@id\":\"https:\/\/www.minoanlife.com\/fr\/#website\",\"url\":\"https:\/\/www.minoanlife.com\/fr\/\",\"name\":\"Minoan Life\",\"description\":\"\",\"potentialAction\":[{\"@type\":\"SearchAction\",\"target\":{\"@type\":\"EntryPoint\",\"urlTemplate\":\"https:\/\/www.minoanlife.com\/fr\/?s={search_term_string}\"},\"query-input\":{\"@type\":\"PropertyValueSpecification\",\"valueRequired\":true,\"valueName\":\"search_term_string\"}}],\"inLanguage\":\"fr-FR\"}]}<\/script>\n<!-- \/ Yoast SEO plugin. -->","yoast_head_json":{"title":"Beurre Corporel - Olive, Avocat, Dictame &amp; Fenouil | Minoan Life","description":"Le beurre corporel \u00e0 base d\u2019extraits de fenouil et de dictame contient des beurres v\u00e9g\u00e9taux et des huiles v\u00e9g\u00e9tales qui hydratent et nourrissent l\u2019\u00e9piderme.","robots":{"index":"index","follow":"follow","max-snippet":"max-snippet:-1","max-image-preview":"max-image-preview:large","max-video-preview":"max-video-preview:-1"},"canonical":"https:\/\/www.minoanlife.com\/fr\/eshop\/beurre-corporel-olive-avocat-dictame-fenouil\/","og_locale":"fr_FR","og_type":"article","og_title":"Beurre Corporel - Olive, Avocat, Dictame &amp; Fenouil | Minoan Life","og_description":"Le beurre corporel \u00e0 base d\u2019extraits de fenouil et de dictame contient des beurres v\u00e9g\u00e9taux et des huiles v\u00e9g\u00e9tales qui hydratent et nourrissent l\u2019\u00e9piderme.","og_url":"https:\/\/www.minoanlife.com\/fr\/eshop\/beurre-corporel-olive-avocat-dictame-fenouil\/","og_site_name":"Minoan Life","article_modified_time":"2021-02-15T08:07:44+00:00","og_image":[{"width":600,"height":600,"url":"https:\/\/www.minoanlife.com\/wp-content\/uploads\/body_butter_with_olive_and_avocado_minoanlife.jpg","type":"image\/jpeg"}],"twitter_misc":{"Dur\u00e9e de lecture estim\u00e9e":"1 minute"},"schema":{"@context":"https:\/\/schema.org","@graph":[{"@type":"WebPage","@id":"https:\/\/www.minoanlife.com\/fr\/eshop\/beurre-corporel-olive-avocat-dictame-fenouil\/","url":"https:\/\/www.minoanlife.com\/fr\/eshop\/beurre-corporel-olive-avocat-dictame-fenouil\/","name":"Beurre Corporel - Olive, Avocat, Dictame &amp; Fenouil | Minoan Life","isPartOf":{"@id":"https:\/\/www.minoanlife.com\/fr\/#website"},"primaryImageOfPage":{"@id":"https:\/\/www.minoanlife.com\/fr\/eshop\/beurre-corporel-olive-avocat-dictame-fenouil\/#primaryimage"},"image":{"@id":"https:\/\/www.minoanlife.com\/fr\/eshop\/beurre-corporel-olive-avocat-dictame-fenouil\/#primaryimage"},"thumbnailUrl":"https:\/\/www.minoanlife.com\/wp-content\/uploads\/body_butter_with_olive_and_avocado_minoanlife.jpg","datePublished":"2014-05-23T07:36:13+00:00","dateModified":"2021-02-15T08:07:44+00:00","description":"Le beurre corporel \u00e0 base d\u2019extraits de fenouil et de dictame contient des beurres v\u00e9g\u00e9taux et des huiles v\u00e9g\u00e9tales qui hydratent et nourrissent l\u2019\u00e9piderme.","breadcrumb":{"@id":"https:\/\/www.minoanlife.com\/fr\/eshop\/beurre-corporel-olive-avocat-dictame-fenouil\/#breadcrumb"},"inLanguage":"fr-FR","potentialAction":[{"@type":"ReadAction","target":["https:\/\/www.minoanlife.com\/fr\/eshop\/beurre-corporel-olive-avocat-dictame-fenouil\/"]}]},{"@type":"ImageObject","inLanguage":"fr-FR","@id":"https:\/\/www.minoanlife.com\/fr\/eshop\/beurre-corporel-olive-avocat-dictame-fenouil\/#primaryimage","url":"https:\/\/www.minoanlife.com\/wp-content\/uploads\/body_butter_with_olive_and_avocado_minoanlife.jpg","contentUrl":"https:\/\/www.minoanlife.com\/wp-content\/uploads\/body_butter_with_olive_and_avocado_minoanlife.jpg","width":600,"height":600,"caption":"body_butter_with_olive_and_avocado_minoanlife"},{"@type":"BreadcrumbList","@id":"https:\/\/www.minoanlife.com\/fr\/eshop\/beurre-corporel-olive-avocat-dictame-fenouil\/#breadcrumb","itemListElement":[{"@type":"ListItem","position":1,"name":"Home","item":"https:\/\/www.minoanlife.com\/fr\/"},{"@type":"ListItem","position":2,"name":"Eshop","item":"https:\/\/www.minoanlife.com\/fr\/eshop\/"},{"@type":"ListItem","position":3,"name":"Beurre Corporel &#8211; Olive, Avocat, Dictame &amp; Fenouil"}]},{"@type":"WebSite","@id":"https:\/\/www.minoanlife.com\/fr\/#website","url":"https:\/\/www.minoanlife.com\/fr\/","name":"Minoan Life","description":"","potentialAction":[{"@type":"SearchAction","target":{"@type":"EntryPoint","urlTemplate":"https:\/\/www.minoanlife.com\/fr\/?s={search_term_string}"},"query-input":{"@type":"PropertyValueSpecification","valueRequired":true,"valueName":"search_term_string"}}],"inLanguage":"fr-FR"}]}},"_links":{"self":[{"href":"https:\/\/www.minoanlife.com\/fr\/wp-json\/wp\/v2\/product\/8795","targetHints":{"allow":["GET"]}}],"collection":[{"href":"https:\/\/www.minoanlife.com\/fr\/wp-json\/wp\/v2\/product"}],"about":[{"href":"https:\/\/www.minoanlife.com\/fr\/wp-json\/wp\/v2\/types\/product"}],"replies":[{"embeddable":true,"href":"https:\/\/www.minoanlife.com\/fr\/wp-json\/wp\/v2\/comments?post=8795"}],"wp:featuredmedia":[{"embeddable":true,"href":"https:\/\/www.minoanlife.com\/fr\/wp-json\/wp\/v2\/media\/23670"}],"wp:attachment":[{"href":"https:\/\/www.minoanlife.com\/fr\/wp-json\/wp\/v2\/media?parent=8795"}],"wp:term":[{"taxonomy":"product_brand","embeddable":true,"href":"https:\/\/www.minoanlife.com\/fr\/wp-json\/wp\/v2\/product_brand?post=8795"},{"taxonomy":"product_cat","embeddable":true,"href":"https:\/\/www.minoanlife.com\/fr\/wp-json\/wp\/v2\/product_cat?post=8795"},{"taxonomy":"product_tag","embeddable":true,"href":"https:\/\/www.minoanlife.com\/fr\/wp-json\/wp\/v2\/product_tag?post=8795"}],"curies":[{"name":"wp","href":"https:\/\/api.w.org\/{rel}","templated":true}]}}