{"id":34863,"date":"2020-03-04T07:30:43","date_gmt":"2020-03-04T07:30:43","guid":{"rendered":"https:\/\/www.minoanlife.com\/eshop\/masque-noir-peel-off-pour-le-visage\/"},"modified":"2022-05-05T13:21:41","modified_gmt":"2022-05-05T13:21:41","slug":"masque-noir-peel-off-pour-le-visage","status":"publish","type":"product","link":"https:\/\/www.minoanlife.com\/fr\/eshop\/masque-noir-peel-off-pour-le-visage\/","title":{"rendered":"Masque Noir Peel Off Pour Le Visage avec Olive &amp; Charbon \u0391ctif"},"content":{"rendered":"<p>Masque peel off pour le visage. Nettoie la peau en profondeur. Le charbon actif nettoie les pores et \u00e9limine l\u2019exc\u00e8s de s\u00e9bum et les cellules mortes de la surface de la peau. En m\u00eame temps, l\u2019extrait de dictame, l\u2019huile d\u2019olive et la vitamine E apaisent la peau tout en apportant hydratation et \u00e9clat.<br \/>\n<strong>Mode d\u2019emploi<\/strong>\u00a0: M\u00e9langer avant l&#8217;emploi. Appliquer sur le visage en mouvements doux, de l\u2019int\u00e9rieur vers l\u2019ext\u00e9rieur, en \u00e9vitant le contour des yeux. Laisser s\u00e9cher pendant 15 \u00e0 20 minutes et retirer le film en douceur, de bas en haut.<\/p>\n","protected":false},"excerpt":{"rendered":"<p>Olive &amp; Charbon actif<\/p>\n","protected":false},"featured_media":37809,"comment_status":"open","ping_status":"closed","template":"","meta":[],"product_brand":[],"product_cat":[879],"product_tag":[],"class_list":{"0":"post-34863","1":"product","2":"type-product","3":"status-publish","4":"has-post-thumbnail","6":"product_cat-soins-visage","7":"brand-olive-beauty-medi-care-brand-fr","9":"first","10":"outofstock","11":"taxable","12":"shipping-taxable","13":"purchasable","14":"product-type-simple"},"yoast_head":"<!-- This site is optimized with the Yoast SEO plugin v27.2 - https:\/\/yoast.com\/product\/yoast-seo-wordpress\/ -->\n<title>Masque Noir Peel Off Pour Le Visage avec Olive &amp; Charbon \u0391ctif | Minoan Life<\/title>\n<meta name=\"description\" content=\"MASQUE NOIR PEEL OFF POUR LE VISAGE\" \/>\n<meta name=\"robots\" content=\"index, follow, max-snippet:-1, max-image-preview:large, max-video-preview:-1\" \/>\n<link rel=\"canonical\" href=\"https:\/\/www.minoanlife.com\/fr\/eshop\/masque-noir-peel-off-pour-le-visage\/\" \/>\n<meta property=\"og:locale\" content=\"fr_FR\" \/>\n<meta property=\"og:type\" content=\"article\" \/>\n<meta property=\"og:title\" content=\"Masque Noir Peel Off Pour Le Visage avec Olive &amp; Charbon \u0391ctif | Minoan Life\" \/>\n<meta property=\"og:description\" content=\"MASQUE NOIR PEEL OFF POUR LE VISAGE\" \/>\n<meta property=\"og:url\" content=\"https:\/\/www.minoanlife.com\/fr\/eshop\/masque-noir-peel-off-pour-le-visage\/\" \/>\n<meta property=\"og:site_name\" content=\"Minoan Life\" \/>\n<meta property=\"article:modified_time\" content=\"2022-05-05T13:21:41+00:00\" \/>\n<meta property=\"og:image\" content=\"https:\/\/www.minoanlife.com\/wp-content\/uploads\/peel_off_black_face_mask_minoanlife.jpg\" \/>\n\t<meta property=\"og:image:width\" content=\"600\" \/>\n\t<meta property=\"og:image:height\" content=\"600\" \/>\n\t<meta property=\"og:image:type\" content=\"image\/jpeg\" \/>\n<meta name=\"twitter:label1\" content=\"Dur\u00e9e de lecture estim\u00e9e\" \/>\n\t<meta name=\"twitter:data1\" content=\"1 minute\" \/>\n<script type=\"application\/ld+json\" class=\"yoast-schema-graph\">{\"@context\":\"https:\/\/schema.org\",\"@graph\":[{\"@type\":\"WebPage\",\"@id\":\"https:\/\/www.minoanlife.com\/fr\/eshop\/masque-noir-peel-off-pour-le-visage\/\",\"url\":\"https:\/\/www.minoanlife.com\/fr\/eshop\/masque-noir-peel-off-pour-le-visage\/\",\"name\":\"Masque Noir Peel Off Pour Le Visage avec Olive &amp; Charbon \u0391ctif | Minoan Life\",\"isPartOf\":{\"@id\":\"https:\/\/www.minoanlife.com\/fr\/#website\"},\"primaryImageOfPage\":{\"@id\":\"https:\/\/www.minoanlife.com\/fr\/eshop\/masque-noir-peel-off-pour-le-visage\/#primaryimage\"},\"image\":{\"@id\":\"https:\/\/www.minoanlife.com\/fr\/eshop\/masque-noir-peel-off-pour-le-visage\/#primaryimage\"},\"thumbnailUrl\":\"https:\/\/www.minoanlife.com\/wp-content\/uploads\/peel_off_black_face_mask_minoanlife.jpg\",\"datePublished\":\"2020-03-04T07:30:43+00:00\",\"dateModified\":\"2022-05-05T13:21:41+00:00\",\"description\":\"MASQUE NOIR PEEL OFF POUR LE VISAGE\",\"breadcrumb\":{\"@id\":\"https:\/\/www.minoanlife.com\/fr\/eshop\/masque-noir-peel-off-pour-le-visage\/#breadcrumb\"},\"inLanguage\":\"fr-FR\",\"potentialAction\":[{\"@type\":\"ReadAction\",\"target\":[\"https:\/\/www.minoanlife.com\/fr\/eshop\/masque-noir-peel-off-pour-le-visage\/\"]}]},{\"@type\":\"ImageObject\",\"inLanguage\":\"fr-FR\",\"@id\":\"https:\/\/www.minoanlife.com\/fr\/eshop\/masque-noir-peel-off-pour-le-visage\/#primaryimage\",\"url\":\"https:\/\/www.minoanlife.com\/wp-content\/uploads\/peel_off_black_face_mask_minoanlife.jpg\",\"contentUrl\":\"https:\/\/www.minoanlife.com\/wp-content\/uploads\/peel_off_black_face_mask_minoanlife.jpg\",\"width\":600,\"height\":600},{\"@type\":\"BreadcrumbList\",\"@id\":\"https:\/\/www.minoanlife.com\/fr\/eshop\/masque-noir-peel-off-pour-le-visage\/#breadcrumb\",\"itemListElement\":[{\"@type\":\"ListItem\",\"position\":1,\"name\":\"Home\",\"item\":\"https:\/\/www.minoanlife.com\/fr\/\"},{\"@type\":\"ListItem\",\"position\":2,\"name\":\"Eshop\",\"item\":\"https:\/\/www.minoanlife.com\/fr\/eshop\/\"},{\"@type\":\"ListItem\",\"position\":3,\"name\":\"Masque Noir Peel Off Pour Le Visage avec Olive &amp; Charbon \u0391ctif\"}]},{\"@type\":\"WebSite\",\"@id\":\"https:\/\/www.minoanlife.com\/fr\/#website\",\"url\":\"https:\/\/www.minoanlife.com\/fr\/\",\"name\":\"Minoan Life\",\"description\":\"\",\"potentialAction\":[{\"@type\":\"SearchAction\",\"target\":{\"@type\":\"EntryPoint\",\"urlTemplate\":\"https:\/\/www.minoanlife.com\/fr\/?s={search_term_string}\"},\"query-input\":{\"@type\":\"PropertyValueSpecification\",\"valueRequired\":true,\"valueName\":\"search_term_string\"}}],\"inLanguage\":\"fr-FR\"}]}<\/script>\n<!-- \/ Yoast SEO plugin. -->","yoast_head_json":{"title":"Masque Noir Peel Off Pour Le Visage avec Olive &amp; Charbon \u0391ctif | Minoan Life","description":"MASQUE NOIR PEEL OFF POUR LE VISAGE","robots":{"index":"index","follow":"follow","max-snippet":"max-snippet:-1","max-image-preview":"max-image-preview:large","max-video-preview":"max-video-preview:-1"},"canonical":"https:\/\/www.minoanlife.com\/fr\/eshop\/masque-noir-peel-off-pour-le-visage\/","og_locale":"fr_FR","og_type":"article","og_title":"Masque Noir Peel Off Pour Le Visage avec Olive &amp; Charbon \u0391ctif | Minoan Life","og_description":"MASQUE NOIR PEEL OFF POUR LE VISAGE","og_url":"https:\/\/www.minoanlife.com\/fr\/eshop\/masque-noir-peel-off-pour-le-visage\/","og_site_name":"Minoan Life","article_modified_time":"2022-05-05T13:21:41+00:00","og_image":[{"width":600,"height":600,"url":"https:\/\/www.minoanlife.com\/wp-content\/uploads\/peel_off_black_face_mask_minoanlife.jpg","type":"image\/jpeg"}],"twitter_misc":{"Dur\u00e9e de lecture estim\u00e9e":"1 minute"},"schema":{"@context":"https:\/\/schema.org","@graph":[{"@type":"WebPage","@id":"https:\/\/www.minoanlife.com\/fr\/eshop\/masque-noir-peel-off-pour-le-visage\/","url":"https:\/\/www.minoanlife.com\/fr\/eshop\/masque-noir-peel-off-pour-le-visage\/","name":"Masque Noir Peel Off Pour Le Visage avec Olive &amp; Charbon \u0391ctif | Minoan Life","isPartOf":{"@id":"https:\/\/www.minoanlife.com\/fr\/#website"},"primaryImageOfPage":{"@id":"https:\/\/www.minoanlife.com\/fr\/eshop\/masque-noir-peel-off-pour-le-visage\/#primaryimage"},"image":{"@id":"https:\/\/www.minoanlife.com\/fr\/eshop\/masque-noir-peel-off-pour-le-visage\/#primaryimage"},"thumbnailUrl":"https:\/\/www.minoanlife.com\/wp-content\/uploads\/peel_off_black_face_mask_minoanlife.jpg","datePublished":"2020-03-04T07:30:43+00:00","dateModified":"2022-05-05T13:21:41+00:00","description":"MASQUE NOIR PEEL OFF POUR LE VISAGE","breadcrumb":{"@id":"https:\/\/www.minoanlife.com\/fr\/eshop\/masque-noir-peel-off-pour-le-visage\/#breadcrumb"},"inLanguage":"fr-FR","potentialAction":[{"@type":"ReadAction","target":["https:\/\/www.minoanlife.com\/fr\/eshop\/masque-noir-peel-off-pour-le-visage\/"]}]},{"@type":"ImageObject","inLanguage":"fr-FR","@id":"https:\/\/www.minoanlife.com\/fr\/eshop\/masque-noir-peel-off-pour-le-visage\/#primaryimage","url":"https:\/\/www.minoanlife.com\/wp-content\/uploads\/peel_off_black_face_mask_minoanlife.jpg","contentUrl":"https:\/\/www.minoanlife.com\/wp-content\/uploads\/peel_off_black_face_mask_minoanlife.jpg","width":600,"height":600},{"@type":"BreadcrumbList","@id":"https:\/\/www.minoanlife.com\/fr\/eshop\/masque-noir-peel-off-pour-le-visage\/#breadcrumb","itemListElement":[{"@type":"ListItem","position":1,"name":"Home","item":"https:\/\/www.minoanlife.com\/fr\/"},{"@type":"ListItem","position":2,"name":"Eshop","item":"https:\/\/www.minoanlife.com\/fr\/eshop\/"},{"@type":"ListItem","position":3,"name":"Masque Noir Peel Off Pour Le Visage avec Olive &amp; Charbon \u0391ctif"}]},{"@type":"WebSite","@id":"https:\/\/www.minoanlife.com\/fr\/#website","url":"https:\/\/www.minoanlife.com\/fr\/","name":"Minoan Life","description":"","potentialAction":[{"@type":"SearchAction","target":{"@type":"EntryPoint","urlTemplate":"https:\/\/www.minoanlife.com\/fr\/?s={search_term_string}"},"query-input":{"@type":"PropertyValueSpecification","valueRequired":true,"valueName":"search_term_string"}}],"inLanguage":"fr-FR"}]}},"_links":{"self":[{"href":"https:\/\/www.minoanlife.com\/fr\/wp-json\/wp\/v2\/product\/34863","targetHints":{"allow":["GET"]}}],"collection":[{"href":"https:\/\/www.minoanlife.com\/fr\/wp-json\/wp\/v2\/product"}],"about":[{"href":"https:\/\/www.minoanlife.com\/fr\/wp-json\/wp\/v2\/types\/product"}],"replies":[{"embeddable":true,"href":"https:\/\/www.minoanlife.com\/fr\/wp-json\/wp\/v2\/comments?post=34863"}],"wp:featuredmedia":[{"embeddable":true,"href":"https:\/\/www.minoanlife.com\/fr\/wp-json\/wp\/v2\/media\/37809"}],"wp:attachment":[{"href":"https:\/\/www.minoanlife.com\/fr\/wp-json\/wp\/v2\/media?parent=34863"}],"wp:term":[{"taxonomy":"product_brand","embeddable":true,"href":"https:\/\/www.minoanlife.com\/fr\/wp-json\/wp\/v2\/product_brand?post=34863"},{"taxonomy":"product_cat","embeddable":true,"href":"https:\/\/www.minoanlife.com\/fr\/wp-json\/wp\/v2\/product_cat?post=34863"},{"taxonomy":"product_tag","embeddable":true,"href":"https:\/\/www.minoanlife.com\/fr\/wp-json\/wp\/v2\/product_tag?post=34863"}],"curies":[{"name":"wp","href":"https:\/\/api.w.org\/{rel}","templated":true}]}}