{"id":34844,"date":"2019-04-08T10:56:18","date_gmt":"2019-04-08T10:56:18","guid":{"rendered":"https:\/\/www.minoanlife.com\/eshop\/masque-pour-le-visage-aux-facteurs-hydratants-antivieillissement\/"},"modified":"2021-02-16T06:50:09","modified_gmt":"2021-02-16T06:50:09","slug":"masque-pour-le-visage-aux-facteurs-hydratants-antivieillissement","status":"publish","type":"product","link":"https:\/\/www.minoanlife.com\/fr\/eshop\/masque-pour-le-visage-aux-facteurs-hydratants-antivieillissement\/","title":{"rendered":"Masque pour le Visage aux Facteurs Hydratants &#8211; Antivieillissement \u00e0 l\u2019Huile d\u2019Olive Bio et Extrait de Miel"},"content":{"rendered":"<p>Masque pour le visage \u00e0 l\u2019huile d\u2019olive bio, huile d\u2019avocat, de jojoba, de citron, de rose et d\u2019argan qui hydratent la peau. \u00c0 l\u2019extrait de feuilles d\u2019olivier, \u00e9liminateur des radicaux libres, qui offre des propri\u00e9t\u00e9s antivieillissement. \u00c0 l\u2019extrait de miel qui nourrit et restructure la peau.<\/p>\n<p><strong>Mode d\u2019emploi<\/strong>: Appliquer une couche g\u00e9n\u00e9reuse sur le visage et le cou nettoy\u00e9s. \u00c9viter le contour des yeux. Laisser agir pour 10 \u00e0 15 minutes. Rincer abondamment \u00e0 l\u2019eau. Utiliser 1 \u00e0 2 fois par semaine.<\/p>\n","protected":false},"excerpt":{"rendered":"<p>l\u2019Huile d\u2019Olive Bio et Extrait de Miel<\/p>\n","protected":false},"featured_media":23742,"comment_status":"open","ping_status":"closed","template":"","meta":[],"product_brand":[],"product_cat":[879],"product_tag":[],"class_list":{"0":"post-34844","1":"product","2":"type-product","3":"status-publish","4":"has-post-thumbnail","6":"product_cat-soins-visage","7":"brand-olive-beauty-medi-care-brand-fr","9":"first","10":"outofstock","11":"taxable","12":"shipping-taxable","13":"purchasable","14":"product-type-simple"},"yoast_head":"<!-- This site is optimized with the Yoast SEO plugin v27.2 - https:\/\/yoast.com\/product\/yoast-seo-wordpress\/ -->\n<title>Masque pour le Visage aux Facteurs Hydratants - Antivieillissement \u00e0 l\u2019Huile d\u2019Olive Bio et Extrait de Miel | Minoan Life<\/title>\n<meta name=\"robots\" content=\"index, follow, max-snippet:-1, max-image-preview:large, max-video-preview:-1\" \/>\n<link rel=\"canonical\" href=\"https:\/\/www.minoanlife.com\/fr\/eshop\/masque-pour-le-visage-aux-facteurs-hydratants-antivieillissement\/\" \/>\n<meta property=\"og:locale\" content=\"fr_FR\" \/>\n<meta property=\"og:type\" content=\"article\" \/>\n<meta property=\"og:title\" content=\"Masque pour le Visage aux Facteurs Hydratants - Antivieillissement \u00e0 l\u2019Huile d\u2019Olive Bio et Extrait de Miel | Minoan Life\" \/>\n<meta property=\"og:description\" content=\"l\u2019Huile d\u2019Olive Bio et Extrait de Miel\" \/>\n<meta property=\"og:url\" content=\"https:\/\/www.minoanlife.com\/fr\/eshop\/masque-pour-le-visage-aux-facteurs-hydratants-antivieillissement\/\" \/>\n<meta property=\"og:site_name\" content=\"Minoan Life\" \/>\n<meta property=\"article:modified_time\" content=\"2021-02-16T06:50:09+00:00\" \/>\n<meta property=\"og:image\" content=\"https:\/\/www.minoanlife.com\/wp-content\/uploads\/face_mask_with_moisturizing_antiageing_factors_minoanlife-1.jpg\" \/>\n\t<meta property=\"og:image:width\" content=\"600\" \/>\n\t<meta property=\"og:image:height\" content=\"600\" \/>\n\t<meta property=\"og:image:type\" content=\"image\/jpeg\" \/>\n<script type=\"application\/ld+json\" class=\"yoast-schema-graph\">{\"@context\":\"https:\/\/schema.org\",\"@graph\":[{\"@type\":\"WebPage\",\"@id\":\"https:\/\/www.minoanlife.com\/fr\/eshop\/masque-pour-le-visage-aux-facteurs-hydratants-antivieillissement\/\",\"url\":\"https:\/\/www.minoanlife.com\/fr\/eshop\/masque-pour-le-visage-aux-facteurs-hydratants-antivieillissement\/\",\"name\":\"Masque pour le Visage aux Facteurs Hydratants - Antivieillissement \u00e0 l\u2019Huile d\u2019Olive Bio et Extrait de Miel | Minoan Life\",\"isPartOf\":{\"@id\":\"https:\/\/www.minoanlife.com\/fr\/#website\"},\"primaryImageOfPage\":{\"@id\":\"https:\/\/www.minoanlife.com\/fr\/eshop\/masque-pour-le-visage-aux-facteurs-hydratants-antivieillissement\/#primaryimage\"},\"image\":{\"@id\":\"https:\/\/www.minoanlife.com\/fr\/eshop\/masque-pour-le-visage-aux-facteurs-hydratants-antivieillissement\/#primaryimage\"},\"thumbnailUrl\":\"https:\/\/www.minoanlife.com\/wp-content\/uploads\/face_mask_with_moisturizing_antiageing_factors_minoanlife-1.jpg\",\"datePublished\":\"2019-04-08T10:56:18+00:00\",\"dateModified\":\"2021-02-16T06:50:09+00:00\",\"breadcrumb\":{\"@id\":\"https:\/\/www.minoanlife.com\/fr\/eshop\/masque-pour-le-visage-aux-facteurs-hydratants-antivieillissement\/#breadcrumb\"},\"inLanguage\":\"fr-FR\",\"potentialAction\":[{\"@type\":\"ReadAction\",\"target\":[\"https:\/\/www.minoanlife.com\/fr\/eshop\/masque-pour-le-visage-aux-facteurs-hydratants-antivieillissement\/\"]}]},{\"@type\":\"ImageObject\",\"inLanguage\":\"fr-FR\",\"@id\":\"https:\/\/www.minoanlife.com\/fr\/eshop\/masque-pour-le-visage-aux-facteurs-hydratants-antivieillissement\/#primaryimage\",\"url\":\"https:\/\/www.minoanlife.com\/wp-content\/uploads\/face_mask_with_moisturizing_antiageing_factors_minoanlife-1.jpg\",\"contentUrl\":\"https:\/\/www.minoanlife.com\/wp-content\/uploads\/face_mask_with_moisturizing_antiageing_factors_minoanlife-1.jpg\",\"width\":600,\"height\":600,\"caption\":\"face_mask_with_moisturizing_antiageing_factors_minoanlife\"},{\"@type\":\"BreadcrumbList\",\"@id\":\"https:\/\/www.minoanlife.com\/fr\/eshop\/masque-pour-le-visage-aux-facteurs-hydratants-antivieillissement\/#breadcrumb\",\"itemListElement\":[{\"@type\":\"ListItem\",\"position\":1,\"name\":\"Home\",\"item\":\"https:\/\/www.minoanlife.com\/fr\/\"},{\"@type\":\"ListItem\",\"position\":2,\"name\":\"Eshop\",\"item\":\"https:\/\/www.minoanlife.com\/fr\/eshop\/\"},{\"@type\":\"ListItem\",\"position\":3,\"name\":\"Masque pour le Visage aux Facteurs Hydratants &#8211; Antivieillissement \u00e0 l\u2019Huile d\u2019Olive Bio et Extrait de Miel\"}]},{\"@type\":\"WebSite\",\"@id\":\"https:\/\/www.minoanlife.com\/fr\/#website\",\"url\":\"https:\/\/www.minoanlife.com\/fr\/\",\"name\":\"Minoan Life\",\"description\":\"\",\"potentialAction\":[{\"@type\":\"SearchAction\",\"target\":{\"@type\":\"EntryPoint\",\"urlTemplate\":\"https:\/\/www.minoanlife.com\/fr\/?s={search_term_string}\"},\"query-input\":{\"@type\":\"PropertyValueSpecification\",\"valueRequired\":true,\"valueName\":\"search_term_string\"}}],\"inLanguage\":\"fr-FR\"}]}<\/script>\n<!-- \/ Yoast SEO plugin. -->","yoast_head_json":{"title":"Masque pour le Visage aux Facteurs Hydratants - Antivieillissement \u00e0 l\u2019Huile d\u2019Olive Bio et Extrait de Miel | Minoan Life","robots":{"index":"index","follow":"follow","max-snippet":"max-snippet:-1","max-image-preview":"max-image-preview:large","max-video-preview":"max-video-preview:-1"},"canonical":"https:\/\/www.minoanlife.com\/fr\/eshop\/masque-pour-le-visage-aux-facteurs-hydratants-antivieillissement\/","og_locale":"fr_FR","og_type":"article","og_title":"Masque pour le Visage aux Facteurs Hydratants - Antivieillissement \u00e0 l\u2019Huile d\u2019Olive Bio et Extrait de Miel | Minoan Life","og_description":"l\u2019Huile d\u2019Olive Bio et Extrait de Miel","og_url":"https:\/\/www.minoanlife.com\/fr\/eshop\/masque-pour-le-visage-aux-facteurs-hydratants-antivieillissement\/","og_site_name":"Minoan Life","article_modified_time":"2021-02-16T06:50:09+00:00","og_image":[{"width":600,"height":600,"url":"https:\/\/www.minoanlife.com\/wp-content\/uploads\/face_mask_with_moisturizing_antiageing_factors_minoanlife-1.jpg","type":"image\/jpeg"}],"schema":{"@context":"https:\/\/schema.org","@graph":[{"@type":"WebPage","@id":"https:\/\/www.minoanlife.com\/fr\/eshop\/masque-pour-le-visage-aux-facteurs-hydratants-antivieillissement\/","url":"https:\/\/www.minoanlife.com\/fr\/eshop\/masque-pour-le-visage-aux-facteurs-hydratants-antivieillissement\/","name":"Masque pour le Visage aux Facteurs Hydratants - Antivieillissement \u00e0 l\u2019Huile d\u2019Olive Bio et Extrait de Miel | Minoan Life","isPartOf":{"@id":"https:\/\/www.minoanlife.com\/fr\/#website"},"primaryImageOfPage":{"@id":"https:\/\/www.minoanlife.com\/fr\/eshop\/masque-pour-le-visage-aux-facteurs-hydratants-antivieillissement\/#primaryimage"},"image":{"@id":"https:\/\/www.minoanlife.com\/fr\/eshop\/masque-pour-le-visage-aux-facteurs-hydratants-antivieillissement\/#primaryimage"},"thumbnailUrl":"https:\/\/www.minoanlife.com\/wp-content\/uploads\/face_mask_with_moisturizing_antiageing_factors_minoanlife-1.jpg","datePublished":"2019-04-08T10:56:18+00:00","dateModified":"2021-02-16T06:50:09+00:00","breadcrumb":{"@id":"https:\/\/www.minoanlife.com\/fr\/eshop\/masque-pour-le-visage-aux-facteurs-hydratants-antivieillissement\/#breadcrumb"},"inLanguage":"fr-FR","potentialAction":[{"@type":"ReadAction","target":["https:\/\/www.minoanlife.com\/fr\/eshop\/masque-pour-le-visage-aux-facteurs-hydratants-antivieillissement\/"]}]},{"@type":"ImageObject","inLanguage":"fr-FR","@id":"https:\/\/www.minoanlife.com\/fr\/eshop\/masque-pour-le-visage-aux-facteurs-hydratants-antivieillissement\/#primaryimage","url":"https:\/\/www.minoanlife.com\/wp-content\/uploads\/face_mask_with_moisturizing_antiageing_factors_minoanlife-1.jpg","contentUrl":"https:\/\/www.minoanlife.com\/wp-content\/uploads\/face_mask_with_moisturizing_antiageing_factors_minoanlife-1.jpg","width":600,"height":600,"caption":"face_mask_with_moisturizing_antiageing_factors_minoanlife"},{"@type":"BreadcrumbList","@id":"https:\/\/www.minoanlife.com\/fr\/eshop\/masque-pour-le-visage-aux-facteurs-hydratants-antivieillissement\/#breadcrumb","itemListElement":[{"@type":"ListItem","position":1,"name":"Home","item":"https:\/\/www.minoanlife.com\/fr\/"},{"@type":"ListItem","position":2,"name":"Eshop","item":"https:\/\/www.minoanlife.com\/fr\/eshop\/"},{"@type":"ListItem","position":3,"name":"Masque pour le Visage aux Facteurs Hydratants &#8211; Antivieillissement \u00e0 l\u2019Huile d\u2019Olive Bio et Extrait de Miel"}]},{"@type":"WebSite","@id":"https:\/\/www.minoanlife.com\/fr\/#website","url":"https:\/\/www.minoanlife.com\/fr\/","name":"Minoan Life","description":"","potentialAction":[{"@type":"SearchAction","target":{"@type":"EntryPoint","urlTemplate":"https:\/\/www.minoanlife.com\/fr\/?s={search_term_string}"},"query-input":{"@type":"PropertyValueSpecification","valueRequired":true,"valueName":"search_term_string"}}],"inLanguage":"fr-FR"}]}},"_links":{"self":[{"href":"https:\/\/www.minoanlife.com\/fr\/wp-json\/wp\/v2\/product\/34844","targetHints":{"allow":["GET"]}}],"collection":[{"href":"https:\/\/www.minoanlife.com\/fr\/wp-json\/wp\/v2\/product"}],"about":[{"href":"https:\/\/www.minoanlife.com\/fr\/wp-json\/wp\/v2\/types\/product"}],"replies":[{"embeddable":true,"href":"https:\/\/www.minoanlife.com\/fr\/wp-json\/wp\/v2\/comments?post=34844"}],"wp:featuredmedia":[{"embeddable":true,"href":"https:\/\/www.minoanlife.com\/fr\/wp-json\/wp\/v2\/media\/23742"}],"wp:attachment":[{"href":"https:\/\/www.minoanlife.com\/fr\/wp-json\/wp\/v2\/media?parent=34844"}],"wp:term":[{"taxonomy":"product_brand","embeddable":true,"href":"https:\/\/www.minoanlife.com\/fr\/wp-json\/wp\/v2\/product_brand?post=34844"},{"taxonomy":"product_cat","embeddable":true,"href":"https:\/\/www.minoanlife.com\/fr\/wp-json\/wp\/v2\/product_cat?post=34844"},{"taxonomy":"product_tag","embeddable":true,"href":"https:\/\/www.minoanlife.com\/fr\/wp-json\/wp\/v2\/product_tag?post=34844"}],"curies":[{"name":"wp","href":"https:\/\/api.w.org\/{rel}","templated":true}]}}