{"id":23111,"date":"2019-04-08T11:00:01","date_gmt":"2019-04-08T11:00:01","guid":{"rendered":"https:\/\/www.minoanlife.com\/eshop\/masque-nourrissant-multivitamine-pour-le-visage\/"},"modified":"2021-02-16T06:44:53","modified_gmt":"2021-02-16T06:44:53","slug":"masque-nourrissant-multivitamine-pour-le-visage","status":"publish","type":"product","link":"https:\/\/www.minoanlife.com\/fr\/eshop\/masque-nourrissant-multivitamine-pour-le-visage\/","title":{"rendered":"Masque Nourrissant Multivitamin\u00e9 pour le Visage &#8211; l\u2019Huile d\u2019Olive Bio et Extrait d\u2019Orange"},"content":{"rendered":"<p>Masque riche en vitamines, nourrissant pour la peau. Un soin intensif r\u00e9g\u00e9n\u00e9rant gr\u00e2ce aux vitamines A, F, H, E et au complexe de vitamines B qui r\u00e9tablit l\u2019humidit\u00e9 n\u00e9cessaire et la souplesse de la peau. Les extraits d\u2019orange et de propolis, ainsi que les huiles d\u2019olive, d\u2019argan, de calendula et de bl\u00e9 am\u00e9liorent le fonctionnement d\u2019ensemble de la peau. La peau r\u00e9cup\u00e8re sa texture saine, rayonnante et velout\u00e9e.<br \/>\n<strong>Mode d\u2019Emploi :<\/strong> Appliquer sur visage propre et sec, en \u00e9vitant le contour des yeux. Laisser agir pendant 10 \u00e0 15 minutes et rincer abondamment \u00e0 l\u2019eau.<\/p>\n","protected":false},"excerpt":{"rendered":"<p>l\u2019Huile d\u2019Olive Bio et Extrait d\u2019Orange<\/p>\n","protected":false},"featured_media":23747,"comment_status":"open","ping_status":"closed","template":"","meta":[],"product_brand":[],"product_cat":[879],"product_tag":[],"class_list":{"0":"post-23111","1":"product","2":"type-product","3":"status-publish","4":"has-post-thumbnail","6":"product_cat-soins-visage","7":"brand-olive-beauty-medi-care-brand-fr","9":"first","10":"outofstock","11":"taxable","12":"shipping-taxable","13":"purchasable","14":"product-type-simple"},"yoast_head":"<!-- This site is optimized with the Yoast SEO plugin v27.2 - https:\/\/yoast.com\/product\/yoast-seo-wordpress\/ -->\n<title>Masque Nourrissant Multivitamin\u00e9 pour le Visage - l\u2019Huile d\u2019Olive Bio et Extrait d\u2019Orange | Minoan Life<\/title>\n<meta name=\"robots\" content=\"index, follow, max-snippet:-1, max-image-preview:large, max-video-preview:-1\" \/>\n<link rel=\"canonical\" href=\"https:\/\/www.minoanlife.com\/fr\/eshop\/masque-nourrissant-multivitamine-pour-le-visage\/\" \/>\n<meta property=\"og:locale\" content=\"fr_FR\" \/>\n<meta property=\"og:type\" content=\"article\" \/>\n<meta property=\"og:title\" content=\"Masque Nourrissant Multivitamin\u00e9 pour le Visage - l\u2019Huile d\u2019Olive Bio et Extrait d\u2019Orange | Minoan Life\" \/>\n<meta property=\"og:description\" content=\"l\u2019Huile d\u2019Olive Bio et Extrait d\u2019Orange\" \/>\n<meta property=\"og:url\" content=\"https:\/\/www.minoanlife.com\/fr\/eshop\/masque-nourrissant-multivitamine-pour-le-visage\/\" \/>\n<meta property=\"og:site_name\" content=\"Minoan Life\" \/>\n<meta property=\"article:modified_time\" content=\"2021-02-16T06:44:53+00:00\" \/>\n<meta property=\"og:image\" content=\"https:\/\/www.minoanlife.com\/wp-content\/uploads\/multivitamin_nourishing_face_mask_minoanlife-1.jpg\" \/>\n\t<meta property=\"og:image:width\" content=\"600\" \/>\n\t<meta property=\"og:image:height\" content=\"600\" \/>\n\t<meta property=\"og:image:type\" content=\"image\/jpeg\" \/>\n<meta name=\"twitter:label1\" content=\"Dur\u00e9e de lecture estim\u00e9e\" \/>\n\t<meta name=\"twitter:data1\" content=\"1 minute\" \/>\n<script type=\"application\/ld+json\" class=\"yoast-schema-graph\">{\"@context\":\"https:\/\/schema.org\",\"@graph\":[{\"@type\":\"WebPage\",\"@id\":\"https:\/\/www.minoanlife.com\/fr\/eshop\/masque-nourrissant-multivitamine-pour-le-visage\/\",\"url\":\"https:\/\/www.minoanlife.com\/fr\/eshop\/masque-nourrissant-multivitamine-pour-le-visage\/\",\"name\":\"Masque Nourrissant Multivitamin\u00e9 pour le Visage - l\u2019Huile d\u2019Olive Bio et Extrait d\u2019Orange | Minoan Life\",\"isPartOf\":{\"@id\":\"https:\/\/www.minoanlife.com\/fr\/#website\"},\"primaryImageOfPage\":{\"@id\":\"https:\/\/www.minoanlife.com\/fr\/eshop\/masque-nourrissant-multivitamine-pour-le-visage\/#primaryimage\"},\"image\":{\"@id\":\"https:\/\/www.minoanlife.com\/fr\/eshop\/masque-nourrissant-multivitamine-pour-le-visage\/#primaryimage\"},\"thumbnailUrl\":\"https:\/\/www.minoanlife.com\/wp-content\/uploads\/multivitamin_nourishing_face_mask_minoanlife-1.jpg\",\"datePublished\":\"2019-04-08T11:00:01+00:00\",\"dateModified\":\"2021-02-16T06:44:53+00:00\",\"breadcrumb\":{\"@id\":\"https:\/\/www.minoanlife.com\/fr\/eshop\/masque-nourrissant-multivitamine-pour-le-visage\/#breadcrumb\"},\"inLanguage\":\"fr-FR\",\"potentialAction\":[{\"@type\":\"ReadAction\",\"target\":[\"https:\/\/www.minoanlife.com\/fr\/eshop\/masque-nourrissant-multivitamine-pour-le-visage\/\"]}]},{\"@type\":\"ImageObject\",\"inLanguage\":\"fr-FR\",\"@id\":\"https:\/\/www.minoanlife.com\/fr\/eshop\/masque-nourrissant-multivitamine-pour-le-visage\/#primaryimage\",\"url\":\"https:\/\/www.minoanlife.com\/wp-content\/uploads\/multivitamin_nourishing_face_mask_minoanlife-1.jpg\",\"contentUrl\":\"https:\/\/www.minoanlife.com\/wp-content\/uploads\/multivitamin_nourishing_face_mask_minoanlife-1.jpg\",\"width\":600,\"height\":600,\"caption\":\"multivitamin_nourishing_face_mask_minoanlife\"},{\"@type\":\"BreadcrumbList\",\"@id\":\"https:\/\/www.minoanlife.com\/fr\/eshop\/masque-nourrissant-multivitamine-pour-le-visage\/#breadcrumb\",\"itemListElement\":[{\"@type\":\"ListItem\",\"position\":1,\"name\":\"Home\",\"item\":\"https:\/\/www.minoanlife.com\/fr\/\"},{\"@type\":\"ListItem\",\"position\":2,\"name\":\"Eshop\",\"item\":\"https:\/\/www.minoanlife.com\/fr\/eshop\/\"},{\"@type\":\"ListItem\",\"position\":3,\"name\":\"Masque Nourrissant Multivitamin\u00e9 pour le Visage &#8211; l\u2019Huile d\u2019Olive Bio et Extrait d\u2019Orange\"}]},{\"@type\":\"WebSite\",\"@id\":\"https:\/\/www.minoanlife.com\/fr\/#website\",\"url\":\"https:\/\/www.minoanlife.com\/fr\/\",\"name\":\"Minoan Life\",\"description\":\"\",\"potentialAction\":[{\"@type\":\"SearchAction\",\"target\":{\"@type\":\"EntryPoint\",\"urlTemplate\":\"https:\/\/www.minoanlife.com\/fr\/?s={search_term_string}\"},\"query-input\":{\"@type\":\"PropertyValueSpecification\",\"valueRequired\":true,\"valueName\":\"search_term_string\"}}],\"inLanguage\":\"fr-FR\"}]}<\/script>\n<!-- \/ Yoast SEO plugin. -->","yoast_head_json":{"title":"Masque Nourrissant Multivitamin\u00e9 pour le Visage - l\u2019Huile d\u2019Olive Bio et Extrait d\u2019Orange | Minoan Life","robots":{"index":"index","follow":"follow","max-snippet":"max-snippet:-1","max-image-preview":"max-image-preview:large","max-video-preview":"max-video-preview:-1"},"canonical":"https:\/\/www.minoanlife.com\/fr\/eshop\/masque-nourrissant-multivitamine-pour-le-visage\/","og_locale":"fr_FR","og_type":"article","og_title":"Masque Nourrissant Multivitamin\u00e9 pour le Visage - l\u2019Huile d\u2019Olive Bio et Extrait d\u2019Orange | Minoan Life","og_description":"l\u2019Huile d\u2019Olive Bio et Extrait d\u2019Orange","og_url":"https:\/\/www.minoanlife.com\/fr\/eshop\/masque-nourrissant-multivitamine-pour-le-visage\/","og_site_name":"Minoan Life","article_modified_time":"2021-02-16T06:44:53+00:00","og_image":[{"width":600,"height":600,"url":"https:\/\/www.minoanlife.com\/wp-content\/uploads\/multivitamin_nourishing_face_mask_minoanlife-1.jpg","type":"image\/jpeg"}],"twitter_misc":{"Dur\u00e9e de lecture estim\u00e9e":"1 minute"},"schema":{"@context":"https:\/\/schema.org","@graph":[{"@type":"WebPage","@id":"https:\/\/www.minoanlife.com\/fr\/eshop\/masque-nourrissant-multivitamine-pour-le-visage\/","url":"https:\/\/www.minoanlife.com\/fr\/eshop\/masque-nourrissant-multivitamine-pour-le-visage\/","name":"Masque Nourrissant Multivitamin\u00e9 pour le Visage - l\u2019Huile d\u2019Olive Bio et Extrait d\u2019Orange | Minoan Life","isPartOf":{"@id":"https:\/\/www.minoanlife.com\/fr\/#website"},"primaryImageOfPage":{"@id":"https:\/\/www.minoanlife.com\/fr\/eshop\/masque-nourrissant-multivitamine-pour-le-visage\/#primaryimage"},"image":{"@id":"https:\/\/www.minoanlife.com\/fr\/eshop\/masque-nourrissant-multivitamine-pour-le-visage\/#primaryimage"},"thumbnailUrl":"https:\/\/www.minoanlife.com\/wp-content\/uploads\/multivitamin_nourishing_face_mask_minoanlife-1.jpg","datePublished":"2019-04-08T11:00:01+00:00","dateModified":"2021-02-16T06:44:53+00:00","breadcrumb":{"@id":"https:\/\/www.minoanlife.com\/fr\/eshop\/masque-nourrissant-multivitamine-pour-le-visage\/#breadcrumb"},"inLanguage":"fr-FR","potentialAction":[{"@type":"ReadAction","target":["https:\/\/www.minoanlife.com\/fr\/eshop\/masque-nourrissant-multivitamine-pour-le-visage\/"]}]},{"@type":"ImageObject","inLanguage":"fr-FR","@id":"https:\/\/www.minoanlife.com\/fr\/eshop\/masque-nourrissant-multivitamine-pour-le-visage\/#primaryimage","url":"https:\/\/www.minoanlife.com\/wp-content\/uploads\/multivitamin_nourishing_face_mask_minoanlife-1.jpg","contentUrl":"https:\/\/www.minoanlife.com\/wp-content\/uploads\/multivitamin_nourishing_face_mask_minoanlife-1.jpg","width":600,"height":600,"caption":"multivitamin_nourishing_face_mask_minoanlife"},{"@type":"BreadcrumbList","@id":"https:\/\/www.minoanlife.com\/fr\/eshop\/masque-nourrissant-multivitamine-pour-le-visage\/#breadcrumb","itemListElement":[{"@type":"ListItem","position":1,"name":"Home","item":"https:\/\/www.minoanlife.com\/fr\/"},{"@type":"ListItem","position":2,"name":"Eshop","item":"https:\/\/www.minoanlife.com\/fr\/eshop\/"},{"@type":"ListItem","position":3,"name":"Masque Nourrissant Multivitamin\u00e9 pour le Visage &#8211; l\u2019Huile d\u2019Olive Bio et Extrait d\u2019Orange"}]},{"@type":"WebSite","@id":"https:\/\/www.minoanlife.com\/fr\/#website","url":"https:\/\/www.minoanlife.com\/fr\/","name":"Minoan Life","description":"","potentialAction":[{"@type":"SearchAction","target":{"@type":"EntryPoint","urlTemplate":"https:\/\/www.minoanlife.com\/fr\/?s={search_term_string}"},"query-input":{"@type":"PropertyValueSpecification","valueRequired":true,"valueName":"search_term_string"}}],"inLanguage":"fr-FR"}]}},"_links":{"self":[{"href":"https:\/\/www.minoanlife.com\/fr\/wp-json\/wp\/v2\/product\/23111","targetHints":{"allow":["GET"]}}],"collection":[{"href":"https:\/\/www.minoanlife.com\/fr\/wp-json\/wp\/v2\/product"}],"about":[{"href":"https:\/\/www.minoanlife.com\/fr\/wp-json\/wp\/v2\/types\/product"}],"replies":[{"embeddable":true,"href":"https:\/\/www.minoanlife.com\/fr\/wp-json\/wp\/v2\/comments?post=23111"}],"wp:featuredmedia":[{"embeddable":true,"href":"https:\/\/www.minoanlife.com\/fr\/wp-json\/wp\/v2\/media\/23747"}],"wp:attachment":[{"href":"https:\/\/www.minoanlife.com\/fr\/wp-json\/wp\/v2\/media?parent=23111"}],"wp:term":[{"taxonomy":"product_brand","embeddable":true,"href":"https:\/\/www.minoanlife.com\/fr\/wp-json\/wp\/v2\/product_brand?post=23111"},{"taxonomy":"product_cat","embeddable":true,"href":"https:\/\/www.minoanlife.com\/fr\/wp-json\/wp\/v2\/product_cat?post=23111"},{"taxonomy":"product_tag","embeddable":true,"href":"https:\/\/www.minoanlife.com\/fr\/wp-json\/wp\/v2\/product_tag?post=23111"}],"curies":[{"name":"wp","href":"https:\/\/api.w.org\/{rel}","templated":true}]}}