{"id":23058,"date":"2019-04-05T13:57:08","date_gmt":"2019-04-05T13:57:08","guid":{"rendered":"https:\/\/www.minoanlife.com\/eshop\/creme-pour-les-pieds-a-lhuile-dolive-et-au-lait-danesse\/"},"modified":"2021-02-15T09:38:23","modified_gmt":"2021-02-15T09:38:23","slug":"creme-pour-les-pieds-a-lhuile-dolive-et-au-lait-danesse","status":"publish","type":"product","link":"https:\/\/www.minoanlife.com\/fr\/eshop\/creme-pour-les-pieds-a-lhuile-dolive-et-au-lait-danesse\/","title":{"rendered":"Cr\u00e8me Pour Les Pieds \u00e0 L\u2019huile d\u2019Olive et au Lait d\u2019\u00c2nesse"},"content":{"rendered":"<p>Cr\u00e8me riche en huiles et beurres naturels nourrissants, id\u00e9ale pour la peau s\u00e8che et crevass\u00e9e des pieds. Le lait d\u2019\u00e2nesse, riche en vitamines et min\u00e9raux, combin\u00e9e aux huiles d\u2019olives et d\u2019avocat, nourrit et hydrate les zones d\u00e9shydrat\u00e9es des pieds, tandis que l\u2019extrait de criste marine apaise et calme la peau.<br \/>\n<strong>Mode d\u2019emploi:<\/strong> Appliquer la cr\u00e8me aux pieds et masser en douceur, jusqu\u2019\u00e0 absorption compl\u00e8te.<\/p>\n","protected":false},"excerpt":{"rendered":"<p>L\u2019huile d\u2019Olive et au Lait d\u2019\u00c2nesse<\/p>\n","protected":false},"featured_media":24097,"comment_status":"open","ping_status":"closed","template":"","meta":[],"product_brand":[],"product_cat":[876],"product_tag":[],"class_list":{"0":"post-23058","1":"product","2":"type-product","3":"status-publish","4":"has-post-thumbnail","6":"product_cat-soins-corps","7":"brand-olive-beauty-medi-care-brand-fr","9":"first","10":"instock","11":"taxable","12":"shipping-taxable","13":"purchasable","14":"product-type-simple"},"yoast_head":"<!-- This site is optimized with the Yoast SEO plugin v27.2 - https:\/\/yoast.com\/product\/yoast-seo-wordpress\/ -->\n<title>Cr\u00e8me Pour Les Pieds \u00e0 L\u2019huile d\u2019Olive et au Lait d\u2019\u00c2nesse | Minoan Life<\/title>\n<meta name=\"robots\" content=\"index, follow, max-snippet:-1, max-image-preview:large, max-video-preview:-1\" \/>\n<link rel=\"canonical\" href=\"https:\/\/www.minoanlife.com\/fr\/eshop\/creme-pour-les-pieds-a-lhuile-dolive-et-au-lait-danesse\/\" \/>\n<meta property=\"og:locale\" content=\"fr_FR\" \/>\n<meta property=\"og:type\" content=\"article\" \/>\n<meta property=\"og:title\" content=\"Cr\u00e8me Pour Les Pieds \u00e0 L\u2019huile d\u2019Olive et au Lait d\u2019\u00c2nesse | Minoan Life\" \/>\n<meta property=\"og:description\" content=\"L\u2019huile d\u2019Olive et au Lait d\u2019\u00c2nesse\" \/>\n<meta property=\"og:url\" content=\"https:\/\/www.minoanlife.com\/fr\/eshop\/creme-pour-les-pieds-a-lhuile-dolive-et-au-lait-danesse\/\" \/>\n<meta property=\"og:site_name\" content=\"Minoan Life\" \/>\n<meta property=\"article:modified_time\" content=\"2021-02-15T09:38:23+00:00\" \/>\n<meta property=\"og:image\" content=\"https:\/\/www.minoanlife.com\/wp-content\/uploads\/foot_cream_with_olive_and_donkey_milk_minoanlife-4.jpg\" \/>\n\t<meta property=\"og:image:width\" content=\"600\" \/>\n\t<meta property=\"og:image:height\" content=\"600\" \/>\n\t<meta property=\"og:image:type\" content=\"image\/jpeg\" \/>\n<script type=\"application\/ld+json\" class=\"yoast-schema-graph\">{\"@context\":\"https:\/\/schema.org\",\"@graph\":[{\"@type\":\"WebPage\",\"@id\":\"https:\/\/www.minoanlife.com\/fr\/eshop\/creme-pour-les-pieds-a-lhuile-dolive-et-au-lait-danesse\/\",\"url\":\"https:\/\/www.minoanlife.com\/fr\/eshop\/creme-pour-les-pieds-a-lhuile-dolive-et-au-lait-danesse\/\",\"name\":\"Cr\u00e8me Pour Les Pieds \u00e0 L\u2019huile d\u2019Olive et au Lait d\u2019\u00c2nesse | Minoan Life\",\"isPartOf\":{\"@id\":\"https:\/\/www.minoanlife.com\/fr\/#website\"},\"primaryImageOfPage\":{\"@id\":\"https:\/\/www.minoanlife.com\/fr\/eshop\/creme-pour-les-pieds-a-lhuile-dolive-et-au-lait-danesse\/#primaryimage\"},\"image\":{\"@id\":\"https:\/\/www.minoanlife.com\/fr\/eshop\/creme-pour-les-pieds-a-lhuile-dolive-et-au-lait-danesse\/#primaryimage\"},\"thumbnailUrl\":\"https:\/\/www.minoanlife.com\/wp-content\/uploads\/foot_cream_with_olive_and_donkey_milk_minoanlife-4.jpg\",\"datePublished\":\"2019-04-05T13:57:08+00:00\",\"dateModified\":\"2021-02-15T09:38:23+00:00\",\"breadcrumb\":{\"@id\":\"https:\/\/www.minoanlife.com\/fr\/eshop\/creme-pour-les-pieds-a-lhuile-dolive-et-au-lait-danesse\/#breadcrumb\"},\"inLanguage\":\"fr-FR\",\"potentialAction\":[{\"@type\":\"ReadAction\",\"target\":[\"https:\/\/www.minoanlife.com\/fr\/eshop\/creme-pour-les-pieds-a-lhuile-dolive-et-au-lait-danesse\/\"]}]},{\"@type\":\"ImageObject\",\"inLanguage\":\"fr-FR\",\"@id\":\"https:\/\/www.minoanlife.com\/fr\/eshop\/creme-pour-les-pieds-a-lhuile-dolive-et-au-lait-danesse\/#primaryimage\",\"url\":\"https:\/\/www.minoanlife.com\/wp-content\/uploads\/foot_cream_with_olive_and_donkey_milk_minoanlife-4.jpg\",\"contentUrl\":\"https:\/\/www.minoanlife.com\/wp-content\/uploads\/foot_cream_with_olive_and_donkey_milk_minoanlife-4.jpg\",\"width\":600,\"height\":600,\"caption\":\"foot_cream_with_olive_and_donkey_milk_minoanlife\"},{\"@type\":\"BreadcrumbList\",\"@id\":\"https:\/\/www.minoanlife.com\/fr\/eshop\/creme-pour-les-pieds-a-lhuile-dolive-et-au-lait-danesse\/#breadcrumb\",\"itemListElement\":[{\"@type\":\"ListItem\",\"position\":1,\"name\":\"Home\",\"item\":\"https:\/\/www.minoanlife.com\/fr\/\"},{\"@type\":\"ListItem\",\"position\":2,\"name\":\"Eshop\",\"item\":\"https:\/\/www.minoanlife.com\/fr\/eshop\/\"},{\"@type\":\"ListItem\",\"position\":3,\"name\":\"Cr\u00e8me Pour Les Pieds \u00e0 L\u2019huile d\u2019Olive et au Lait d\u2019\u00c2nesse\"}]},{\"@type\":\"WebSite\",\"@id\":\"https:\/\/www.minoanlife.com\/fr\/#website\",\"url\":\"https:\/\/www.minoanlife.com\/fr\/\",\"name\":\"Minoan Life\",\"description\":\"\",\"potentialAction\":[{\"@type\":\"SearchAction\",\"target\":{\"@type\":\"EntryPoint\",\"urlTemplate\":\"https:\/\/www.minoanlife.com\/fr\/?s={search_term_string}\"},\"query-input\":{\"@type\":\"PropertyValueSpecification\",\"valueRequired\":true,\"valueName\":\"search_term_string\"}}],\"inLanguage\":\"fr-FR\"}]}<\/script>\n<!-- \/ Yoast SEO plugin. -->","yoast_head_json":{"title":"Cr\u00e8me Pour Les Pieds \u00e0 L\u2019huile d\u2019Olive et au Lait d\u2019\u00c2nesse | Minoan Life","robots":{"index":"index","follow":"follow","max-snippet":"max-snippet:-1","max-image-preview":"max-image-preview:large","max-video-preview":"max-video-preview:-1"},"canonical":"https:\/\/www.minoanlife.com\/fr\/eshop\/creme-pour-les-pieds-a-lhuile-dolive-et-au-lait-danesse\/","og_locale":"fr_FR","og_type":"article","og_title":"Cr\u00e8me Pour Les Pieds \u00e0 L\u2019huile d\u2019Olive et au Lait d\u2019\u00c2nesse | Minoan Life","og_description":"L\u2019huile d\u2019Olive et au Lait d\u2019\u00c2nesse","og_url":"https:\/\/www.minoanlife.com\/fr\/eshop\/creme-pour-les-pieds-a-lhuile-dolive-et-au-lait-danesse\/","og_site_name":"Minoan Life","article_modified_time":"2021-02-15T09:38:23+00:00","og_image":[{"width":600,"height":600,"url":"https:\/\/www.minoanlife.com\/wp-content\/uploads\/foot_cream_with_olive_and_donkey_milk_minoanlife-4.jpg","type":"image\/jpeg"}],"schema":{"@context":"https:\/\/schema.org","@graph":[{"@type":"WebPage","@id":"https:\/\/www.minoanlife.com\/fr\/eshop\/creme-pour-les-pieds-a-lhuile-dolive-et-au-lait-danesse\/","url":"https:\/\/www.minoanlife.com\/fr\/eshop\/creme-pour-les-pieds-a-lhuile-dolive-et-au-lait-danesse\/","name":"Cr\u00e8me Pour Les Pieds \u00e0 L\u2019huile d\u2019Olive et au Lait d\u2019\u00c2nesse | Minoan Life","isPartOf":{"@id":"https:\/\/www.minoanlife.com\/fr\/#website"},"primaryImageOfPage":{"@id":"https:\/\/www.minoanlife.com\/fr\/eshop\/creme-pour-les-pieds-a-lhuile-dolive-et-au-lait-danesse\/#primaryimage"},"image":{"@id":"https:\/\/www.minoanlife.com\/fr\/eshop\/creme-pour-les-pieds-a-lhuile-dolive-et-au-lait-danesse\/#primaryimage"},"thumbnailUrl":"https:\/\/www.minoanlife.com\/wp-content\/uploads\/foot_cream_with_olive_and_donkey_milk_minoanlife-4.jpg","datePublished":"2019-04-05T13:57:08+00:00","dateModified":"2021-02-15T09:38:23+00:00","breadcrumb":{"@id":"https:\/\/www.minoanlife.com\/fr\/eshop\/creme-pour-les-pieds-a-lhuile-dolive-et-au-lait-danesse\/#breadcrumb"},"inLanguage":"fr-FR","potentialAction":[{"@type":"ReadAction","target":["https:\/\/www.minoanlife.com\/fr\/eshop\/creme-pour-les-pieds-a-lhuile-dolive-et-au-lait-danesse\/"]}]},{"@type":"ImageObject","inLanguage":"fr-FR","@id":"https:\/\/www.minoanlife.com\/fr\/eshop\/creme-pour-les-pieds-a-lhuile-dolive-et-au-lait-danesse\/#primaryimage","url":"https:\/\/www.minoanlife.com\/wp-content\/uploads\/foot_cream_with_olive_and_donkey_milk_minoanlife-4.jpg","contentUrl":"https:\/\/www.minoanlife.com\/wp-content\/uploads\/foot_cream_with_olive_and_donkey_milk_minoanlife-4.jpg","width":600,"height":600,"caption":"foot_cream_with_olive_and_donkey_milk_minoanlife"},{"@type":"BreadcrumbList","@id":"https:\/\/www.minoanlife.com\/fr\/eshop\/creme-pour-les-pieds-a-lhuile-dolive-et-au-lait-danesse\/#breadcrumb","itemListElement":[{"@type":"ListItem","position":1,"name":"Home","item":"https:\/\/www.minoanlife.com\/fr\/"},{"@type":"ListItem","position":2,"name":"Eshop","item":"https:\/\/www.minoanlife.com\/fr\/eshop\/"},{"@type":"ListItem","position":3,"name":"Cr\u00e8me Pour Les Pieds \u00e0 L\u2019huile d\u2019Olive et au Lait d\u2019\u00c2nesse"}]},{"@type":"WebSite","@id":"https:\/\/www.minoanlife.com\/fr\/#website","url":"https:\/\/www.minoanlife.com\/fr\/","name":"Minoan Life","description":"","potentialAction":[{"@type":"SearchAction","target":{"@type":"EntryPoint","urlTemplate":"https:\/\/www.minoanlife.com\/fr\/?s={search_term_string}"},"query-input":{"@type":"PropertyValueSpecification","valueRequired":true,"valueName":"search_term_string"}}],"inLanguage":"fr-FR"}]}},"_links":{"self":[{"href":"https:\/\/www.minoanlife.com\/fr\/wp-json\/wp\/v2\/product\/23058","targetHints":{"allow":["GET"]}}],"collection":[{"href":"https:\/\/www.minoanlife.com\/fr\/wp-json\/wp\/v2\/product"}],"about":[{"href":"https:\/\/www.minoanlife.com\/fr\/wp-json\/wp\/v2\/types\/product"}],"replies":[{"embeddable":true,"href":"https:\/\/www.minoanlife.com\/fr\/wp-json\/wp\/v2\/comments?post=23058"}],"wp:featuredmedia":[{"embeddable":true,"href":"https:\/\/www.minoanlife.com\/fr\/wp-json\/wp\/v2\/media\/24097"}],"wp:attachment":[{"href":"https:\/\/www.minoanlife.com\/fr\/wp-json\/wp\/v2\/media?parent=23058"}],"wp:term":[{"taxonomy":"product_brand","embeddable":true,"href":"https:\/\/www.minoanlife.com\/fr\/wp-json\/wp\/v2\/product_brand?post=23058"},{"taxonomy":"product_cat","embeddable":true,"href":"https:\/\/www.minoanlife.com\/fr\/wp-json\/wp\/v2\/product_cat?post=23058"},{"taxonomy":"product_tag","embeddable":true,"href":"https:\/\/www.minoanlife.com\/fr\/wp-json\/wp\/v2\/product_tag?post=23058"}],"curies":[{"name":"wp","href":"https:\/\/api.w.org\/{rel}","templated":true}]}}