{"id":21098,"date":"2018-03-23T17:28:15","date_gmt":"2018-03-23T17:28:15","guid":{"rendered":"https:\/\/minoanlife.com\/eshop\/creme-lifting-visage-et-cou\/"},"modified":"2021-02-15T10:05:46","modified_gmt":"2021-02-15T10:05:46","slug":"creme-lifting-visage-et-cou","status":"publish","type":"product","link":"https:\/\/www.minoanlife.com\/fr\/eshop\/creme-lifting-visage-et-cou\/","title":{"rendered":"Cr\u00e8me Lifting Visage Et Cou"},"content":{"rendered":"<p>La <strong>cr\u00e8me liftante<\/strong> pour le visage et le cou \u00e0 <strong>l\u2019huile d\u2019olive<\/strong> et \u00e0 la <strong>gel\u00e9e royale<\/strong> rajeunit et nourrit la peau. La <strong>gel\u00e9e royale<\/strong> et <strong>l\u2019acide hyaluronique<\/strong> revitalisent la peau, am\u00e9liorent sa souplesse et estompent les rides. L\u2019extrait de <strong>Caesalpinia Spinosa<\/strong> (caroubier) forme un film qui prot\u00e8ge la peau contre les polluants et autres agents externes et, combin\u00e9 <strong>\u00e0 l\u2019huile d\u2019olive<\/strong>, agit comme \u00e9liminateur des radicaux libres. La <strong>Provitamine B5<\/strong> (Panth\u00e9nol), agent qui p\u00e9n\u00e8tre en profondeur et offre une hydratation longue dur\u00e9e, laisse \u00e0 la peau une sensation unique de douceur.<\/p>\n","protected":false},"excerpt":{"rendered":"<p>\u00e0 l\u2019huile d\u2019olive et gel\u00e9e royale<\/p>\n","protected":false},"featured_media":23675,"comment_status":"open","ping_status":"closed","template":"","meta":[],"product_brand":[],"product_cat":[879],"product_tag":[],"class_list":{"0":"post-21098","1":"product","2":"type-product","3":"status-publish","4":"has-post-thumbnail","6":"product_cat-soins-visage","7":"brand-olive-beauty-medi-care-brand-fr","9":"first","10":"instock","11":"taxable","12":"shipping-taxable","13":"purchasable","14":"product-type-simple"},"yoast_head":"<!-- This site is optimized with the Yoast SEO plugin v27.2 - https:\/\/yoast.com\/product\/yoast-seo-wordpress\/ -->\n<title>Cr\u00e8me Lifting Visage Et Cou | Minoan Life<\/title>\n<meta name=\"robots\" content=\"index, follow, max-snippet:-1, max-image-preview:large, max-video-preview:-1\" \/>\n<link rel=\"canonical\" href=\"https:\/\/www.minoanlife.com\/fr\/eshop\/creme-lifting-visage-et-cou\/\" \/>\n<meta property=\"og:locale\" content=\"fr_FR\" \/>\n<meta property=\"og:type\" content=\"article\" \/>\n<meta property=\"og:title\" content=\"Cr\u00e8me Lifting Visage Et Cou | Minoan Life\" \/>\n<meta property=\"og:description\" content=\"\u00e0 l\u2019huile d\u2019olive et gel\u00e9e royale\" \/>\n<meta property=\"og:url\" content=\"https:\/\/www.minoanlife.com\/fr\/eshop\/creme-lifting-visage-et-cou\/\" \/>\n<meta property=\"og:site_name\" content=\"Minoan Life\" \/>\n<meta property=\"article:modified_time\" content=\"2021-02-15T10:05:46+00:00\" \/>\n<meta property=\"og:image\" content=\"https:\/\/www.minoanlife.com\/wp-content\/uploads\/face_and_neck_lifting_cream_minoanlife.jpg\" \/>\n\t<meta property=\"og:image:width\" content=\"600\" \/>\n\t<meta property=\"og:image:height\" content=\"600\" \/>\n\t<meta property=\"og:image:type\" content=\"image\/jpeg\" \/>\n<meta name=\"twitter:label1\" content=\"Dur\u00e9e de lecture estim\u00e9e\" \/>\n\t<meta name=\"twitter:data1\" content=\"1 minute\" \/>\n<script type=\"application\/ld+json\" class=\"yoast-schema-graph\">{\"@context\":\"https:\/\/schema.org\",\"@graph\":[{\"@type\":\"WebPage\",\"@id\":\"https:\/\/www.minoanlife.com\/fr\/eshop\/creme-lifting-visage-et-cou\/\",\"url\":\"https:\/\/www.minoanlife.com\/fr\/eshop\/creme-lifting-visage-et-cou\/\",\"name\":\"Cr\u00e8me Lifting Visage Et Cou | Minoan Life\",\"isPartOf\":{\"@id\":\"https:\/\/www.minoanlife.com\/fr\/#website\"},\"primaryImageOfPage\":{\"@id\":\"https:\/\/www.minoanlife.com\/fr\/eshop\/creme-lifting-visage-et-cou\/#primaryimage\"},\"image\":{\"@id\":\"https:\/\/www.minoanlife.com\/fr\/eshop\/creme-lifting-visage-et-cou\/#primaryimage\"},\"thumbnailUrl\":\"https:\/\/www.minoanlife.com\/wp-content\/uploads\/face_and_neck_lifting_cream_minoanlife.jpg\",\"datePublished\":\"2018-03-23T17:28:15+00:00\",\"dateModified\":\"2021-02-15T10:05:46+00:00\",\"breadcrumb\":{\"@id\":\"https:\/\/www.minoanlife.com\/fr\/eshop\/creme-lifting-visage-et-cou\/#breadcrumb\"},\"inLanguage\":\"fr-FR\",\"potentialAction\":[{\"@type\":\"ReadAction\",\"target\":[\"https:\/\/www.minoanlife.com\/fr\/eshop\/creme-lifting-visage-et-cou\/\"]}]},{\"@type\":\"ImageObject\",\"inLanguage\":\"fr-FR\",\"@id\":\"https:\/\/www.minoanlife.com\/fr\/eshop\/creme-lifting-visage-et-cou\/#primaryimage\",\"url\":\"https:\/\/www.minoanlife.com\/wp-content\/uploads\/face_and_neck_lifting_cream_minoanlife.jpg\",\"contentUrl\":\"https:\/\/www.minoanlife.com\/wp-content\/uploads\/face_and_neck_lifting_cream_minoanlife.jpg\",\"width\":600,\"height\":600,\"caption\":\"face_and_neck_lifting_cream_minoanlife\"},{\"@type\":\"BreadcrumbList\",\"@id\":\"https:\/\/www.minoanlife.com\/fr\/eshop\/creme-lifting-visage-et-cou\/#breadcrumb\",\"itemListElement\":[{\"@type\":\"ListItem\",\"position\":1,\"name\":\"Home\",\"item\":\"https:\/\/www.minoanlife.com\/fr\/\"},{\"@type\":\"ListItem\",\"position\":2,\"name\":\"Eshop\",\"item\":\"https:\/\/www.minoanlife.com\/fr\/eshop\/\"},{\"@type\":\"ListItem\",\"position\":3,\"name\":\"Cr\u00e8me Lifting Visage Et Cou\"}]},{\"@type\":\"WebSite\",\"@id\":\"https:\/\/www.minoanlife.com\/fr\/#website\",\"url\":\"https:\/\/www.minoanlife.com\/fr\/\",\"name\":\"Minoan Life\",\"description\":\"\",\"potentialAction\":[{\"@type\":\"SearchAction\",\"target\":{\"@type\":\"EntryPoint\",\"urlTemplate\":\"https:\/\/www.minoanlife.com\/fr\/?s={search_term_string}\"},\"query-input\":{\"@type\":\"PropertyValueSpecification\",\"valueRequired\":true,\"valueName\":\"search_term_string\"}}],\"inLanguage\":\"fr-FR\"}]}<\/script>\n<!-- \/ Yoast SEO plugin. -->","yoast_head_json":{"title":"Cr\u00e8me Lifting Visage Et Cou | Minoan Life","robots":{"index":"index","follow":"follow","max-snippet":"max-snippet:-1","max-image-preview":"max-image-preview:large","max-video-preview":"max-video-preview:-1"},"canonical":"https:\/\/www.minoanlife.com\/fr\/eshop\/creme-lifting-visage-et-cou\/","og_locale":"fr_FR","og_type":"article","og_title":"Cr\u00e8me Lifting Visage Et Cou | Minoan Life","og_description":"\u00e0 l\u2019huile d\u2019olive et gel\u00e9e royale","og_url":"https:\/\/www.minoanlife.com\/fr\/eshop\/creme-lifting-visage-et-cou\/","og_site_name":"Minoan Life","article_modified_time":"2021-02-15T10:05:46+00:00","og_image":[{"width":600,"height":600,"url":"https:\/\/www.minoanlife.com\/wp-content\/uploads\/face_and_neck_lifting_cream_minoanlife.jpg","type":"image\/jpeg"}],"twitter_misc":{"Dur\u00e9e de lecture estim\u00e9e":"1 minute"},"schema":{"@context":"https:\/\/schema.org","@graph":[{"@type":"WebPage","@id":"https:\/\/www.minoanlife.com\/fr\/eshop\/creme-lifting-visage-et-cou\/","url":"https:\/\/www.minoanlife.com\/fr\/eshop\/creme-lifting-visage-et-cou\/","name":"Cr\u00e8me Lifting Visage Et Cou | Minoan Life","isPartOf":{"@id":"https:\/\/www.minoanlife.com\/fr\/#website"},"primaryImageOfPage":{"@id":"https:\/\/www.minoanlife.com\/fr\/eshop\/creme-lifting-visage-et-cou\/#primaryimage"},"image":{"@id":"https:\/\/www.minoanlife.com\/fr\/eshop\/creme-lifting-visage-et-cou\/#primaryimage"},"thumbnailUrl":"https:\/\/www.minoanlife.com\/wp-content\/uploads\/face_and_neck_lifting_cream_minoanlife.jpg","datePublished":"2018-03-23T17:28:15+00:00","dateModified":"2021-02-15T10:05:46+00:00","breadcrumb":{"@id":"https:\/\/www.minoanlife.com\/fr\/eshop\/creme-lifting-visage-et-cou\/#breadcrumb"},"inLanguage":"fr-FR","potentialAction":[{"@type":"ReadAction","target":["https:\/\/www.minoanlife.com\/fr\/eshop\/creme-lifting-visage-et-cou\/"]}]},{"@type":"ImageObject","inLanguage":"fr-FR","@id":"https:\/\/www.minoanlife.com\/fr\/eshop\/creme-lifting-visage-et-cou\/#primaryimage","url":"https:\/\/www.minoanlife.com\/wp-content\/uploads\/face_and_neck_lifting_cream_minoanlife.jpg","contentUrl":"https:\/\/www.minoanlife.com\/wp-content\/uploads\/face_and_neck_lifting_cream_minoanlife.jpg","width":600,"height":600,"caption":"face_and_neck_lifting_cream_minoanlife"},{"@type":"BreadcrumbList","@id":"https:\/\/www.minoanlife.com\/fr\/eshop\/creme-lifting-visage-et-cou\/#breadcrumb","itemListElement":[{"@type":"ListItem","position":1,"name":"Home","item":"https:\/\/www.minoanlife.com\/fr\/"},{"@type":"ListItem","position":2,"name":"Eshop","item":"https:\/\/www.minoanlife.com\/fr\/eshop\/"},{"@type":"ListItem","position":3,"name":"Cr\u00e8me Lifting Visage Et Cou"}]},{"@type":"WebSite","@id":"https:\/\/www.minoanlife.com\/fr\/#website","url":"https:\/\/www.minoanlife.com\/fr\/","name":"Minoan Life","description":"","potentialAction":[{"@type":"SearchAction","target":{"@type":"EntryPoint","urlTemplate":"https:\/\/www.minoanlife.com\/fr\/?s={search_term_string}"},"query-input":{"@type":"PropertyValueSpecification","valueRequired":true,"valueName":"search_term_string"}}],"inLanguage":"fr-FR"}]}},"_links":{"self":[{"href":"https:\/\/www.minoanlife.com\/fr\/wp-json\/wp\/v2\/product\/21098","targetHints":{"allow":["GET"]}}],"collection":[{"href":"https:\/\/www.minoanlife.com\/fr\/wp-json\/wp\/v2\/product"}],"about":[{"href":"https:\/\/www.minoanlife.com\/fr\/wp-json\/wp\/v2\/types\/product"}],"replies":[{"embeddable":true,"href":"https:\/\/www.minoanlife.com\/fr\/wp-json\/wp\/v2\/comments?post=21098"}],"wp:featuredmedia":[{"embeddable":true,"href":"https:\/\/www.minoanlife.com\/fr\/wp-json\/wp\/v2\/media\/23675"}],"wp:attachment":[{"href":"https:\/\/www.minoanlife.com\/fr\/wp-json\/wp\/v2\/media?parent=21098"}],"wp:term":[{"taxonomy":"product_brand","embeddable":true,"href":"https:\/\/www.minoanlife.com\/fr\/wp-json\/wp\/v2\/product_brand?post=21098"},{"taxonomy":"product_cat","embeddable":true,"href":"https:\/\/www.minoanlife.com\/fr\/wp-json\/wp\/v2\/product_cat?post=21098"},{"taxonomy":"product_tag","embeddable":true,"href":"https:\/\/www.minoanlife.com\/fr\/wp-json\/wp\/v2\/product_tag?post=21098"}],"curies":[{"name":"wp","href":"https:\/\/api.w.org\/{rel}","templated":true}]}}