{"id":18720,"date":"2017-04-07T12:26:34","date_gmt":"2017-04-07T12:26:34","guid":{"rendered":"https:\/\/www.minoanlife.com\/eshop\/mini-beauty-kit-creme-pour-les-mains-creme-pieds-beurre-corporel\/"},"modified":"2021-01-12T12:23:19","modified_gmt":"2021-01-12T12:23:19","slug":"mini-beauty-kit-creme-pour-les-mains-creme-pieds-beurre-corporel","status":"publish","type":"product","link":"https:\/\/www.minoanlife.com\/fr\/eshop\/mini-beauty-kit-creme-pour-les-mains-creme-pieds-beurre-corporel\/","title":{"rendered":"Mini Beauty Kit: Cr\u00e8me Pour Les Mains, Cr\u00e8me Pieds &amp; Beurre Corporel"},"content":{"rendered":"<p><strong>Mini Beauty Kit: Cr\u00e8me Pour Les Mains, Cr\u00e8me Pieds &amp; Beurre Corporel<\/strong><\/p>\n<ul>\n<li><strong>Cr\u00e8me Pour Les Mains<\/strong><\/li>\n<\/ul>\n<p>La cr\u00e8me pour les mains contenant des extraits de fenouil et de dictame est formul\u00e9e \u00e0 base d\u2019un syst\u00e8me d\u2019\u00e9mulsifiants d\u00e9riv\u00e9s de l\u2019huile d\u2019olive. Elle contient du beurre de karit\u00e9 et des extraits de noyaux d\u2019olive qui nourrissent l\u2019\u00e9piderme sans laisser de sensation graisseuse d\u00e9sagr\u00e9able. La combinaison de l\u2019huile d\u2019olive avec les insaponifiables de l\u2019huile d\u2019avocat, hydratent et tonifient l\u2019\u00e9piderme des mains. Enfin, le jus d\u2019alo\u00e8s en combinaison avec des extraits de fenouil et dictame, offrent l\u2019hydratation et une protection antioxydante.<\/p>\n<p><strong>Mode d\u2019emploi :<\/strong>\u00a0Appliquez la cr\u00e8me quotidiennement en massant doucement. Id\u00e9al \u00e0 utiliser apr\u00e8s chaque contact des mains avec de l\u2019eau.<\/p>\n<ul>\n<li><strong>Cr\u00e8me Pieds\u00a0<\/strong><\/li>\n<\/ul>\n<p>Cr\u00e8me de soin des pieds aux extraits de cypr\u00e8s et de huiles essentiels de menthe. Elle soulage et rafraichit les pieds fatigu\u00e9es ou gonfl\u00e9es , ce qui donne une sensation de relaxation. Ses huiles v\u00e9g\u00e9tales contenant offrent d&#8217;hydratation riche et nourrissent la peau d\u00e9shydrat\u00e9.<\/p>\n<p><strong>Mode d\u2019emploi:<\/strong>\u00a0Appliquez une petite quantit\u00e9 et massez par des mouvements circulaires aux pieds et aux jambes.<\/p>\n<ul>\n<li><strong>Beurre Corporel<\/strong><\/li>\n<\/ul>\n<p>Le beurre corporel \u00e0 base d\u2019extraits de fenouil et de dictame contient des beurres v\u00e9g\u00e9taux et des huiles v\u00e9g\u00e9tales qui hydratent et nourrissent l\u2019\u00e9piderme. L\u2019huile d\u2019olive combin\u00e9e avec de l\u2019huile d\u2019avocat et de ses insaponifiables prot\u00e8gent l\u2019\u00e9piderme du dess\u00e9chement, tandis que les beurres de karit\u00e9 et l\u2019huile d\u2019olive nourrissent la peau sans laisser de sensation graisseuse d\u00e9sagr\u00e9able. Enfin, le jus d\u2019alo\u00e8s en combinaison avec les extraits de fenouil et de dictame, offrent l\u2019hydratation et une protection antioxydante.<\/p>\n<p><strong>Mode d\u2019emploi:<\/strong> Appliquez le beurre sur une peau au sec et proc\u00e9dez \u00e0 un l\u00e9ger massage. Utilisez le beurre aussi souvent que vous le souhaitez.<\/p>\n","protected":false},"excerpt":{"rendered":"<p>Mini Beauty Kit: Cr\u00e8me Pour Les Mains, Cr\u00e8me Pieds &amp; Beurre Corporel Cr\u00e8me Pour Les Mains La cr\u00e8me pour les mains contenant des extraits de fenouil et de dictame est formul\u00e9e \u00e0 base d\u2019un syst\u00e8me d\u2019\u00e9mulsifiants d\u00e9riv\u00e9s de l\u2019huile d\u2019olive. Elle contient du beurre de karit\u00e9 et des extraits de&#8230;<\/p>\n","protected":false},"featured_media":18992,"comment_status":"open","ping_status":"closed","template":"","meta":[],"product_brand":[],"product_cat":[68,876],"product_tag":[1735,1731],"class_list":{"0":"post-18720","1":"product","2":"type-product","3":"status-publish","4":"has-post-thumbnail","6":"product_cat-olive-beauty-medi-care-fr","7":"product_cat-soins-corps","8":"product_tag-articles_taille_voyage","9":"product_tag-beauty_kit-fr","10":"brand-olive-beauty-medi-care-brand-fr","12":"first","13":"instock","14":"taxable","15":"shipping-taxable","16":"purchasable","17":"product-type-simple"},"yoast_head":"<!-- This site is optimized with the Yoast SEO plugin v27.2 - https:\/\/yoast.com\/product\/yoast-seo-wordpress\/ -->\n<title>Mini Beauty Kit: Cr\u00e8me Pour Les Mains, Cr\u00e8me Pieds &amp; Beurre Corporel | Minoan Life<\/title>\n<meta name=\"description\" content=\"Cr\u00e8me Pour Les Mains (Olive Et Raisin), Cr\u00e8me Pieds (Olive, Cypress Et Menthe) &amp; Beurre Corporel (Olive, Avocat, Dictame &amp; Fenouil)\" \/>\n<meta name=\"robots\" content=\"index, follow, max-snippet:-1, max-image-preview:large, max-video-preview:-1\" \/>\n<link rel=\"canonical\" href=\"https:\/\/www.minoanlife.com\/fr\/eshop\/mini-beauty-kit-creme-pour-les-mains-creme-pieds-beurre-corporel\/\" \/>\n<meta property=\"og:locale\" content=\"fr_FR\" \/>\n<meta property=\"og:type\" content=\"article\" \/>\n<meta property=\"og:title\" content=\"Mini Beauty Kit: Cr\u00e8me Pour Les Mains, Cr\u00e8me Pieds &amp; Beurre Corporel | Minoan Life\" \/>\n<meta property=\"og:description\" content=\"Cr\u00e8me Pour Les Mains (Olive Et Raisin), Cr\u00e8me Pieds (Olive, Cypress Et Menthe) &amp; Beurre Corporel (Olive, Avocat, Dictame &amp; Fenouil)\" \/>\n<meta property=\"og:url\" content=\"https:\/\/www.minoanlife.com\/fr\/eshop\/mini-beauty-kit-creme-pour-les-mains-creme-pieds-beurre-corporel\/\" \/>\n<meta property=\"og:site_name\" content=\"Minoan Life\" \/>\n<meta property=\"article:modified_time\" content=\"2021-01-12T12:23:19+00:00\" \/>\n<meta property=\"og:image\" content=\"https:\/\/www.minoanlife.com\/wp-content\/uploads\/23088.png\" \/>\n\t<meta property=\"og:image:width\" content=\"600\" \/>\n\t<meta property=\"og:image:height\" content=\"600\" \/>\n\t<meta property=\"og:image:type\" content=\"image\/png\" \/>\n<meta name=\"twitter:label1\" content=\"Dur\u00e9e de lecture estim\u00e9e\" \/>\n\t<meta name=\"twitter:data1\" content=\"2 minutes\" \/>\n<script type=\"application\/ld+json\" class=\"yoast-schema-graph\">{\"@context\":\"https:\/\/schema.org\",\"@graph\":[{\"@type\":\"WebPage\",\"@id\":\"https:\/\/www.minoanlife.com\/fr\/eshop\/mini-beauty-kit-creme-pour-les-mains-creme-pieds-beurre-corporel\/\",\"url\":\"https:\/\/www.minoanlife.com\/fr\/eshop\/mini-beauty-kit-creme-pour-les-mains-creme-pieds-beurre-corporel\/\",\"name\":\"Mini Beauty Kit: Cr\u00e8me Pour Les Mains, Cr\u00e8me Pieds &amp; Beurre Corporel | Minoan Life\",\"isPartOf\":{\"@id\":\"https:\/\/www.minoanlife.com\/fr\/#website\"},\"primaryImageOfPage\":{\"@id\":\"https:\/\/www.minoanlife.com\/fr\/eshop\/mini-beauty-kit-creme-pour-les-mains-creme-pieds-beurre-corporel\/#primaryimage\"},\"image\":{\"@id\":\"https:\/\/www.minoanlife.com\/fr\/eshop\/mini-beauty-kit-creme-pour-les-mains-creme-pieds-beurre-corporel\/#primaryimage\"},\"thumbnailUrl\":\"https:\/\/www.minoanlife.com\/wp-content\/uploads\/23088.png\",\"datePublished\":\"2017-04-07T12:26:34+00:00\",\"dateModified\":\"2021-01-12T12:23:19+00:00\",\"description\":\"Cr\u00e8me Pour Les Mains (Olive Et Raisin), Cr\u00e8me Pieds (Olive, Cypress Et Menthe) & Beurre Corporel (Olive, Avocat, Dictame & Fenouil)\",\"breadcrumb\":{\"@id\":\"https:\/\/www.minoanlife.com\/fr\/eshop\/mini-beauty-kit-creme-pour-les-mains-creme-pieds-beurre-corporel\/#breadcrumb\"},\"inLanguage\":\"fr-FR\",\"potentialAction\":[{\"@type\":\"ReadAction\",\"target\":[\"https:\/\/www.minoanlife.com\/fr\/eshop\/mini-beauty-kit-creme-pour-les-mains-creme-pieds-beurre-corporel\/\"]}]},{\"@type\":\"ImageObject\",\"inLanguage\":\"fr-FR\",\"@id\":\"https:\/\/www.minoanlife.com\/fr\/eshop\/mini-beauty-kit-creme-pour-les-mains-creme-pieds-beurre-corporel\/#primaryimage\",\"url\":\"https:\/\/www.minoanlife.com\/wp-content\/uploads\/23088.png\",\"contentUrl\":\"https:\/\/www.minoanlife.com\/wp-content\/uploads\/23088.png\",\"width\":600,\"height\":600},{\"@type\":\"BreadcrumbList\",\"@id\":\"https:\/\/www.minoanlife.com\/fr\/eshop\/mini-beauty-kit-creme-pour-les-mains-creme-pieds-beurre-corporel\/#breadcrumb\",\"itemListElement\":[{\"@type\":\"ListItem\",\"position\":1,\"name\":\"Home\",\"item\":\"https:\/\/www.minoanlife.com\/fr\/\"},{\"@type\":\"ListItem\",\"position\":2,\"name\":\"Eshop\",\"item\":\"https:\/\/www.minoanlife.com\/fr\/eshop\/\"},{\"@type\":\"ListItem\",\"position\":3,\"name\":\"Mini Beauty Kit: Cr\u00e8me Pour Les Mains, Cr\u00e8me Pieds &amp; Beurre Corporel\"}]},{\"@type\":\"WebSite\",\"@id\":\"https:\/\/www.minoanlife.com\/fr\/#website\",\"url\":\"https:\/\/www.minoanlife.com\/fr\/\",\"name\":\"Minoan Life\",\"description\":\"\",\"potentialAction\":[{\"@type\":\"SearchAction\",\"target\":{\"@type\":\"EntryPoint\",\"urlTemplate\":\"https:\/\/www.minoanlife.com\/fr\/?s={search_term_string}\"},\"query-input\":{\"@type\":\"PropertyValueSpecification\",\"valueRequired\":true,\"valueName\":\"search_term_string\"}}],\"inLanguage\":\"fr-FR\"}]}<\/script>\n<!-- \/ Yoast SEO plugin. -->","yoast_head_json":{"title":"Mini Beauty Kit: Cr\u00e8me Pour Les Mains, Cr\u00e8me Pieds &amp; Beurre Corporel | Minoan Life","description":"Cr\u00e8me Pour Les Mains (Olive Et Raisin), Cr\u00e8me Pieds (Olive, Cypress Et Menthe) & Beurre Corporel (Olive, Avocat, Dictame & Fenouil)","robots":{"index":"index","follow":"follow","max-snippet":"max-snippet:-1","max-image-preview":"max-image-preview:large","max-video-preview":"max-video-preview:-1"},"canonical":"https:\/\/www.minoanlife.com\/fr\/eshop\/mini-beauty-kit-creme-pour-les-mains-creme-pieds-beurre-corporel\/","og_locale":"fr_FR","og_type":"article","og_title":"Mini Beauty Kit: Cr\u00e8me Pour Les Mains, Cr\u00e8me Pieds &amp; Beurre Corporel | Minoan Life","og_description":"Cr\u00e8me Pour Les Mains (Olive Et Raisin), Cr\u00e8me Pieds (Olive, Cypress Et Menthe) & Beurre Corporel (Olive, Avocat, Dictame & Fenouil)","og_url":"https:\/\/www.minoanlife.com\/fr\/eshop\/mini-beauty-kit-creme-pour-les-mains-creme-pieds-beurre-corporel\/","og_site_name":"Minoan Life","article_modified_time":"2021-01-12T12:23:19+00:00","og_image":[{"width":600,"height":600,"url":"https:\/\/www.minoanlife.com\/wp-content\/uploads\/23088.png","type":"image\/png"}],"twitter_misc":{"Dur\u00e9e de lecture estim\u00e9e":"2 minutes"},"schema":{"@context":"https:\/\/schema.org","@graph":[{"@type":"WebPage","@id":"https:\/\/www.minoanlife.com\/fr\/eshop\/mini-beauty-kit-creme-pour-les-mains-creme-pieds-beurre-corporel\/","url":"https:\/\/www.minoanlife.com\/fr\/eshop\/mini-beauty-kit-creme-pour-les-mains-creme-pieds-beurre-corporel\/","name":"Mini Beauty Kit: Cr\u00e8me Pour Les Mains, Cr\u00e8me Pieds &amp; Beurre Corporel | Minoan Life","isPartOf":{"@id":"https:\/\/www.minoanlife.com\/fr\/#website"},"primaryImageOfPage":{"@id":"https:\/\/www.minoanlife.com\/fr\/eshop\/mini-beauty-kit-creme-pour-les-mains-creme-pieds-beurre-corporel\/#primaryimage"},"image":{"@id":"https:\/\/www.minoanlife.com\/fr\/eshop\/mini-beauty-kit-creme-pour-les-mains-creme-pieds-beurre-corporel\/#primaryimage"},"thumbnailUrl":"https:\/\/www.minoanlife.com\/wp-content\/uploads\/23088.png","datePublished":"2017-04-07T12:26:34+00:00","dateModified":"2021-01-12T12:23:19+00:00","description":"Cr\u00e8me Pour Les Mains (Olive Et Raisin), Cr\u00e8me Pieds (Olive, Cypress Et Menthe) & Beurre Corporel (Olive, Avocat, Dictame & Fenouil)","breadcrumb":{"@id":"https:\/\/www.minoanlife.com\/fr\/eshop\/mini-beauty-kit-creme-pour-les-mains-creme-pieds-beurre-corporel\/#breadcrumb"},"inLanguage":"fr-FR","potentialAction":[{"@type":"ReadAction","target":["https:\/\/www.minoanlife.com\/fr\/eshop\/mini-beauty-kit-creme-pour-les-mains-creme-pieds-beurre-corporel\/"]}]},{"@type":"ImageObject","inLanguage":"fr-FR","@id":"https:\/\/www.minoanlife.com\/fr\/eshop\/mini-beauty-kit-creme-pour-les-mains-creme-pieds-beurre-corporel\/#primaryimage","url":"https:\/\/www.minoanlife.com\/wp-content\/uploads\/23088.png","contentUrl":"https:\/\/www.minoanlife.com\/wp-content\/uploads\/23088.png","width":600,"height":600},{"@type":"BreadcrumbList","@id":"https:\/\/www.minoanlife.com\/fr\/eshop\/mini-beauty-kit-creme-pour-les-mains-creme-pieds-beurre-corporel\/#breadcrumb","itemListElement":[{"@type":"ListItem","position":1,"name":"Home","item":"https:\/\/www.minoanlife.com\/fr\/"},{"@type":"ListItem","position":2,"name":"Eshop","item":"https:\/\/www.minoanlife.com\/fr\/eshop\/"},{"@type":"ListItem","position":3,"name":"Mini Beauty Kit: Cr\u00e8me Pour Les Mains, Cr\u00e8me Pieds &amp; Beurre Corporel"}]},{"@type":"WebSite","@id":"https:\/\/www.minoanlife.com\/fr\/#website","url":"https:\/\/www.minoanlife.com\/fr\/","name":"Minoan Life","description":"","potentialAction":[{"@type":"SearchAction","target":{"@type":"EntryPoint","urlTemplate":"https:\/\/www.minoanlife.com\/fr\/?s={search_term_string}"},"query-input":{"@type":"PropertyValueSpecification","valueRequired":true,"valueName":"search_term_string"}}],"inLanguage":"fr-FR"}]}},"_links":{"self":[{"href":"https:\/\/www.minoanlife.com\/fr\/wp-json\/wp\/v2\/product\/18720","targetHints":{"allow":["GET"]}}],"collection":[{"href":"https:\/\/www.minoanlife.com\/fr\/wp-json\/wp\/v2\/product"}],"about":[{"href":"https:\/\/www.minoanlife.com\/fr\/wp-json\/wp\/v2\/types\/product"}],"replies":[{"embeddable":true,"href":"https:\/\/www.minoanlife.com\/fr\/wp-json\/wp\/v2\/comments?post=18720"}],"wp:featuredmedia":[{"embeddable":true,"href":"https:\/\/www.minoanlife.com\/fr\/wp-json\/wp\/v2\/media\/18992"}],"wp:attachment":[{"href":"https:\/\/www.minoanlife.com\/fr\/wp-json\/wp\/v2\/media?parent=18720"}],"wp:term":[{"taxonomy":"product_brand","embeddable":true,"href":"https:\/\/www.minoanlife.com\/fr\/wp-json\/wp\/v2\/product_brand?post=18720"},{"taxonomy":"product_cat","embeddable":true,"href":"https:\/\/www.minoanlife.com\/fr\/wp-json\/wp\/v2\/product_cat?post=18720"},{"taxonomy":"product_tag","embeddable":true,"href":"https:\/\/www.minoanlife.com\/fr\/wp-json\/wp\/v2\/product_tag?post=18720"}],"curies":[{"name":"wp","href":"https:\/\/api.w.org\/{rel}","templated":true}]}}