{"id":18714,"date":"2017-04-07T12:27:23","date_gmt":"2017-04-07T12:27:23","guid":{"rendered":"https:\/\/www.minoanlife.com\/eshop\/mini-beauty-kit-24h-creme-de-visage-creme-pour-les-mains-lait-corporel-21-free\/"},"modified":"2021-01-12T12:54:54","modified_gmt":"2021-01-12T12:54:54","slug":"mini-beauty-kit-24h-creme-de-visage-creme-pour-les-mains-lait-corporel-21-free","status":"publish","type":"product","link":"https:\/\/www.minoanlife.com\/fr\/eshop\/mini-beauty-kit-24h-creme-de-visage-creme-pour-les-mains-lait-corporel-21-free\/","title":{"rendered":"Mini Beauty Kit: 24h Cr\u00e8me De Visage, Cr\u00e8me Pour Les Mains &amp; Lait Corporel (2+1 Free)"},"content":{"rendered":"<p><strong>Mini Beauty Kit: 24h Cr\u00e8me De Visage, Cr\u00e8me Pour Les Mains &amp; Lait Corporel (2+1 Free)<\/strong><\/p>\n<ul>\n<li><strong>24h Cr\u00e8me De Visage<\/strong><\/li>\n<\/ul>\n<p>Cr\u00e8me de visage en huile d\u2019olive, huile d\u2019avocat et extraits de criste\u00a0marine et d\u2019artichaut, enrichis en ingr\u00e9dients antioxydants (polyph\u00e9nols) qui luttent contre le vieillissement de la peau et micronutriments essentiels qui nourrissent et donnent de brillance. Sa synth\u00e8se riche hydrate la peau et permet une \u00e9lasticit\u00e9.<\/p>\n<p><strong>Mode d\u2019emploi :<\/strong>\u00a0Appliquez la cr\u00e8me le matin et la nuit par des mouvements circulaires sur la peau du visage et du cou jusqu\u2019 \u00e0 absorption compl\u00e8te.<\/p>\n<ul>\n<li><strong>Cr\u00e8me Pour Les Mains\u00a0<\/strong><\/li>\n<\/ul>\n<p>La cr\u00e8me pour les mains contenant des extraits de fenouil et de dictame est formul\u00e9e \u00e0 base d\u2019un syst\u00e8me d\u2019\u00e9mulsifiants d\u00e9riv\u00e9s de l\u2019huile d\u2019olive. Elle contient du beurre de karit\u00e9 et des extraits de noyaux d\u2019olive qui nourrissent l\u2019\u00e9piderme sans laisser de sensation graisseuse d\u00e9sagr\u00e9able. La combinaison de l\u2019huile d\u2019olive avec les insaponifiables de l\u2019huile d\u2019avocat, hydratent et tonifient l\u2019\u00e9piderme des mains. Enfin, le jus d\u2019alo\u00e8s en combinaison avec des extraits de fenouil et dictame, offrent l\u2019hydratation et une protection antioxydante.<\/p>\n<p><strong>Mode d\u2019emploi :<\/strong>\u00a0Appliquez la cr\u00e8me quotidiennement en massant doucement. Id\u00e9al \u00e0 utiliser apr\u00e8s chaque contact des mains avec de l\u2019eau.<\/p>\n<ul>\n<li><strong>Lait Corporel<\/strong><\/li>\n<\/ul>\n<p>Le lait corporel \u00e0 base d\u2019extraits de fenouil et de dictame contient des beurres v\u00e9g\u00e9taux et des huiles v\u00e9g\u00e9tales qui hydratent et nourrissent l\u2019\u00e9piderme. L\u2019huile de p\u00e9pins de raisin fournit une protection antioxydante puissante contre les agressions quotidiennes de l\u2019environnement auxquelles l\u2019\u00e9piderme est confront\u00e9. L\u2019huile d\u2019olive combin\u00e9e avec de l\u2019huile d\u2019avocat et le beurre de karit\u00e9 prot\u00e8gent la peau contre le dess\u00e8chement et la nourrissent sans laisser de sensation graisseuse d\u00e9sagr\u00e9able. Enfin, le jus d\u2019alo\u00e8s en combinaison avec les extraits de fenouil et de dictame, offrent l\u2019hydratation et une sensation de fra\u00eecheur toute la journ\u00e9e.<\/p>\n<p><strong>Mode d \u2018 emploi :<\/strong>\u00a0Appliquez une quantit\u00e9 sur l\u2019ensemble du corps et massez doucement jusqu\u2019 \u00e0 absorption compl\u00e8te. Id\u00e9al apr\u00e8s le bain.<\/p>\n","protected":false},"excerpt":{"rendered":"<p>Mini Beauty Kit: 24h Cr\u00e8me De Visage, Cr\u00e8me Pour Les Mains &amp; Lait Corporel (2+1 Free) 24h Cr\u00e8me De Visage Cr\u00e8me de visage en huile d\u2019olive, huile d\u2019avocat et extraits de criste\u00a0marine et d\u2019artichaut, enrichis en ingr\u00e9dients antioxydants (polyph\u00e9nols) qui luttent contre le vieillissement de la peau et micronutriments essentiels&#8230;<\/p>\n","protected":false},"featured_media":18982,"comment_status":"open","ping_status":"closed","template":"","meta":[],"product_brand":[],"product_cat":[68,876,879],"product_tag":[1735,1731],"class_list":{"0":"post-18714","1":"product","2":"type-product","3":"status-publish","4":"has-post-thumbnail","6":"product_cat-olive-beauty-medi-care-fr","7":"product_cat-soins-corps","8":"product_cat-soins-visage","9":"product_tag-articles_taille_voyage","10":"product_tag-beauty_kit-fr","11":"brand-olive-beauty-medi-care-brand-fr","13":"first","14":"outofstock","15":"taxable","16":"shipping-taxable","17":"purchasable","18":"product-type-simple"},"yoast_head":"<!-- This site is optimized with the Yoast SEO plugin v27.2 - https:\/\/yoast.com\/product\/yoast-seo-wordpress\/ -->\n<title>Mini Beauty Kit: 24h Cr\u00e8me De Visage, Cr\u00e8me Pour Les Mains &amp; Lait Corporel (2+1 Free) | Minoan Life<\/title>\n<meta name=\"description\" content=\"24h Cr\u00e8me De Visage (Olive, Criste Marine &amp; Artichaut), Cr\u00e8me Pour Les Mains (Olive Et Raisin) &amp; Lait Corporel (Olive, Jus D\u2019Alo\u00e8s, Extraits De Dictame &amp; Fenouil)\" \/>\n<meta name=\"robots\" content=\"index, follow, max-snippet:-1, max-image-preview:large, max-video-preview:-1\" \/>\n<link rel=\"canonical\" href=\"https:\/\/www.minoanlife.com\/fr\/eshop\/mini-beauty-kit-24h-creme-de-visage-creme-pour-les-mains-lait-corporel-21-free\/\" \/>\n<meta property=\"og:locale\" content=\"fr_FR\" \/>\n<meta property=\"og:type\" content=\"article\" \/>\n<meta property=\"og:title\" content=\"Mini Beauty Kit: 24h Cr\u00e8me De Visage, Cr\u00e8me Pour Les Mains &amp; Lait Corporel (2+1 Free) | Minoan Life\" \/>\n<meta property=\"og:description\" content=\"24h Cr\u00e8me De Visage (Olive, Criste Marine &amp; Artichaut), Cr\u00e8me Pour Les Mains (Olive Et Raisin) &amp; Lait Corporel (Olive, Jus D\u2019Alo\u00e8s, Extraits De Dictame &amp; Fenouil)\" \/>\n<meta property=\"og:url\" content=\"https:\/\/www.minoanlife.com\/fr\/eshop\/mini-beauty-kit-24h-creme-de-visage-creme-pour-les-mains-lait-corporel-21-free\/\" \/>\n<meta property=\"og:site_name\" content=\"Minoan Life\" \/>\n<meta property=\"article:modified_time\" content=\"2021-01-12T12:54:54+00:00\" \/>\n<meta property=\"og:image\" content=\"https:\/\/www.minoanlife.com\/wp-content\/uploads\/23093.png\" \/>\n\t<meta property=\"og:image:width\" content=\"600\" \/>\n\t<meta property=\"og:image:height\" content=\"600\" \/>\n\t<meta property=\"og:image:type\" content=\"image\/png\" \/>\n<meta name=\"twitter:label1\" content=\"Dur\u00e9e de lecture estim\u00e9e\" \/>\n\t<meta name=\"twitter:data1\" content=\"2 minutes\" \/>\n<script type=\"application\/ld+json\" class=\"yoast-schema-graph\">{\"@context\":\"https:\/\/schema.org\",\"@graph\":[{\"@type\":\"WebPage\",\"@id\":\"https:\/\/www.minoanlife.com\/fr\/eshop\/mini-beauty-kit-24h-creme-de-visage-creme-pour-les-mains-lait-corporel-21-free\/\",\"url\":\"https:\/\/www.minoanlife.com\/fr\/eshop\/mini-beauty-kit-24h-creme-de-visage-creme-pour-les-mains-lait-corporel-21-free\/\",\"name\":\"Mini Beauty Kit: 24h Cr\u00e8me De Visage, Cr\u00e8me Pour Les Mains &amp; Lait Corporel (2+1 Free) | Minoan Life\",\"isPartOf\":{\"@id\":\"https:\/\/www.minoanlife.com\/fr\/#website\"},\"primaryImageOfPage\":{\"@id\":\"https:\/\/www.minoanlife.com\/fr\/eshop\/mini-beauty-kit-24h-creme-de-visage-creme-pour-les-mains-lait-corporel-21-free\/#primaryimage\"},\"image\":{\"@id\":\"https:\/\/www.minoanlife.com\/fr\/eshop\/mini-beauty-kit-24h-creme-de-visage-creme-pour-les-mains-lait-corporel-21-free\/#primaryimage\"},\"thumbnailUrl\":\"https:\/\/www.minoanlife.com\/wp-content\/uploads\/23093.png\",\"datePublished\":\"2017-04-07T12:27:23+00:00\",\"dateModified\":\"2021-01-12T12:54:54+00:00\",\"description\":\"24h Cr\u00e8me De Visage (Olive, Criste Marine & Artichaut), Cr\u00e8me Pour Les Mains (Olive Et Raisin) & Lait Corporel (Olive, Jus D\u2019Alo\u00e8s, Extraits De Dictame & Fenouil)\",\"breadcrumb\":{\"@id\":\"https:\/\/www.minoanlife.com\/fr\/eshop\/mini-beauty-kit-24h-creme-de-visage-creme-pour-les-mains-lait-corporel-21-free\/#breadcrumb\"},\"inLanguage\":\"fr-FR\",\"potentialAction\":[{\"@type\":\"ReadAction\",\"target\":[\"https:\/\/www.minoanlife.com\/fr\/eshop\/mini-beauty-kit-24h-creme-de-visage-creme-pour-les-mains-lait-corporel-21-free\/\"]}]},{\"@type\":\"ImageObject\",\"inLanguage\":\"fr-FR\",\"@id\":\"https:\/\/www.minoanlife.com\/fr\/eshop\/mini-beauty-kit-24h-creme-de-visage-creme-pour-les-mains-lait-corporel-21-free\/#primaryimage\",\"url\":\"https:\/\/www.minoanlife.com\/wp-content\/uploads\/23093.png\",\"contentUrl\":\"https:\/\/www.minoanlife.com\/wp-content\/uploads\/23093.png\",\"width\":600,\"height\":600},{\"@type\":\"BreadcrumbList\",\"@id\":\"https:\/\/www.minoanlife.com\/fr\/eshop\/mini-beauty-kit-24h-creme-de-visage-creme-pour-les-mains-lait-corporel-21-free\/#breadcrumb\",\"itemListElement\":[{\"@type\":\"ListItem\",\"position\":1,\"name\":\"Home\",\"item\":\"https:\/\/www.minoanlife.com\/fr\/\"},{\"@type\":\"ListItem\",\"position\":2,\"name\":\"Eshop\",\"item\":\"https:\/\/www.minoanlife.com\/fr\/eshop\/\"},{\"@type\":\"ListItem\",\"position\":3,\"name\":\"Mini Beauty Kit: 24h Cr\u00e8me De Visage, Cr\u00e8me Pour Les Mains &amp; Lait Corporel (2+1 Free)\"}]},{\"@type\":\"WebSite\",\"@id\":\"https:\/\/www.minoanlife.com\/fr\/#website\",\"url\":\"https:\/\/www.minoanlife.com\/fr\/\",\"name\":\"Minoan Life\",\"description\":\"\",\"potentialAction\":[{\"@type\":\"SearchAction\",\"target\":{\"@type\":\"EntryPoint\",\"urlTemplate\":\"https:\/\/www.minoanlife.com\/fr\/?s={search_term_string}\"},\"query-input\":{\"@type\":\"PropertyValueSpecification\",\"valueRequired\":true,\"valueName\":\"search_term_string\"}}],\"inLanguage\":\"fr-FR\"}]}<\/script>\n<!-- \/ Yoast SEO plugin. -->","yoast_head_json":{"title":"Mini Beauty Kit: 24h Cr\u00e8me De Visage, Cr\u00e8me Pour Les Mains &amp; Lait Corporel (2+1 Free) | Minoan Life","description":"24h Cr\u00e8me De Visage (Olive, Criste Marine & Artichaut), Cr\u00e8me Pour Les Mains (Olive Et Raisin) & Lait Corporel (Olive, Jus D\u2019Alo\u00e8s, Extraits De Dictame & Fenouil)","robots":{"index":"index","follow":"follow","max-snippet":"max-snippet:-1","max-image-preview":"max-image-preview:large","max-video-preview":"max-video-preview:-1"},"canonical":"https:\/\/www.minoanlife.com\/fr\/eshop\/mini-beauty-kit-24h-creme-de-visage-creme-pour-les-mains-lait-corporel-21-free\/","og_locale":"fr_FR","og_type":"article","og_title":"Mini Beauty Kit: 24h Cr\u00e8me De Visage, Cr\u00e8me Pour Les Mains &amp; Lait Corporel (2+1 Free) | Minoan Life","og_description":"24h Cr\u00e8me De Visage (Olive, Criste Marine & Artichaut), Cr\u00e8me Pour Les Mains (Olive Et Raisin) & Lait Corporel (Olive, Jus D\u2019Alo\u00e8s, Extraits De Dictame & Fenouil)","og_url":"https:\/\/www.minoanlife.com\/fr\/eshop\/mini-beauty-kit-24h-creme-de-visage-creme-pour-les-mains-lait-corporel-21-free\/","og_site_name":"Minoan Life","article_modified_time":"2021-01-12T12:54:54+00:00","og_image":[{"width":600,"height":600,"url":"https:\/\/www.minoanlife.com\/wp-content\/uploads\/23093.png","type":"image\/png"}],"twitter_misc":{"Dur\u00e9e de lecture estim\u00e9e":"2 minutes"},"schema":{"@context":"https:\/\/schema.org","@graph":[{"@type":"WebPage","@id":"https:\/\/www.minoanlife.com\/fr\/eshop\/mini-beauty-kit-24h-creme-de-visage-creme-pour-les-mains-lait-corporel-21-free\/","url":"https:\/\/www.minoanlife.com\/fr\/eshop\/mini-beauty-kit-24h-creme-de-visage-creme-pour-les-mains-lait-corporel-21-free\/","name":"Mini Beauty Kit: 24h Cr\u00e8me De Visage, Cr\u00e8me Pour Les Mains &amp; Lait Corporel (2+1 Free) | Minoan Life","isPartOf":{"@id":"https:\/\/www.minoanlife.com\/fr\/#website"},"primaryImageOfPage":{"@id":"https:\/\/www.minoanlife.com\/fr\/eshop\/mini-beauty-kit-24h-creme-de-visage-creme-pour-les-mains-lait-corporel-21-free\/#primaryimage"},"image":{"@id":"https:\/\/www.minoanlife.com\/fr\/eshop\/mini-beauty-kit-24h-creme-de-visage-creme-pour-les-mains-lait-corporel-21-free\/#primaryimage"},"thumbnailUrl":"https:\/\/www.minoanlife.com\/wp-content\/uploads\/23093.png","datePublished":"2017-04-07T12:27:23+00:00","dateModified":"2021-01-12T12:54:54+00:00","description":"24h Cr\u00e8me De Visage (Olive, Criste Marine & Artichaut), Cr\u00e8me Pour Les Mains (Olive Et Raisin) & Lait Corporel (Olive, Jus D\u2019Alo\u00e8s, Extraits De Dictame & Fenouil)","breadcrumb":{"@id":"https:\/\/www.minoanlife.com\/fr\/eshop\/mini-beauty-kit-24h-creme-de-visage-creme-pour-les-mains-lait-corporel-21-free\/#breadcrumb"},"inLanguage":"fr-FR","potentialAction":[{"@type":"ReadAction","target":["https:\/\/www.minoanlife.com\/fr\/eshop\/mini-beauty-kit-24h-creme-de-visage-creme-pour-les-mains-lait-corporel-21-free\/"]}]},{"@type":"ImageObject","inLanguage":"fr-FR","@id":"https:\/\/www.minoanlife.com\/fr\/eshop\/mini-beauty-kit-24h-creme-de-visage-creme-pour-les-mains-lait-corporel-21-free\/#primaryimage","url":"https:\/\/www.minoanlife.com\/wp-content\/uploads\/23093.png","contentUrl":"https:\/\/www.minoanlife.com\/wp-content\/uploads\/23093.png","width":600,"height":600},{"@type":"BreadcrumbList","@id":"https:\/\/www.minoanlife.com\/fr\/eshop\/mini-beauty-kit-24h-creme-de-visage-creme-pour-les-mains-lait-corporel-21-free\/#breadcrumb","itemListElement":[{"@type":"ListItem","position":1,"name":"Home","item":"https:\/\/www.minoanlife.com\/fr\/"},{"@type":"ListItem","position":2,"name":"Eshop","item":"https:\/\/www.minoanlife.com\/fr\/eshop\/"},{"@type":"ListItem","position":3,"name":"Mini Beauty Kit: 24h Cr\u00e8me De Visage, Cr\u00e8me Pour Les Mains &amp; Lait Corporel (2+1 Free)"}]},{"@type":"WebSite","@id":"https:\/\/www.minoanlife.com\/fr\/#website","url":"https:\/\/www.minoanlife.com\/fr\/","name":"Minoan Life","description":"","potentialAction":[{"@type":"SearchAction","target":{"@type":"EntryPoint","urlTemplate":"https:\/\/www.minoanlife.com\/fr\/?s={search_term_string}"},"query-input":{"@type":"PropertyValueSpecification","valueRequired":true,"valueName":"search_term_string"}}],"inLanguage":"fr-FR"}]}},"_links":{"self":[{"href":"https:\/\/www.minoanlife.com\/fr\/wp-json\/wp\/v2\/product\/18714","targetHints":{"allow":["GET"]}}],"collection":[{"href":"https:\/\/www.minoanlife.com\/fr\/wp-json\/wp\/v2\/product"}],"about":[{"href":"https:\/\/www.minoanlife.com\/fr\/wp-json\/wp\/v2\/types\/product"}],"replies":[{"embeddable":true,"href":"https:\/\/www.minoanlife.com\/fr\/wp-json\/wp\/v2\/comments?post=18714"}],"wp:featuredmedia":[{"embeddable":true,"href":"https:\/\/www.minoanlife.com\/fr\/wp-json\/wp\/v2\/media\/18982"}],"wp:attachment":[{"href":"https:\/\/www.minoanlife.com\/fr\/wp-json\/wp\/v2\/media?parent=18714"}],"wp:term":[{"taxonomy":"product_brand","embeddable":true,"href":"https:\/\/www.minoanlife.com\/fr\/wp-json\/wp\/v2\/product_brand?post=18714"},{"taxonomy":"product_cat","embeddable":true,"href":"https:\/\/www.minoanlife.com\/fr\/wp-json\/wp\/v2\/product_cat?post=18714"},{"taxonomy":"product_tag","embeddable":true,"href":"https:\/\/www.minoanlife.com\/fr\/wp-json\/wp\/v2\/product_tag?post=18714"}],"curies":[{"name":"wp","href":"https:\/\/api.w.org\/{rel}","templated":true}]}}