{"id":15433,"date":"2015-02-16T14:56:08","date_gmt":"2016-03-09T12:19:47","guid":{"rendered":"https:\/\/www.minoanlife.com\/fr\/?post_type=product&#038;p=15433"},"modified":"2024-11-14T16:47:02","modified_gmt":"2024-11-14T16:47:02","slug":"beauty-kit-shampoing-balsamo-per-capelli-gel-douche","status":"publish","type":"product","link":"https:\/\/www.minoanlife.com\/fr\/eshop\/beauty-kit-shampoing-balsamo-per-capelli-gel-douche\/","title":{"rendered":"Beauty Kit: Shampoing, Balsamo Per Capelli, Gel Douche"},"content":{"rendered":"<p><strong>Beauty Kit: Shampoing, Balsamo Per Capelli, Gel Douche<\/strong><\/p>\n<ul>\n<li><strong>Shampoing<\/strong><\/li>\n<\/ul>\n<p>Shampooing doux aux extraits de la sauge et de l\u2019olivier avec des caract\u00e9ristiques antioxydants qui donnent de brillance, renforcent la couleur naturelle et la sant\u00e9 des cheveux et de la peau de la t\u00eate. Enrichi avec la provitamine B5 et des facteurs qui ne provoquent pas de dess\u00e9chement.<\/p>\n<p>Mode d\u2019emploi: Appliquez une quantit\u00e9 sur cheveux mouill\u00e9s et massez doucement. Laissez les ingr\u00e9dients actives agir pour quelques minutes et rincez abondamment avec de l&#8217;eau. Id\u00e9al pour usage fr\u00e9quent.<\/p>\n<ul>\n<li><strong>Balsamo Per Capelli<\/strong><\/li>\n<\/ul>\n<p>Balsamo per capelli con olio d&#8217;oliva ed estratti di salvia e foglia d\u2019olivo, che stimolano il cuoio capelluto, nutrono il fusto del capello e lo proteggono dalla formazione di radicali liberi. Arricchito con pantenolo per lenire e prevenire le irritazioni, \u00e8 benefico per i capelli dalla radice alla punta.<\/p>\n<p><strong>Modo d\u2019uso :<\/strong>\u00a0Dopo lo shampoo, applicare una piccola quantit\u00e0 sui capelli ben asciutti e risciacquare.<\/p>\n<ul>\n<li><strong>Gel Douche<\/strong><\/li>\n<\/ul>\n<p>Gel douche doux de un compos\u00e9 unique des extraits naturels de feuilles d\u2019olivier, de marjolaine et de figue de barbarie enrichis en antioxydants comme les polyph\u00e9nols et les flavono\u00efdes que prot\u00e8gent, soulagent et renforcent la peau. Sa base lavante douce est id\u00e9ale pour le lavement quotidien de la peau.<\/p>\n<p><strong>Mode d\u2019emploi:<\/strong>\u00a0Appliquez une quantit\u00e9 sur le corps et massez doucement jusque \u00e0 l\u2019obtention d\u2019une mousse riche. Rincez abondamment avec de l&#8217;eau. Id\u00e9al pour usage quotidien aux peaux sensibles.<\/p>\n","protected":false},"excerpt":{"rendered":"<p>Beauty Kit: Shampoing, Balsamo Per Capelli, Gel Douche Shampoing Shampooing doux aux extraits de la sauge et de l\u2019olivier avec des caract\u00e9ristiques antioxydants qui donnent de brillance, renforcent la couleur naturelle et la sant\u00e9 des cheveux et de la peau de la t\u00eate. Enrichi avec la provitamine B5 et des&#8230;<\/p>\n","protected":false},"featured_media":12909,"comment_status":"open","ping_status":"closed","template":"","meta":[],"product_brand":[],"product_cat":[883,876],"product_tag":[1735,1731],"class_list":{"0":"post-15433","1":"product","2":"type-product","3":"status-publish","4":"has-post-thumbnail","6":"product_cat-soins-cheveux","7":"product_cat-soins-corps","8":"product_tag-articles_taille_voyage","9":"product_tag-beauty_kit-fr","10":"brand-olive-beauty-medi-care-brand-fr","12":"first","13":"outofstock","14":"taxable","15":"shipping-taxable","16":"purchasable","17":"product-type-simple"},"yoast_head":"<!-- This site is optimized with the Yoast SEO plugin v27.2 - https:\/\/yoast.com\/product\/yoast-seo-wordpress\/ -->\n<title>Beauty Kit: Shampoing, Balsamo Per Capelli, Gel Douche | Minoan Life<\/title>\n<meta name=\"description\" content=\"Shampooing doux aux extraits de la sauge et de l\u2019olivier avec des caract\u00e9ristiques antioxydants qui donnent de brillance, renforcent la couleur naturelle et la sant\u00e9 des cheveux et de la peau de la t\u00eate.\" \/>\n<meta name=\"robots\" content=\"index, follow, max-snippet:-1, max-image-preview:large, max-video-preview:-1\" \/>\n<link rel=\"canonical\" href=\"https:\/\/www.minoanlife.com\/fr\/eshop\/beauty-kit-shampoing-balsamo-per-capelli-gel-douche\/\" \/>\n<meta property=\"og:locale\" content=\"fr_FR\" \/>\n<meta property=\"og:type\" content=\"article\" \/>\n<meta property=\"og:title\" content=\"Beauty Kit: Shampoing, Balsamo Per Capelli, Gel Douche | Minoan Life\" \/>\n<meta property=\"og:description\" content=\"Shampooing doux aux extraits de la sauge et de l\u2019olivier avec des caract\u00e9ristiques antioxydants qui donnent de brillance, renforcent la couleur naturelle et la sant\u00e9 des cheveux et de la peau de la t\u00eate.\" \/>\n<meta property=\"og:url\" content=\"https:\/\/www.minoanlife.com\/fr\/eshop\/beauty-kit-shampoing-balsamo-per-capelli-gel-douche\/\" \/>\n<meta property=\"og:site_name\" content=\"Minoan Life\" \/>\n<meta property=\"article:modified_time\" content=\"2024-11-14T16:47:02+00:00\" \/>\n<meta property=\"og:image\" content=\"https:\/\/www.minoanlife.com\/wp-content\/uploads\/beauty_kit_bath.png\" \/>\n\t<meta property=\"og:image:width\" content=\"1563\" \/>\n\t<meta property=\"og:image:height\" content=\"1563\" \/>\n\t<meta property=\"og:image:type\" content=\"image\/png\" \/>\n<meta name=\"twitter:label1\" content=\"Dur\u00e9e de lecture estim\u00e9e\" \/>\n\t<meta name=\"twitter:data1\" content=\"1 minute\" \/>\n<script type=\"application\/ld+json\" class=\"yoast-schema-graph\">{\"@context\":\"https:\/\/schema.org\",\"@graph\":[{\"@type\":\"WebPage\",\"@id\":\"https:\/\/www.minoanlife.com\/fr\/eshop\/beauty-kit-shampoing-balsamo-per-capelli-gel-douche\/\",\"url\":\"https:\/\/www.minoanlife.com\/fr\/eshop\/beauty-kit-shampoing-balsamo-per-capelli-gel-douche\/\",\"name\":\"Beauty Kit: Shampoing, Balsamo Per Capelli, Gel Douche | Minoan Life\",\"isPartOf\":{\"@id\":\"https:\/\/www.minoanlife.com\/fr\/#website\"},\"primaryImageOfPage\":{\"@id\":\"https:\/\/www.minoanlife.com\/fr\/eshop\/beauty-kit-shampoing-balsamo-per-capelli-gel-douche\/#primaryimage\"},\"image\":{\"@id\":\"https:\/\/www.minoanlife.com\/fr\/eshop\/beauty-kit-shampoing-balsamo-per-capelli-gel-douche\/#primaryimage\"},\"thumbnailUrl\":\"https:\/\/www.minoanlife.com\/wp-content\/uploads\/beauty_kit_bath.png\",\"datePublished\":\"2016-03-09T12:19:47+00:00\",\"dateModified\":\"2024-11-14T16:47:02+00:00\",\"description\":\"Shampooing doux aux extraits de la sauge et de l\u2019olivier avec des caract\u00e9ristiques antioxydants qui donnent de brillance, renforcent la couleur naturelle et la sant\u00e9 des cheveux et de la peau de la t\u00eate.\",\"breadcrumb\":{\"@id\":\"https:\/\/www.minoanlife.com\/fr\/eshop\/beauty-kit-shampoing-balsamo-per-capelli-gel-douche\/#breadcrumb\"},\"inLanguage\":\"fr-FR\",\"potentialAction\":[{\"@type\":\"ReadAction\",\"target\":[\"https:\/\/www.minoanlife.com\/fr\/eshop\/beauty-kit-shampoing-balsamo-per-capelli-gel-douche\/\"]}]},{\"@type\":\"ImageObject\",\"inLanguage\":\"fr-FR\",\"@id\":\"https:\/\/www.minoanlife.com\/fr\/eshop\/beauty-kit-shampoing-balsamo-per-capelli-gel-douche\/#primaryimage\",\"url\":\"https:\/\/www.minoanlife.com\/wp-content\/uploads\/beauty_kit_bath.png\",\"contentUrl\":\"https:\/\/www.minoanlife.com\/wp-content\/uploads\/beauty_kit_bath.png\",\"width\":1563,\"height\":1563,\"caption\":\"beauty_kit_bath\"},{\"@type\":\"BreadcrumbList\",\"@id\":\"https:\/\/www.minoanlife.com\/fr\/eshop\/beauty-kit-shampoing-balsamo-per-capelli-gel-douche\/#breadcrumb\",\"itemListElement\":[{\"@type\":\"ListItem\",\"position\":1,\"name\":\"Home\",\"item\":\"https:\/\/www.minoanlife.com\/fr\/\"},{\"@type\":\"ListItem\",\"position\":2,\"name\":\"Eshop\",\"item\":\"https:\/\/www.minoanlife.com\/fr\/eshop\/\"},{\"@type\":\"ListItem\",\"position\":3,\"name\":\"Beauty Kit: Shampoing, Balsamo Per Capelli, Gel Douche\"}]},{\"@type\":\"WebSite\",\"@id\":\"https:\/\/www.minoanlife.com\/fr\/#website\",\"url\":\"https:\/\/www.minoanlife.com\/fr\/\",\"name\":\"Minoan Life\",\"description\":\"\",\"potentialAction\":[{\"@type\":\"SearchAction\",\"target\":{\"@type\":\"EntryPoint\",\"urlTemplate\":\"https:\/\/www.minoanlife.com\/fr\/?s={search_term_string}\"},\"query-input\":{\"@type\":\"PropertyValueSpecification\",\"valueRequired\":true,\"valueName\":\"search_term_string\"}}],\"inLanguage\":\"fr-FR\"}]}<\/script>\n<!-- \/ Yoast SEO plugin. -->","yoast_head_json":{"title":"Beauty Kit: Shampoing, Balsamo Per Capelli, Gel Douche | Minoan Life","description":"Shampooing doux aux extraits de la sauge et de l\u2019olivier avec des caract\u00e9ristiques antioxydants qui donnent de brillance, renforcent la couleur naturelle et la sant\u00e9 des cheveux et de la peau de la t\u00eate.","robots":{"index":"index","follow":"follow","max-snippet":"max-snippet:-1","max-image-preview":"max-image-preview:large","max-video-preview":"max-video-preview:-1"},"canonical":"https:\/\/www.minoanlife.com\/fr\/eshop\/beauty-kit-shampoing-balsamo-per-capelli-gel-douche\/","og_locale":"fr_FR","og_type":"article","og_title":"Beauty Kit: Shampoing, Balsamo Per Capelli, Gel Douche | Minoan Life","og_description":"Shampooing doux aux extraits de la sauge et de l\u2019olivier avec des caract\u00e9ristiques antioxydants qui donnent de brillance, renforcent la couleur naturelle et la sant\u00e9 des cheveux et de la peau de la t\u00eate.","og_url":"https:\/\/www.minoanlife.com\/fr\/eshop\/beauty-kit-shampoing-balsamo-per-capelli-gel-douche\/","og_site_name":"Minoan Life","article_modified_time":"2024-11-14T16:47:02+00:00","og_image":[{"width":1563,"height":1563,"url":"https:\/\/www.minoanlife.com\/wp-content\/uploads\/beauty_kit_bath.png","type":"image\/png"}],"twitter_misc":{"Dur\u00e9e de lecture estim\u00e9e":"1 minute"},"schema":{"@context":"https:\/\/schema.org","@graph":[{"@type":"WebPage","@id":"https:\/\/www.minoanlife.com\/fr\/eshop\/beauty-kit-shampoing-balsamo-per-capelli-gel-douche\/","url":"https:\/\/www.minoanlife.com\/fr\/eshop\/beauty-kit-shampoing-balsamo-per-capelli-gel-douche\/","name":"Beauty Kit: Shampoing, Balsamo Per Capelli, Gel Douche | Minoan Life","isPartOf":{"@id":"https:\/\/www.minoanlife.com\/fr\/#website"},"primaryImageOfPage":{"@id":"https:\/\/www.minoanlife.com\/fr\/eshop\/beauty-kit-shampoing-balsamo-per-capelli-gel-douche\/#primaryimage"},"image":{"@id":"https:\/\/www.minoanlife.com\/fr\/eshop\/beauty-kit-shampoing-balsamo-per-capelli-gel-douche\/#primaryimage"},"thumbnailUrl":"https:\/\/www.minoanlife.com\/wp-content\/uploads\/beauty_kit_bath.png","datePublished":"2016-03-09T12:19:47+00:00","dateModified":"2024-11-14T16:47:02+00:00","description":"Shampooing doux aux extraits de la sauge et de l\u2019olivier avec des caract\u00e9ristiques antioxydants qui donnent de brillance, renforcent la couleur naturelle et la sant\u00e9 des cheveux et de la peau de la t\u00eate.","breadcrumb":{"@id":"https:\/\/www.minoanlife.com\/fr\/eshop\/beauty-kit-shampoing-balsamo-per-capelli-gel-douche\/#breadcrumb"},"inLanguage":"fr-FR","potentialAction":[{"@type":"ReadAction","target":["https:\/\/www.minoanlife.com\/fr\/eshop\/beauty-kit-shampoing-balsamo-per-capelli-gel-douche\/"]}]},{"@type":"ImageObject","inLanguage":"fr-FR","@id":"https:\/\/www.minoanlife.com\/fr\/eshop\/beauty-kit-shampoing-balsamo-per-capelli-gel-douche\/#primaryimage","url":"https:\/\/www.minoanlife.com\/wp-content\/uploads\/beauty_kit_bath.png","contentUrl":"https:\/\/www.minoanlife.com\/wp-content\/uploads\/beauty_kit_bath.png","width":1563,"height":1563,"caption":"beauty_kit_bath"},{"@type":"BreadcrumbList","@id":"https:\/\/www.minoanlife.com\/fr\/eshop\/beauty-kit-shampoing-balsamo-per-capelli-gel-douche\/#breadcrumb","itemListElement":[{"@type":"ListItem","position":1,"name":"Home","item":"https:\/\/www.minoanlife.com\/fr\/"},{"@type":"ListItem","position":2,"name":"Eshop","item":"https:\/\/www.minoanlife.com\/fr\/eshop\/"},{"@type":"ListItem","position":3,"name":"Beauty Kit: Shampoing, Balsamo Per Capelli, Gel Douche"}]},{"@type":"WebSite","@id":"https:\/\/www.minoanlife.com\/fr\/#website","url":"https:\/\/www.minoanlife.com\/fr\/","name":"Minoan Life","description":"","potentialAction":[{"@type":"SearchAction","target":{"@type":"EntryPoint","urlTemplate":"https:\/\/www.minoanlife.com\/fr\/?s={search_term_string}"},"query-input":{"@type":"PropertyValueSpecification","valueRequired":true,"valueName":"search_term_string"}}],"inLanguage":"fr-FR"}]}},"_links":{"self":[{"href":"https:\/\/www.minoanlife.com\/fr\/wp-json\/wp\/v2\/product\/15433","targetHints":{"allow":["GET"]}}],"collection":[{"href":"https:\/\/www.minoanlife.com\/fr\/wp-json\/wp\/v2\/product"}],"about":[{"href":"https:\/\/www.minoanlife.com\/fr\/wp-json\/wp\/v2\/types\/product"}],"replies":[{"embeddable":true,"href":"https:\/\/www.minoanlife.com\/fr\/wp-json\/wp\/v2\/comments?post=15433"}],"wp:featuredmedia":[{"embeddable":true,"href":"https:\/\/www.minoanlife.com\/fr\/wp-json\/wp\/v2\/media\/12909"}],"wp:attachment":[{"href":"https:\/\/www.minoanlife.com\/fr\/wp-json\/wp\/v2\/media?parent=15433"}],"wp:term":[{"taxonomy":"product_brand","embeddable":true,"href":"https:\/\/www.minoanlife.com\/fr\/wp-json\/wp\/v2\/product_brand?post=15433"},{"taxonomy":"product_cat","embeddable":true,"href":"https:\/\/www.minoanlife.com\/fr\/wp-json\/wp\/v2\/product_cat?post=15433"},{"taxonomy":"product_tag","embeddable":true,"href":"https:\/\/www.minoanlife.com\/fr\/wp-json\/wp\/v2\/product_tag?post=15433"}],"curies":[{"name":"wp","href":"https:\/\/api.w.org\/{rel}","templated":true}]}}