{"id":15432,"date":"2015-02-16T14:52:14","date_gmt":"2016-03-09T12:09:10","guid":{"rendered":"https:\/\/www.minoanlife.com\/fr\/?post_type=product&#038;p=15432"},"modified":"2021-01-12T12:37:53","modified_gmt":"2021-01-12T12:37:53","slug":"beauty-kit-serum-visage-24h-creme-de-visage-creme-contour-yeux-21free","status":"publish","type":"product","link":"https:\/\/www.minoanlife.com\/fr\/eshop\/beauty-kit-serum-visage-24h-creme-de-visage-creme-contour-yeux-21free\/","title":{"rendered":"Beauty Kit: S\u00e9rum Visage, 24h Cr\u00e8me De Visage, Cr\u00e8me Contour Les Yeux (2+1 Free)"},"content":{"rendered":"<p><strong>Beauty Kit: S\u00e9rum Visage, 24h Cr\u00e8me De Visage, Cr\u00e8me Contour Les Yeux<\/strong><\/p>\n<ul>\n<li><strong>S\u00e9rum Visage<\/strong><\/li>\n<\/ul>\n<p>S\u00e9rum visage intensif comportant des ingr\u00e9dients hydratants, antioxydants et des ingr\u00e9dients antivieillissement. Les extraits de th\u00e9, de feuilles de vigne et d\u2019artichaut hydratent, tonifient, renforcent le rajeunissement de la peau et prot\u00e8gent contre la formation des radicaux libres. L\u2019ingr\u00e9dient actif \u00e0 base de chardon s\u2019est r\u00e9v\u00e9l\u00e9 dans la r\u00e9duction visible des rides et des ridules.<\/p>\n<p><strong>Utilisation :<\/strong>\u00a0Apr\u00e8s nettoyage, appliquez matin et\/ou soir le s\u00e9rum sur le visage en effectuant des l\u00e9gers mouvements circulaires jusqu\u2019\u00e0 absorption compl\u00e8te. Continuez avec l\u2019application de votre cr\u00e8me visage.<\/p>\n<ul>\n<li><strong>24h Cr\u00e8me De Visage<\/strong><\/li>\n<\/ul>\n<p>Cr\u00e8me de visage en huile d\u2019olive, huile d\u2019avocat et extraits de criste\u00a0marine et d\u2019artichaut, enrichis en ingr\u00e9dients antioxydants (polyph\u00e9nols) qui luttent contre le vieillissement de la peau et micronutriments essentiels qui nourrissent et donnent de brillance. Sa synth\u00e8se riche hydrate la peau et permet une \u00e9lasticit\u00e9.<\/p>\n<p><strong>Mode d\u2019emploi :<\/strong>\u00a0Appliquez la cr\u00e8me le matin et la nuit par des mouvements circulaires sur la peau du visage et du cou jusqu\u2019 \u00e0 absorption compl\u00e8te.<\/p>\n<ul>\n<li><strong>Cr\u00e8me Contour Les Yeux<\/strong><\/li>\n<\/ul>\n<p>Cr\u00e8me pour les yeux avec de l&#8217;huile d&#8217;olive, extrait de criste marine et extrait des raisins, enrichis aux ingr\u00e9dients antioxydants qui luttent ensemble contre la cr\u00e9ation de radicaux libres et l\u2019 apparition pr\u00e9coce des rides et ridules contour la r\u00e9gion des yeux. L&#8217;escine stimule la microcirculation et limite \u0153d\u00e8mes pendant que l&#8217;acide hyaluronique procure hydratation et l&#8217;\u00e9lasticit\u00e9.<\/p>\n<p><strong>Mode d\u2019emploi:<\/strong>\u00a0Appliquez la cr\u00e8me le matin et la nuit doucement contour les yeux.<\/p>\n","protected":false},"excerpt":{"rendered":"<p>Beauty Kit: S\u00e9rum Visage, 24h Cr\u00e8me De Visage, Cr\u00e8me Contour Les Yeux S\u00e9rum Visage S\u00e9rum visage intensif comportant des ingr\u00e9dients hydratants, antioxydants et des ingr\u00e9dients antivieillissement. Les extraits de th\u00e9, de feuilles de vigne et d\u2019artichaut hydratent, tonifient, renforcent le rajeunissement de la peau et prot\u00e8gent contre la formation des&#8230;<\/p>\n","protected":false},"featured_media":12904,"comment_status":"open","ping_status":"closed","template":"","meta":[],"product_brand":[],"product_cat":[879],"product_tag":[1735,1731],"class_list":{"0":"post-15432","1":"product","2":"type-product","3":"status-publish","4":"has-post-thumbnail","6":"product_cat-soins-visage","7":"product_tag-articles_taille_voyage","8":"product_tag-beauty_kit-fr","9":"brand-olive-beauty-medi-care-brand-fr","11":"first","12":"outofstock","13":"taxable","14":"shipping-taxable","15":"purchasable","16":"product-type-simple"},"yoast_head":"<!-- This site is optimized with the Yoast SEO plugin v27.2 - https:\/\/yoast.com\/product\/yoast-seo-wordpress\/ -->\n<title>Beauty Kit: S\u00e9rum Visage, 24h Cr\u00e8me De Visage, Cr\u00e8me Contour Les Yeux (2+1 Free) | Minoan Life<\/title>\n<meta name=\"description\" content=\"Cr\u00e8me de visage en huile d\u2019olive, huile d\u2019avocat et extraits de criste marine et d\u2019artichaut\" \/>\n<meta name=\"robots\" content=\"index, follow, max-snippet:-1, max-image-preview:large, max-video-preview:-1\" \/>\n<link rel=\"canonical\" href=\"https:\/\/www.minoanlife.com\/fr\/eshop\/beauty-kit-serum-visage-24h-creme-de-visage-creme-contour-yeux-21free\/\" \/>\n<meta property=\"og:locale\" content=\"fr_FR\" \/>\n<meta property=\"og:type\" content=\"article\" \/>\n<meta property=\"og:title\" content=\"Beauty Kit: S\u00e9rum Visage, 24h Cr\u00e8me De Visage, Cr\u00e8me Contour Les Yeux (2+1 Free) | Minoan Life\" \/>\n<meta property=\"og:description\" content=\"Cr\u00e8me de visage en huile d\u2019olive, huile d\u2019avocat et extraits de criste marine et d\u2019artichaut\" \/>\n<meta property=\"og:url\" content=\"https:\/\/www.minoanlife.com\/fr\/eshop\/beauty-kit-serum-visage-24h-creme-de-visage-creme-contour-yeux-21free\/\" \/>\n<meta property=\"og:site_name\" content=\"Minoan Life\" \/>\n<meta property=\"article:modified_time\" content=\"2021-01-12T12:37:53+00:00\" \/>\n<meta property=\"og:image\" content=\"https:\/\/www.minoanlife.com\/wp-content\/uploads\/beauty_kit_24h_minoanlife.png\" \/>\n\t<meta property=\"og:image:width\" content=\"1563\" \/>\n\t<meta property=\"og:image:height\" content=\"1563\" \/>\n\t<meta property=\"og:image:type\" content=\"image\/png\" \/>\n<meta name=\"twitter:label1\" content=\"Dur\u00e9e de lecture estim\u00e9e\" \/>\n\t<meta name=\"twitter:data1\" content=\"1 minute\" \/>\n<script type=\"application\/ld+json\" class=\"yoast-schema-graph\">{\"@context\":\"https:\/\/schema.org\",\"@graph\":[{\"@type\":\"WebPage\",\"@id\":\"https:\/\/www.minoanlife.com\/fr\/eshop\/beauty-kit-serum-visage-24h-creme-de-visage-creme-contour-yeux-21free\/\",\"url\":\"https:\/\/www.minoanlife.com\/fr\/eshop\/beauty-kit-serum-visage-24h-creme-de-visage-creme-contour-yeux-21free\/\",\"name\":\"Beauty Kit: S\u00e9rum Visage, 24h Cr\u00e8me De Visage, Cr\u00e8me Contour Les Yeux (2+1 Free) | Minoan Life\",\"isPartOf\":{\"@id\":\"https:\/\/www.minoanlife.com\/fr\/#website\"},\"primaryImageOfPage\":{\"@id\":\"https:\/\/www.minoanlife.com\/fr\/eshop\/beauty-kit-serum-visage-24h-creme-de-visage-creme-contour-yeux-21free\/#primaryimage\"},\"image\":{\"@id\":\"https:\/\/www.minoanlife.com\/fr\/eshop\/beauty-kit-serum-visage-24h-creme-de-visage-creme-contour-yeux-21free\/#primaryimage\"},\"thumbnailUrl\":\"https:\/\/www.minoanlife.com\/wp-content\/uploads\/beauty_kit_24h_minoanlife.png\",\"datePublished\":\"2016-03-09T12:09:10+00:00\",\"dateModified\":\"2021-01-12T12:37:53+00:00\",\"description\":\"Cr\u00e8me de visage en huile d\u2019olive, huile d\u2019avocat et extraits de criste marine et d\u2019artichaut\",\"breadcrumb\":{\"@id\":\"https:\/\/www.minoanlife.com\/fr\/eshop\/beauty-kit-serum-visage-24h-creme-de-visage-creme-contour-yeux-21free\/#breadcrumb\"},\"inLanguage\":\"fr-FR\",\"potentialAction\":[{\"@type\":\"ReadAction\",\"target\":[\"https:\/\/www.minoanlife.com\/fr\/eshop\/beauty-kit-serum-visage-24h-creme-de-visage-creme-contour-yeux-21free\/\"]}]},{\"@type\":\"ImageObject\",\"inLanguage\":\"fr-FR\",\"@id\":\"https:\/\/www.minoanlife.com\/fr\/eshop\/beauty-kit-serum-visage-24h-creme-de-visage-creme-contour-yeux-21free\/#primaryimage\",\"url\":\"https:\/\/www.minoanlife.com\/wp-content\/uploads\/beauty_kit_24h_minoanlife.png\",\"contentUrl\":\"https:\/\/www.minoanlife.com\/wp-content\/uploads\/beauty_kit_24h_minoanlife.png\",\"width\":1563,\"height\":1563,\"caption\":\"beauty_kit_24h_minoanlife\"},{\"@type\":\"BreadcrumbList\",\"@id\":\"https:\/\/www.minoanlife.com\/fr\/eshop\/beauty-kit-serum-visage-24h-creme-de-visage-creme-contour-yeux-21free\/#breadcrumb\",\"itemListElement\":[{\"@type\":\"ListItem\",\"position\":1,\"name\":\"Home\",\"item\":\"https:\/\/www.minoanlife.com\/fr\/\"},{\"@type\":\"ListItem\",\"position\":2,\"name\":\"Eshop\",\"item\":\"https:\/\/www.minoanlife.com\/fr\/eshop\/\"},{\"@type\":\"ListItem\",\"position\":3,\"name\":\"Beauty Kit: S\u00e9rum Visage, 24h Cr\u00e8me De Visage, Cr\u00e8me Contour Les Yeux (2+1 Free)\"}]},{\"@type\":\"WebSite\",\"@id\":\"https:\/\/www.minoanlife.com\/fr\/#website\",\"url\":\"https:\/\/www.minoanlife.com\/fr\/\",\"name\":\"Minoan Life\",\"description\":\"\",\"potentialAction\":[{\"@type\":\"SearchAction\",\"target\":{\"@type\":\"EntryPoint\",\"urlTemplate\":\"https:\/\/www.minoanlife.com\/fr\/?s={search_term_string}\"},\"query-input\":{\"@type\":\"PropertyValueSpecification\",\"valueRequired\":true,\"valueName\":\"search_term_string\"}}],\"inLanguage\":\"fr-FR\"}]}<\/script>\n<!-- \/ Yoast SEO plugin. -->","yoast_head_json":{"title":"Beauty Kit: S\u00e9rum Visage, 24h Cr\u00e8me De Visage, Cr\u00e8me Contour Les Yeux (2+1 Free) | Minoan Life","description":"Cr\u00e8me de visage en huile d\u2019olive, huile d\u2019avocat et extraits de criste marine et d\u2019artichaut","robots":{"index":"index","follow":"follow","max-snippet":"max-snippet:-1","max-image-preview":"max-image-preview:large","max-video-preview":"max-video-preview:-1"},"canonical":"https:\/\/www.minoanlife.com\/fr\/eshop\/beauty-kit-serum-visage-24h-creme-de-visage-creme-contour-yeux-21free\/","og_locale":"fr_FR","og_type":"article","og_title":"Beauty Kit: S\u00e9rum Visage, 24h Cr\u00e8me De Visage, Cr\u00e8me Contour Les Yeux (2+1 Free) | Minoan Life","og_description":"Cr\u00e8me de visage en huile d\u2019olive, huile d\u2019avocat et extraits de criste marine et d\u2019artichaut","og_url":"https:\/\/www.minoanlife.com\/fr\/eshop\/beauty-kit-serum-visage-24h-creme-de-visage-creme-contour-yeux-21free\/","og_site_name":"Minoan Life","article_modified_time":"2021-01-12T12:37:53+00:00","og_image":[{"width":1563,"height":1563,"url":"https:\/\/www.minoanlife.com\/wp-content\/uploads\/beauty_kit_24h_minoanlife.png","type":"image\/png"}],"twitter_misc":{"Dur\u00e9e de lecture estim\u00e9e":"1 minute"},"schema":{"@context":"https:\/\/schema.org","@graph":[{"@type":"WebPage","@id":"https:\/\/www.minoanlife.com\/fr\/eshop\/beauty-kit-serum-visage-24h-creme-de-visage-creme-contour-yeux-21free\/","url":"https:\/\/www.minoanlife.com\/fr\/eshop\/beauty-kit-serum-visage-24h-creme-de-visage-creme-contour-yeux-21free\/","name":"Beauty Kit: S\u00e9rum Visage, 24h Cr\u00e8me De Visage, Cr\u00e8me Contour Les Yeux (2+1 Free) | Minoan Life","isPartOf":{"@id":"https:\/\/www.minoanlife.com\/fr\/#website"},"primaryImageOfPage":{"@id":"https:\/\/www.minoanlife.com\/fr\/eshop\/beauty-kit-serum-visage-24h-creme-de-visage-creme-contour-yeux-21free\/#primaryimage"},"image":{"@id":"https:\/\/www.minoanlife.com\/fr\/eshop\/beauty-kit-serum-visage-24h-creme-de-visage-creme-contour-yeux-21free\/#primaryimage"},"thumbnailUrl":"https:\/\/www.minoanlife.com\/wp-content\/uploads\/beauty_kit_24h_minoanlife.png","datePublished":"2016-03-09T12:09:10+00:00","dateModified":"2021-01-12T12:37:53+00:00","description":"Cr\u00e8me de visage en huile d\u2019olive, huile d\u2019avocat et extraits de criste marine et d\u2019artichaut","breadcrumb":{"@id":"https:\/\/www.minoanlife.com\/fr\/eshop\/beauty-kit-serum-visage-24h-creme-de-visage-creme-contour-yeux-21free\/#breadcrumb"},"inLanguage":"fr-FR","potentialAction":[{"@type":"ReadAction","target":["https:\/\/www.minoanlife.com\/fr\/eshop\/beauty-kit-serum-visage-24h-creme-de-visage-creme-contour-yeux-21free\/"]}]},{"@type":"ImageObject","inLanguage":"fr-FR","@id":"https:\/\/www.minoanlife.com\/fr\/eshop\/beauty-kit-serum-visage-24h-creme-de-visage-creme-contour-yeux-21free\/#primaryimage","url":"https:\/\/www.minoanlife.com\/wp-content\/uploads\/beauty_kit_24h_minoanlife.png","contentUrl":"https:\/\/www.minoanlife.com\/wp-content\/uploads\/beauty_kit_24h_minoanlife.png","width":1563,"height":1563,"caption":"beauty_kit_24h_minoanlife"},{"@type":"BreadcrumbList","@id":"https:\/\/www.minoanlife.com\/fr\/eshop\/beauty-kit-serum-visage-24h-creme-de-visage-creme-contour-yeux-21free\/#breadcrumb","itemListElement":[{"@type":"ListItem","position":1,"name":"Home","item":"https:\/\/www.minoanlife.com\/fr\/"},{"@type":"ListItem","position":2,"name":"Eshop","item":"https:\/\/www.minoanlife.com\/fr\/eshop\/"},{"@type":"ListItem","position":3,"name":"Beauty Kit: S\u00e9rum Visage, 24h Cr\u00e8me De Visage, Cr\u00e8me Contour Les Yeux (2+1 Free)"}]},{"@type":"WebSite","@id":"https:\/\/www.minoanlife.com\/fr\/#website","url":"https:\/\/www.minoanlife.com\/fr\/","name":"Minoan Life","description":"","potentialAction":[{"@type":"SearchAction","target":{"@type":"EntryPoint","urlTemplate":"https:\/\/www.minoanlife.com\/fr\/?s={search_term_string}"},"query-input":{"@type":"PropertyValueSpecification","valueRequired":true,"valueName":"search_term_string"}}],"inLanguage":"fr-FR"}]}},"_links":{"self":[{"href":"https:\/\/www.minoanlife.com\/fr\/wp-json\/wp\/v2\/product\/15432","targetHints":{"allow":["GET"]}}],"collection":[{"href":"https:\/\/www.minoanlife.com\/fr\/wp-json\/wp\/v2\/product"}],"about":[{"href":"https:\/\/www.minoanlife.com\/fr\/wp-json\/wp\/v2\/types\/product"}],"replies":[{"embeddable":true,"href":"https:\/\/www.minoanlife.com\/fr\/wp-json\/wp\/v2\/comments?post=15432"}],"wp:featuredmedia":[{"embeddable":true,"href":"https:\/\/www.minoanlife.com\/fr\/wp-json\/wp\/v2\/media\/12904"}],"wp:attachment":[{"href":"https:\/\/www.minoanlife.com\/fr\/wp-json\/wp\/v2\/media?parent=15432"}],"wp:term":[{"taxonomy":"product_brand","embeddable":true,"href":"https:\/\/www.minoanlife.com\/fr\/wp-json\/wp\/v2\/product_brand?post=15432"},{"taxonomy":"product_cat","embeddable":true,"href":"https:\/\/www.minoanlife.com\/fr\/wp-json\/wp\/v2\/product_cat?post=15432"},{"taxonomy":"product_tag","embeddable":true,"href":"https:\/\/www.minoanlife.com\/fr\/wp-json\/wp\/v2\/product_tag?post=15432"}],"curies":[{"name":"wp","href":"https:\/\/api.w.org\/{rel}","templated":true}]}}