{"id":15282,"date":"2016-05-26T10:29:40","date_gmt":"2016-05-26T11:17:19","guid":{"rendered":"https:\/\/www.minoanlife.com\/fr\/?post_type=product&#038;p=15282"},"modified":"2021-02-16T07:00:11","modified_gmt":"2021-02-16T07:00:11","slug":"baume-levres-olive","status":"publish","type":"product","link":"https:\/\/www.minoanlife.com\/fr\/eshop\/baume-levres-olive\/","title":{"rendered":"Baume \u00e0 l\u00e8vres &#8211; Olive"},"content":{"rendered":"<p>Baume \u00e0 l\u00e8vres, id\u00e9al pour les l\u00e8vres s\u00e8ches et gerc\u00e9es, qui prot\u00e8ge les peaux d\u00e9licates et sensibles et maintient leur \u00e9lasticit\u00e9 naturelle et leur \u00e9clat.<br \/>\n\u2713 HUILE D\u2019OLIVE \u2013 renfloue les lipides de la peau et prot\u00e8ge contre le vieillissement pr\u00e9matur\u00e9.<br \/>\n\u2713 BEURRE DE KARIT\u00c9 \u2013 est nourrissant et adoucissant pour la peau<br \/>\n\u2713 VITAMINE E &#8211;<br \/>\nefficace et reconnue pour les vertus protectrices antioxydantes qu\u2019elle offre \u00e0 la peau<br \/>\n\u2713 BEUURE DE CACAO- prot\u00e8ge contre les radicaux libres, offre une hydratation intense, soigne les peaux s\u00e8ches et fatigu\u00e9es et est tr\u00e8s riche en vitamine E et K<br \/>\n\u2713 AVOCAT- id\u00e9al pour les peaux s\u00e8ches. Nourrit la peau et lui donne vitalit\u00e9. Riche en vitamines B1, B2, B3, B5, B6, B9, A, E et C et en min\u00e9raux.<br \/>\n\u2713 EXTRAIT DE MIEL- contient des ingr\u00e9dients aux effets antimicrobiens et r\u00e9duit la perte d&#8217;humidit\u00e9 de la peau. Adoucit la texture de la peau.<\/p>\n","protected":false},"excerpt":{"rendered":"<p>Olive<\/p>\n","protected":false},"featured_media":23907,"comment_status":"open","ping_status":"closed","template":"","meta":[],"product_brand":[],"product_cat":[879],"product_tag":[],"class_list":{"0":"post-15282","1":"product","2":"type-product","3":"status-publish","4":"has-post-thumbnail","6":"product_cat-soins-visage","7":"brand-olive-beauty-medi-care-brand-fr","9":"first","10":"instock","11":"taxable","12":"shipping-taxable","13":"purchasable","14":"product-type-simple"},"yoast_head":"<!-- This site is optimized with the Yoast SEO plugin v27.2 - https:\/\/yoast.com\/product\/yoast-seo-wordpress\/ -->\n<title>Baume \u00e0 l\u00e8vres - Olive | Minoan Life<\/title>\n<meta name=\"description\" content=\"Baume \u00e0 l\u00e8vres, id\u00e9al pour les l\u00e8vres s\u00e8ches et gerc\u00e9es, qui prot\u00e8ge les peaux d\u00e9licates et sensibles et maintient leur \u00e9lasticit\u00e9 naturelle et leur \u00e9clat.\" \/>\n<meta name=\"robots\" content=\"index, follow, max-snippet:-1, max-image-preview:large, max-video-preview:-1\" \/>\n<link rel=\"canonical\" href=\"https:\/\/www.minoanlife.com\/fr\/eshop\/baume-levres-olive\/\" \/>\n<meta property=\"og:locale\" content=\"fr_FR\" \/>\n<meta property=\"og:type\" content=\"article\" \/>\n<meta property=\"og:title\" content=\"Baume \u00e0 l\u00e8vres - Olive | Minoan Life\" \/>\n<meta property=\"og:description\" content=\"Baume \u00e0 l\u00e8vres, id\u00e9al pour les l\u00e8vres s\u00e8ches et gerc\u00e9es, qui prot\u00e8ge les peaux d\u00e9licates et sensibles et maintient leur \u00e9lasticit\u00e9 naturelle et leur \u00e9clat.\" \/>\n<meta property=\"og:url\" content=\"https:\/\/www.minoanlife.com\/fr\/eshop\/baume-levres-olive\/\" \/>\n<meta property=\"og:site_name\" content=\"Minoan Life\" \/>\n<meta property=\"article:modified_time\" content=\"2021-02-16T07:00:11+00:00\" \/>\n<meta property=\"og:image\" content=\"https:\/\/www.minoanlife.com\/wp-content\/uploads\/lip_balm_olive_minoanlife.jpg\" \/>\n\t<meta property=\"og:image:width\" content=\"570\" \/>\n\t<meta property=\"og:image:height\" content=\"570\" \/>\n\t<meta property=\"og:image:type\" content=\"image\/jpeg\" \/>\n<meta name=\"twitter:label1\" content=\"Dur\u00e9e de lecture estim\u00e9e\" \/>\n\t<meta name=\"twitter:data1\" content=\"1 minute\" \/>\n<script type=\"application\/ld+json\" class=\"yoast-schema-graph\">{\"@context\":\"https:\/\/schema.org\",\"@graph\":[{\"@type\":\"WebPage\",\"@id\":\"https:\/\/www.minoanlife.com\/fr\/eshop\/baume-levres-olive\/\",\"url\":\"https:\/\/www.minoanlife.com\/fr\/eshop\/baume-levres-olive\/\",\"name\":\"Baume \u00e0 l\u00e8vres - Olive | Minoan Life\",\"isPartOf\":{\"@id\":\"https:\/\/www.minoanlife.com\/fr\/#website\"},\"primaryImageOfPage\":{\"@id\":\"https:\/\/www.minoanlife.com\/fr\/eshop\/baume-levres-olive\/#primaryimage\"},\"image\":{\"@id\":\"https:\/\/www.minoanlife.com\/fr\/eshop\/baume-levres-olive\/#primaryimage\"},\"thumbnailUrl\":\"https:\/\/www.minoanlife.com\/wp-content\/uploads\/lip_balm_olive_minoanlife.jpg\",\"datePublished\":\"2016-05-26T11:17:19+00:00\",\"dateModified\":\"2021-02-16T07:00:11+00:00\",\"description\":\"Baume \u00e0 l\u00e8vres, id\u00e9al pour les l\u00e8vres s\u00e8ches et gerc\u00e9es, qui prot\u00e8ge les peaux d\u00e9licates et sensibles et maintient leur \u00e9lasticit\u00e9 naturelle et leur \u00e9clat.\",\"breadcrumb\":{\"@id\":\"https:\/\/www.minoanlife.com\/fr\/eshop\/baume-levres-olive\/#breadcrumb\"},\"inLanguage\":\"fr-FR\",\"potentialAction\":[{\"@type\":\"ReadAction\",\"target\":[\"https:\/\/www.minoanlife.com\/fr\/eshop\/baume-levres-olive\/\"]}]},{\"@type\":\"ImageObject\",\"inLanguage\":\"fr-FR\",\"@id\":\"https:\/\/www.minoanlife.com\/fr\/eshop\/baume-levres-olive\/#primaryimage\",\"url\":\"https:\/\/www.minoanlife.com\/wp-content\/uploads\/lip_balm_olive_minoanlife.jpg\",\"contentUrl\":\"https:\/\/www.minoanlife.com\/wp-content\/uploads\/lip_balm_olive_minoanlife.jpg\",\"width\":570,\"height\":570,\"caption\":\"lip_balm_olive_minoanlife\"},{\"@type\":\"BreadcrumbList\",\"@id\":\"https:\/\/www.minoanlife.com\/fr\/eshop\/baume-levres-olive\/#breadcrumb\",\"itemListElement\":[{\"@type\":\"ListItem\",\"position\":1,\"name\":\"Home\",\"item\":\"https:\/\/www.minoanlife.com\/fr\/\"},{\"@type\":\"ListItem\",\"position\":2,\"name\":\"Eshop\",\"item\":\"https:\/\/www.minoanlife.com\/fr\/eshop\/\"},{\"@type\":\"ListItem\",\"position\":3,\"name\":\"Baume \u00e0 l\u00e8vres &#8211; Olive\"}]},{\"@type\":\"WebSite\",\"@id\":\"https:\/\/www.minoanlife.com\/fr\/#website\",\"url\":\"https:\/\/www.minoanlife.com\/fr\/\",\"name\":\"Minoan Life\",\"description\":\"\",\"potentialAction\":[{\"@type\":\"SearchAction\",\"target\":{\"@type\":\"EntryPoint\",\"urlTemplate\":\"https:\/\/www.minoanlife.com\/fr\/?s={search_term_string}\"},\"query-input\":{\"@type\":\"PropertyValueSpecification\",\"valueRequired\":true,\"valueName\":\"search_term_string\"}}],\"inLanguage\":\"fr-FR\"}]}<\/script>\n<!-- \/ Yoast SEO plugin. -->","yoast_head_json":{"title":"Baume \u00e0 l\u00e8vres - Olive | Minoan Life","description":"Baume \u00e0 l\u00e8vres, id\u00e9al pour les l\u00e8vres s\u00e8ches et gerc\u00e9es, qui prot\u00e8ge les peaux d\u00e9licates et sensibles et maintient leur \u00e9lasticit\u00e9 naturelle et leur \u00e9clat.","robots":{"index":"index","follow":"follow","max-snippet":"max-snippet:-1","max-image-preview":"max-image-preview:large","max-video-preview":"max-video-preview:-1"},"canonical":"https:\/\/www.minoanlife.com\/fr\/eshop\/baume-levres-olive\/","og_locale":"fr_FR","og_type":"article","og_title":"Baume \u00e0 l\u00e8vres - Olive | Minoan Life","og_description":"Baume \u00e0 l\u00e8vres, id\u00e9al pour les l\u00e8vres s\u00e8ches et gerc\u00e9es, qui prot\u00e8ge les peaux d\u00e9licates et sensibles et maintient leur \u00e9lasticit\u00e9 naturelle et leur \u00e9clat.","og_url":"https:\/\/www.minoanlife.com\/fr\/eshop\/baume-levres-olive\/","og_site_name":"Minoan Life","article_modified_time":"2021-02-16T07:00:11+00:00","og_image":[{"width":570,"height":570,"url":"https:\/\/www.minoanlife.com\/wp-content\/uploads\/lip_balm_olive_minoanlife.jpg","type":"image\/jpeg"}],"twitter_misc":{"Dur\u00e9e de lecture estim\u00e9e":"1 minute"},"schema":{"@context":"https:\/\/schema.org","@graph":[{"@type":"WebPage","@id":"https:\/\/www.minoanlife.com\/fr\/eshop\/baume-levres-olive\/","url":"https:\/\/www.minoanlife.com\/fr\/eshop\/baume-levres-olive\/","name":"Baume \u00e0 l\u00e8vres - Olive | Minoan Life","isPartOf":{"@id":"https:\/\/www.minoanlife.com\/fr\/#website"},"primaryImageOfPage":{"@id":"https:\/\/www.minoanlife.com\/fr\/eshop\/baume-levres-olive\/#primaryimage"},"image":{"@id":"https:\/\/www.minoanlife.com\/fr\/eshop\/baume-levres-olive\/#primaryimage"},"thumbnailUrl":"https:\/\/www.minoanlife.com\/wp-content\/uploads\/lip_balm_olive_minoanlife.jpg","datePublished":"2016-05-26T11:17:19+00:00","dateModified":"2021-02-16T07:00:11+00:00","description":"Baume \u00e0 l\u00e8vres, id\u00e9al pour les l\u00e8vres s\u00e8ches et gerc\u00e9es, qui prot\u00e8ge les peaux d\u00e9licates et sensibles et maintient leur \u00e9lasticit\u00e9 naturelle et leur \u00e9clat.","breadcrumb":{"@id":"https:\/\/www.minoanlife.com\/fr\/eshop\/baume-levres-olive\/#breadcrumb"},"inLanguage":"fr-FR","potentialAction":[{"@type":"ReadAction","target":["https:\/\/www.minoanlife.com\/fr\/eshop\/baume-levres-olive\/"]}]},{"@type":"ImageObject","inLanguage":"fr-FR","@id":"https:\/\/www.minoanlife.com\/fr\/eshop\/baume-levres-olive\/#primaryimage","url":"https:\/\/www.minoanlife.com\/wp-content\/uploads\/lip_balm_olive_minoanlife.jpg","contentUrl":"https:\/\/www.minoanlife.com\/wp-content\/uploads\/lip_balm_olive_minoanlife.jpg","width":570,"height":570,"caption":"lip_balm_olive_minoanlife"},{"@type":"BreadcrumbList","@id":"https:\/\/www.minoanlife.com\/fr\/eshop\/baume-levres-olive\/#breadcrumb","itemListElement":[{"@type":"ListItem","position":1,"name":"Home","item":"https:\/\/www.minoanlife.com\/fr\/"},{"@type":"ListItem","position":2,"name":"Eshop","item":"https:\/\/www.minoanlife.com\/fr\/eshop\/"},{"@type":"ListItem","position":3,"name":"Baume \u00e0 l\u00e8vres &#8211; Olive"}]},{"@type":"WebSite","@id":"https:\/\/www.minoanlife.com\/fr\/#website","url":"https:\/\/www.minoanlife.com\/fr\/","name":"Minoan Life","description":"","potentialAction":[{"@type":"SearchAction","target":{"@type":"EntryPoint","urlTemplate":"https:\/\/www.minoanlife.com\/fr\/?s={search_term_string}"},"query-input":{"@type":"PropertyValueSpecification","valueRequired":true,"valueName":"search_term_string"}}],"inLanguage":"fr-FR"}]}},"_links":{"self":[{"href":"https:\/\/www.minoanlife.com\/fr\/wp-json\/wp\/v2\/product\/15282","targetHints":{"allow":["GET"]}}],"collection":[{"href":"https:\/\/www.minoanlife.com\/fr\/wp-json\/wp\/v2\/product"}],"about":[{"href":"https:\/\/www.minoanlife.com\/fr\/wp-json\/wp\/v2\/types\/product"}],"replies":[{"embeddable":true,"href":"https:\/\/www.minoanlife.com\/fr\/wp-json\/wp\/v2\/comments?post=15282"}],"wp:featuredmedia":[{"embeddable":true,"href":"https:\/\/www.minoanlife.com\/fr\/wp-json\/wp\/v2\/media\/23907"}],"wp:attachment":[{"href":"https:\/\/www.minoanlife.com\/fr\/wp-json\/wp\/v2\/media?parent=15282"}],"wp:term":[{"taxonomy":"product_brand","embeddable":true,"href":"https:\/\/www.minoanlife.com\/fr\/wp-json\/wp\/v2\/product_brand?post=15282"},{"taxonomy":"product_cat","embeddable":true,"href":"https:\/\/www.minoanlife.com\/fr\/wp-json\/wp\/v2\/product_cat?post=15282"},{"taxonomy":"product_tag","embeddable":true,"href":"https:\/\/www.minoanlife.com\/fr\/wp-json\/wp\/v2\/product_tag?post=15282"}],"curies":[{"name":"wp","href":"https:\/\/api.w.org\/{rel}","templated":true}]}}