{"id":12132,"date":"2014-05-22T13:42:31","date_gmt":"2014-08-18T11:56:41","guid":{"rendered":"http:\/\/www.minoanlife.com\/?post_type=product&#038;p=12132"},"modified":"2021-02-15T09:19:07","modified_gmt":"2021-02-15T09:19:07","slug":"huile-jeunesse-pour-soins-du-visage","status":"publish","type":"product","link":"https:\/\/www.minoanlife.com\/fr\/eshop\/huile-jeunesse-pour-soins-du-visage\/","title":{"rendered":"Huile Jeunesse Pour Soins Du Visage avec Huile D\u2019abyssinie &amp; Huile D\u2019argan"},"content":{"rendered":"<p>L\u2019huile naturelle pour les soins du visage est un m\u00e9lange unique d\u2019huiles pr\u00e9cieuses de M\u00e9diterran\u00e9e qui aident au remodelage de la peau. L\u2019huile d\u2019Abyssinie, l\u2019huile d\u2019argan, l\u2019huile d\u2019avocat et l\u2019huile de p\u00e9pins de raisin nourrissent et r\u00e9g\u00e9n\u00e8rent, tandis que l\u2019extrait d\u2019huile de lupin renforce l\u2019\u00e9lasticit\u00e9 de la peau.<\/p>\n<p><strong>Utilisation :<\/strong>\u00a0Appliquez matin et\/ou soir l\u2019huile sur une peau propre et au sec en effectuant des mouvements circulaires jusqu\u2019\u00e0 absorption compl\u00e8te.<\/p>\n","protected":false},"excerpt":{"rendered":"<p>Huile D\u2019abyssinie &amp; Huile D\u2019argan<\/p>\n","protected":false},"featured_media":37815,"comment_status":"open","ping_status":"closed","template":"","meta":[],"product_brand":[],"product_cat":[879],"product_tag":[],"class_list":{"0":"post-12132","1":"product","2":"type-product","3":"status-publish","4":"has-post-thumbnail","6":"product_cat-soins-visage","7":"brand-olive-beauty-medi-care-brand-fr","9":"first","10":"outofstock","11":"sale","12":"taxable","13":"shipping-taxable","14":"purchasable","15":"product-type-simple"},"yoast_head":"<!-- This site is optimized with the Yoast SEO plugin v27.2 - https:\/\/yoast.com\/product\/yoast-seo-wordpress\/ -->\n<title>Huile Jeunesse Pour Soins Du Visage avec Huile D\u2019abyssinie &amp; Huile D\u2019argan | Minoan Life<\/title>\n<meta name=\"description\" content=\"true\" \/>\n<meta name=\"robots\" content=\"index, follow, max-snippet:-1, max-image-preview:large, max-video-preview:-1\" \/>\n<link rel=\"canonical\" href=\"https:\/\/www.minoanlife.com\/fr\/eshop\/huile-jeunesse-pour-soins-du-visage\/\" \/>\n<meta property=\"og:locale\" content=\"fr_FR\" \/>\n<meta property=\"og:type\" content=\"article\" \/>\n<meta property=\"og:title\" content=\"Huile Jeunesse Pour Soins Du Visage avec Huile D\u2019abyssinie &amp; Huile D\u2019argan | Minoan Life\" \/>\n<meta property=\"og:description\" content=\"true\" \/>\n<meta property=\"og:url\" content=\"https:\/\/www.minoanlife.com\/fr\/eshop\/huile-jeunesse-pour-soins-du-visage\/\" \/>\n<meta property=\"og:site_name\" content=\"Minoan Life\" \/>\n<meta property=\"article:modified_time\" content=\"2021-02-15T09:19:07+00:00\" \/>\n<meta property=\"og:image\" content=\"https:\/\/www.minoanlife.com\/wp-content\/uploads\/rejuvenation_face_oil_minoanlife.jpg\" \/>\n\t<meta property=\"og:image:width\" content=\"600\" \/>\n\t<meta property=\"og:image:height\" content=\"600\" \/>\n\t<meta property=\"og:image:type\" content=\"image\/jpeg\" \/>\n<script type=\"application\/ld+json\" class=\"yoast-schema-graph\">{\"@context\":\"https:\/\/schema.org\",\"@graph\":[{\"@type\":\"WebPage\",\"@id\":\"https:\/\/www.minoanlife.com\/fr\/eshop\/huile-jeunesse-pour-soins-du-visage\/\",\"url\":\"https:\/\/www.minoanlife.com\/fr\/eshop\/huile-jeunesse-pour-soins-du-visage\/\",\"name\":\"Huile Jeunesse Pour Soins Du Visage avec Huile D\u2019abyssinie &amp; Huile D\u2019argan | Minoan Life\",\"isPartOf\":{\"@id\":\"https:\/\/www.minoanlife.com\/fr\/#website\"},\"primaryImageOfPage\":{\"@id\":\"https:\/\/www.minoanlife.com\/fr\/eshop\/huile-jeunesse-pour-soins-du-visage\/#primaryimage\"},\"image\":{\"@id\":\"https:\/\/www.minoanlife.com\/fr\/eshop\/huile-jeunesse-pour-soins-du-visage\/#primaryimage\"},\"thumbnailUrl\":\"https:\/\/www.minoanlife.com\/wp-content\/uploads\/rejuvenation_face_oil_minoanlife.jpg\",\"datePublished\":\"2014-08-18T11:56:41+00:00\",\"dateModified\":\"2021-02-15T09:19:07+00:00\",\"description\":\"true\",\"breadcrumb\":{\"@id\":\"https:\/\/www.minoanlife.com\/fr\/eshop\/huile-jeunesse-pour-soins-du-visage\/#breadcrumb\"},\"inLanguage\":\"fr-FR\",\"potentialAction\":[{\"@type\":\"ReadAction\",\"target\":[\"https:\/\/www.minoanlife.com\/fr\/eshop\/huile-jeunesse-pour-soins-du-visage\/\"]}]},{\"@type\":\"ImageObject\",\"inLanguage\":\"fr-FR\",\"@id\":\"https:\/\/www.minoanlife.com\/fr\/eshop\/huile-jeunesse-pour-soins-du-visage\/#primaryimage\",\"url\":\"https:\/\/www.minoanlife.com\/wp-content\/uploads\/rejuvenation_face_oil_minoanlife.jpg\",\"contentUrl\":\"https:\/\/www.minoanlife.com\/wp-content\/uploads\/rejuvenation_face_oil_minoanlife.jpg\",\"width\":600,\"height\":600,\"caption\":\"rejuvenation_face_oil_minoanlife\"},{\"@type\":\"BreadcrumbList\",\"@id\":\"https:\/\/www.minoanlife.com\/fr\/eshop\/huile-jeunesse-pour-soins-du-visage\/#breadcrumb\",\"itemListElement\":[{\"@type\":\"ListItem\",\"position\":1,\"name\":\"Home\",\"item\":\"https:\/\/www.minoanlife.com\/fr\/\"},{\"@type\":\"ListItem\",\"position\":2,\"name\":\"Eshop\",\"item\":\"https:\/\/www.minoanlife.com\/fr\/eshop\/\"},{\"@type\":\"ListItem\",\"position\":3,\"name\":\"Huile Jeunesse Pour Soins Du Visage avec Huile D\u2019abyssinie &amp; Huile D\u2019argan\"}]},{\"@type\":\"WebSite\",\"@id\":\"https:\/\/www.minoanlife.com\/fr\/#website\",\"url\":\"https:\/\/www.minoanlife.com\/fr\/\",\"name\":\"Minoan Life\",\"description\":\"\",\"potentialAction\":[{\"@type\":\"SearchAction\",\"target\":{\"@type\":\"EntryPoint\",\"urlTemplate\":\"https:\/\/www.minoanlife.com\/fr\/?s={search_term_string}\"},\"query-input\":{\"@type\":\"PropertyValueSpecification\",\"valueRequired\":true,\"valueName\":\"search_term_string\"}}],\"inLanguage\":\"fr-FR\"}]}<\/script>\n<!-- \/ Yoast SEO plugin. -->","yoast_head_json":{"title":"Huile Jeunesse Pour Soins Du Visage avec Huile D\u2019abyssinie &amp; Huile D\u2019argan | Minoan Life","description":"true","robots":{"index":"index","follow":"follow","max-snippet":"max-snippet:-1","max-image-preview":"max-image-preview:large","max-video-preview":"max-video-preview:-1"},"canonical":"https:\/\/www.minoanlife.com\/fr\/eshop\/huile-jeunesse-pour-soins-du-visage\/","og_locale":"fr_FR","og_type":"article","og_title":"Huile Jeunesse Pour Soins Du Visage avec Huile D\u2019abyssinie &amp; Huile D\u2019argan | Minoan Life","og_description":"true","og_url":"https:\/\/www.minoanlife.com\/fr\/eshop\/huile-jeunesse-pour-soins-du-visage\/","og_site_name":"Minoan Life","article_modified_time":"2021-02-15T09:19:07+00:00","og_image":[{"width":600,"height":600,"url":"https:\/\/www.minoanlife.com\/wp-content\/uploads\/rejuvenation_face_oil_minoanlife.jpg","type":"image\/jpeg"}],"schema":{"@context":"https:\/\/schema.org","@graph":[{"@type":"WebPage","@id":"https:\/\/www.minoanlife.com\/fr\/eshop\/huile-jeunesse-pour-soins-du-visage\/","url":"https:\/\/www.minoanlife.com\/fr\/eshop\/huile-jeunesse-pour-soins-du-visage\/","name":"Huile Jeunesse Pour Soins Du Visage avec Huile D\u2019abyssinie &amp; Huile D\u2019argan | Minoan Life","isPartOf":{"@id":"https:\/\/www.minoanlife.com\/fr\/#website"},"primaryImageOfPage":{"@id":"https:\/\/www.minoanlife.com\/fr\/eshop\/huile-jeunesse-pour-soins-du-visage\/#primaryimage"},"image":{"@id":"https:\/\/www.minoanlife.com\/fr\/eshop\/huile-jeunesse-pour-soins-du-visage\/#primaryimage"},"thumbnailUrl":"https:\/\/www.minoanlife.com\/wp-content\/uploads\/rejuvenation_face_oil_minoanlife.jpg","datePublished":"2014-08-18T11:56:41+00:00","dateModified":"2021-02-15T09:19:07+00:00","description":"true","breadcrumb":{"@id":"https:\/\/www.minoanlife.com\/fr\/eshop\/huile-jeunesse-pour-soins-du-visage\/#breadcrumb"},"inLanguage":"fr-FR","potentialAction":[{"@type":"ReadAction","target":["https:\/\/www.minoanlife.com\/fr\/eshop\/huile-jeunesse-pour-soins-du-visage\/"]}]},{"@type":"ImageObject","inLanguage":"fr-FR","@id":"https:\/\/www.minoanlife.com\/fr\/eshop\/huile-jeunesse-pour-soins-du-visage\/#primaryimage","url":"https:\/\/www.minoanlife.com\/wp-content\/uploads\/rejuvenation_face_oil_minoanlife.jpg","contentUrl":"https:\/\/www.minoanlife.com\/wp-content\/uploads\/rejuvenation_face_oil_minoanlife.jpg","width":600,"height":600,"caption":"rejuvenation_face_oil_minoanlife"},{"@type":"BreadcrumbList","@id":"https:\/\/www.minoanlife.com\/fr\/eshop\/huile-jeunesse-pour-soins-du-visage\/#breadcrumb","itemListElement":[{"@type":"ListItem","position":1,"name":"Home","item":"https:\/\/www.minoanlife.com\/fr\/"},{"@type":"ListItem","position":2,"name":"Eshop","item":"https:\/\/www.minoanlife.com\/fr\/eshop\/"},{"@type":"ListItem","position":3,"name":"Huile Jeunesse Pour Soins Du Visage avec Huile D\u2019abyssinie &amp; Huile D\u2019argan"}]},{"@type":"WebSite","@id":"https:\/\/www.minoanlife.com\/fr\/#website","url":"https:\/\/www.minoanlife.com\/fr\/","name":"Minoan Life","description":"","potentialAction":[{"@type":"SearchAction","target":{"@type":"EntryPoint","urlTemplate":"https:\/\/www.minoanlife.com\/fr\/?s={search_term_string}"},"query-input":{"@type":"PropertyValueSpecification","valueRequired":true,"valueName":"search_term_string"}}],"inLanguage":"fr-FR"}]}},"_links":{"self":[{"href":"https:\/\/www.minoanlife.com\/fr\/wp-json\/wp\/v2\/product\/12132","targetHints":{"allow":["GET"]}}],"collection":[{"href":"https:\/\/www.minoanlife.com\/fr\/wp-json\/wp\/v2\/product"}],"about":[{"href":"https:\/\/www.minoanlife.com\/fr\/wp-json\/wp\/v2\/types\/product"}],"replies":[{"embeddable":true,"href":"https:\/\/www.minoanlife.com\/fr\/wp-json\/wp\/v2\/comments?post=12132"}],"wp:featuredmedia":[{"embeddable":true,"href":"https:\/\/www.minoanlife.com\/fr\/wp-json\/wp\/v2\/media\/37815"}],"wp:attachment":[{"href":"https:\/\/www.minoanlife.com\/fr\/wp-json\/wp\/v2\/media?parent=12132"}],"wp:term":[{"taxonomy":"product_brand","embeddable":true,"href":"https:\/\/www.minoanlife.com\/fr\/wp-json\/wp\/v2\/product_brand?post=12132"},{"taxonomy":"product_cat","embeddable":true,"href":"https:\/\/www.minoanlife.com\/fr\/wp-json\/wp\/v2\/product_cat?post=12132"},{"taxonomy":"product_tag","embeddable":true,"href":"https:\/\/www.minoanlife.com\/fr\/wp-json\/wp\/v2\/product_tag?post=12132"}],"curies":[{"name":"wp","href":"https:\/\/api.w.org\/{rel}","templated":true}]}}