{"id":9848,"date":"2014-05-29T20:23:40","date_gmt":"2014-05-29T20:23:40","guid":{"rendered":"http:\/\/www.minoanlife.com\/?page_id=9848"},"modified":"2014-07-20T12:30:53","modified_gmt":"2014-07-20T12:30:53","slug":"matieres-premieres","status":"publish","type":"page","link":"https:\/\/www.minoanlife.com\/fr\/matieres-premieres\/","title":{"rendered":"Matieres Premieres"},"content":{"rendered":"<div class=\"wpb-content-wrapper\"><p>[vc_row][vc_column width=&#8221;1\/3&#8243;][vc_single_image image=&#8221;9842&#8243; img_link_target=&#8221;_self&#8221; title=&#8221;OLIVE&#8221; img_size=&#8221;300&#215;250&#8243;][vc_column_text]Elle fournit une hydratation en profondeur et une protection antioxydante. Elle soigne efficacement les zones fissur\u00e9es de la peau et aide l\u2019\u00e9piderme \u00e0 retrouver son \u00e9quilibre hydrolipidique.[\/vc_column_text][\/vc_column][vc_column width=&#8221;1\/3&#8243;][vc_single_image image=&#8221;9773&#8243; img_link_target=&#8221;_self&#8221; title=&#8221;SAUGE&#8221; img_size=&#8221;300&#215;250&#8243;][vc_column_text]L\u2019extrait de sauge a un fort effet antioxydant et un effet adoucissant, n\u00e9cessaire pour le maintien de la sant\u00e9 et le rajeunissement de l\u2019\u00e9piderme.[\/vc_column_text][\/vc_column][vc_column width=&#8221;1\/3&#8243;][vc_single_image image=&#8221;9778&#8243; img_link_target=&#8221;_self&#8221; title=&#8221;FIGUE DE BARBARIE&#8221; img_size=&#8221;300&#215;250&#8243;][vc_column_text]L\u2019extrait de figue de Barbarie, riche en polysaccharides, contient des propri\u00e9t\u00e9s hydratantes et adoucissantes. Gr\u00e2ce \u00e0 la teneur en acides organiques, cette figue est id\u00e9ale pour le renouvellement et la restauration de la brillance des peaux ternes et fatigu\u00e9es.[\/vc_column_text][\/vc_column][\/vc_row][vc_row css=&#8221;.vc_custom_1401393932628{margin-bottom: 15px !important;}&#8221;][vc_column width=&#8221;1\/1&#8243;][vc_separator][\/vc_column][\/vc_row][vc_row][vc_column width=&#8221;1\/3&#8243;][vc_single_image image=&#8221;9784&#8243; img_link_target=&#8221;_self&#8221; title=&#8221;DICTAME&#8221; img_size=&#8221;300&#215;250&#8243;][vc_column_text]L\u2019extrait de dictame contient des propri\u00e9t\u00e9s antioxydantes et adoucissantes, tandis qu\u2019il aide \u00e0 la r\u00e9paration de l\u2019\u00e9piderme.[\/vc_column_text][\/vc_column][vc_column width=&#8221;1\/3&#8243;][vc_single_image image=&#8221;9789&#8243; img_link_target=&#8221;_self&#8221; title=&#8221;GRENADE&#8221; img_size=&#8221;300&#215;250&#8243;][vc_column_text]L\u2019extrait de grenade est particuli\u00e8rement riche en antioxydants naturels, y compris les acides ph\u00e9noliques, les flavono\u00efdes et les tanins. Elle prot\u00e8ge contre le vieillissement pr\u00e9matur\u00e9.[\/vc_column_text][\/vc_column][vc_column width=&#8221;1\/3&#8243;][vc_single_image image=&#8221;9795&#8243; img_link_target=&#8221;_self&#8221; title=&#8221;RAISIN&#8221; img_size=&#8221;300&#215;250&#8243;][vc_column_text]L\u2019extrait de raisin est riche en polyph\u00e9nols, en proanthocyanidines et en vitamines C et E, tous connus pour leur puissant effet antioxydant. Ces antioxydants prot\u00e8gent contre les radicaux libres et retardent le vieillissement pr\u00e9matur\u00e9 de l\u2019\u00e9piderme.[\/vc_column_text][\/vc_column][\/vc_row][vc_row css=&#8221;.vc_custom_1401393932628{margin-bottom: 15px !important;}&#8221;][vc_column width=&#8221;1\/1&#8243;][vc_separator][\/vc_column][\/vc_row][vc_row][vc_column width=&#8221;1\/3&#8243;][vc_single_image image=&#8221;9801&#8243; img_link_target=&#8221;_self&#8221; title=&#8221;MARJOLAINE&#8221; img_size=&#8221;300&#215;250&#8243;][vc_column_text]L\u2019extrait de Marjolaine est connu pour ses propri\u00e9t\u00e9s relaxantes sur les muscles et pour ses propri\u00e9t\u00e9s contre la fatigue musculaire. Il contient du polyph\u00e9nol naturel pr\u00e9cieux, un acide rosmarinique, lequel apaise et tonifie l\u2019\u00e9piderme en lui donnant une sensation unique de fra\u00eecheur et de revitalisation.[\/vc_column_text][\/vc_column][vc_column width=&#8221;1\/3&#8243;][vc_single_image image=&#8221;9807&#8243; img_link_target=&#8221;_self&#8221; title=&#8221;CYPR\u00c8S&#8221; img_size=&#8221;300&#215;250&#8243;][vc_column_text]L\u2019huile de cypr\u00e8s contient des propri\u00e9t\u00e9s antioxydantes, antibact\u00e9riennes et adoucissantes, tandis qu\u2019elle contribue \u00e0 tonifier la microcirculation et aide \u00e0 la d\u00e9congestion.[\/vc_column_text][\/vc_column][vc_column width=&#8221;1\/3&#8243;][vc_single_image image=&#8221;9813&#8243; img_link_target=&#8221;_self&#8221; title=&#8221;ARTICHAUT&#8221; img_size=&#8221;300&#215;250&#8243;][vc_column_text]L\u2019extrait d\u2019artichaut est riche en cynarine (<em>acide dicaf\u00e9ylquinique<\/em>), en compos\u00e9s polyph\u00e9noliques, en st\u00e9rols, en magn\u00e9sium, et en potassium. Il prot\u00e8ge l\u2019\u00e9piderme contre l\u2019oxydation, mais \u00e9galement offre l\u2019hydratation, la tonification et apporte la nutrition.[\/vc_column_text][\/vc_column][\/vc_row][vc_row css=&#8221;.vc_custom_1401393932628{margin-bottom: 15px !important;}&#8221;][vc_column width=&#8221;1\/1&#8243;][vc_separator][\/vc_column][\/vc_row][vc_row][vc_column width=&#8221;1\/3&#8243;][vc_single_image image=&#8221;9818&#8243; img_link_target=&#8221;_self&#8221; title=&#8221;AVOCAT&#8221; img_size=&#8221;300&#215;250&#8243;][vc_column_text]L\u2019extrait d\u2019alo\u00e8s, gr\u00e2ce aux vitamines, aux min\u00e9raux et aux acides amin\u00e9s qu\u2019il contient, offre un effet adoucissant et un effet hydratant sur \u200b\u200bla peau.[\/vc_column_text][\/vc_column][vc_column width=&#8221;1\/3&#8243;][vc_single_image image=&#8221;9824&#8243; img_link_target=&#8221;_self&#8221; title=&#8221;CRISTE MARINE&#8221; img_size=&#8221;300&#215;250&#8243;][vc_column_text]Gr\u00e2ce \u00e0 ses compos\u00e9s polyph\u00e9noliques, l\u2019extrait de criste marine\/fenouil marin tonifie et rajeunit l\u2019\u00e9piderme tout en bloquant les dommages oxydatifs caus\u00e9s par les rayons ultraviolets (UV).[\/vc_column_text][\/vc_column][vc_column width=&#8221;1\/3&#8243;][vc_single_image image=&#8221;9849&#8243; img_link_target=&#8221;_self&#8221; title=&#8221;ALO\u00c8S&#8221; img_size=&#8221;300&#215;250&#8243;][vc_column_text]L\u2019extrait d\u2019alo\u00e8s, gr\u00e2ce aux vitamines, aux min\u00e9raux et aux acides amin\u00e9s qu\u2019il contient, offre un effet adoucissant et un effet hydratant sur \u200b\u200bla peau.[\/vc_column_text][\/vc_column][\/vc_row]<\/p>\n<\/div>","protected":false},"excerpt":{"rendered":"<p>[vc_row][vc_column width=&#8221;1\/3&#8243;][vc_single_image image=&#8221;9842&#8243; img_link_target=&#8221;_self&#8221; title=&#8221;OLIVE&#8221; img_size=&#8221;300&#215;250&#8243;][vc_column_text]Elle fournit une hydratation en profondeur et une protection antioxydante. Elle soigne efficacement les zones fissur\u00e9es de la peau et aide l\u2019\u00e9piderme \u00e0 retrouver son \u00e9quilibre hydrolipidique.[\/vc_column_text][\/vc_column][vc_column width=&#8221;1\/3&#8243;][vc_single_image image=&#8221;9773&#8243; img_link_target=&#8221;_self&#8221; title=&#8221;SAUGE&#8221; img_size=&#8221;300&#215;250&#8243;][vc_column_text]L\u2019extrait de sauge a un fort effet antioxydant et un effet adoucissant, n\u00e9cessaire pour&#8230;<\/p>\n","protected":false},"author":1,"featured_media":0,"parent":0,"menu_order":136,"comment_status":"open","ping_status":"open","template":"","meta":{"footnotes":""},"class_list":["post-9848","page","type-page","status-publish","hentry"],"yoast_head":"<!-- This site is optimized with the Yoast SEO plugin v27.2 - https:\/\/yoast.com\/product\/yoast-seo-wordpress\/ -->\n<title>Matieres Premieres | Minoan Life<\/title>\n<meta name=\"robots\" content=\"index, follow, max-snippet:-1, max-image-preview:large, max-video-preview:-1\" \/>\n<link rel=\"canonical\" href=\"https:\/\/www.minoanlife.com\/fr\/matieres-premieres\/\" \/>\n<meta property=\"og:locale\" content=\"fr_FR\" \/>\n<meta property=\"og:type\" content=\"article\" \/>\n<meta property=\"og:title\" content=\"Matieres Premieres | Minoan Life\" \/>\n<meta property=\"og:description\" content=\"[vc_row][vc_column width=&#8221;1\/3&#8243;][vc_single_image image=&#8221;9842&#8243; img_link_target=&#8221;_self&#8221; title=&#8221;OLIVE&#8221; img_size=&#8221;300&#215;250&#8243;][vc_column_text]Elle fournit une hydratation en profondeur et une protection antioxydante. Elle soigne efficacement les zones fissur\u00e9es de la peau et aide l\u2019\u00e9piderme \u00e0 retrouver son \u00e9quilibre hydrolipidique.[\/vc_column_text][\/vc_column][vc_column width=&#8221;1\/3&#8243;][vc_single_image image=&#8221;9773&#8243; img_link_target=&#8221;_self&#8221; title=&#8221;SAUGE&#8221; img_size=&#8221;300&#215;250&#8243;][vc_column_text]L\u2019extrait de sauge a un fort effet antioxydant et un effet adoucissant, n\u00e9cessaire pour...\" \/>\n<meta property=\"og:url\" content=\"https:\/\/www.minoanlife.com\/fr\/matieres-premieres\/\" \/>\n<meta property=\"og:site_name\" content=\"Minoan Life\" \/>\n<meta property=\"article:modified_time\" content=\"2014-07-20T12:30:53+00:00\" \/>\n<meta name=\"twitter:label1\" content=\"Dur\u00e9e de lecture estim\u00e9e\" \/>\n\t<meta name=\"twitter:data1\" content=\"4 minutes\" \/>\n<script type=\"application\/ld+json\" class=\"yoast-schema-graph\">{\"@context\":\"https:\/\/schema.org\",\"@graph\":[{\"@type\":\"WebPage\",\"@id\":\"https:\/\/www.minoanlife.com\/fr\/matieres-premieres\/\",\"url\":\"https:\/\/www.minoanlife.com\/fr\/matieres-premieres\/\",\"name\":\"Matieres Premieres | Minoan Life\",\"isPartOf\":{\"@id\":\"https:\/\/www.minoanlife.com\/fr\/#website\"},\"datePublished\":\"2014-05-29T20:23:40+00:00\",\"dateModified\":\"2014-07-20T12:30:53+00:00\",\"breadcrumb\":{\"@id\":\"https:\/\/www.minoanlife.com\/fr\/matieres-premieres\/#breadcrumb\"},\"inLanguage\":\"fr-FR\",\"potentialAction\":[{\"@type\":\"ReadAction\",\"target\":[\"https:\/\/www.minoanlife.com\/fr\/matieres-premieres\/\"]}]},{\"@type\":\"BreadcrumbList\",\"@id\":\"https:\/\/www.minoanlife.com\/fr\/matieres-premieres\/#breadcrumb\",\"itemListElement\":[{\"@type\":\"ListItem\",\"position\":1,\"name\":\"Home\",\"item\":\"https:\/\/www.minoanlife.com\/fr\/\"},{\"@type\":\"ListItem\",\"position\":2,\"name\":\"Matieres Premieres\"}]},{\"@type\":\"WebSite\",\"@id\":\"https:\/\/www.minoanlife.com\/fr\/#website\",\"url\":\"https:\/\/www.minoanlife.com\/fr\/\",\"name\":\"Minoan Life\",\"description\":\"\",\"potentialAction\":[{\"@type\":\"SearchAction\",\"target\":{\"@type\":\"EntryPoint\",\"urlTemplate\":\"https:\/\/www.minoanlife.com\/fr\/?s={search_term_string}\"},\"query-input\":{\"@type\":\"PropertyValueSpecification\",\"valueRequired\":true,\"valueName\":\"search_term_string\"}}],\"inLanguage\":\"fr-FR\"}]}<\/script>\n<!-- \/ Yoast SEO plugin. -->","yoast_head_json":{"title":"Matieres Premieres | Minoan Life","robots":{"index":"index","follow":"follow","max-snippet":"max-snippet:-1","max-image-preview":"max-image-preview:large","max-video-preview":"max-video-preview:-1"},"canonical":"https:\/\/www.minoanlife.com\/fr\/matieres-premieres\/","og_locale":"fr_FR","og_type":"article","og_title":"Matieres Premieres | Minoan Life","og_description":"[vc_row][vc_column width=&#8221;1\/3&#8243;][vc_single_image image=&#8221;9842&#8243; img_link_target=&#8221;_self&#8221; title=&#8221;OLIVE&#8221; img_size=&#8221;300&#215;250&#8243;][vc_column_text]Elle fournit une hydratation en profondeur et une protection antioxydante. Elle soigne efficacement les zones fissur\u00e9es de la peau et aide l\u2019\u00e9piderme \u00e0 retrouver son \u00e9quilibre hydrolipidique.[\/vc_column_text][\/vc_column][vc_column width=&#8221;1\/3&#8243;][vc_single_image image=&#8221;9773&#8243; img_link_target=&#8221;_self&#8221; title=&#8221;SAUGE&#8221; img_size=&#8221;300&#215;250&#8243;][vc_column_text]L\u2019extrait de sauge a un fort effet antioxydant et un effet adoucissant, n\u00e9cessaire pour...","og_url":"https:\/\/www.minoanlife.com\/fr\/matieres-premieres\/","og_site_name":"Minoan Life","article_modified_time":"2014-07-20T12:30:53+00:00","twitter_misc":{"Dur\u00e9e de lecture estim\u00e9e":"4 minutes"},"schema":{"@context":"https:\/\/schema.org","@graph":[{"@type":"WebPage","@id":"https:\/\/www.minoanlife.com\/fr\/matieres-premieres\/","url":"https:\/\/www.minoanlife.com\/fr\/matieres-premieres\/","name":"Matieres Premieres | Minoan Life","isPartOf":{"@id":"https:\/\/www.minoanlife.com\/fr\/#website"},"datePublished":"2014-05-29T20:23:40+00:00","dateModified":"2014-07-20T12:30:53+00:00","breadcrumb":{"@id":"https:\/\/www.minoanlife.com\/fr\/matieres-premieres\/#breadcrumb"},"inLanguage":"fr-FR","potentialAction":[{"@type":"ReadAction","target":["https:\/\/www.minoanlife.com\/fr\/matieres-premieres\/"]}]},{"@type":"BreadcrumbList","@id":"https:\/\/www.minoanlife.com\/fr\/matieres-premieres\/#breadcrumb","itemListElement":[{"@type":"ListItem","position":1,"name":"Home","item":"https:\/\/www.minoanlife.com\/fr\/"},{"@type":"ListItem","position":2,"name":"Matieres Premieres"}]},{"@type":"WebSite","@id":"https:\/\/www.minoanlife.com\/fr\/#website","url":"https:\/\/www.minoanlife.com\/fr\/","name":"Minoan Life","description":"","potentialAction":[{"@type":"SearchAction","target":{"@type":"EntryPoint","urlTemplate":"https:\/\/www.minoanlife.com\/fr\/?s={search_term_string}"},"query-input":{"@type":"PropertyValueSpecification","valueRequired":true,"valueName":"search_term_string"}}],"inLanguage":"fr-FR"}]}},"_links":{"self":[{"href":"https:\/\/www.minoanlife.com\/fr\/wp-json\/wp\/v2\/pages\/9848","targetHints":{"allow":["GET"]}}],"collection":[{"href":"https:\/\/www.minoanlife.com\/fr\/wp-json\/wp\/v2\/pages"}],"about":[{"href":"https:\/\/www.minoanlife.com\/fr\/wp-json\/wp\/v2\/types\/page"}],"author":[{"embeddable":true,"href":"https:\/\/www.minoanlife.com\/fr\/wp-json\/wp\/v2\/users\/1"}],"replies":[{"embeddable":true,"href":"https:\/\/www.minoanlife.com\/fr\/wp-json\/wp\/v2\/comments?post=9848"}],"version-history":[{"count":0,"href":"https:\/\/www.minoanlife.com\/fr\/wp-json\/wp\/v2\/pages\/9848\/revisions"}],"wp:attachment":[{"href":"https:\/\/www.minoanlife.com\/fr\/wp-json\/wp\/v2\/media?parent=9848"}],"curies":[{"name":"wp","href":"https:\/\/api.w.org\/{rel}","templated":true}]}}