{"id":16088,"date":"2016-04-04T11:48:45","date_gmt":"2016-04-04T11:48:45","guid":{"rendered":"https:\/\/www.minoanlife.com\/fr\/?page_id=16088"},"modified":"2016-12-08T14:43:20","modified_gmt":"2016-12-08T14:43:20","slug":"eponges-%ce%bdaturelles","status":"publish","type":"page","link":"https:\/\/www.minoanlife.com\/fr\/eponges-%ce%bdaturelles\/","title":{"rendered":"\u00c9ponges \u039daturelles"},"content":{"rendered":"<p><strong>Product Details<\/strong><\/p>\n<p>Les \u00e9ponges naturelles sont utilis\u00e9es depuis des <strong>milliers d&#8217;ann\u00e9es<\/strong> en raison de leurs caract\u00e9ristiques uniques, qui leur assurent une utilisation id\u00e9ale pour le <strong>bain<\/strong> et <strong>l&#8217;hygi\u00e8ne personnelle<\/strong>. <strong>L\u2019\u00e9ponge naturelle Minoan Life <\/strong>est une \u00e9ponge de <strong>haute qualit\u00e9<\/strong>, soigneusement s\u00e9lectionn\u00e9e dans la <strong>mer M\u00e9diterran\u00e9e<\/strong>.<\/p>\n<p><strong>L\u2019\u00e9ponge naturelle Minoan Life<\/strong> est id\u00e9ale pour les massages, offrant au corps une <strong>exp\u00e9rience de d\u00e9tente <\/strong>unique. Elle est hypoallerg\u00e9nique et aide \u00e0 nettoyer la peau, sans l\u2019irriter. Enfin, en tant qu\u2019<strong>organisme vivant<\/strong>, <strong>l&#8217;\u00e9ponge naturelle Minoan Life<\/strong> emp\u00eache l&#8217;accumulation de bact\u00e9ries et, contrairement aux \u00e9ponges industrielles, elle est de longue vie et ne retient pas les odeurs.<\/p>\n","protected":false},"excerpt":{"rendered":"<p>Product Details Les \u00e9ponges naturelles sont utilis\u00e9es depuis des milliers d&#8217;ann\u00e9es en raison de leurs caract\u00e9ristiques uniques, qui leur assurent une utilisation id\u00e9ale pour le bain et l&#8217;hygi\u00e8ne personnelle. L\u2019\u00e9ponge naturelle Minoan Life est une \u00e9ponge de haute qualit\u00e9, soigneusement s\u00e9lectionn\u00e9e dans la mer M\u00e9diterran\u00e9e. L\u2019\u00e9ponge naturelle Minoan Life est&#8230;<\/p>\n","protected":false},"author":124,"featured_media":0,"parent":0,"menu_order":10,"comment_status":"closed","ping_status":"closed","template":"","meta":{"footnotes":""},"class_list":["post-16088","page","type-page","status-publish","hentry"],"yoast_head":"<!-- This site is optimized with the Yoast SEO plugin v27.2 - https:\/\/yoast.com\/product\/yoast-seo-wordpress\/ -->\n<title>\u00c9ponges \u039daturelles | Minoan Life<\/title>\n<meta name=\"robots\" content=\"index, follow, max-snippet:-1, max-image-preview:large, max-video-preview:-1\" \/>\n<link rel=\"canonical\" href=\"https:\/\/www.minoanlife.com\/fr\/eponges-%ce%bdaturelles\/\" \/>\n<meta property=\"og:locale\" content=\"fr_FR\" \/>\n<meta property=\"og:type\" content=\"article\" \/>\n<meta property=\"og:title\" content=\"\u00c9ponges \u039daturelles | Minoan Life\" \/>\n<meta property=\"og:description\" content=\"Product Details Les \u00e9ponges naturelles sont utilis\u00e9es depuis des milliers d&#8217;ann\u00e9es en raison de leurs caract\u00e9ristiques uniques, qui leur assurent une utilisation id\u00e9ale pour le bain et l&#8217;hygi\u00e8ne personnelle. L\u2019\u00e9ponge naturelle Minoan Life est une \u00e9ponge de haute qualit\u00e9, soigneusement s\u00e9lectionn\u00e9e dans la mer M\u00e9diterran\u00e9e. L\u2019\u00e9ponge naturelle Minoan Life est...\" \/>\n<meta property=\"og:url\" content=\"https:\/\/www.minoanlife.com\/fr\/eponges-%ce%bdaturelles\/\" \/>\n<meta property=\"og:site_name\" content=\"Minoan Life\" \/>\n<meta property=\"article:modified_time\" content=\"2016-12-08T14:43:20+00:00\" \/>\n<meta name=\"twitter:label1\" content=\"Dur\u00e9e de lecture estim\u00e9e\" \/>\n\t<meta name=\"twitter:data1\" content=\"1 minute\" \/>\n<script type=\"application\/ld+json\" class=\"yoast-schema-graph\">{\"@context\":\"https:\/\/schema.org\",\"@graph\":[{\"@type\":\"WebPage\",\"@id\":\"https:\/\/www.minoanlife.com\/fr\/eponges-%ce%bdaturelles\/\",\"url\":\"https:\/\/www.minoanlife.com\/fr\/eponges-%ce%bdaturelles\/\",\"name\":\"\u00c9ponges \u039daturelles | Minoan Life\",\"isPartOf\":{\"@id\":\"https:\/\/www.minoanlife.com\/fr\/#website\"},\"datePublished\":\"2016-04-04T11:48:45+00:00\",\"dateModified\":\"2016-12-08T14:43:20+00:00\",\"breadcrumb\":{\"@id\":\"https:\/\/www.minoanlife.com\/fr\/eponges-%ce%bdaturelles\/#breadcrumb\"},\"inLanguage\":\"fr-FR\",\"potentialAction\":[{\"@type\":\"ReadAction\",\"target\":[\"https:\/\/www.minoanlife.com\/fr\/eponges-%ce%bdaturelles\/\"]}]},{\"@type\":\"BreadcrumbList\",\"@id\":\"https:\/\/www.minoanlife.com\/fr\/eponges-%ce%bdaturelles\/#breadcrumb\",\"itemListElement\":[{\"@type\":\"ListItem\",\"position\":1,\"name\":\"Home\",\"item\":\"https:\/\/www.minoanlife.com\/fr\/\"},{\"@type\":\"ListItem\",\"position\":2,\"name\":\"\u00c9ponges \u039daturelles\"}]},{\"@type\":\"WebSite\",\"@id\":\"https:\/\/www.minoanlife.com\/fr\/#website\",\"url\":\"https:\/\/www.minoanlife.com\/fr\/\",\"name\":\"Minoan Life\",\"description\":\"\",\"potentialAction\":[{\"@type\":\"SearchAction\",\"target\":{\"@type\":\"EntryPoint\",\"urlTemplate\":\"https:\/\/www.minoanlife.com\/fr\/?s={search_term_string}\"},\"query-input\":{\"@type\":\"PropertyValueSpecification\",\"valueRequired\":true,\"valueName\":\"search_term_string\"}}],\"inLanguage\":\"fr-FR\"}]}<\/script>\n<!-- \/ Yoast SEO plugin. -->","yoast_head_json":{"title":"\u00c9ponges \u039daturelles | Minoan Life","robots":{"index":"index","follow":"follow","max-snippet":"max-snippet:-1","max-image-preview":"max-image-preview:large","max-video-preview":"max-video-preview:-1"},"canonical":"https:\/\/www.minoanlife.com\/fr\/eponges-%ce%bdaturelles\/","og_locale":"fr_FR","og_type":"article","og_title":"\u00c9ponges \u039daturelles | Minoan Life","og_description":"Product Details Les \u00e9ponges naturelles sont utilis\u00e9es depuis des milliers d&#8217;ann\u00e9es en raison de leurs caract\u00e9ristiques uniques, qui leur assurent une utilisation id\u00e9ale pour le bain et l&#8217;hygi\u00e8ne personnelle. L\u2019\u00e9ponge naturelle Minoan Life est une \u00e9ponge de haute qualit\u00e9, soigneusement s\u00e9lectionn\u00e9e dans la mer M\u00e9diterran\u00e9e. L\u2019\u00e9ponge naturelle Minoan Life est...","og_url":"https:\/\/www.minoanlife.com\/fr\/eponges-%ce%bdaturelles\/","og_site_name":"Minoan Life","article_modified_time":"2016-12-08T14:43:20+00:00","twitter_misc":{"Dur\u00e9e de lecture estim\u00e9e":"1 minute"},"schema":{"@context":"https:\/\/schema.org","@graph":[{"@type":"WebPage","@id":"https:\/\/www.minoanlife.com\/fr\/eponges-%ce%bdaturelles\/","url":"https:\/\/www.minoanlife.com\/fr\/eponges-%ce%bdaturelles\/","name":"\u00c9ponges \u039daturelles | Minoan Life","isPartOf":{"@id":"https:\/\/www.minoanlife.com\/fr\/#website"},"datePublished":"2016-04-04T11:48:45+00:00","dateModified":"2016-12-08T14:43:20+00:00","breadcrumb":{"@id":"https:\/\/www.minoanlife.com\/fr\/eponges-%ce%bdaturelles\/#breadcrumb"},"inLanguage":"fr-FR","potentialAction":[{"@type":"ReadAction","target":["https:\/\/www.minoanlife.com\/fr\/eponges-%ce%bdaturelles\/"]}]},{"@type":"BreadcrumbList","@id":"https:\/\/www.minoanlife.com\/fr\/eponges-%ce%bdaturelles\/#breadcrumb","itemListElement":[{"@type":"ListItem","position":1,"name":"Home","item":"https:\/\/www.minoanlife.com\/fr\/"},{"@type":"ListItem","position":2,"name":"\u00c9ponges \u039daturelles"}]},{"@type":"WebSite","@id":"https:\/\/www.minoanlife.com\/fr\/#website","url":"https:\/\/www.minoanlife.com\/fr\/","name":"Minoan Life","description":"","potentialAction":[{"@type":"SearchAction","target":{"@type":"EntryPoint","urlTemplate":"https:\/\/www.minoanlife.com\/fr\/?s={search_term_string}"},"query-input":{"@type":"PropertyValueSpecification","valueRequired":true,"valueName":"search_term_string"}}],"inLanguage":"fr-FR"}]}},"_links":{"self":[{"href":"https:\/\/www.minoanlife.com\/fr\/wp-json\/wp\/v2\/pages\/16088","targetHints":{"allow":["GET"]}}],"collection":[{"href":"https:\/\/www.minoanlife.com\/fr\/wp-json\/wp\/v2\/pages"}],"about":[{"href":"https:\/\/www.minoanlife.com\/fr\/wp-json\/wp\/v2\/types\/page"}],"author":[{"embeddable":true,"href":"https:\/\/www.minoanlife.com\/fr\/wp-json\/wp\/v2\/users\/124"}],"replies":[{"embeddable":true,"href":"https:\/\/www.minoanlife.com\/fr\/wp-json\/wp\/v2\/comments?post=16088"}],"version-history":[{"count":1,"href":"https:\/\/www.minoanlife.com\/fr\/wp-json\/wp\/v2\/pages\/16088\/revisions"}],"predecessor-version":[{"id":17236,"href":"https:\/\/www.minoanlife.com\/fr\/wp-json\/wp\/v2\/pages\/16088\/revisions\/17236"}],"wp:attachment":[{"href":"https:\/\/www.minoanlife.com\/fr\/wp-json\/wp\/v2\/media?parent=16088"}],"curies":[{"name":"wp","href":"https:\/\/api.w.org\/{rel}","templated":true}]}}