{"id":14909,"date":"2016-02-23T15:25:41","date_gmt":"2016-02-23T15:25:41","guid":{"rendered":"https:\/\/www.minoanlife.com\/fr\/?page_id=14909"},"modified":"2017-02-23T06:53:53","modified_gmt":"2017-02-23T06:53:53","slug":"inspiration","status":"publish","type":"page","link":"https:\/\/www.minoanlife.com\/fr\/inspiration\/","title":{"rendered":"Inspiration"},"content":{"rendered":"<div class=\"wpb-content-wrapper\"><p>[vc_row full_width=&#8221;stretch_row_content_no_spaces&#8221; parallax=&#8221;content-moving-fade&#8221; parallax_speed_bg=&#8221;2.5&#8243; css_outer=&#8221;.vc_custom_1457705967316{padding-top: 0px !important;padding-bottom: 0px !important;background: rgba(0,0,0,0.22) url(http:\/\/www.minoanlife.com\/wp-content\/uploads\/2014\/05\/olive-grove.jpg?id=9710) !important;background-position: center !important;background-repeat: no-repeat !important;background-size: cover !important;*background-color: rgb(0,0,0) !important;}&#8221; css=&#8221;.vc_custom_1460390678158{background-image: url(https:\/\/www.minoanlife.com\/wp-content\/uploads\/2014\/05\/olive-grove.jpg?id=9710) !important;}&#8221;][vc_column][vc_column_text css=&#8221;.vc_custom_1459170776360{margin-bottom: 0px !important;padding-top: 100px !important;padding-bottom: 100px !important;}&#8221;]<\/p>\n<h2 style=\"text-transform: none; text-align: center;\"><span style=\"color: #ffffff;\">Avec le soin d\u2019Olivier<\/span><\/h2>\n<h2 style=\"text-transform: none; text-align: center;\"><span style=\"color: #ffffff;\">et la sagesse de la nature de Cr\u00e8te!<\/span><\/h2>\n<p>[\/vc_column_text][\/vc_column][\/vc_row][vc_row][vc_column][vc_column_text]&#8221;Minoan Life&#8221;, inspir\u00e9e des propri\u00e9t\u00e9s bienfaisantes de l\u2019<strong>huile d\u2019olive<\/strong>, de la biodiversit\u00e9 de la <strong>nature de Cr\u00e8te<\/strong> et de la civilisation <strong>minoenne<\/strong>,\u00a0la plus ancienne grande civilisation d\u00e9velopp\u00e9e en Europe, a cr\u00e9\u00e9 la ligne <strong>&#8220;Olive &#8211; Beauty\u2022Medi\u2022Care&#8221;<\/strong>, une ligne compl\u00e8te de produits de soin pour le visage et le corps, exclusivement \u00e0 base d\u2019huile d\u2019olive et de plantes de Cr\u00e8te.[\/vc_column_text][vc_empty_space height=&#8221;24px&#8221;][\/vc_column][\/vc_row][vc_row][vc_column width=&#8221;1\/3&#8243;][vc_cta h2=&#8221;&#8221; h4=&#8221;L\u2019huile D\u2019olive&#8221; txt_align=&#8221;center&#8221; shape=&#8221;square&#8221; style=&#8221;outline&#8221; add_button=&#8221;bottom&#8221; btn_title=&#8221;L\u2019huile D\u2019olive&#8221; btn_align=&#8221;center&#8221; btn_button_block=&#8221;true&#8221; btn_add_icon=&#8221;true&#8221; btn_link=&#8221;url:https%3A%2F%2Fwww.minoanlife.com%2Ffr%2Flhuile-dolive-lor-liquide||&#8221;]L&#8217;huile d&#8217;olive est l\u2019un des <strong>meilleurs moyens<\/strong> pour hydrater la peau, aidant \u00e0 garder une apparence jeune et pleine d\u2019\u00e9clat.[\/vc_cta][\/vc_column][vc_column width=&#8221;1\/3&#8243;][vc_cta h2=&#8221;&#8221; h4=&#8221;Nature Cr\u00e9toise&#8221; txt_align=&#8221;center&#8221; shape=&#8221;square&#8221; style=&#8221;outline&#8221; add_button=&#8221;bottom&#8221; btn_title=&#8221;Nature Cr\u00e9toise&#8221; btn_align=&#8221;center&#8221; btn_button_block=&#8221;true&#8221; btn_add_icon=&#8221;true&#8221; btn_link=&#8221;url:%20https%3A%2F%2Fwww.minoanlife.com%2Ffr%2Fnature-cretoise%2F||&#8221;]Les conditions climatiques et p\u00e9dologiques de l\u2019\u00eele de Cr\u00e8te sont les principaux facteurs qui influent dans la production de l\u2019huile <strong>d\u2019excellente qualit\u00e9<\/strong>, laquelle jouit d\u2019une r\u00e9putation et est appr\u00e9ci\u00e9e partout dans le monde.[\/vc_cta][\/vc_column][vc_column width=&#8221;1\/3&#8243;][vc_cta h2=&#8221;&#8221; h4=&#8221;Civilisation Minoenne (2400-1450 avant JC)&#8221; txt_align=&#8221;center&#8221; shape=&#8221;square&#8221; style=&#8221;outline&#8221; add_button=&#8221;bottom&#8221; btn_title=&#8221;La Civilisation Minoenne&#8221; btn_align=&#8221;center&#8221; btn_button_block=&#8221;true&#8221; btn_add_icon=&#8221;true&#8221; btn_link=&#8221;url:%20https%3A%2F%2Fwww.minoanlife.com%2Ffr%2Fla-civilisation-minoenne%2F||&#8221;]Les fouilles arch\u00e9ologiques ont montr\u00e9 que les femmes minoennes savaient de mani\u00e8re <strong>instinctive<\/strong> que l\u2019huile d\u2019olive \u00e9tait, \u00e0 elle seule, un des secrets de beaut\u00e9 les plus <strong>efficaces<\/strong> pour les soins de la peau et des cheveux.[\/vc_cta][\/vc_column][\/vc_row]<\/p>\n<\/div>","protected":false},"excerpt":{"rendered":"<p>[vc_row full_width=&#8221;stretch_row_content_no_spaces&#8221; parallax=&#8221;content-moving-fade&#8221; parallax_speed_bg=&#8221;2.5&#8243; css_outer=&#8221;.vc_custom_1457705967316{padding-top: 0px !important;padding-bottom: 0px !important;background: rgba(0,0,0,0.22) url(http:\/\/www.minoanlife.com\/wp-content\/uploads\/2014\/05\/olive-grove.jpg?id=9710) !important;background-position: center !important;background-repeat: no-repeat !important;background-size: cover !important;*background-color: rgb(0,0,0) !important;}&#8221; css=&#8221;.vc_custom_1460390678158{background-image: url(https:\/\/www.minoanlife.com\/wp-content\/uploads\/2014\/05\/olive-grove.jpg?id=9710) !important;}&#8221;][vc_column][vc_column_text css=&#8221;.vc_custom_1459170776360{margin-bottom: 0px !important;padding-top: 100px !important;padding-bottom: 100px !important;}&#8221;] Avec le soin d\u2019Olivier et la sagesse de la nature de Cr\u00e8te! [\/vc_column_text][\/vc_column][\/vc_row][vc_row][vc_column][vc_column_text]&#8221;Minoan Life&#8221;, inspir\u00e9e des propri\u00e9t\u00e9s bienfaisantes de l\u2019huile&#8230;<\/p>\n","protected":false},"author":124,"featured_media":0,"parent":0,"menu_order":29,"comment_status":"open","ping_status":"open","template":"","meta":{"footnotes":""},"class_list":["post-14909","page","type-page","status-publish","hentry"],"yoast_head":"<!-- This site is optimized with the Yoast SEO plugin v27.2 - https:\/\/yoast.com\/product\/yoast-seo-wordpress\/ -->\n<title>Inspiration | Minoan Life<\/title>\n<meta name=\"robots\" content=\"index, follow, max-snippet:-1, max-image-preview:large, max-video-preview:-1\" \/>\n<link rel=\"canonical\" href=\"https:\/\/www.minoanlife.com\/fr\/inspiration\/\" \/>\n<meta property=\"og:locale\" content=\"fr_FR\" \/>\n<meta property=\"og:type\" content=\"article\" \/>\n<meta property=\"og:title\" content=\"Inspiration | Minoan Life\" \/>\n<meta property=\"og:description\" content=\"[vc_row full_width=&#8221;stretch_row_content_no_spaces&#8221; parallax=&#8221;content-moving-fade&#8221; parallax_speed_bg=&#8221;2.5&#8243; css_outer=&#8221;.vc_custom_1457705967316{padding-top: 0px !important;padding-bottom: 0px !important;background: rgba(0,0,0,0.22) url(http:\/\/www.minoanlife.com\/wp-content\/uploads\/2014\/05\/olive-grove.jpg?id=9710) !important;background-position: center !important;background-repeat: no-repeat !important;background-size: cover !important;*background-color: rgb(0,0,0) !important;}&#8221; css=&#8221;.vc_custom_1460390678158{background-image: url(https:\/\/www.minoanlife.com\/wp-content\/uploads\/2014\/05\/olive-grove.jpg?id=9710) !important;}&#8221;][vc_column][vc_column_text css=&#8221;.vc_custom_1459170776360{margin-bottom: 0px !important;padding-top: 100px !important;padding-bottom: 100px !important;}&#8221;] Avec le soin d\u2019Olivier et la sagesse de la nature de Cr\u00e8te! [\/vc_column_text][\/vc_column][\/vc_row][vc_row][vc_column][vc_column_text]&#8221;Minoan Life&#8221;, inspir\u00e9e des propri\u00e9t\u00e9s bienfaisantes de l\u2019huile...\" \/>\n<meta property=\"og:url\" content=\"https:\/\/www.minoanlife.com\/fr\/inspiration\/\" \/>\n<meta property=\"og:site_name\" content=\"Minoan Life\" \/>\n<meta property=\"article:modified_time\" content=\"2017-02-23T06:53:53+00:00\" \/>\n<meta name=\"twitter:label1\" content=\"Dur\u00e9e de lecture estim\u00e9e\" \/>\n\t<meta name=\"twitter:data1\" content=\"2 minutes\" \/>\n<script type=\"application\/ld+json\" class=\"yoast-schema-graph\">{\"@context\":\"https:\/\/schema.org\",\"@graph\":[{\"@type\":\"WebPage\",\"@id\":\"https:\/\/www.minoanlife.com\/fr\/inspiration\/\",\"url\":\"https:\/\/www.minoanlife.com\/fr\/inspiration\/\",\"name\":\"Inspiration | Minoan Life\",\"isPartOf\":{\"@id\":\"https:\/\/www.minoanlife.com\/fr\/#website\"},\"datePublished\":\"2016-02-23T15:25:41+00:00\",\"dateModified\":\"2017-02-23T06:53:53+00:00\",\"breadcrumb\":{\"@id\":\"https:\/\/www.minoanlife.com\/fr\/inspiration\/#breadcrumb\"},\"inLanguage\":\"fr-FR\",\"potentialAction\":[{\"@type\":\"ReadAction\",\"target\":[\"https:\/\/www.minoanlife.com\/fr\/inspiration\/\"]}]},{\"@type\":\"BreadcrumbList\",\"@id\":\"https:\/\/www.minoanlife.com\/fr\/inspiration\/#breadcrumb\",\"itemListElement\":[{\"@type\":\"ListItem\",\"position\":1,\"name\":\"Home\",\"item\":\"https:\/\/www.minoanlife.com\/fr\/\"},{\"@type\":\"ListItem\",\"position\":2,\"name\":\"Inspiration\"}]},{\"@type\":\"WebSite\",\"@id\":\"https:\/\/www.minoanlife.com\/fr\/#website\",\"url\":\"https:\/\/www.minoanlife.com\/fr\/\",\"name\":\"Minoan Life\",\"description\":\"\",\"potentialAction\":[{\"@type\":\"SearchAction\",\"target\":{\"@type\":\"EntryPoint\",\"urlTemplate\":\"https:\/\/www.minoanlife.com\/fr\/?s={search_term_string}\"},\"query-input\":{\"@type\":\"PropertyValueSpecification\",\"valueRequired\":true,\"valueName\":\"search_term_string\"}}],\"inLanguage\":\"fr-FR\"}]}<\/script>\n<!-- \/ Yoast SEO plugin. -->","yoast_head_json":{"title":"Inspiration | Minoan Life","robots":{"index":"index","follow":"follow","max-snippet":"max-snippet:-1","max-image-preview":"max-image-preview:large","max-video-preview":"max-video-preview:-1"},"canonical":"https:\/\/www.minoanlife.com\/fr\/inspiration\/","og_locale":"fr_FR","og_type":"article","og_title":"Inspiration | Minoan Life","og_description":"[vc_row full_width=&#8221;stretch_row_content_no_spaces&#8221; parallax=&#8221;content-moving-fade&#8221; parallax_speed_bg=&#8221;2.5&#8243; css_outer=&#8221;.vc_custom_1457705967316{padding-top: 0px !important;padding-bottom: 0px !important;background: rgba(0,0,0,0.22) url(http:\/\/www.minoanlife.com\/wp-content\/uploads\/2014\/05\/olive-grove.jpg?id=9710) !important;background-position: center !important;background-repeat: no-repeat !important;background-size: cover !important;*background-color: rgb(0,0,0) !important;}&#8221; css=&#8221;.vc_custom_1460390678158{background-image: url(https:\/\/www.minoanlife.com\/wp-content\/uploads\/2014\/05\/olive-grove.jpg?id=9710) !important;}&#8221;][vc_column][vc_column_text css=&#8221;.vc_custom_1459170776360{margin-bottom: 0px !important;padding-top: 100px !important;padding-bottom: 100px !important;}&#8221;] Avec le soin d\u2019Olivier et la sagesse de la nature de Cr\u00e8te! [\/vc_column_text][\/vc_column][\/vc_row][vc_row][vc_column][vc_column_text]&#8221;Minoan Life&#8221;, inspir\u00e9e des propri\u00e9t\u00e9s bienfaisantes de l\u2019huile...","og_url":"https:\/\/www.minoanlife.com\/fr\/inspiration\/","og_site_name":"Minoan Life","article_modified_time":"2017-02-23T06:53:53+00:00","twitter_misc":{"Dur\u00e9e de lecture estim\u00e9e":"2 minutes"},"schema":{"@context":"https:\/\/schema.org","@graph":[{"@type":"WebPage","@id":"https:\/\/www.minoanlife.com\/fr\/inspiration\/","url":"https:\/\/www.minoanlife.com\/fr\/inspiration\/","name":"Inspiration | Minoan Life","isPartOf":{"@id":"https:\/\/www.minoanlife.com\/fr\/#website"},"datePublished":"2016-02-23T15:25:41+00:00","dateModified":"2017-02-23T06:53:53+00:00","breadcrumb":{"@id":"https:\/\/www.minoanlife.com\/fr\/inspiration\/#breadcrumb"},"inLanguage":"fr-FR","potentialAction":[{"@type":"ReadAction","target":["https:\/\/www.minoanlife.com\/fr\/inspiration\/"]}]},{"@type":"BreadcrumbList","@id":"https:\/\/www.minoanlife.com\/fr\/inspiration\/#breadcrumb","itemListElement":[{"@type":"ListItem","position":1,"name":"Home","item":"https:\/\/www.minoanlife.com\/fr\/"},{"@type":"ListItem","position":2,"name":"Inspiration"}]},{"@type":"WebSite","@id":"https:\/\/www.minoanlife.com\/fr\/#website","url":"https:\/\/www.minoanlife.com\/fr\/","name":"Minoan Life","description":"","potentialAction":[{"@type":"SearchAction","target":{"@type":"EntryPoint","urlTemplate":"https:\/\/www.minoanlife.com\/fr\/?s={search_term_string}"},"query-input":{"@type":"PropertyValueSpecification","valueRequired":true,"valueName":"search_term_string"}}],"inLanguage":"fr-FR"}]}},"_links":{"self":[{"href":"https:\/\/www.minoanlife.com\/fr\/wp-json\/wp\/v2\/pages\/14909","targetHints":{"allow":["GET"]}}],"collection":[{"href":"https:\/\/www.minoanlife.com\/fr\/wp-json\/wp\/v2\/pages"}],"about":[{"href":"https:\/\/www.minoanlife.com\/fr\/wp-json\/wp\/v2\/types\/page"}],"author":[{"embeddable":true,"href":"https:\/\/www.minoanlife.com\/fr\/wp-json\/wp\/v2\/users\/124"}],"replies":[{"embeddable":true,"href":"https:\/\/www.minoanlife.com\/fr\/wp-json\/wp\/v2\/comments?post=14909"}],"version-history":[{"count":2,"href":"https:\/\/www.minoanlife.com\/fr\/wp-json\/wp\/v2\/pages\/14909\/revisions"}],"predecessor-version":[{"id":17512,"href":"https:\/\/www.minoanlife.com\/fr\/wp-json\/wp\/v2\/pages\/14909\/revisions\/17512"}],"wp:attachment":[{"href":"https:\/\/www.minoanlife.com\/fr\/wp-json\/wp\/v2\/media?parent=14909"}],"curies":[{"name":"wp","href":"https:\/\/api.w.org\/{rel}","templated":true}]}}