{"id":14667,"date":"2015-05-12T15:19:36","date_gmt":"2015-05-12T15:19:36","guid":{"rendered":"https:\/\/www.minoanlife.com\/?page_id=14667"},"modified":"2016-03-08T09:27:36","modified_gmt":"2016-03-08T09:27:36","slug":"nature-cretoise","status":"publish","type":"page","link":"https:\/\/www.minoanlife.com\/fr\/nature-cretoise\/","title":{"rendered":"Nature Cr\u00e9toise"},"content":{"rendered":"<div class=\"wpb-content-wrapper\"><p>[vc_row][vc_column width=&#8221;2\/3&#8243;]<div class=\"banner  align-left valign-middle banner-font- hover-zoom \" ><div class=\"banner-content\"><div class=\"banner-inner\"><\/p>\n<div style=\"text-transform: none; color: white; \/\/background-color: rgba(0, 0, 0, 0.36);\">\n<h4 style=\"text-transform: none;\">Les conditions climatiques et p\u00e9dologiques<br \/>\nde l\u2019\u00eele de Cr\u00e8te sont les principaux facteurs qui influent dans la production de l\u2019huile <span style=\"text-transform: none; font-size: 120%;\">d\u2019excellente qualit\u00e9\u00a0<\/span>, laquelle jouit<br \/>\nd\u2019une r\u00e9putation et est appr\u00e9ci\u00e9e partout dans le monde.<\/h4>\n<\/div>\n<p><\/div><\/div><img decoding=\"async\" class=\"\" src=\"https:\/\/www.minoanlife.com\/wp-content\/uploads\/balos_beach_minoanlife-620x369.jpg\" width=\"620\" height=\"369\" alt=\"balos_beach_minoanlife\" title=\"balos_beach_minoanlife\" loading=\"lazy\" \/><\/div>[\/vc_column][vc_column width=&#8221;1\/3&#8243;][vc_column_text]Les conditions climatiques et p\u00e9dologiques de l\u2019\u00eele de Cr\u00e8te sont les principaux facteurs qui influent dans la production de l\u2019huile d\u2019excellente qualit\u00e9, laquelle jouit d\u2019une r\u00e9putation et est appr\u00e9ci\u00e9e partout dans le monde. La <strong>couleur vert dor\u00e9<\/strong> distinctive et <strong>l\u2019arome d\u00e9licat<\/strong>, le <strong>go\u00fbt l\u00e9g\u00e8rement fruit\u00e9<\/strong> et la <strong>texture \u00e9paisse<\/strong> sont parfaitement combin\u00e9s \u00e0 l\u2019huile d\u2019olive Cr\u00e9toise, laquelle constitue un produit tr\u00e8s fortement demand\u00e9 en raison de sa faible teneur en acidit\u00e9.<\/p>\n<p>Les recettes \u00e0 base d\u2019huile d\u2019olive Cr\u00e9toise fournissent \u00e0 l\u2019organisme les \u00e9l\u00e9ments nutritifs importants, tandis qu\u2019elles apportent une exp\u00e9rience gustative inoubliable. Cette huile est id\u00e9ale pour la cuisson et sert souvent d\u2019accompagnement pour les salades et les l\u00e9gumes frais. Elle constitue un ingr\u00e9dient principal dans le <strong>r\u00e9gime alimentaire M\u00e9diterran\u00e9en<\/strong>, lequel est reconnu mondialement comme \u00e9tant le r\u00e9gime le plus sain et le plus b\u00e9n\u00e9fique pour l\u2019organisme humain.<\/p>\n<p>L\u2019olivier commence \u00e0 fructifier apr\u00e8s une p\u00e9riode de sept ans, tandis qu\u2019il peut cro\u00eetre jusqu\u2019\u00e0 1000 ans.[\/vc_column_text][\/vc_column][\/vc_row]<\/p>\n<\/div>","protected":false},"excerpt":{"rendered":"<p>[vc_row][vc_column width=&#8221;2\/3&#8243;][\/vc_column][vc_column width=&#8221;1\/3&#8243;][vc_column_text]Les conditions climatiques et p\u00e9dologiques de l\u2019\u00eele de Cr\u00e8te sont les principaux facteurs qui influent dans la production de l\u2019huile d\u2019excellente qualit\u00e9, laquelle jouit d\u2019une r\u00e9putation et est appr\u00e9ci\u00e9e partout dans le monde. La couleur vert dor\u00e9 distinctive et l\u2019arome d\u00e9licat, le go\u00fbt l\u00e9g\u00e8rement fruit\u00e9 et la texture&#8230;<\/p>\n","protected":false},"author":1,"featured_media":0,"parent":0,"menu_order":23,"comment_status":"open","ping_status":"open","template":"","meta":{"footnotes":""},"class_list":["post-14667","page","type-page","status-publish","hentry"],"yoast_head":"<!-- This site is optimized with the Yoast SEO plugin v27.2 - https:\/\/yoast.com\/product\/yoast-seo-wordpress\/ -->\n<title>Nature Cr\u00e9toise | Minoan Life<\/title>\n<meta name=\"robots\" content=\"index, follow, max-snippet:-1, max-image-preview:large, max-video-preview:-1\" \/>\n<link rel=\"canonical\" href=\"https:\/\/www.minoanlife.com\/fr\/nature-cretoise\/\" \/>\n<meta property=\"og:locale\" content=\"fr_FR\" \/>\n<meta property=\"og:type\" content=\"article\" \/>\n<meta property=\"og:title\" content=\"Nature Cr\u00e9toise | Minoan Life\" \/>\n<meta property=\"og:description\" content=\"[vc_row][vc_column width=&#8221;2\/3&#8243;][\/vc_column][vc_column width=&#8221;1\/3&#8243;][vc_column_text]Les conditions climatiques et p\u00e9dologiques de l\u2019\u00eele de Cr\u00e8te sont les principaux facteurs qui influent dans la production de l\u2019huile d\u2019excellente qualit\u00e9, laquelle jouit d\u2019une r\u00e9putation et est appr\u00e9ci\u00e9e partout dans le monde. La couleur vert dor\u00e9 distinctive et l\u2019arome d\u00e9licat, le go\u00fbt l\u00e9g\u00e8rement fruit\u00e9 et la texture...\" \/>\n<meta property=\"og:url\" content=\"https:\/\/www.minoanlife.com\/fr\/nature-cretoise\/\" \/>\n<meta property=\"og:site_name\" content=\"Minoan Life\" \/>\n<meta property=\"article:modified_time\" content=\"2016-03-08T09:27:36+00:00\" \/>\n<meta name=\"twitter:label1\" content=\"Dur\u00e9e de lecture estim\u00e9e\" \/>\n\t<meta name=\"twitter:data1\" content=\"1 minute\" \/>\n<script type=\"application\/ld+json\" class=\"yoast-schema-graph\">{\"@context\":\"https:\/\/schema.org\",\"@graph\":[{\"@type\":\"WebPage\",\"@id\":\"https:\/\/www.minoanlife.com\/fr\/nature-cretoise\/\",\"url\":\"https:\/\/www.minoanlife.com\/fr\/nature-cretoise\/\",\"name\":\"Nature Cr\u00e9toise | Minoan Life\",\"isPartOf\":{\"@id\":\"https:\/\/www.minoanlife.com\/fr\/#website\"},\"datePublished\":\"2015-05-12T15:19:36+00:00\",\"dateModified\":\"2016-03-08T09:27:36+00:00\",\"breadcrumb\":{\"@id\":\"https:\/\/www.minoanlife.com\/fr\/nature-cretoise\/#breadcrumb\"},\"inLanguage\":\"fr-FR\",\"potentialAction\":[{\"@type\":\"ReadAction\",\"target\":[\"https:\/\/www.minoanlife.com\/fr\/nature-cretoise\/\"]}]},{\"@type\":\"BreadcrumbList\",\"@id\":\"https:\/\/www.minoanlife.com\/fr\/nature-cretoise\/#breadcrumb\",\"itemListElement\":[{\"@type\":\"ListItem\",\"position\":1,\"name\":\"Home\",\"item\":\"https:\/\/www.minoanlife.com\/fr\/\"},{\"@type\":\"ListItem\",\"position\":2,\"name\":\"Nature Cr\u00e9toise\"}]},{\"@type\":\"WebSite\",\"@id\":\"https:\/\/www.minoanlife.com\/fr\/#website\",\"url\":\"https:\/\/www.minoanlife.com\/fr\/\",\"name\":\"Minoan Life\",\"description\":\"\",\"potentialAction\":[{\"@type\":\"SearchAction\",\"target\":{\"@type\":\"EntryPoint\",\"urlTemplate\":\"https:\/\/www.minoanlife.com\/fr\/?s={search_term_string}\"},\"query-input\":{\"@type\":\"PropertyValueSpecification\",\"valueRequired\":true,\"valueName\":\"search_term_string\"}}],\"inLanguage\":\"fr-FR\"}]}<\/script>\n<!-- \/ Yoast SEO plugin. -->","yoast_head_json":{"title":"Nature Cr\u00e9toise | Minoan Life","robots":{"index":"index","follow":"follow","max-snippet":"max-snippet:-1","max-image-preview":"max-image-preview:large","max-video-preview":"max-video-preview:-1"},"canonical":"https:\/\/www.minoanlife.com\/fr\/nature-cretoise\/","og_locale":"fr_FR","og_type":"article","og_title":"Nature Cr\u00e9toise | Minoan Life","og_description":"[vc_row][vc_column width=&#8221;2\/3&#8243;][\/vc_column][vc_column width=&#8221;1\/3&#8243;][vc_column_text]Les conditions climatiques et p\u00e9dologiques de l\u2019\u00eele de Cr\u00e8te sont les principaux facteurs qui influent dans la production de l\u2019huile d\u2019excellente qualit\u00e9, laquelle jouit d\u2019une r\u00e9putation et est appr\u00e9ci\u00e9e partout dans le monde. La couleur vert dor\u00e9 distinctive et l\u2019arome d\u00e9licat, le go\u00fbt l\u00e9g\u00e8rement fruit\u00e9 et la texture...","og_url":"https:\/\/www.minoanlife.com\/fr\/nature-cretoise\/","og_site_name":"Minoan Life","article_modified_time":"2016-03-08T09:27:36+00:00","twitter_misc":{"Dur\u00e9e de lecture estim\u00e9e":"1 minute"},"schema":{"@context":"https:\/\/schema.org","@graph":[{"@type":"WebPage","@id":"https:\/\/www.minoanlife.com\/fr\/nature-cretoise\/","url":"https:\/\/www.minoanlife.com\/fr\/nature-cretoise\/","name":"Nature Cr\u00e9toise | Minoan Life","isPartOf":{"@id":"https:\/\/www.minoanlife.com\/fr\/#website"},"datePublished":"2015-05-12T15:19:36+00:00","dateModified":"2016-03-08T09:27:36+00:00","breadcrumb":{"@id":"https:\/\/www.minoanlife.com\/fr\/nature-cretoise\/#breadcrumb"},"inLanguage":"fr-FR","potentialAction":[{"@type":"ReadAction","target":["https:\/\/www.minoanlife.com\/fr\/nature-cretoise\/"]}]},{"@type":"BreadcrumbList","@id":"https:\/\/www.minoanlife.com\/fr\/nature-cretoise\/#breadcrumb","itemListElement":[{"@type":"ListItem","position":1,"name":"Home","item":"https:\/\/www.minoanlife.com\/fr\/"},{"@type":"ListItem","position":2,"name":"Nature Cr\u00e9toise"}]},{"@type":"WebSite","@id":"https:\/\/www.minoanlife.com\/fr\/#website","url":"https:\/\/www.minoanlife.com\/fr\/","name":"Minoan Life","description":"","potentialAction":[{"@type":"SearchAction","target":{"@type":"EntryPoint","urlTemplate":"https:\/\/www.minoanlife.com\/fr\/?s={search_term_string}"},"query-input":{"@type":"PropertyValueSpecification","valueRequired":true,"valueName":"search_term_string"}}],"inLanguage":"fr-FR"}]}},"_links":{"self":[{"href":"https:\/\/www.minoanlife.com\/fr\/wp-json\/wp\/v2\/pages\/14667","targetHints":{"allow":["GET"]}}],"collection":[{"href":"https:\/\/www.minoanlife.com\/fr\/wp-json\/wp\/v2\/pages"}],"about":[{"href":"https:\/\/www.minoanlife.com\/fr\/wp-json\/wp\/v2\/types\/page"}],"author":[{"embeddable":true,"href":"https:\/\/www.minoanlife.com\/fr\/wp-json\/wp\/v2\/users\/1"}],"replies":[{"embeddable":true,"href":"https:\/\/www.minoanlife.com\/fr\/wp-json\/wp\/v2\/comments?post=14667"}],"version-history":[{"count":0,"href":"https:\/\/www.minoanlife.com\/fr\/wp-json\/wp\/v2\/pages\/14667\/revisions"}],"wp:attachment":[{"href":"https:\/\/www.minoanlife.com\/fr\/wp-json\/wp\/v2\/media?parent=14667"}],"curies":[{"name":"wp","href":"https:\/\/api.w.org\/{rel}","templated":true}]}}