{"id":11324,"date":"2014-07-07T07:24:27","date_gmt":"2014-07-07T07:24:27","guid":{"rendered":"http:\/\/www.minoanlife.com\/?page_id=11324"},"modified":"2016-03-31T14:30:35","modified_gmt":"2016-03-31T14:30:35","slug":"points-de-vente-en-grece","status":"publish","type":"page","link":"https:\/\/www.minoanlife.com\/fr\/points-de-vente-en-grece\/","title":{"rendered":"Points de Vente en Gr\u00e8ce"},"content":{"rendered":"<p>Sur la carte ci-dessous vous pouvez voir les points de vente des produits de la soci\u00e9t\u00e9 \u201cMinoanLife\u201d.<\/p>\n<p>Par un simple clic sur l\u2019ic\u00f4ne \u201cMinoanLife store\u201d vous pouvez voir les informations d\u00e9taill\u00e9es de l\u2019entreprise, tandis qu\u2019avec un double clic, vous pouvez effectuer un agrandissement pour localiser le lieu de son emplacement.<\/p>\n<p>&nbsp;<\/p>\n<div id='sales-points-page' class='wp_sales_points_map_container'><div class='wp_sales_points_map_overlay'><\/div><div class='wp_sales_points_map'><\/div><\/div>\n","protected":false},"excerpt":{"rendered":"<p>Sur la carte ci-dessous vous pouvez voir les points de vente des produits de la soci\u00e9t\u00e9 \u201cMinoanLife\u201d. Par un simple clic sur l\u2019ic\u00f4ne \u201cMinoanLife store\u201d vous pouvez voir les informations d\u00e9taill\u00e9es de l\u2019entreprise, tandis qu\u2019avec un double clic, vous pouvez effectuer un agrandissement pour localiser le lieu de son emplacement&#8230;.<\/p>\n","protected":false},"author":1,"featured_media":0,"parent":0,"menu_order":122,"comment_status":"open","ping_status":"closed","template":"","meta":{"footnotes":""},"class_list":["post-11324","page","type-page","status-publish","hentry"],"yoast_head":"<!-- This site is optimized with the Yoast SEO plugin v27.2 - https:\/\/yoast.com\/product\/yoast-seo-wordpress\/ -->\n<title>Points de Vente en Gr\u00e8ce | Minoan Life<\/title>\n<meta name=\"description\" content=\"Sur la carte ci-dessous vous pouvez voir les points de vente des produits de la soci\u00e9t\u00e9 \u201cMinoanLife\u201d\" \/>\n<meta name=\"robots\" content=\"index, follow, max-snippet:-1, max-image-preview:large, max-video-preview:-1\" \/>\n<link rel=\"canonical\" href=\"https:\/\/www.minoanlife.com\/fr\/points-de-vente-en-grece\/\" \/>\n<meta property=\"og:locale\" content=\"fr_FR\" \/>\n<meta property=\"og:type\" content=\"article\" \/>\n<meta property=\"og:title\" content=\"Points de Vente en Gr\u00e8ce | Minoan Life\" \/>\n<meta property=\"og:description\" content=\"Sur la carte ci-dessous vous pouvez voir les points de vente des produits de la soci\u00e9t\u00e9 \u201cMinoanLife\u201d\" \/>\n<meta property=\"og:url\" content=\"https:\/\/www.minoanlife.com\/fr\/points-de-vente-en-grece\/\" \/>\n<meta property=\"og:site_name\" content=\"Minoan Life\" \/>\n<meta property=\"article:modified_time\" content=\"2016-03-31T14:30:35+00:00\" \/>\n<script type=\"application\/ld+json\" class=\"yoast-schema-graph\">{\"@context\":\"https:\/\/schema.org\",\"@graph\":[{\"@type\":\"WebPage\",\"@id\":\"https:\/\/www.minoanlife.com\/fr\/points-de-vente-en-grece\/\",\"url\":\"https:\/\/www.minoanlife.com\/fr\/points-de-vente-en-grece\/\",\"name\":\"Points de Vente en Gr\u00e8ce | Minoan Life\",\"isPartOf\":{\"@id\":\"https:\/\/www.minoanlife.com\/fr\/#website\"},\"datePublished\":\"2014-07-07T07:24:27+00:00\",\"dateModified\":\"2016-03-31T14:30:35+00:00\",\"description\":\"Sur la carte ci-dessous vous pouvez voir les points de vente des produits de la soci\u00e9t\u00e9 \u201cMinoanLife\u201d\",\"breadcrumb\":{\"@id\":\"https:\/\/www.minoanlife.com\/fr\/points-de-vente-en-grece\/#breadcrumb\"},\"inLanguage\":\"fr-FR\",\"potentialAction\":[{\"@type\":\"ReadAction\",\"target\":[\"https:\/\/www.minoanlife.com\/fr\/points-de-vente-en-grece\/\"]}]},{\"@type\":\"BreadcrumbList\",\"@id\":\"https:\/\/www.minoanlife.com\/fr\/points-de-vente-en-grece\/#breadcrumb\",\"itemListElement\":[{\"@type\":\"ListItem\",\"position\":1,\"name\":\"Home\",\"item\":\"https:\/\/www.minoanlife.com\/fr\/\"},{\"@type\":\"ListItem\",\"position\":2,\"name\":\"Points de Vente en Gr\u00e8ce\"}]},{\"@type\":\"WebSite\",\"@id\":\"https:\/\/www.minoanlife.com\/fr\/#website\",\"url\":\"https:\/\/www.minoanlife.com\/fr\/\",\"name\":\"Minoan Life\",\"description\":\"\",\"potentialAction\":[{\"@type\":\"SearchAction\",\"target\":{\"@type\":\"EntryPoint\",\"urlTemplate\":\"https:\/\/www.minoanlife.com\/fr\/?s={search_term_string}\"},\"query-input\":{\"@type\":\"PropertyValueSpecification\",\"valueRequired\":true,\"valueName\":\"search_term_string\"}}],\"inLanguage\":\"fr-FR\"}]}<\/script>\n<!-- \/ Yoast SEO plugin. -->","yoast_head_json":{"title":"Points de Vente en Gr\u00e8ce | Minoan Life","description":"Sur la carte ci-dessous vous pouvez voir les points de vente des produits de la soci\u00e9t\u00e9 \u201cMinoanLife\u201d","robots":{"index":"index","follow":"follow","max-snippet":"max-snippet:-1","max-image-preview":"max-image-preview:large","max-video-preview":"max-video-preview:-1"},"canonical":"https:\/\/www.minoanlife.com\/fr\/points-de-vente-en-grece\/","og_locale":"fr_FR","og_type":"article","og_title":"Points de Vente en Gr\u00e8ce | Minoan Life","og_description":"Sur la carte ci-dessous vous pouvez voir les points de vente des produits de la soci\u00e9t\u00e9 \u201cMinoanLife\u201d","og_url":"https:\/\/www.minoanlife.com\/fr\/points-de-vente-en-grece\/","og_site_name":"Minoan Life","article_modified_time":"2016-03-31T14:30:35+00:00","schema":{"@context":"https:\/\/schema.org","@graph":[{"@type":"WebPage","@id":"https:\/\/www.minoanlife.com\/fr\/points-de-vente-en-grece\/","url":"https:\/\/www.minoanlife.com\/fr\/points-de-vente-en-grece\/","name":"Points de Vente en Gr\u00e8ce | Minoan Life","isPartOf":{"@id":"https:\/\/www.minoanlife.com\/fr\/#website"},"datePublished":"2014-07-07T07:24:27+00:00","dateModified":"2016-03-31T14:30:35+00:00","description":"Sur la carte ci-dessous vous pouvez voir les points de vente des produits de la soci\u00e9t\u00e9 \u201cMinoanLife\u201d","breadcrumb":{"@id":"https:\/\/www.minoanlife.com\/fr\/points-de-vente-en-grece\/#breadcrumb"},"inLanguage":"fr-FR","potentialAction":[{"@type":"ReadAction","target":["https:\/\/www.minoanlife.com\/fr\/points-de-vente-en-grece\/"]}]},{"@type":"BreadcrumbList","@id":"https:\/\/www.minoanlife.com\/fr\/points-de-vente-en-grece\/#breadcrumb","itemListElement":[{"@type":"ListItem","position":1,"name":"Home","item":"https:\/\/www.minoanlife.com\/fr\/"},{"@type":"ListItem","position":2,"name":"Points de Vente en Gr\u00e8ce"}]},{"@type":"WebSite","@id":"https:\/\/www.minoanlife.com\/fr\/#website","url":"https:\/\/www.minoanlife.com\/fr\/","name":"Minoan Life","description":"","potentialAction":[{"@type":"SearchAction","target":{"@type":"EntryPoint","urlTemplate":"https:\/\/www.minoanlife.com\/fr\/?s={search_term_string}"},"query-input":{"@type":"PropertyValueSpecification","valueRequired":true,"valueName":"search_term_string"}}],"inLanguage":"fr-FR"}]}},"_links":{"self":[{"href":"https:\/\/www.minoanlife.com\/fr\/wp-json\/wp\/v2\/pages\/11324","targetHints":{"allow":["GET"]}}],"collection":[{"href":"https:\/\/www.minoanlife.com\/fr\/wp-json\/wp\/v2\/pages"}],"about":[{"href":"https:\/\/www.minoanlife.com\/fr\/wp-json\/wp\/v2\/types\/page"}],"author":[{"embeddable":true,"href":"https:\/\/www.minoanlife.com\/fr\/wp-json\/wp\/v2\/users\/1"}],"replies":[{"embeddable":true,"href":"https:\/\/www.minoanlife.com\/fr\/wp-json\/wp\/v2\/comments?post=11324"}],"version-history":[{"count":0,"href":"https:\/\/www.minoanlife.com\/fr\/wp-json\/wp\/v2\/pages\/11324\/revisions"}],"wp:attachment":[{"href":"https:\/\/www.minoanlife.com\/fr\/wp-json\/wp\/v2\/media?parent=11324"}],"curies":[{"name":"wp","href":"https:\/\/api.w.org\/{rel}","templated":true}]}}