{"id":11279,"date":"2013-12-02T11:07:34","date_gmt":"2013-12-02T11:07:34","guid":{"rendered":"http:\/\/www.minoanlife.com\/page-404-2\/"},"modified":"2014-07-26T11:15:48","modified_gmt":"2014-07-26T11:15:48","slug":"pas-trouve","status":"publish","type":"page","link":"https:\/\/www.minoanlife.com\/fr\/pas-trouve\/","title":{"rendered":"Pas trouv\u00e9"},"content":{"rendered":"<div class=\"page-content page-404\" style=\"padding-top: 0;\">\n<div class=\"row-fluid\">\n<div class=\"span12\">\n<h1 class=\"largest\">Oops!<\/h1>\n<h1>Pas trouv\u00e9<\/h1>\n<p>La page que vous cherchez n&#8217;est pas ici. S&#8217;il vous pla\u00eet, assurez-vous que vous avez tap\u00e9 l&#8217;URL correcte. Si vous pensez qu&#8217;il ya un probl\u00e8me avec le site, s&#8217;il vous pla\u00eet contactez-nous. <a class=\"button medium\" title=\"Home Page\" href=\"\/fr\">Aller \u00e0 la page d&#8217;accueil<\/a> ou utiliser le champ de recherche pour trouver ce que vous cherchez.<\/div>\n<\/div>\n<\/div>\n","protected":false},"excerpt":{"rendered":"<p>Oops! Pas trouv\u00e9 La page que vous cherchez n&#8217;est pas ici. S&#8217;il vous pla\u00eet, assurez-vous que vous avez tap\u00e9 l&#8217;URL correcte. Si vous pensez qu&#8217;il ya un probl\u00e8me avec le site, s&#8217;il vous pla\u00eet contactez-nous. Aller \u00e0 la page d&#8217;accueil ou utiliser le champ de recherche pour trouver ce que&#8230;<\/p>\n","protected":false},"author":1,"featured_media":0,"parent":0,"menu_order":171,"comment_status":"open","ping_status":"open","template":"","meta":{"footnotes":""},"class_list":["post-11279","page","type-page","status-publish","hentry"],"yoast_head":"<!-- This site is optimized with the Yoast SEO plugin v27.2 - https:\/\/yoast.com\/product\/yoast-seo-wordpress\/ -->\n<title>Pas trouv\u00e9 | Minoan Life<\/title>\n<meta name=\"robots\" content=\"noindex, nofollow\" \/>\n<meta property=\"og:locale\" content=\"fr_FR\" \/>\n<meta property=\"og:type\" content=\"article\" \/>\n<meta property=\"og:title\" content=\"Pas trouv\u00e9 | Minoan Life\" \/>\n<meta property=\"og:description\" content=\"Oops! Pas trouv\u00e9 La page que vous cherchez n&#8217;est pas ici. S&#8217;il vous pla\u00eet, assurez-vous que vous avez tap\u00e9 l&#8217;URL correcte. Si vous pensez qu&#8217;il ya un probl\u00e8me avec le site, s&#8217;il vous pla\u00eet contactez-nous. Aller \u00e0 la page d&#8217;accueil ou utiliser le champ de recherche pour trouver ce que...\" \/>\n<meta property=\"og:url\" content=\"https:\/\/www.minoanlife.com\/fr\/pas-trouve\/\" \/>\n<meta property=\"og:site_name\" content=\"Minoan Life\" \/>\n<meta property=\"article:modified_time\" content=\"2014-07-26T11:15:48+00:00\" \/>\n<script type=\"application\/ld+json\" class=\"yoast-schema-graph\">{\"@context\":\"https:\/\/schema.org\",\"@graph\":[{\"@type\":\"WebPage\",\"@id\":\"https:\/\/www.minoanlife.com\/fr\/pas-trouve\/\",\"url\":\"https:\/\/www.minoanlife.com\/fr\/pas-trouve\/\",\"name\":\"Pas trouv\u00e9 | Minoan Life\",\"isPartOf\":{\"@id\":\"https:\/\/www.minoanlife.com\/fr\/#website\"},\"datePublished\":\"2013-12-02T11:07:34+00:00\",\"dateModified\":\"2014-07-26T11:15:48+00:00\",\"breadcrumb\":{\"@id\":\"https:\/\/www.minoanlife.com\/fr\/pas-trouve\/#breadcrumb\"},\"inLanguage\":\"fr-FR\",\"potentialAction\":[{\"@type\":\"ReadAction\",\"target\":[\"https:\/\/www.minoanlife.com\/fr\/pas-trouve\/\"]}]},{\"@type\":\"BreadcrumbList\",\"@id\":\"https:\/\/www.minoanlife.com\/fr\/pas-trouve\/#breadcrumb\",\"itemListElement\":[{\"@type\":\"ListItem\",\"position\":1,\"name\":\"Home\",\"item\":\"https:\/\/www.minoanlife.com\/fr\/\"},{\"@type\":\"ListItem\",\"position\":2,\"name\":\"Pas trouv\u00e9\"}]},{\"@type\":\"WebSite\",\"@id\":\"https:\/\/www.minoanlife.com\/fr\/#website\",\"url\":\"https:\/\/www.minoanlife.com\/fr\/\",\"name\":\"Minoan Life\",\"description\":\"\",\"potentialAction\":[{\"@type\":\"SearchAction\",\"target\":{\"@type\":\"EntryPoint\",\"urlTemplate\":\"https:\/\/www.minoanlife.com\/fr\/?s={search_term_string}\"},\"query-input\":{\"@type\":\"PropertyValueSpecification\",\"valueRequired\":true,\"valueName\":\"search_term_string\"}}],\"inLanguage\":\"fr-FR\"}]}<\/script>\n<!-- \/ Yoast SEO plugin. -->","yoast_head_json":{"title":"Pas trouv\u00e9 | Minoan Life","robots":{"index":"noindex","follow":"nofollow"},"og_locale":"fr_FR","og_type":"article","og_title":"Pas trouv\u00e9 | Minoan Life","og_description":"Oops! Pas trouv\u00e9 La page que vous cherchez n&#8217;est pas ici. S&#8217;il vous pla\u00eet, assurez-vous que vous avez tap\u00e9 l&#8217;URL correcte. Si vous pensez qu&#8217;il ya un probl\u00e8me avec le site, s&#8217;il vous pla\u00eet contactez-nous. Aller \u00e0 la page d&#8217;accueil ou utiliser le champ de recherche pour trouver ce que...","og_url":"https:\/\/www.minoanlife.com\/fr\/pas-trouve\/","og_site_name":"Minoan Life","article_modified_time":"2014-07-26T11:15:48+00:00","schema":{"@context":"https:\/\/schema.org","@graph":[{"@type":"WebPage","@id":"https:\/\/www.minoanlife.com\/fr\/pas-trouve\/","url":"https:\/\/www.minoanlife.com\/fr\/pas-trouve\/","name":"Pas trouv\u00e9 | Minoan Life","isPartOf":{"@id":"https:\/\/www.minoanlife.com\/fr\/#website"},"datePublished":"2013-12-02T11:07:34+00:00","dateModified":"2014-07-26T11:15:48+00:00","breadcrumb":{"@id":"https:\/\/www.minoanlife.com\/fr\/pas-trouve\/#breadcrumb"},"inLanguage":"fr-FR","potentialAction":[{"@type":"ReadAction","target":["https:\/\/www.minoanlife.com\/fr\/pas-trouve\/"]}]},{"@type":"BreadcrumbList","@id":"https:\/\/www.minoanlife.com\/fr\/pas-trouve\/#breadcrumb","itemListElement":[{"@type":"ListItem","position":1,"name":"Home","item":"https:\/\/www.minoanlife.com\/fr\/"},{"@type":"ListItem","position":2,"name":"Pas trouv\u00e9"}]},{"@type":"WebSite","@id":"https:\/\/www.minoanlife.com\/fr\/#website","url":"https:\/\/www.minoanlife.com\/fr\/","name":"Minoan Life","description":"","potentialAction":[{"@type":"SearchAction","target":{"@type":"EntryPoint","urlTemplate":"https:\/\/www.minoanlife.com\/fr\/?s={search_term_string}"},"query-input":{"@type":"PropertyValueSpecification","valueRequired":true,"valueName":"search_term_string"}}],"inLanguage":"fr-FR"}]}},"_links":{"self":[{"href":"https:\/\/www.minoanlife.com\/fr\/wp-json\/wp\/v2\/pages\/11279","targetHints":{"allow":["GET"]}}],"collection":[{"href":"https:\/\/www.minoanlife.com\/fr\/wp-json\/wp\/v2\/pages"}],"about":[{"href":"https:\/\/www.minoanlife.com\/fr\/wp-json\/wp\/v2\/types\/page"}],"author":[{"embeddable":true,"href":"https:\/\/www.minoanlife.com\/fr\/wp-json\/wp\/v2\/users\/1"}],"replies":[{"embeddable":true,"href":"https:\/\/www.minoanlife.com\/fr\/wp-json\/wp\/v2\/comments?post=11279"}],"version-history":[{"count":0,"href":"https:\/\/www.minoanlife.com\/fr\/wp-json\/wp\/v2\/pages\/11279\/revisions"}],"wp:attachment":[{"href":"https:\/\/www.minoanlife.com\/fr\/wp-json\/wp\/v2\/media?parent=11279"}],"curies":[{"name":"wp","href":"https:\/\/api.w.org\/{rel}","templated":true}]}}