{"id":10909,"date":"2014-07-04T19:25:06","date_gmt":"2014-07-04T19:25:06","guid":{"rendered":"http:\/\/www.minoanlife.com\/?page_id=10909"},"modified":"2015-03-17T13:08:50","modified_gmt":"2015-03-17T13:08:50","slug":"savons","status":"publish","type":"page","link":"https:\/\/www.minoanlife.com\/fr\/savons\/","title":{"rendered":"Savons"},"content":{"rendered":"<div class=\"wpb-content-wrapper\"><p>[vc_row][vc_column width=&#8221;2\/3&#8243;][vc_gallery type=&#8221;flexslider_fade&#8221; interval=&#8221;3&#8243; onclick=&#8221;link_image&#8221; custom_links_target=&#8221;_self&#8221; img_size=&#8221;770&#215;600&#8243; images=&#8221;10983,12626,12576,12641,13165&#8243;][\/vc_column][vc_column width=&#8221;1\/3&#8243;][vc_column_text]<\/p>\n<div class=\"wpb_wrapper\">\n<div class=\"wpb_text_column wpb_content_element \">\n<div class=\"wpb_wrapper\">\n<h3>Product\u00a0Details<\/h3>\n<p>&nbsp;<\/p>\n<p>Le\u00a0<strong>pur savon traditionnel \u00e0 l\u2019huile d\u2019olive\u00a0<\/strong>constitue une partie de l\u2019h\u00e9ritage des\u00a0<strong>Grecs<\/strong>, puisqu\u2019il a \u00e9t\u00e9 utilis\u00e9 par plusieurs g\u00e9n\u00e9rations pour les soins corporels personnels. Il peut \u00eatre utilis\u00e9 pour les soins du\u00a0<strong>visage<\/strong>, des\u00a0<strong>cheveux<\/strong>\u00a0et du\u00a0<strong>corps<\/strong>.<\/p>\n<p>Il est\u00a0<strong>test\u00e9 sous contr\u00f4le dermatologique<\/strong>\u00a0afin qu\u2019il soit utilis\u00e9 compl\u00e8tement en toute s\u00e9curit\u00e9. L\u2019effet\u00a0<strong>antiseptique<\/strong>\u00a0doux du savon \u00e0 l\u2019huile d\u2019olive assure une bonne hygi\u00e8ne de l\u2019\u00e9piderme. Avec une utilisation quotidienne, l\u2019\u00e9piderme est maintenu\u00a0<strong>doux<\/strong>\u00a0et\u00a0<strong>hydrat\u00e9<\/strong>.<\/p>\n<\/div>\n<\/div>\n<\/div>\n<p>[\/vc_column_text][\/vc_column][\/vc_row]<\/p>\n<\/div>","protected":false},"excerpt":{"rendered":"<p>[vc_row][vc_column width=&#8221;2\/3&#8243;][vc_gallery type=&#8221;flexslider_fade&#8221; interval=&#8221;3&#8243; onclick=&#8221;link_image&#8221; custom_links_target=&#8221;_self&#8221; img_size=&#8221;770&#215;600&#8243; images=&#8221;10983,12626,12576,12641,13165&#8243;][\/vc_column][vc_column width=&#8221;1\/3&#8243;][vc_column_text] Product\u00a0Details &nbsp; Le\u00a0pur savon traditionnel \u00e0 l\u2019huile d\u2019olive\u00a0constitue une partie de l\u2019h\u00e9ritage des\u00a0Grecs, puisqu\u2019il a \u00e9t\u00e9 utilis\u00e9 par plusieurs g\u00e9n\u00e9rations pour les soins corporels personnels. Il peut \u00eatre utilis\u00e9 pour les soins du\u00a0visage, des\u00a0cheveux\u00a0et du\u00a0corps. Il est\u00a0test\u00e9 sous contr\u00f4le dermatologique\u00a0afin qu\u2019il&#8230;<\/p>\n","protected":false},"author":1,"featured_media":0,"parent":0,"menu_order":92,"comment_status":"open","ping_status":"open","template":"","meta":{"footnotes":""},"class_list":["post-10909","page","type-page","status-publish","hentry"],"yoast_head":"<!-- This site is optimized with the Yoast SEO plugin v27.2 - https:\/\/yoast.com\/product\/yoast-seo-wordpress\/ -->\n<title>Savons | Minoan Life<\/title>\n<meta name=\"robots\" content=\"index, follow, max-snippet:-1, max-image-preview:large, max-video-preview:-1\" \/>\n<link rel=\"canonical\" href=\"https:\/\/www.minoanlife.com\/fr\/savons\/\" \/>\n<meta property=\"og:locale\" content=\"fr_FR\" \/>\n<meta property=\"og:type\" content=\"article\" \/>\n<meta property=\"og:title\" content=\"Savons | Minoan Life\" \/>\n<meta property=\"og:description\" content=\"[vc_row][vc_column width=&#8221;2\/3&#8243;][vc_gallery type=&#8221;flexslider_fade&#8221; interval=&#8221;3&#8243; onclick=&#8221;link_image&#8221; custom_links_target=&#8221;_self&#8221; img_size=&#8221;770&#215;600&#8243; images=&#8221;10983,12626,12576,12641,13165&#8243;][\/vc_column][vc_column width=&#8221;1\/3&#8243;][vc_column_text] Product\u00a0Details &nbsp; Le\u00a0pur savon traditionnel \u00e0 l\u2019huile d\u2019olive\u00a0constitue une partie de l\u2019h\u00e9ritage des\u00a0Grecs, puisqu\u2019il a \u00e9t\u00e9 utilis\u00e9 par plusieurs g\u00e9n\u00e9rations pour les soins corporels personnels. Il peut \u00eatre utilis\u00e9 pour les soins du\u00a0visage, des\u00a0cheveux\u00a0et du\u00a0corps. Il est\u00a0test\u00e9 sous contr\u00f4le dermatologique\u00a0afin qu\u2019il...\" \/>\n<meta property=\"og:url\" content=\"https:\/\/www.minoanlife.com\/fr\/savons\/\" \/>\n<meta property=\"og:site_name\" content=\"Minoan Life\" \/>\n<meta property=\"article:modified_time\" content=\"2015-03-17T13:08:50+00:00\" \/>\n<meta name=\"twitter:label1\" content=\"Dur\u00e9e de lecture estim\u00e9e\" \/>\n\t<meta name=\"twitter:data1\" content=\"1 minute\" \/>\n<script type=\"application\/ld+json\" class=\"yoast-schema-graph\">{\"@context\":\"https:\/\/schema.org\",\"@graph\":[{\"@type\":\"WebPage\",\"@id\":\"https:\/\/www.minoanlife.com\/fr\/savons\/\",\"url\":\"https:\/\/www.minoanlife.com\/fr\/savons\/\",\"name\":\"Savons | Minoan Life\",\"isPartOf\":{\"@id\":\"https:\/\/www.minoanlife.com\/fr\/#website\"},\"datePublished\":\"2014-07-04T19:25:06+00:00\",\"dateModified\":\"2015-03-17T13:08:50+00:00\",\"breadcrumb\":{\"@id\":\"https:\/\/www.minoanlife.com\/fr\/savons\/#breadcrumb\"},\"inLanguage\":\"fr-FR\",\"potentialAction\":[{\"@type\":\"ReadAction\",\"target\":[\"https:\/\/www.minoanlife.com\/fr\/savons\/\"]}]},{\"@type\":\"BreadcrumbList\",\"@id\":\"https:\/\/www.minoanlife.com\/fr\/savons\/#breadcrumb\",\"itemListElement\":[{\"@type\":\"ListItem\",\"position\":1,\"name\":\"Home\",\"item\":\"https:\/\/www.minoanlife.com\/fr\/\"},{\"@type\":\"ListItem\",\"position\":2,\"name\":\"Savons\"}]},{\"@type\":\"WebSite\",\"@id\":\"https:\/\/www.minoanlife.com\/fr\/#website\",\"url\":\"https:\/\/www.minoanlife.com\/fr\/\",\"name\":\"Minoan Life\",\"description\":\"\",\"potentialAction\":[{\"@type\":\"SearchAction\",\"target\":{\"@type\":\"EntryPoint\",\"urlTemplate\":\"https:\/\/www.minoanlife.com\/fr\/?s={search_term_string}\"},\"query-input\":{\"@type\":\"PropertyValueSpecification\",\"valueRequired\":true,\"valueName\":\"search_term_string\"}}],\"inLanguage\":\"fr-FR\"}]}<\/script>\n<!-- \/ Yoast SEO plugin. -->","yoast_head_json":{"title":"Savons | Minoan Life","robots":{"index":"index","follow":"follow","max-snippet":"max-snippet:-1","max-image-preview":"max-image-preview:large","max-video-preview":"max-video-preview:-1"},"canonical":"https:\/\/www.minoanlife.com\/fr\/savons\/","og_locale":"fr_FR","og_type":"article","og_title":"Savons | Minoan Life","og_description":"[vc_row][vc_column width=&#8221;2\/3&#8243;][vc_gallery type=&#8221;flexslider_fade&#8221; interval=&#8221;3&#8243; onclick=&#8221;link_image&#8221; custom_links_target=&#8221;_self&#8221; img_size=&#8221;770&#215;600&#8243; images=&#8221;10983,12626,12576,12641,13165&#8243;][\/vc_column][vc_column width=&#8221;1\/3&#8243;][vc_column_text] Product\u00a0Details &nbsp; Le\u00a0pur savon traditionnel \u00e0 l\u2019huile d\u2019olive\u00a0constitue une partie de l\u2019h\u00e9ritage des\u00a0Grecs, puisqu\u2019il a \u00e9t\u00e9 utilis\u00e9 par plusieurs g\u00e9n\u00e9rations pour les soins corporels personnels. Il peut \u00eatre utilis\u00e9 pour les soins du\u00a0visage, des\u00a0cheveux\u00a0et du\u00a0corps. Il est\u00a0test\u00e9 sous contr\u00f4le dermatologique\u00a0afin qu\u2019il...","og_url":"https:\/\/www.minoanlife.com\/fr\/savons\/","og_site_name":"Minoan Life","article_modified_time":"2015-03-17T13:08:50+00:00","twitter_misc":{"Dur\u00e9e de lecture estim\u00e9e":"1 minute"},"schema":{"@context":"https:\/\/schema.org","@graph":[{"@type":"WebPage","@id":"https:\/\/www.minoanlife.com\/fr\/savons\/","url":"https:\/\/www.minoanlife.com\/fr\/savons\/","name":"Savons | Minoan Life","isPartOf":{"@id":"https:\/\/www.minoanlife.com\/fr\/#website"},"datePublished":"2014-07-04T19:25:06+00:00","dateModified":"2015-03-17T13:08:50+00:00","breadcrumb":{"@id":"https:\/\/www.minoanlife.com\/fr\/savons\/#breadcrumb"},"inLanguage":"fr-FR","potentialAction":[{"@type":"ReadAction","target":["https:\/\/www.minoanlife.com\/fr\/savons\/"]}]},{"@type":"BreadcrumbList","@id":"https:\/\/www.minoanlife.com\/fr\/savons\/#breadcrumb","itemListElement":[{"@type":"ListItem","position":1,"name":"Home","item":"https:\/\/www.minoanlife.com\/fr\/"},{"@type":"ListItem","position":2,"name":"Savons"}]},{"@type":"WebSite","@id":"https:\/\/www.minoanlife.com\/fr\/#website","url":"https:\/\/www.minoanlife.com\/fr\/","name":"Minoan Life","description":"","potentialAction":[{"@type":"SearchAction","target":{"@type":"EntryPoint","urlTemplate":"https:\/\/www.minoanlife.com\/fr\/?s={search_term_string}"},"query-input":{"@type":"PropertyValueSpecification","valueRequired":true,"valueName":"search_term_string"}}],"inLanguage":"fr-FR"}]}},"_links":{"self":[{"href":"https:\/\/www.minoanlife.com\/fr\/wp-json\/wp\/v2\/pages\/10909","targetHints":{"allow":["GET"]}}],"collection":[{"href":"https:\/\/www.minoanlife.com\/fr\/wp-json\/wp\/v2\/pages"}],"about":[{"href":"https:\/\/www.minoanlife.com\/fr\/wp-json\/wp\/v2\/types\/page"}],"author":[{"embeddable":true,"href":"https:\/\/www.minoanlife.com\/fr\/wp-json\/wp\/v2\/users\/1"}],"replies":[{"embeddable":true,"href":"https:\/\/www.minoanlife.com\/fr\/wp-json\/wp\/v2\/comments?post=10909"}],"version-history":[{"count":0,"href":"https:\/\/www.minoanlife.com\/fr\/wp-json\/wp\/v2\/pages\/10909\/revisions"}],"wp:attachment":[{"href":"https:\/\/www.minoanlife.com\/fr\/wp-json\/wp\/v2\/media?parent=10909"}],"curies":[{"name":"wp","href":"https:\/\/api.w.org\/{rel}","templated":true}]}}