{"id":8869,"date":"2014-05-22T12:45:11","date_gmt":"2014-05-23T10:04:37","guid":{"rendered":"http:\/\/www.minoanlife.com\/?post_type=product&#038;p=8869"},"modified":"2021-02-15T07:27:15","modified_gmt":"2021-02-15T07:27:15","slug":"augencreme","status":"publish","type":"product","link":"https:\/\/www.minoanlife.com\/de\/eshop\/augencreme\/","title":{"rendered":"Augencreme mit Olive, Meerfenchel &amp; Traube"},"content":{"rendered":"<p>Augencreme mit Oliven\u00f6l, Meersfenchel- und Trauben-Extrakt, reich an Antioxidantien, die zusammen mit Vitamin E kollektiv gegen die Bildung von freien Radikalen und gegen das vorzeitige Auftreten von Falten und feinen Linien um die Augen herum wirken. Das Aescin stimuliert die Mikrozirkulation und reduziert Schwellungen, w\u00e4hrend die Hyalurons\u00e4ure Feuchtigkeit und Elastizit\u00e4t bietet.<\/p>\n<p><strong>Anwendung:<\/strong>\u00a0Tragen Sie die Creme morgens &#8211; abends sehr sanft auf den Bereich um die Augen auf.<\/p>\n","protected":false},"excerpt":{"rendered":"<p>Olive, Meerfenchel &amp; Traube<\/p>\n","protected":false},"featured_media":23681,"comment_status":"open","ping_status":"closed","template":"","meta":[],"product_brand":[],"product_cat":[880],"product_tag":[4626,4631,4632,1736],"class_list":{"0":"post-8869","1":"product","2":"type-product","3":"status-publish","4":"has-post-thumbnail","6":"product_cat-gesichtspflege","7":"product_tag-face-care-de","8":"product_tag-natural-cosmetics-de","9":"product_tag-olive-de","10":"product_tag-produkte_in_reisegroesse","11":"brand-olive-beauty-medi-care-brand-de","13":"first","14":"outofstock","15":"featured","16":"taxable","17":"shipping-taxable","18":"purchasable","19":"product-type-variable","20":"has-default-attributes"},"yoast_head":"<!-- This site is optimized with the Yoast SEO plugin v27.2 - https:\/\/yoast.com\/product\/yoast-seo-wordpress\/ -->\n<title>Augencreme mit Olive, Meerfenchel &amp; Traube | Minoan Life<\/title>\n<meta name=\"description\" content=\"Augencreme mit Oliven\u00f6l, Meersfenchel- und Trauben-Extrakt, reich an Antioxidantien, die zusammen mit Vitamin E\" \/>\n<meta name=\"robots\" content=\"index, follow, max-snippet:-1, max-image-preview:large, max-video-preview:-1\" \/>\n<link rel=\"canonical\" href=\"https:\/\/www.minoanlife.com\/de\/eshop\/augencreme\/\" \/>\n<meta property=\"og:locale\" content=\"de_DE\" \/>\n<meta property=\"og:type\" content=\"article\" \/>\n<meta property=\"og:title\" content=\"Augencreme mit Olive, Meerfenchel &amp; Traube | Minoan Life\" \/>\n<meta property=\"og:description\" content=\"Augencreme mit Oliven\u00f6l, Meersfenchel- und Trauben-Extrakt, reich an Antioxidantien, die zusammen mit Vitamin E\" \/>\n<meta property=\"og:url\" content=\"https:\/\/www.minoanlife.com\/de\/eshop\/augencreme\/\" \/>\n<meta property=\"og:site_name\" content=\"Minoan Life\" \/>\n<meta property=\"article:modified_time\" content=\"2021-02-15T07:27:15+00:00\" \/>\n<meta property=\"og:image\" content=\"https:\/\/www.minoanlife.com\/wp-content\/uploads\/eye_cream_minoanlife.jpg\" \/>\n\t<meta property=\"og:image:width\" content=\"600\" \/>\n\t<meta property=\"og:image:height\" content=\"600\" \/>\n\t<meta property=\"og:image:type\" content=\"image\/jpeg\" \/>\n<script type=\"application\/ld+json\" class=\"yoast-schema-graph\">{\"@context\":\"https:\/\/schema.org\",\"@graph\":[{\"@type\":\"WebPage\",\"@id\":\"https:\/\/www.minoanlife.com\/de\/eshop\/augencreme\/\",\"url\":\"https:\/\/www.minoanlife.com\/de\/eshop\/augencreme\/\",\"name\":\"Augencreme mit Olive, Meerfenchel &amp; Traube | Minoan Life\",\"isPartOf\":{\"@id\":\"https:\/\/www.minoanlife.com\/de\/#website\"},\"primaryImageOfPage\":{\"@id\":\"https:\/\/www.minoanlife.com\/de\/eshop\/augencreme\/#primaryimage\"},\"image\":{\"@id\":\"https:\/\/www.minoanlife.com\/de\/eshop\/augencreme\/#primaryimage\"},\"thumbnailUrl\":\"https:\/\/www.minoanlife.com\/wp-content\/uploads\/eye_cream_minoanlife.jpg\",\"datePublished\":\"2014-05-23T10:04:37+00:00\",\"dateModified\":\"2021-02-15T07:27:15+00:00\",\"description\":\"Augencreme mit Oliven\u00f6l, Meersfenchel- und Trauben-Extrakt, reich an Antioxidantien, die zusammen mit Vitamin E\",\"breadcrumb\":{\"@id\":\"https:\/\/www.minoanlife.com\/de\/eshop\/augencreme\/#breadcrumb\"},\"inLanguage\":\"de\",\"potentialAction\":[{\"@type\":\"ReadAction\",\"target\":[\"https:\/\/www.minoanlife.com\/de\/eshop\/augencreme\/\"]}]},{\"@type\":\"ImageObject\",\"inLanguage\":\"de\",\"@id\":\"https:\/\/www.minoanlife.com\/de\/eshop\/augencreme\/#primaryimage\",\"url\":\"https:\/\/www.minoanlife.com\/wp-content\/uploads\/eye_cream_minoanlife.jpg\",\"contentUrl\":\"https:\/\/www.minoanlife.com\/wp-content\/uploads\/eye_cream_minoanlife.jpg\",\"width\":600,\"height\":600,\"caption\":\"eye_cream_minoanlife\"},{\"@type\":\"BreadcrumbList\",\"@id\":\"https:\/\/www.minoanlife.com\/de\/eshop\/augencreme\/#breadcrumb\",\"itemListElement\":[{\"@type\":\"ListItem\",\"position\":1,\"name\":\"Home\",\"item\":\"https:\/\/www.minoanlife.com\/de\/\"},{\"@type\":\"ListItem\",\"position\":2,\"name\":\"Eshop\",\"item\":\"https:\/\/www.minoanlife.com\/de\/eshop\/\"},{\"@type\":\"ListItem\",\"position\":3,\"name\":\"Augencreme mit Olive, Meerfenchel &amp; Traube\"}]},{\"@type\":\"WebSite\",\"@id\":\"https:\/\/www.minoanlife.com\/de\/#website\",\"url\":\"https:\/\/www.minoanlife.com\/de\/\",\"name\":\"Minoan Life\",\"description\":\"\",\"potentialAction\":[{\"@type\":\"SearchAction\",\"target\":{\"@type\":\"EntryPoint\",\"urlTemplate\":\"https:\/\/www.minoanlife.com\/de\/?s={search_term_string}\"},\"query-input\":{\"@type\":\"PropertyValueSpecification\",\"valueRequired\":true,\"valueName\":\"search_term_string\"}}],\"inLanguage\":\"de\"}]}<\/script>\n<!-- \/ Yoast SEO plugin. -->","yoast_head_json":{"title":"Augencreme mit Olive, Meerfenchel &amp; Traube | Minoan Life","description":"Augencreme mit Oliven\u00f6l, Meersfenchel- und Trauben-Extrakt, reich an Antioxidantien, die zusammen mit Vitamin E","robots":{"index":"index","follow":"follow","max-snippet":"max-snippet:-1","max-image-preview":"max-image-preview:large","max-video-preview":"max-video-preview:-1"},"canonical":"https:\/\/www.minoanlife.com\/de\/eshop\/augencreme\/","og_locale":"de_DE","og_type":"article","og_title":"Augencreme mit Olive, Meerfenchel &amp; Traube | Minoan Life","og_description":"Augencreme mit Oliven\u00f6l, Meersfenchel- und Trauben-Extrakt, reich an Antioxidantien, die zusammen mit Vitamin E","og_url":"https:\/\/www.minoanlife.com\/de\/eshop\/augencreme\/","og_site_name":"Minoan Life","article_modified_time":"2021-02-15T07:27:15+00:00","og_image":[{"width":600,"height":600,"url":"https:\/\/www.minoanlife.com\/wp-content\/uploads\/eye_cream_minoanlife.jpg","type":"image\/jpeg"}],"schema":{"@context":"https:\/\/schema.org","@graph":[{"@type":"WebPage","@id":"https:\/\/www.minoanlife.com\/de\/eshop\/augencreme\/","url":"https:\/\/www.minoanlife.com\/de\/eshop\/augencreme\/","name":"Augencreme mit Olive, Meerfenchel &amp; Traube | Minoan Life","isPartOf":{"@id":"https:\/\/www.minoanlife.com\/de\/#website"},"primaryImageOfPage":{"@id":"https:\/\/www.minoanlife.com\/de\/eshop\/augencreme\/#primaryimage"},"image":{"@id":"https:\/\/www.minoanlife.com\/de\/eshop\/augencreme\/#primaryimage"},"thumbnailUrl":"https:\/\/www.minoanlife.com\/wp-content\/uploads\/eye_cream_minoanlife.jpg","datePublished":"2014-05-23T10:04:37+00:00","dateModified":"2021-02-15T07:27:15+00:00","description":"Augencreme mit Oliven\u00f6l, Meersfenchel- und Trauben-Extrakt, reich an Antioxidantien, die zusammen mit Vitamin E","breadcrumb":{"@id":"https:\/\/www.minoanlife.com\/de\/eshop\/augencreme\/#breadcrumb"},"inLanguage":"de","potentialAction":[{"@type":"ReadAction","target":["https:\/\/www.minoanlife.com\/de\/eshop\/augencreme\/"]}]},{"@type":"ImageObject","inLanguage":"de","@id":"https:\/\/www.minoanlife.com\/de\/eshop\/augencreme\/#primaryimage","url":"https:\/\/www.minoanlife.com\/wp-content\/uploads\/eye_cream_minoanlife.jpg","contentUrl":"https:\/\/www.minoanlife.com\/wp-content\/uploads\/eye_cream_minoanlife.jpg","width":600,"height":600,"caption":"eye_cream_minoanlife"},{"@type":"BreadcrumbList","@id":"https:\/\/www.minoanlife.com\/de\/eshop\/augencreme\/#breadcrumb","itemListElement":[{"@type":"ListItem","position":1,"name":"Home","item":"https:\/\/www.minoanlife.com\/de\/"},{"@type":"ListItem","position":2,"name":"Eshop","item":"https:\/\/www.minoanlife.com\/de\/eshop\/"},{"@type":"ListItem","position":3,"name":"Augencreme mit Olive, Meerfenchel &amp; Traube"}]},{"@type":"WebSite","@id":"https:\/\/www.minoanlife.com\/de\/#website","url":"https:\/\/www.minoanlife.com\/de\/","name":"Minoan Life","description":"","potentialAction":[{"@type":"SearchAction","target":{"@type":"EntryPoint","urlTemplate":"https:\/\/www.minoanlife.com\/de\/?s={search_term_string}"},"query-input":{"@type":"PropertyValueSpecification","valueRequired":true,"valueName":"search_term_string"}}],"inLanguage":"de"}]}},"_links":{"self":[{"href":"https:\/\/www.minoanlife.com\/de\/wp-json\/wp\/v2\/product\/8869","targetHints":{"allow":["GET"]}}],"collection":[{"href":"https:\/\/www.minoanlife.com\/de\/wp-json\/wp\/v2\/product"}],"about":[{"href":"https:\/\/www.minoanlife.com\/de\/wp-json\/wp\/v2\/types\/product"}],"replies":[{"embeddable":true,"href":"https:\/\/www.minoanlife.com\/de\/wp-json\/wp\/v2\/comments?post=8869"}],"wp:featuredmedia":[{"embeddable":true,"href":"https:\/\/www.minoanlife.com\/de\/wp-json\/wp\/v2\/media\/23681"}],"wp:attachment":[{"href":"https:\/\/www.minoanlife.com\/de\/wp-json\/wp\/v2\/media?parent=8869"}],"wp:term":[{"taxonomy":"product_brand","embeddable":true,"href":"https:\/\/www.minoanlife.com\/de\/wp-json\/wp\/v2\/product_brand?post=8869"},{"taxonomy":"product_cat","embeddable":true,"href":"https:\/\/www.minoanlife.com\/de\/wp-json\/wp\/v2\/product_cat?post=8869"},{"taxonomy":"product_tag","embeddable":true,"href":"https:\/\/www.minoanlife.com\/de\/wp-json\/wp\/v2\/product_tag?post=8869"}],"curies":[{"name":"wp","href":"https:\/\/api.w.org\/{rel}","templated":true}]}}