{"id":8857,"date":"2014-05-22T13:19:27","date_gmt":"2014-05-23T09:29:36","guid":{"rendered":"http:\/\/www.minoanlife.com\/?post_type=product&#038;p=8857"},"modified":"2021-02-15T07:57:21","modified_gmt":"2021-02-15T07:57:21","slug":"korperbutter-olive-majoran","status":"publish","type":"product","link":"https:\/\/www.minoanlife.com\/de\/eshop\/korperbutter-olive-majoran\/","title":{"rendered":"K\u00f6rperbutter &#8211; Olive &amp; Majoran"},"content":{"rendered":"<p>K\u00f6rper-Butter mit Oliven\u00f6l und Olivenbutter, Sheabutter und Majoran-Extrakt f\u00fcr reiche Fl\u00fcssigkeitszufuhr und Ern\u00e4hrung der Haut. Die wertvollen enthaltenen Antioxidantien und Fetts\u00e4uren beruhigen und straffen die Haut.<\/p>\n<p><strong>Anwendung:<\/strong>\u00a0Tragen Sie eine Menge auf den ganzen K\u00f6rper auf und massieren Sie sanft ein, bis sie vollst\u00e4ndig absorbiert wird. Im Idealfall verwenden Sie die K\u00f6rper-Butter nach dem Baden.<\/p>\n","protected":false},"excerpt":{"rendered":"<p>Olive &amp; Majoran<\/p>\n","protected":false},"featured_media":23958,"comment_status":"closed","ping_status":"closed","template":"","meta":[],"product_brand":[],"product_cat":[877],"product_tag":[],"class_list":{"0":"post-8857","1":"product","2":"type-product","3":"status-publish","4":"has-post-thumbnail","6":"product_cat-koerperpflege","7":"brand-olive-beauty-medi-care-brand-de","9":"first","10":"outofstock","11":"taxable","12":"shipping-taxable","13":"purchasable","14":"product-type-simple"},"yoast_head":"<!-- This site is optimized with the Yoast SEO plugin v27.2 - https:\/\/yoast.com\/product\/yoast-seo-wordpress\/ -->\n<title>K\u00f6rperbutter - Olive &amp; Majoran | Minoan Life<\/title>\n<meta name=\"description\" content=\"K\u00f6rper-Butter mit Oliven\u00f6l und Olivenbutter, Sheabutter und Majoran-Extrakt f\u00fcr reiche Fl\u00fcssigkeitszufuhr und Ern\u00e4hrung der Haut. Dermatologisch getestet.\" \/>\n<meta name=\"robots\" content=\"index, follow, max-snippet:-1, max-image-preview:large, max-video-preview:-1\" \/>\n<link rel=\"canonical\" href=\"https:\/\/www.minoanlife.com\/de\/eshop\/korperbutter-olive-majoran\/\" \/>\n<meta property=\"og:locale\" content=\"de_DE\" \/>\n<meta property=\"og:type\" content=\"article\" \/>\n<meta property=\"og:title\" content=\"K\u00f6rperbutter - Olive &amp; Majoran | Minoan Life\" \/>\n<meta property=\"og:description\" content=\"K\u00f6rper-Butter mit Oliven\u00f6l und Olivenbutter, Sheabutter und Majoran-Extrakt f\u00fcr reiche Fl\u00fcssigkeitszufuhr und Ern\u00e4hrung der Haut. Dermatologisch getestet.\" \/>\n<meta property=\"og:url\" content=\"https:\/\/www.minoanlife.com\/de\/eshop\/korperbutter-olive-majoran\/\" \/>\n<meta property=\"og:site_name\" content=\"Minoan Life\" \/>\n<meta property=\"article:modified_time\" content=\"2021-02-15T07:57:21+00:00\" \/>\n<meta property=\"og:image\" content=\"https:\/\/www.minoanlife.com\/wp-content\/uploads\/body_butter_with_olive_and_marjoram_minoanlife-2.jpg\" \/>\n\t<meta property=\"og:image:width\" content=\"600\" \/>\n\t<meta property=\"og:image:height\" content=\"600\" \/>\n\t<meta property=\"og:image:type\" content=\"image\/jpeg\" \/>\n<script type=\"application\/ld+json\" class=\"yoast-schema-graph\">{\"@context\":\"https:\/\/schema.org\",\"@graph\":[{\"@type\":\"WebPage\",\"@id\":\"https:\/\/www.minoanlife.com\/de\/eshop\/korperbutter-olive-majoran\/\",\"url\":\"https:\/\/www.minoanlife.com\/de\/eshop\/korperbutter-olive-majoran\/\",\"name\":\"K\u00f6rperbutter - Olive &amp; Majoran | Minoan Life\",\"isPartOf\":{\"@id\":\"https:\/\/www.minoanlife.com\/de\/#website\"},\"primaryImageOfPage\":{\"@id\":\"https:\/\/www.minoanlife.com\/de\/eshop\/korperbutter-olive-majoran\/#primaryimage\"},\"image\":{\"@id\":\"https:\/\/www.minoanlife.com\/de\/eshop\/korperbutter-olive-majoran\/#primaryimage\"},\"thumbnailUrl\":\"https:\/\/www.minoanlife.com\/wp-content\/uploads\/body_butter_with_olive_and_marjoram_minoanlife-2.jpg\",\"datePublished\":\"2014-05-23T09:29:36+00:00\",\"dateModified\":\"2021-02-15T07:57:21+00:00\",\"description\":\"K\u00f6rper-Butter mit Oliven\u00f6l und Olivenbutter, Sheabutter und Majoran-Extrakt f\u00fcr reiche Fl\u00fcssigkeitszufuhr und Ern\u00e4hrung der Haut. Dermatologisch getestet.\",\"breadcrumb\":{\"@id\":\"https:\/\/www.minoanlife.com\/de\/eshop\/korperbutter-olive-majoran\/#breadcrumb\"},\"inLanguage\":\"de\",\"potentialAction\":[{\"@type\":\"ReadAction\",\"target\":[\"https:\/\/www.minoanlife.com\/de\/eshop\/korperbutter-olive-majoran\/\"]}]},{\"@type\":\"ImageObject\",\"inLanguage\":\"de\",\"@id\":\"https:\/\/www.minoanlife.com\/de\/eshop\/korperbutter-olive-majoran\/#primaryimage\",\"url\":\"https:\/\/www.minoanlife.com\/wp-content\/uploads\/body_butter_with_olive_and_marjoram_minoanlife-2.jpg\",\"contentUrl\":\"https:\/\/www.minoanlife.com\/wp-content\/uploads\/body_butter_with_olive_and_marjoram_minoanlife-2.jpg\",\"width\":600,\"height\":600,\"caption\":\"body_butter_with_olive_and_marjoram_minoanlife\"},{\"@type\":\"BreadcrumbList\",\"@id\":\"https:\/\/www.minoanlife.com\/de\/eshop\/korperbutter-olive-majoran\/#breadcrumb\",\"itemListElement\":[{\"@type\":\"ListItem\",\"position\":1,\"name\":\"Home\",\"item\":\"https:\/\/www.minoanlife.com\/de\/\"},{\"@type\":\"ListItem\",\"position\":2,\"name\":\"Eshop\",\"item\":\"https:\/\/www.minoanlife.com\/de\/eshop\/\"},{\"@type\":\"ListItem\",\"position\":3,\"name\":\"K\u00f6rperbutter &#8211; Olive &amp; Majoran\"}]},{\"@type\":\"WebSite\",\"@id\":\"https:\/\/www.minoanlife.com\/de\/#website\",\"url\":\"https:\/\/www.minoanlife.com\/de\/\",\"name\":\"Minoan Life\",\"description\":\"\",\"potentialAction\":[{\"@type\":\"SearchAction\",\"target\":{\"@type\":\"EntryPoint\",\"urlTemplate\":\"https:\/\/www.minoanlife.com\/de\/?s={search_term_string}\"},\"query-input\":{\"@type\":\"PropertyValueSpecification\",\"valueRequired\":true,\"valueName\":\"search_term_string\"}}],\"inLanguage\":\"de\"}]}<\/script>\n<!-- \/ Yoast SEO plugin. -->","yoast_head_json":{"title":"K\u00f6rperbutter - Olive &amp; Majoran | Minoan Life","description":"K\u00f6rper-Butter mit Oliven\u00f6l und Olivenbutter, Sheabutter und Majoran-Extrakt f\u00fcr reiche Fl\u00fcssigkeitszufuhr und Ern\u00e4hrung der Haut. Dermatologisch getestet.","robots":{"index":"index","follow":"follow","max-snippet":"max-snippet:-1","max-image-preview":"max-image-preview:large","max-video-preview":"max-video-preview:-1"},"canonical":"https:\/\/www.minoanlife.com\/de\/eshop\/korperbutter-olive-majoran\/","og_locale":"de_DE","og_type":"article","og_title":"K\u00f6rperbutter - Olive &amp; Majoran | Minoan Life","og_description":"K\u00f6rper-Butter mit Oliven\u00f6l und Olivenbutter, Sheabutter und Majoran-Extrakt f\u00fcr reiche Fl\u00fcssigkeitszufuhr und Ern\u00e4hrung der Haut. Dermatologisch getestet.","og_url":"https:\/\/www.minoanlife.com\/de\/eshop\/korperbutter-olive-majoran\/","og_site_name":"Minoan Life","article_modified_time":"2021-02-15T07:57:21+00:00","og_image":[{"width":600,"height":600,"url":"https:\/\/www.minoanlife.com\/wp-content\/uploads\/body_butter_with_olive_and_marjoram_minoanlife-2.jpg","type":"image\/jpeg"}],"schema":{"@context":"https:\/\/schema.org","@graph":[{"@type":"WebPage","@id":"https:\/\/www.minoanlife.com\/de\/eshop\/korperbutter-olive-majoran\/","url":"https:\/\/www.minoanlife.com\/de\/eshop\/korperbutter-olive-majoran\/","name":"K\u00f6rperbutter - Olive &amp; Majoran | Minoan Life","isPartOf":{"@id":"https:\/\/www.minoanlife.com\/de\/#website"},"primaryImageOfPage":{"@id":"https:\/\/www.minoanlife.com\/de\/eshop\/korperbutter-olive-majoran\/#primaryimage"},"image":{"@id":"https:\/\/www.minoanlife.com\/de\/eshop\/korperbutter-olive-majoran\/#primaryimage"},"thumbnailUrl":"https:\/\/www.minoanlife.com\/wp-content\/uploads\/body_butter_with_olive_and_marjoram_minoanlife-2.jpg","datePublished":"2014-05-23T09:29:36+00:00","dateModified":"2021-02-15T07:57:21+00:00","description":"K\u00f6rper-Butter mit Oliven\u00f6l und Olivenbutter, Sheabutter und Majoran-Extrakt f\u00fcr reiche Fl\u00fcssigkeitszufuhr und Ern\u00e4hrung der Haut. Dermatologisch getestet.","breadcrumb":{"@id":"https:\/\/www.minoanlife.com\/de\/eshop\/korperbutter-olive-majoran\/#breadcrumb"},"inLanguage":"de","potentialAction":[{"@type":"ReadAction","target":["https:\/\/www.minoanlife.com\/de\/eshop\/korperbutter-olive-majoran\/"]}]},{"@type":"ImageObject","inLanguage":"de","@id":"https:\/\/www.minoanlife.com\/de\/eshop\/korperbutter-olive-majoran\/#primaryimage","url":"https:\/\/www.minoanlife.com\/wp-content\/uploads\/body_butter_with_olive_and_marjoram_minoanlife-2.jpg","contentUrl":"https:\/\/www.minoanlife.com\/wp-content\/uploads\/body_butter_with_olive_and_marjoram_minoanlife-2.jpg","width":600,"height":600,"caption":"body_butter_with_olive_and_marjoram_minoanlife"},{"@type":"BreadcrumbList","@id":"https:\/\/www.minoanlife.com\/de\/eshop\/korperbutter-olive-majoran\/#breadcrumb","itemListElement":[{"@type":"ListItem","position":1,"name":"Home","item":"https:\/\/www.minoanlife.com\/de\/"},{"@type":"ListItem","position":2,"name":"Eshop","item":"https:\/\/www.minoanlife.com\/de\/eshop\/"},{"@type":"ListItem","position":3,"name":"K\u00f6rperbutter &#8211; Olive &amp; Majoran"}]},{"@type":"WebSite","@id":"https:\/\/www.minoanlife.com\/de\/#website","url":"https:\/\/www.minoanlife.com\/de\/","name":"Minoan Life","description":"","potentialAction":[{"@type":"SearchAction","target":{"@type":"EntryPoint","urlTemplate":"https:\/\/www.minoanlife.com\/de\/?s={search_term_string}"},"query-input":{"@type":"PropertyValueSpecification","valueRequired":true,"valueName":"search_term_string"}}],"inLanguage":"de"}]}},"_links":{"self":[{"href":"https:\/\/www.minoanlife.com\/de\/wp-json\/wp\/v2\/product\/8857","targetHints":{"allow":["GET"]}}],"collection":[{"href":"https:\/\/www.minoanlife.com\/de\/wp-json\/wp\/v2\/product"}],"about":[{"href":"https:\/\/www.minoanlife.com\/de\/wp-json\/wp\/v2\/types\/product"}],"replies":[{"embeddable":true,"href":"https:\/\/www.minoanlife.com\/de\/wp-json\/wp\/v2\/comments?post=8857"}],"wp:featuredmedia":[{"embeddable":true,"href":"https:\/\/www.minoanlife.com\/de\/wp-json\/wp\/v2\/media\/23958"}],"wp:attachment":[{"href":"https:\/\/www.minoanlife.com\/de\/wp-json\/wp\/v2\/media?parent=8857"}],"wp:term":[{"taxonomy":"product_brand","embeddable":true,"href":"https:\/\/www.minoanlife.com\/de\/wp-json\/wp\/v2\/product_brand?post=8857"},{"taxonomy":"product_cat","embeddable":true,"href":"https:\/\/www.minoanlife.com\/de\/wp-json\/wp\/v2\/product_cat?post=8857"},{"taxonomy":"product_tag","embeddable":true,"href":"https:\/\/www.minoanlife.com\/de\/wp-json\/wp\/v2\/product_tag?post=8857"}],"curies":[{"name":"wp","href":"https:\/\/api.w.org\/{rel}","templated":true}]}}