{"id":8837,"date":"2014-05-22T13:30:27","date_gmt":"2014-05-23T09:04:51","guid":{"rendered":"http:\/\/www.minoanlife.com\/?post_type=product&#038;p=8837"},"modified":"2021-03-09T17:42:21","modified_gmt":"2021-03-09T17:42:21","slug":"haarol","status":"publish","type":"product","link":"https:\/\/www.minoanlife.com\/de\/eshop\/haarol\/","title":{"rendered":"Haar\u00f6l mit Oliven\u00f6l Und Fenchel"},"content":{"rendered":"<p>Wiederaufbauendes und sch\u00fctzendes Haar\u00f6l mit Oliven-, Traubenkernen- und Avocado\u00f6l, die die Haare n\u00e4hren und weich machen, w\u00e4hrend sie ein Lipides Film auf den Haaren bilden. Das pflanzliche Squalene verhindert das Haaraustrocknen und verleiht der Haaren Weichheit und Elastizit\u00e4t. Die Fenchelextrakt und Vitamin E sch\u00fctzen das Haar von der Erzeugung von freien Radikalen.<\/p>\n<p><strong>Anwendung :<\/strong>\u00a0Spr\u00fchen Sie, so oft wie n\u00f6tig, eine kleine Menge auf L\u00e4ngen und Spitzen.<\/p>\n","protected":false},"excerpt":{"rendered":"<p>Oliven\u00f6l Und Fenchel<\/p>\n","protected":false},"featured_media":24356,"comment_status":"open","ping_status":"closed","template":"","meta":[],"product_brand":[],"product_cat":[884],"product_tag":[4631],"class_list":{"0":"post-8837","1":"product","2":"type-product","3":"status-publish","4":"has-post-thumbnail","6":"product_cat-haarpflege","7":"product_tag-natural-cosmetics-de","8":"brand-olive-beauty-medi-care-brand-de","10":"first","11":"instock","12":"sale","13":"taxable","14":"shipping-taxable","15":"purchasable","16":"product-type-simple"},"yoast_head":"<!-- This site is optimized with the Yoast SEO plugin v27.2 - https:\/\/yoast.com\/product\/yoast-seo-wordpress\/ -->\n<title>Haar\u00f6l mit Oliven\u00f6l Und Fenchel | Minoan Life<\/title>\n<meta name=\"description\" content=\"Wiederaufbauendes und sch\u00fctzendes Haar\u00f6l mit Oliven-, Traubenkernen- und Avocado\u00f6l, die die Haare n\u00e4hren und weich machen. Dermatologisch getestet.\" \/>\n<meta name=\"robots\" content=\"index, follow, max-snippet:-1, max-image-preview:large, max-video-preview:-1\" \/>\n<link rel=\"canonical\" href=\"https:\/\/www.minoanlife.com\/de\/eshop\/haarol\/\" \/>\n<meta property=\"og:locale\" content=\"de_DE\" \/>\n<meta property=\"og:type\" content=\"article\" \/>\n<meta property=\"og:title\" content=\"Haar\u00f6l mit Oliven\u00f6l Und Fenchel | Minoan Life\" \/>\n<meta property=\"og:description\" content=\"Wiederaufbauendes und sch\u00fctzendes Haar\u00f6l mit Oliven-, Traubenkernen- und Avocado\u00f6l, die die Haare n\u00e4hren und weich machen. Dermatologisch getestet.\" \/>\n<meta property=\"og:url\" content=\"https:\/\/www.minoanlife.com\/de\/eshop\/haarol\/\" \/>\n<meta property=\"og:site_name\" content=\"Minoan Life\" \/>\n<meta property=\"article:modified_time\" content=\"2021-03-09T17:42:21+00:00\" \/>\n<meta property=\"og:image\" content=\"https:\/\/www.minoanlife.com\/wp-content\/uploads\/hair_oil_minoanlife-1.jpg\" \/>\n\t<meta property=\"og:image:width\" content=\"600\" \/>\n\t<meta property=\"og:image:height\" content=\"600\" \/>\n\t<meta property=\"og:image:type\" content=\"image\/jpeg\" \/>\n<script type=\"application\/ld+json\" class=\"yoast-schema-graph\">{\"@context\":\"https:\/\/schema.org\",\"@graph\":[{\"@type\":\"WebPage\",\"@id\":\"https:\/\/www.minoanlife.com\/de\/eshop\/haarol\/\",\"url\":\"https:\/\/www.minoanlife.com\/de\/eshop\/haarol\/\",\"name\":\"Haar\u00f6l mit Oliven\u00f6l Und Fenchel | Minoan Life\",\"isPartOf\":{\"@id\":\"https:\/\/www.minoanlife.com\/de\/#website\"},\"primaryImageOfPage\":{\"@id\":\"https:\/\/www.minoanlife.com\/de\/eshop\/haarol\/#primaryimage\"},\"image\":{\"@id\":\"https:\/\/www.minoanlife.com\/de\/eshop\/haarol\/#primaryimage\"},\"thumbnailUrl\":\"https:\/\/www.minoanlife.com\/wp-content\/uploads\/hair_oil_minoanlife-1.jpg\",\"datePublished\":\"2014-05-23T09:04:51+00:00\",\"dateModified\":\"2021-03-09T17:42:21+00:00\",\"description\":\"Wiederaufbauendes und sch\u00fctzendes Haar\u00f6l mit Oliven-, Traubenkernen- und Avocado\u00f6l, die die Haare n\u00e4hren und weich machen. Dermatologisch getestet.\",\"breadcrumb\":{\"@id\":\"https:\/\/www.minoanlife.com\/de\/eshop\/haarol\/#breadcrumb\"},\"inLanguage\":\"de\",\"potentialAction\":[{\"@type\":\"ReadAction\",\"target\":[\"https:\/\/www.minoanlife.com\/de\/eshop\/haarol\/\"]}]},{\"@type\":\"ImageObject\",\"inLanguage\":\"de\",\"@id\":\"https:\/\/www.minoanlife.com\/de\/eshop\/haarol\/#primaryimage\",\"url\":\"https:\/\/www.minoanlife.com\/wp-content\/uploads\/hair_oil_minoanlife-1.jpg\",\"contentUrl\":\"https:\/\/www.minoanlife.com\/wp-content\/uploads\/hair_oil_minoanlife-1.jpg\",\"width\":600,\"height\":600,\"caption\":\"hair_oil_minoanlife\"},{\"@type\":\"BreadcrumbList\",\"@id\":\"https:\/\/www.minoanlife.com\/de\/eshop\/haarol\/#breadcrumb\",\"itemListElement\":[{\"@type\":\"ListItem\",\"position\":1,\"name\":\"Home\",\"item\":\"https:\/\/www.minoanlife.com\/de\/\"},{\"@type\":\"ListItem\",\"position\":2,\"name\":\"Eshop\",\"item\":\"https:\/\/www.minoanlife.com\/de\/eshop\/\"},{\"@type\":\"ListItem\",\"position\":3,\"name\":\"Haar\u00f6l mit Oliven\u00f6l Und Fenchel\"}]},{\"@type\":\"WebSite\",\"@id\":\"https:\/\/www.minoanlife.com\/de\/#website\",\"url\":\"https:\/\/www.minoanlife.com\/de\/\",\"name\":\"Minoan Life\",\"description\":\"\",\"potentialAction\":[{\"@type\":\"SearchAction\",\"target\":{\"@type\":\"EntryPoint\",\"urlTemplate\":\"https:\/\/www.minoanlife.com\/de\/?s={search_term_string}\"},\"query-input\":{\"@type\":\"PropertyValueSpecification\",\"valueRequired\":true,\"valueName\":\"search_term_string\"}}],\"inLanguage\":\"de\"}]}<\/script>\n<!-- \/ Yoast SEO plugin. -->","yoast_head_json":{"title":"Haar\u00f6l mit Oliven\u00f6l Und Fenchel | Minoan Life","description":"Wiederaufbauendes und sch\u00fctzendes Haar\u00f6l mit Oliven-, Traubenkernen- und Avocado\u00f6l, die die Haare n\u00e4hren und weich machen. Dermatologisch getestet.","robots":{"index":"index","follow":"follow","max-snippet":"max-snippet:-1","max-image-preview":"max-image-preview:large","max-video-preview":"max-video-preview:-1"},"canonical":"https:\/\/www.minoanlife.com\/de\/eshop\/haarol\/","og_locale":"de_DE","og_type":"article","og_title":"Haar\u00f6l mit Oliven\u00f6l Und Fenchel | Minoan Life","og_description":"Wiederaufbauendes und sch\u00fctzendes Haar\u00f6l mit Oliven-, Traubenkernen- und Avocado\u00f6l, die die Haare n\u00e4hren und weich machen. Dermatologisch getestet.","og_url":"https:\/\/www.minoanlife.com\/de\/eshop\/haarol\/","og_site_name":"Minoan Life","article_modified_time":"2021-03-09T17:42:21+00:00","og_image":[{"width":600,"height":600,"url":"https:\/\/www.minoanlife.com\/wp-content\/uploads\/hair_oil_minoanlife-1.jpg","type":"image\/jpeg"}],"schema":{"@context":"https:\/\/schema.org","@graph":[{"@type":"WebPage","@id":"https:\/\/www.minoanlife.com\/de\/eshop\/haarol\/","url":"https:\/\/www.minoanlife.com\/de\/eshop\/haarol\/","name":"Haar\u00f6l mit Oliven\u00f6l Und Fenchel | Minoan Life","isPartOf":{"@id":"https:\/\/www.minoanlife.com\/de\/#website"},"primaryImageOfPage":{"@id":"https:\/\/www.minoanlife.com\/de\/eshop\/haarol\/#primaryimage"},"image":{"@id":"https:\/\/www.minoanlife.com\/de\/eshop\/haarol\/#primaryimage"},"thumbnailUrl":"https:\/\/www.minoanlife.com\/wp-content\/uploads\/hair_oil_minoanlife-1.jpg","datePublished":"2014-05-23T09:04:51+00:00","dateModified":"2021-03-09T17:42:21+00:00","description":"Wiederaufbauendes und sch\u00fctzendes Haar\u00f6l mit Oliven-, Traubenkernen- und Avocado\u00f6l, die die Haare n\u00e4hren und weich machen. Dermatologisch getestet.","breadcrumb":{"@id":"https:\/\/www.minoanlife.com\/de\/eshop\/haarol\/#breadcrumb"},"inLanguage":"de","potentialAction":[{"@type":"ReadAction","target":["https:\/\/www.minoanlife.com\/de\/eshop\/haarol\/"]}]},{"@type":"ImageObject","inLanguage":"de","@id":"https:\/\/www.minoanlife.com\/de\/eshop\/haarol\/#primaryimage","url":"https:\/\/www.minoanlife.com\/wp-content\/uploads\/hair_oil_minoanlife-1.jpg","contentUrl":"https:\/\/www.minoanlife.com\/wp-content\/uploads\/hair_oil_minoanlife-1.jpg","width":600,"height":600,"caption":"hair_oil_minoanlife"},{"@type":"BreadcrumbList","@id":"https:\/\/www.minoanlife.com\/de\/eshop\/haarol\/#breadcrumb","itemListElement":[{"@type":"ListItem","position":1,"name":"Home","item":"https:\/\/www.minoanlife.com\/de\/"},{"@type":"ListItem","position":2,"name":"Eshop","item":"https:\/\/www.minoanlife.com\/de\/eshop\/"},{"@type":"ListItem","position":3,"name":"Haar\u00f6l mit Oliven\u00f6l Und Fenchel"}]},{"@type":"WebSite","@id":"https:\/\/www.minoanlife.com\/de\/#website","url":"https:\/\/www.minoanlife.com\/de\/","name":"Minoan Life","description":"","potentialAction":[{"@type":"SearchAction","target":{"@type":"EntryPoint","urlTemplate":"https:\/\/www.minoanlife.com\/de\/?s={search_term_string}"},"query-input":{"@type":"PropertyValueSpecification","valueRequired":true,"valueName":"search_term_string"}}],"inLanguage":"de"}]}},"_links":{"self":[{"href":"https:\/\/www.minoanlife.com\/de\/wp-json\/wp\/v2\/product\/8837","targetHints":{"allow":["GET"]}}],"collection":[{"href":"https:\/\/www.minoanlife.com\/de\/wp-json\/wp\/v2\/product"}],"about":[{"href":"https:\/\/www.minoanlife.com\/de\/wp-json\/wp\/v2\/types\/product"}],"replies":[{"embeddable":true,"href":"https:\/\/www.minoanlife.com\/de\/wp-json\/wp\/v2\/comments?post=8837"}],"wp:featuredmedia":[{"embeddable":true,"href":"https:\/\/www.minoanlife.com\/de\/wp-json\/wp\/v2\/media\/24356"}],"wp:attachment":[{"href":"https:\/\/www.minoanlife.com\/de\/wp-json\/wp\/v2\/media?parent=8837"}],"wp:term":[{"taxonomy":"product_brand","embeddable":true,"href":"https:\/\/www.minoanlife.com\/de\/wp-json\/wp\/v2\/product_brand?post=8837"},{"taxonomy":"product_cat","embeddable":true,"href":"https:\/\/www.minoanlife.com\/de\/wp-json\/wp\/v2\/product_cat?post=8837"},{"taxonomy":"product_tag","embeddable":true,"href":"https:\/\/www.minoanlife.com\/de\/wp-json\/wp\/v2\/product_tag?post=8837"}],"curies":[{"name":"wp","href":"https:\/\/api.w.org\/{rel}","templated":true}]}}