{"id":8833,"date":"2014-05-22T13:33:45","date_gmt":"2014-05-23T08:59:53","guid":{"rendered":"http:\/\/www.minoanlife.com\/?post_type=product&#038;p=8833"},"modified":"2021-02-15T10:23:06","modified_gmt":"2021-02-15T10:23:06","slug":"haarconditioner","status":"publish","type":"product","link":"https:\/\/www.minoanlife.com\/de\/eshop\/haarconditioner\/","title":{"rendered":"Haarconditioner mit Olivenbl\u00e4tter &amp; Salbei"},"content":{"rendered":"<p>Haarconditioner mit Oliven\u00f6l und Extrakte aus Salbei und Olivenbl\u00e4tter, die die Kopfhaut st\u00e4rken, n\u00e4hren sie das Haar und sch\u00fctzen sie vor der Bildung freier Radikale. Angereichert mit Panthenol, das Irritationen beruhigt und vermeidet. Es ist wohlt\u00e4tig f\u00fcr das Haar von der Wurzel bis zur Spitze.<\/p>\n<p><strong>Anwendung :<\/strong>\u00a0Nach der Haarw\u00e4sche verteilen Sie eine kleine Menge auf gut getrocknetes Haar und sp\u00fclen sie es aus.<\/p>\n","protected":false},"excerpt":{"rendered":"<p>Olivenbl\u00e4tter &amp; Salbei<\/p>\n","protected":false},"featured_media":23733,"comment_status":"open","ping_status":"closed","template":"","meta":[],"product_brand":[],"product_cat":[884],"product_tag":[1736],"class_list":{"0":"post-8833","1":"product","2":"type-product","3":"status-publish","4":"has-post-thumbnail","6":"product_cat-haarpflege","7":"product_tag-produkte_in_reisegroesse","8":"brand-olive-beauty-medi-care-brand-de","10":"first","11":"outofstock","12":"taxable","13":"shipping-taxable","14":"purchasable","15":"product-type-variable","16":"has-default-attributes"},"yoast_head":"<!-- This site is optimized with the Yoast SEO plugin v27.2 - https:\/\/yoast.com\/product\/yoast-seo-wordpress\/ -->\n<title>Haarconditioner mit Olivenbl\u00e4tter &amp; Salbei | Minoan Life<\/title>\n<meta name=\"description\" content=\"Haarconditioner mit Oliven\u00f6l und Extrakte aus Salbei und Olivenbl\u00e4tter, die n\u00e4hren sie das Haar und sch\u00fctzen sie vor der Bildung freier Radikale.\" \/>\n<meta name=\"robots\" content=\"index, follow, max-snippet:-1, max-image-preview:large, max-video-preview:-1\" \/>\n<link rel=\"canonical\" href=\"https:\/\/www.minoanlife.com\/de\/eshop\/haarconditioner\/\" \/>\n<meta property=\"og:locale\" content=\"de_DE\" \/>\n<meta property=\"og:type\" content=\"article\" \/>\n<meta property=\"og:title\" content=\"Haarconditioner mit Olivenbl\u00e4tter &amp; Salbei | Minoan Life\" \/>\n<meta property=\"og:description\" content=\"Haarconditioner mit Oliven\u00f6l und Extrakte aus Salbei und Olivenbl\u00e4tter, die n\u00e4hren sie das Haar und sch\u00fctzen sie vor der Bildung freier Radikale.\" \/>\n<meta property=\"og:url\" content=\"https:\/\/www.minoanlife.com\/de\/eshop\/haarconditioner\/\" \/>\n<meta property=\"og:site_name\" content=\"Minoan Life\" \/>\n<meta property=\"article:modified_time\" content=\"2021-02-15T10:23:06+00:00\" \/>\n<meta property=\"og:image\" content=\"https:\/\/www.minoanlife.com\/wp-content\/uploads\/hair_conditioner_minoanlife.jpg\" \/>\n\t<meta property=\"og:image:width\" content=\"600\" \/>\n\t<meta property=\"og:image:height\" content=\"600\" \/>\n\t<meta property=\"og:image:type\" content=\"image\/jpeg\" \/>\n<script type=\"application\/ld+json\" class=\"yoast-schema-graph\">{\"@context\":\"https:\/\/schema.org\",\"@graph\":[{\"@type\":\"WebPage\",\"@id\":\"https:\/\/www.minoanlife.com\/de\/eshop\/haarconditioner\/\",\"url\":\"https:\/\/www.minoanlife.com\/de\/eshop\/haarconditioner\/\",\"name\":\"Haarconditioner mit Olivenbl\u00e4tter &amp; Salbei | Minoan Life\",\"isPartOf\":{\"@id\":\"https:\/\/www.minoanlife.com\/de\/#website\"},\"primaryImageOfPage\":{\"@id\":\"https:\/\/www.minoanlife.com\/de\/eshop\/haarconditioner\/#primaryimage\"},\"image\":{\"@id\":\"https:\/\/www.minoanlife.com\/de\/eshop\/haarconditioner\/#primaryimage\"},\"thumbnailUrl\":\"https:\/\/www.minoanlife.com\/wp-content\/uploads\/hair_conditioner_minoanlife.jpg\",\"datePublished\":\"2014-05-23T08:59:53+00:00\",\"dateModified\":\"2021-02-15T10:23:06+00:00\",\"description\":\"Haarconditioner mit Oliven\u00f6l und Extrakte aus Salbei und Olivenbl\u00e4tter, die n\u00e4hren sie das Haar und sch\u00fctzen sie vor der Bildung freier Radikale.\",\"breadcrumb\":{\"@id\":\"https:\/\/www.minoanlife.com\/de\/eshop\/haarconditioner\/#breadcrumb\"},\"inLanguage\":\"de\",\"potentialAction\":[{\"@type\":\"ReadAction\",\"target\":[\"https:\/\/www.minoanlife.com\/de\/eshop\/haarconditioner\/\"]}]},{\"@type\":\"ImageObject\",\"inLanguage\":\"de\",\"@id\":\"https:\/\/www.minoanlife.com\/de\/eshop\/haarconditioner\/#primaryimage\",\"url\":\"https:\/\/www.minoanlife.com\/wp-content\/uploads\/hair_conditioner_minoanlife.jpg\",\"contentUrl\":\"https:\/\/www.minoanlife.com\/wp-content\/uploads\/hair_conditioner_minoanlife.jpg\",\"width\":600,\"height\":600,\"caption\":\"hair_conditioner_minoanlife\"},{\"@type\":\"BreadcrumbList\",\"@id\":\"https:\/\/www.minoanlife.com\/de\/eshop\/haarconditioner\/#breadcrumb\",\"itemListElement\":[{\"@type\":\"ListItem\",\"position\":1,\"name\":\"Home\",\"item\":\"https:\/\/www.minoanlife.com\/de\/\"},{\"@type\":\"ListItem\",\"position\":2,\"name\":\"Eshop\",\"item\":\"https:\/\/www.minoanlife.com\/de\/eshop\/\"},{\"@type\":\"ListItem\",\"position\":3,\"name\":\"Haarconditioner mit Olivenbl\u00e4tter &amp; Salbei\"}]},{\"@type\":\"WebSite\",\"@id\":\"https:\/\/www.minoanlife.com\/de\/#website\",\"url\":\"https:\/\/www.minoanlife.com\/de\/\",\"name\":\"Minoan Life\",\"description\":\"\",\"potentialAction\":[{\"@type\":\"SearchAction\",\"target\":{\"@type\":\"EntryPoint\",\"urlTemplate\":\"https:\/\/www.minoanlife.com\/de\/?s={search_term_string}\"},\"query-input\":{\"@type\":\"PropertyValueSpecification\",\"valueRequired\":true,\"valueName\":\"search_term_string\"}}],\"inLanguage\":\"de\"}]}<\/script>\n<!-- \/ Yoast SEO plugin. -->","yoast_head_json":{"title":"Haarconditioner mit Olivenbl\u00e4tter &amp; Salbei | Minoan Life","description":"Haarconditioner mit Oliven\u00f6l und Extrakte aus Salbei und Olivenbl\u00e4tter, die n\u00e4hren sie das Haar und sch\u00fctzen sie vor der Bildung freier Radikale.","robots":{"index":"index","follow":"follow","max-snippet":"max-snippet:-1","max-image-preview":"max-image-preview:large","max-video-preview":"max-video-preview:-1"},"canonical":"https:\/\/www.minoanlife.com\/de\/eshop\/haarconditioner\/","og_locale":"de_DE","og_type":"article","og_title":"Haarconditioner mit Olivenbl\u00e4tter &amp; Salbei | Minoan Life","og_description":"Haarconditioner mit Oliven\u00f6l und Extrakte aus Salbei und Olivenbl\u00e4tter, die n\u00e4hren sie das Haar und sch\u00fctzen sie vor der Bildung freier Radikale.","og_url":"https:\/\/www.minoanlife.com\/de\/eshop\/haarconditioner\/","og_site_name":"Minoan Life","article_modified_time":"2021-02-15T10:23:06+00:00","og_image":[{"width":600,"height":600,"url":"https:\/\/www.minoanlife.com\/wp-content\/uploads\/hair_conditioner_minoanlife.jpg","type":"image\/jpeg"}],"schema":{"@context":"https:\/\/schema.org","@graph":[{"@type":"WebPage","@id":"https:\/\/www.minoanlife.com\/de\/eshop\/haarconditioner\/","url":"https:\/\/www.minoanlife.com\/de\/eshop\/haarconditioner\/","name":"Haarconditioner mit Olivenbl\u00e4tter &amp; Salbei | Minoan Life","isPartOf":{"@id":"https:\/\/www.minoanlife.com\/de\/#website"},"primaryImageOfPage":{"@id":"https:\/\/www.minoanlife.com\/de\/eshop\/haarconditioner\/#primaryimage"},"image":{"@id":"https:\/\/www.minoanlife.com\/de\/eshop\/haarconditioner\/#primaryimage"},"thumbnailUrl":"https:\/\/www.minoanlife.com\/wp-content\/uploads\/hair_conditioner_minoanlife.jpg","datePublished":"2014-05-23T08:59:53+00:00","dateModified":"2021-02-15T10:23:06+00:00","description":"Haarconditioner mit Oliven\u00f6l und Extrakte aus Salbei und Olivenbl\u00e4tter, die n\u00e4hren sie das Haar und sch\u00fctzen sie vor der Bildung freier Radikale.","breadcrumb":{"@id":"https:\/\/www.minoanlife.com\/de\/eshop\/haarconditioner\/#breadcrumb"},"inLanguage":"de","potentialAction":[{"@type":"ReadAction","target":["https:\/\/www.minoanlife.com\/de\/eshop\/haarconditioner\/"]}]},{"@type":"ImageObject","inLanguage":"de","@id":"https:\/\/www.minoanlife.com\/de\/eshop\/haarconditioner\/#primaryimage","url":"https:\/\/www.minoanlife.com\/wp-content\/uploads\/hair_conditioner_minoanlife.jpg","contentUrl":"https:\/\/www.minoanlife.com\/wp-content\/uploads\/hair_conditioner_minoanlife.jpg","width":600,"height":600,"caption":"hair_conditioner_minoanlife"},{"@type":"BreadcrumbList","@id":"https:\/\/www.minoanlife.com\/de\/eshop\/haarconditioner\/#breadcrumb","itemListElement":[{"@type":"ListItem","position":1,"name":"Home","item":"https:\/\/www.minoanlife.com\/de\/"},{"@type":"ListItem","position":2,"name":"Eshop","item":"https:\/\/www.minoanlife.com\/de\/eshop\/"},{"@type":"ListItem","position":3,"name":"Haarconditioner mit Olivenbl\u00e4tter &amp; Salbei"}]},{"@type":"WebSite","@id":"https:\/\/www.minoanlife.com\/de\/#website","url":"https:\/\/www.minoanlife.com\/de\/","name":"Minoan Life","description":"","potentialAction":[{"@type":"SearchAction","target":{"@type":"EntryPoint","urlTemplate":"https:\/\/www.minoanlife.com\/de\/?s={search_term_string}"},"query-input":{"@type":"PropertyValueSpecification","valueRequired":true,"valueName":"search_term_string"}}],"inLanguage":"de"}]}},"_links":{"self":[{"href":"https:\/\/www.minoanlife.com\/de\/wp-json\/wp\/v2\/product\/8833","targetHints":{"allow":["GET"]}}],"collection":[{"href":"https:\/\/www.minoanlife.com\/de\/wp-json\/wp\/v2\/product"}],"about":[{"href":"https:\/\/www.minoanlife.com\/de\/wp-json\/wp\/v2\/types\/product"}],"replies":[{"embeddable":true,"href":"https:\/\/www.minoanlife.com\/de\/wp-json\/wp\/v2\/comments?post=8833"}],"wp:featuredmedia":[{"embeddable":true,"href":"https:\/\/www.minoanlife.com\/de\/wp-json\/wp\/v2\/media\/23733"}],"wp:attachment":[{"href":"https:\/\/www.minoanlife.com\/de\/wp-json\/wp\/v2\/media?parent=8833"}],"wp:term":[{"taxonomy":"product_brand","embeddable":true,"href":"https:\/\/www.minoanlife.com\/de\/wp-json\/wp\/v2\/product_brand?post=8833"},{"taxonomy":"product_cat","embeddable":true,"href":"https:\/\/www.minoanlife.com\/de\/wp-json\/wp\/v2\/product_cat?post=8833"},{"taxonomy":"product_tag","embeddable":true,"href":"https:\/\/www.minoanlife.com\/de\/wp-json\/wp\/v2\/product_tag?post=8833"}],"curies":[{"name":"wp","href":"https:\/\/api.w.org\/{rel}","templated":true}]}}