{"id":8821,"date":"2014-05-22T13:39:45","date_gmt":"2014-05-23T08:23:17","guid":{"rendered":"http:\/\/www.minoanlife.com\/?post_type=product&#038;p=8821"},"modified":"2021-02-15T08:57:16","modified_gmt":"2021-02-15T08:57:16","slug":"gesichtspeeling","status":"publish","type":"product","link":"https:\/\/www.minoanlife.com\/de\/eshop\/gesichtspeeling\/","title":{"rendered":"Gesichtspeeling mit Diptam, Oliven &amp; Aprikosenk\u00f6rnchen"},"content":{"rendered":"<p>Natur cremiges Gesichtspeeling mitrevitalisierender Wirkung. Der Diptam Extrakt ist reich an N\u00e4hrstoffen mit starker antioxidativer Aktivit\u00e4t. Die Oliven- und Aprikosenk\u00f6rnchen unterst\u00fctzen die Entfernung der abgestorbenen Zellen, indem sie den nat\u00fcrlichen Prozess der Zellerneuerung erleichtern, w\u00e4hrend eine Mischung aus nat\u00fcrlichen \u00d6len die Austrocknung verhindert und die epidermalen Lipide wiederherstellt.<\/p>\n<p><strong>Anwendung :<\/strong>\u00a0Nach der Reinigung tragen Sie es mit leicht kreisenden Bewegungen auf feuchtes Gesicht auf und sp\u00fclen Sie es gut aus.<\/p>\n","protected":false},"excerpt":{"rendered":"<p>Diptam, Oliven &amp; Aprikosenk\u00f6rnchen<\/p>\n","protected":false},"featured_media":23763,"comment_status":"open","ping_status":"closed","template":"","meta":[],"product_brand":[],"product_cat":[880],"product_tag":[1736],"class_list":{"0":"post-8821","1":"product","2":"type-product","3":"status-publish","4":"has-post-thumbnail","6":"product_cat-gesichtspflege","7":"product_tag-produkte_in_reisegroesse","8":"brand-olive-beauty-medi-care-brand-de","10":"first","11":"instock","12":"taxable","13":"shipping-taxable","14":"purchasable","15":"product-type-simple"},"yoast_head":"<!-- This site is optimized with the Yoast SEO plugin v27.2 - https:\/\/yoast.com\/product\/yoast-seo-wordpress\/ -->\n<title>Gesichtspeeling mit Diptam, Oliven &amp; Aprikosenk\u00f6rnchen | Minoan Life<\/title>\n<meta name=\"description\" content=\"Natur cremiges Gesichtspeeling mitrevitalisierender Wirkung. Der Diptam Extrakt ist reich an N\u00e4hrstoffen mit starker antioxidativer Aktivit\u00e4t.\" \/>\n<meta name=\"robots\" content=\"index, follow, max-snippet:-1, max-image-preview:large, max-video-preview:-1\" \/>\n<link rel=\"canonical\" href=\"https:\/\/www.minoanlife.com\/de\/eshop\/gesichtspeeling\/\" \/>\n<meta property=\"og:locale\" content=\"de_DE\" \/>\n<meta property=\"og:type\" content=\"article\" \/>\n<meta property=\"og:title\" content=\"Gesichtspeeling mit Diptam, Oliven &amp; Aprikosenk\u00f6rnchen | Minoan Life\" \/>\n<meta property=\"og:description\" content=\"Natur cremiges Gesichtspeeling mitrevitalisierender Wirkung. Der Diptam Extrakt ist reich an N\u00e4hrstoffen mit starker antioxidativer Aktivit\u00e4t.\" \/>\n<meta property=\"og:url\" content=\"https:\/\/www.minoanlife.com\/de\/eshop\/gesichtspeeling\/\" \/>\n<meta property=\"og:site_name\" content=\"Minoan Life\" \/>\n<meta property=\"article:modified_time\" content=\"2021-02-15T08:57:16+00:00\" \/>\n<meta property=\"og:image\" content=\"https:\/\/www.minoanlife.com\/wp-content\/uploads\/face_scrub_minoanlife.jpg\" \/>\n\t<meta property=\"og:image:width\" content=\"600\" \/>\n\t<meta property=\"og:image:height\" content=\"600\" \/>\n\t<meta property=\"og:image:type\" content=\"image\/jpeg\" \/>\n<script type=\"application\/ld+json\" class=\"yoast-schema-graph\">{\"@context\":\"https:\/\/schema.org\",\"@graph\":[{\"@type\":\"WebPage\",\"@id\":\"https:\/\/www.minoanlife.com\/de\/eshop\/gesichtspeeling\/\",\"url\":\"https:\/\/www.minoanlife.com\/de\/eshop\/gesichtspeeling\/\",\"name\":\"Gesichtspeeling mit Diptam, Oliven &amp; Aprikosenk\u00f6rnchen | Minoan Life\",\"isPartOf\":{\"@id\":\"https:\/\/www.minoanlife.com\/de\/#website\"},\"primaryImageOfPage\":{\"@id\":\"https:\/\/www.minoanlife.com\/de\/eshop\/gesichtspeeling\/#primaryimage\"},\"image\":{\"@id\":\"https:\/\/www.minoanlife.com\/de\/eshop\/gesichtspeeling\/#primaryimage\"},\"thumbnailUrl\":\"https:\/\/www.minoanlife.com\/wp-content\/uploads\/face_scrub_minoanlife.jpg\",\"datePublished\":\"2014-05-23T08:23:17+00:00\",\"dateModified\":\"2021-02-15T08:57:16+00:00\",\"description\":\"Natur cremiges Gesichtspeeling mitrevitalisierender Wirkung. Der Diptam Extrakt ist reich an N\u00e4hrstoffen mit starker antioxidativer Aktivit\u00e4t.\",\"breadcrumb\":{\"@id\":\"https:\/\/www.minoanlife.com\/de\/eshop\/gesichtspeeling\/#breadcrumb\"},\"inLanguage\":\"de\",\"potentialAction\":[{\"@type\":\"ReadAction\",\"target\":[\"https:\/\/www.minoanlife.com\/de\/eshop\/gesichtspeeling\/\"]}]},{\"@type\":\"ImageObject\",\"inLanguage\":\"de\",\"@id\":\"https:\/\/www.minoanlife.com\/de\/eshop\/gesichtspeeling\/#primaryimage\",\"url\":\"https:\/\/www.minoanlife.com\/wp-content\/uploads\/face_scrub_minoanlife.jpg\",\"contentUrl\":\"https:\/\/www.minoanlife.com\/wp-content\/uploads\/face_scrub_minoanlife.jpg\",\"width\":600,\"height\":600,\"caption\":\"face_scrub_minoanlife\"},{\"@type\":\"BreadcrumbList\",\"@id\":\"https:\/\/www.minoanlife.com\/de\/eshop\/gesichtspeeling\/#breadcrumb\",\"itemListElement\":[{\"@type\":\"ListItem\",\"position\":1,\"name\":\"Home\",\"item\":\"https:\/\/www.minoanlife.com\/de\/\"},{\"@type\":\"ListItem\",\"position\":2,\"name\":\"Eshop\",\"item\":\"https:\/\/www.minoanlife.com\/de\/eshop\/\"},{\"@type\":\"ListItem\",\"position\":3,\"name\":\"Gesichtspeeling mit Diptam, Oliven &amp; Aprikosenk\u00f6rnchen\"}]},{\"@type\":\"WebSite\",\"@id\":\"https:\/\/www.minoanlife.com\/de\/#website\",\"url\":\"https:\/\/www.minoanlife.com\/de\/\",\"name\":\"Minoan Life\",\"description\":\"\",\"potentialAction\":[{\"@type\":\"SearchAction\",\"target\":{\"@type\":\"EntryPoint\",\"urlTemplate\":\"https:\/\/www.minoanlife.com\/de\/?s={search_term_string}\"},\"query-input\":{\"@type\":\"PropertyValueSpecification\",\"valueRequired\":true,\"valueName\":\"search_term_string\"}}],\"inLanguage\":\"de\"}]}<\/script>\n<!-- \/ Yoast SEO plugin. -->","yoast_head_json":{"title":"Gesichtspeeling mit Diptam, Oliven &amp; Aprikosenk\u00f6rnchen | Minoan Life","description":"Natur cremiges Gesichtspeeling mitrevitalisierender Wirkung. Der Diptam Extrakt ist reich an N\u00e4hrstoffen mit starker antioxidativer Aktivit\u00e4t.","robots":{"index":"index","follow":"follow","max-snippet":"max-snippet:-1","max-image-preview":"max-image-preview:large","max-video-preview":"max-video-preview:-1"},"canonical":"https:\/\/www.minoanlife.com\/de\/eshop\/gesichtspeeling\/","og_locale":"de_DE","og_type":"article","og_title":"Gesichtspeeling mit Diptam, Oliven &amp; Aprikosenk\u00f6rnchen | Minoan Life","og_description":"Natur cremiges Gesichtspeeling mitrevitalisierender Wirkung. Der Diptam Extrakt ist reich an N\u00e4hrstoffen mit starker antioxidativer Aktivit\u00e4t.","og_url":"https:\/\/www.minoanlife.com\/de\/eshop\/gesichtspeeling\/","og_site_name":"Minoan Life","article_modified_time":"2021-02-15T08:57:16+00:00","og_image":[{"width":600,"height":600,"url":"https:\/\/www.minoanlife.com\/wp-content\/uploads\/face_scrub_minoanlife.jpg","type":"image\/jpeg"}],"schema":{"@context":"https:\/\/schema.org","@graph":[{"@type":"WebPage","@id":"https:\/\/www.minoanlife.com\/de\/eshop\/gesichtspeeling\/","url":"https:\/\/www.minoanlife.com\/de\/eshop\/gesichtspeeling\/","name":"Gesichtspeeling mit Diptam, Oliven &amp; Aprikosenk\u00f6rnchen | Minoan Life","isPartOf":{"@id":"https:\/\/www.minoanlife.com\/de\/#website"},"primaryImageOfPage":{"@id":"https:\/\/www.minoanlife.com\/de\/eshop\/gesichtspeeling\/#primaryimage"},"image":{"@id":"https:\/\/www.minoanlife.com\/de\/eshop\/gesichtspeeling\/#primaryimage"},"thumbnailUrl":"https:\/\/www.minoanlife.com\/wp-content\/uploads\/face_scrub_minoanlife.jpg","datePublished":"2014-05-23T08:23:17+00:00","dateModified":"2021-02-15T08:57:16+00:00","description":"Natur cremiges Gesichtspeeling mitrevitalisierender Wirkung. Der Diptam Extrakt ist reich an N\u00e4hrstoffen mit starker antioxidativer Aktivit\u00e4t.","breadcrumb":{"@id":"https:\/\/www.minoanlife.com\/de\/eshop\/gesichtspeeling\/#breadcrumb"},"inLanguage":"de","potentialAction":[{"@type":"ReadAction","target":["https:\/\/www.minoanlife.com\/de\/eshop\/gesichtspeeling\/"]}]},{"@type":"ImageObject","inLanguage":"de","@id":"https:\/\/www.minoanlife.com\/de\/eshop\/gesichtspeeling\/#primaryimage","url":"https:\/\/www.minoanlife.com\/wp-content\/uploads\/face_scrub_minoanlife.jpg","contentUrl":"https:\/\/www.minoanlife.com\/wp-content\/uploads\/face_scrub_minoanlife.jpg","width":600,"height":600,"caption":"face_scrub_minoanlife"},{"@type":"BreadcrumbList","@id":"https:\/\/www.minoanlife.com\/de\/eshop\/gesichtspeeling\/#breadcrumb","itemListElement":[{"@type":"ListItem","position":1,"name":"Home","item":"https:\/\/www.minoanlife.com\/de\/"},{"@type":"ListItem","position":2,"name":"Eshop","item":"https:\/\/www.minoanlife.com\/de\/eshop\/"},{"@type":"ListItem","position":3,"name":"Gesichtspeeling mit Diptam, Oliven &amp; Aprikosenk\u00f6rnchen"}]},{"@type":"WebSite","@id":"https:\/\/www.minoanlife.com\/de\/#website","url":"https:\/\/www.minoanlife.com\/de\/","name":"Minoan Life","description":"","potentialAction":[{"@type":"SearchAction","target":{"@type":"EntryPoint","urlTemplate":"https:\/\/www.minoanlife.com\/de\/?s={search_term_string}"},"query-input":{"@type":"PropertyValueSpecification","valueRequired":true,"valueName":"search_term_string"}}],"inLanguage":"de"}]}},"_links":{"self":[{"href":"https:\/\/www.minoanlife.com\/de\/wp-json\/wp\/v2\/product\/8821","targetHints":{"allow":["GET"]}}],"collection":[{"href":"https:\/\/www.minoanlife.com\/de\/wp-json\/wp\/v2\/product"}],"about":[{"href":"https:\/\/www.minoanlife.com\/de\/wp-json\/wp\/v2\/types\/product"}],"replies":[{"embeddable":true,"href":"https:\/\/www.minoanlife.com\/de\/wp-json\/wp\/v2\/comments?post=8821"}],"wp:featuredmedia":[{"embeddable":true,"href":"https:\/\/www.minoanlife.com\/de\/wp-json\/wp\/v2\/media\/23763"}],"wp:attachment":[{"href":"https:\/\/www.minoanlife.com\/de\/wp-json\/wp\/v2\/media?parent=8821"}],"wp:term":[{"taxonomy":"product_brand","embeddable":true,"href":"https:\/\/www.minoanlife.com\/de\/wp-json\/wp\/v2\/product_brand?post=8821"},{"taxonomy":"product_cat","embeddable":true,"href":"https:\/\/www.minoanlife.com\/de\/wp-json\/wp\/v2\/product_cat?post=8821"},{"taxonomy":"product_tag","embeddable":true,"href":"https:\/\/www.minoanlife.com\/de\/wp-json\/wp\/v2\/product_tag?post=8821"}],"curies":[{"name":"wp","href":"https:\/\/api.w.org\/{rel}","templated":true}]}}