{"id":8805,"date":"2014-05-22T14:00:38","date_gmt":"2014-05-23T08:02:55","guid":{"rendered":"http:\/\/www.minoanlife.com\/?post_type=product&#038;p=8805"},"modified":"2024-10-05T18:59:44","modified_gmt":"2024-10-05T18:59:44","slug":"nachtscreme","status":"publish","type":"product","link":"https:\/\/www.minoanlife.com\/de\/eshop\/nachtscreme\/","title":{"rendered":"Nachtscreme mit Olive, Diptam &amp; Amaranth"},"content":{"rendered":"<p>Die Nachtcreme mit Diptam und Amaranth enth\u00e4lt eine Kombination aus Sheabutter und Oliven\u00f6l, die die Haut tief n\u00e4hren und befeuchten. Weiterhin die unverseifbaren Zutaten des Avocado \u00d6l reduzieren effektiv den transdermalen Feuchtigkeitsverlust und in Kombination mit dem Oliven\u00f6l tragen sie zur weichen und gesunden Haut bei. Der feuchtigkeitsspendende Faktor von Johannisbrot als pflanzliches Analog der Hyalurons\u00e4ure bildet auf der Haut einen Schutzfilm, w\u00e4hrend Aloe-Saft die feuchtigkeitsspendende Wirkung des Produkts vervollst\u00e4ndigt. Die Diptam- und Amaranthextrakten bieten antioxidativen Schutz an.<\/p>\n<p><strong>Anwendung :<\/strong>\u00a0Tragen Sie die Creme abends mit kreisenden Bewegungen auf die Haut von Gesicht und Hals auf, bis sie absorbiert wird.<\/p>\n","protected":false},"excerpt":{"rendered":"<p>Olive, Diptam &amp; Amaranth<\/p>\n","protected":false},"featured_media":23659,"comment_status":"open","ping_status":"closed","template":"","meta":[],"product_brand":[],"product_cat":[880],"product_tag":[1736],"class_list":{"0":"post-8805","1":"product","2":"type-product","3":"status-publish","4":"has-post-thumbnail","6":"product_cat-gesichtspflege","7":"product_tag-produkte_in_reisegroesse","8":"brand-olive-beauty-medi-care-brand-de","10":"first","11":"instock","12":"taxable","13":"shipping-taxable","14":"purchasable","15":"product-type-variable","16":"has-default-attributes"},"yoast_head":"<!-- This site is optimized with the Yoast SEO plugin v27.2 - https:\/\/yoast.com\/product\/yoast-seo-wordpress\/ -->\n<title>Nachtscreme mit Olive, Diptam &amp; Amaranth | Minoan Life<\/title>\n<meta name=\"description\" content=\"Die Nachtcreme mit Diptam und Amaranth enth\u00e4lt eine Kombination aus Sheabutter und Oliven\u00f6l, die Haut tief n\u00e4hren und befeuchten. Dermatologisch getestet.\" \/>\n<meta name=\"robots\" content=\"index, follow, max-snippet:-1, max-image-preview:large, max-video-preview:-1\" \/>\n<link rel=\"canonical\" href=\"https:\/\/www.minoanlife.com\/de\/eshop\/nachtscreme\/\" \/>\n<meta property=\"og:locale\" content=\"de_DE\" \/>\n<meta property=\"og:type\" content=\"article\" \/>\n<meta property=\"og:title\" content=\"Nachtscreme mit Olive, Diptam &amp; Amaranth | Minoan Life\" \/>\n<meta property=\"og:description\" content=\"Die Nachtcreme mit Diptam und Amaranth enth\u00e4lt eine Kombination aus Sheabutter und Oliven\u00f6l, die Haut tief n\u00e4hren und befeuchten. Dermatologisch getestet.\" \/>\n<meta property=\"og:url\" content=\"https:\/\/www.minoanlife.com\/de\/eshop\/nachtscreme\/\" \/>\n<meta property=\"og:site_name\" content=\"Minoan Life\" \/>\n<meta property=\"article:modified_time\" content=\"2024-10-05T18:59:44+00:00\" \/>\n<meta property=\"og:image\" content=\"https:\/\/www.minoanlife.com\/wp-content\/uploads\/night_cream_minoanlife.jpg\" \/>\n\t<meta property=\"og:image:width\" content=\"600\" \/>\n\t<meta property=\"og:image:height\" content=\"600\" \/>\n\t<meta property=\"og:image:type\" content=\"image\/jpeg\" \/>\n<meta name=\"twitter:label1\" content=\"Gesch\u00e4tzte Lesezeit\" \/>\n\t<meta name=\"twitter:data1\" content=\"1\u00a0Minute\" \/>\n<script type=\"application\/ld+json\" class=\"yoast-schema-graph\">{\"@context\":\"https:\/\/schema.org\",\"@graph\":[{\"@type\":\"WebPage\",\"@id\":\"https:\/\/www.minoanlife.com\/de\/eshop\/nachtscreme\/\",\"url\":\"https:\/\/www.minoanlife.com\/de\/eshop\/nachtscreme\/\",\"name\":\"Nachtscreme mit Olive, Diptam &amp; Amaranth | Minoan Life\",\"isPartOf\":{\"@id\":\"https:\/\/www.minoanlife.com\/de\/#website\"},\"primaryImageOfPage\":{\"@id\":\"https:\/\/www.minoanlife.com\/de\/eshop\/nachtscreme\/#primaryimage\"},\"image\":{\"@id\":\"https:\/\/www.minoanlife.com\/de\/eshop\/nachtscreme\/#primaryimage\"},\"thumbnailUrl\":\"https:\/\/www.minoanlife.com\/wp-content\/uploads\/night_cream_minoanlife.jpg\",\"datePublished\":\"2014-05-23T08:02:55+00:00\",\"dateModified\":\"2024-10-05T18:59:44+00:00\",\"description\":\"Die Nachtcreme mit Diptam und Amaranth enth\u00e4lt eine Kombination aus Sheabutter und Oliven\u00f6l, die Haut tief n\u00e4hren und befeuchten. Dermatologisch getestet.\",\"breadcrumb\":{\"@id\":\"https:\/\/www.minoanlife.com\/de\/eshop\/nachtscreme\/#breadcrumb\"},\"inLanguage\":\"de\",\"potentialAction\":[{\"@type\":\"ReadAction\",\"target\":[\"https:\/\/www.minoanlife.com\/de\/eshop\/nachtscreme\/\"]}]},{\"@type\":\"ImageObject\",\"inLanguage\":\"de\",\"@id\":\"https:\/\/www.minoanlife.com\/de\/eshop\/nachtscreme\/#primaryimage\",\"url\":\"https:\/\/www.minoanlife.com\/wp-content\/uploads\/night_cream_minoanlife.jpg\",\"contentUrl\":\"https:\/\/www.minoanlife.com\/wp-content\/uploads\/night_cream_minoanlife.jpg\",\"width\":600,\"height\":600,\"caption\":\"night_cream_minoanlife\"},{\"@type\":\"BreadcrumbList\",\"@id\":\"https:\/\/www.minoanlife.com\/de\/eshop\/nachtscreme\/#breadcrumb\",\"itemListElement\":[{\"@type\":\"ListItem\",\"position\":1,\"name\":\"Home\",\"item\":\"https:\/\/www.minoanlife.com\/de\/\"},{\"@type\":\"ListItem\",\"position\":2,\"name\":\"Eshop\",\"item\":\"https:\/\/www.minoanlife.com\/de\/eshop\/\"},{\"@type\":\"ListItem\",\"position\":3,\"name\":\"Nachtscreme mit Olive, Diptam &amp; Amaranth\"}]},{\"@type\":\"WebSite\",\"@id\":\"https:\/\/www.minoanlife.com\/de\/#website\",\"url\":\"https:\/\/www.minoanlife.com\/de\/\",\"name\":\"Minoan Life\",\"description\":\"\",\"potentialAction\":[{\"@type\":\"SearchAction\",\"target\":{\"@type\":\"EntryPoint\",\"urlTemplate\":\"https:\/\/www.minoanlife.com\/de\/?s={search_term_string}\"},\"query-input\":{\"@type\":\"PropertyValueSpecification\",\"valueRequired\":true,\"valueName\":\"search_term_string\"}}],\"inLanguage\":\"de\"}]}<\/script>\n<!-- \/ Yoast SEO plugin. -->","yoast_head_json":{"title":"Nachtscreme mit Olive, Diptam &amp; Amaranth | Minoan Life","description":"Die Nachtcreme mit Diptam und Amaranth enth\u00e4lt eine Kombination aus Sheabutter und Oliven\u00f6l, die Haut tief n\u00e4hren und befeuchten. Dermatologisch getestet.","robots":{"index":"index","follow":"follow","max-snippet":"max-snippet:-1","max-image-preview":"max-image-preview:large","max-video-preview":"max-video-preview:-1"},"canonical":"https:\/\/www.minoanlife.com\/de\/eshop\/nachtscreme\/","og_locale":"de_DE","og_type":"article","og_title":"Nachtscreme mit Olive, Diptam &amp; Amaranth | Minoan Life","og_description":"Die Nachtcreme mit Diptam und Amaranth enth\u00e4lt eine Kombination aus Sheabutter und Oliven\u00f6l, die Haut tief n\u00e4hren und befeuchten. Dermatologisch getestet.","og_url":"https:\/\/www.minoanlife.com\/de\/eshop\/nachtscreme\/","og_site_name":"Minoan Life","article_modified_time":"2024-10-05T18:59:44+00:00","og_image":[{"width":600,"height":600,"url":"https:\/\/www.minoanlife.com\/wp-content\/uploads\/night_cream_minoanlife.jpg","type":"image\/jpeg"}],"twitter_misc":{"Gesch\u00e4tzte Lesezeit":"1\u00a0Minute"},"schema":{"@context":"https:\/\/schema.org","@graph":[{"@type":"WebPage","@id":"https:\/\/www.minoanlife.com\/de\/eshop\/nachtscreme\/","url":"https:\/\/www.minoanlife.com\/de\/eshop\/nachtscreme\/","name":"Nachtscreme mit Olive, Diptam &amp; Amaranth | Minoan Life","isPartOf":{"@id":"https:\/\/www.minoanlife.com\/de\/#website"},"primaryImageOfPage":{"@id":"https:\/\/www.minoanlife.com\/de\/eshop\/nachtscreme\/#primaryimage"},"image":{"@id":"https:\/\/www.minoanlife.com\/de\/eshop\/nachtscreme\/#primaryimage"},"thumbnailUrl":"https:\/\/www.minoanlife.com\/wp-content\/uploads\/night_cream_minoanlife.jpg","datePublished":"2014-05-23T08:02:55+00:00","dateModified":"2024-10-05T18:59:44+00:00","description":"Die Nachtcreme mit Diptam und Amaranth enth\u00e4lt eine Kombination aus Sheabutter und Oliven\u00f6l, die Haut tief n\u00e4hren und befeuchten. Dermatologisch getestet.","breadcrumb":{"@id":"https:\/\/www.minoanlife.com\/de\/eshop\/nachtscreme\/#breadcrumb"},"inLanguage":"de","potentialAction":[{"@type":"ReadAction","target":["https:\/\/www.minoanlife.com\/de\/eshop\/nachtscreme\/"]}]},{"@type":"ImageObject","inLanguage":"de","@id":"https:\/\/www.minoanlife.com\/de\/eshop\/nachtscreme\/#primaryimage","url":"https:\/\/www.minoanlife.com\/wp-content\/uploads\/night_cream_minoanlife.jpg","contentUrl":"https:\/\/www.minoanlife.com\/wp-content\/uploads\/night_cream_minoanlife.jpg","width":600,"height":600,"caption":"night_cream_minoanlife"},{"@type":"BreadcrumbList","@id":"https:\/\/www.minoanlife.com\/de\/eshop\/nachtscreme\/#breadcrumb","itemListElement":[{"@type":"ListItem","position":1,"name":"Home","item":"https:\/\/www.minoanlife.com\/de\/"},{"@type":"ListItem","position":2,"name":"Eshop","item":"https:\/\/www.minoanlife.com\/de\/eshop\/"},{"@type":"ListItem","position":3,"name":"Nachtscreme mit Olive, Diptam &amp; Amaranth"}]},{"@type":"WebSite","@id":"https:\/\/www.minoanlife.com\/de\/#website","url":"https:\/\/www.minoanlife.com\/de\/","name":"Minoan Life","description":"","potentialAction":[{"@type":"SearchAction","target":{"@type":"EntryPoint","urlTemplate":"https:\/\/www.minoanlife.com\/de\/?s={search_term_string}"},"query-input":{"@type":"PropertyValueSpecification","valueRequired":true,"valueName":"search_term_string"}}],"inLanguage":"de"}]}},"_links":{"self":[{"href":"https:\/\/www.minoanlife.com\/de\/wp-json\/wp\/v2\/product\/8805","targetHints":{"allow":["GET"]}}],"collection":[{"href":"https:\/\/www.minoanlife.com\/de\/wp-json\/wp\/v2\/product"}],"about":[{"href":"https:\/\/www.minoanlife.com\/de\/wp-json\/wp\/v2\/types\/product"}],"replies":[{"embeddable":true,"href":"https:\/\/www.minoanlife.com\/de\/wp-json\/wp\/v2\/comments?post=8805"}],"wp:featuredmedia":[{"embeddable":true,"href":"https:\/\/www.minoanlife.com\/de\/wp-json\/wp\/v2\/media\/23659"}],"wp:attachment":[{"href":"https:\/\/www.minoanlife.com\/de\/wp-json\/wp\/v2\/media?parent=8805"}],"wp:term":[{"taxonomy":"product_brand","embeddable":true,"href":"https:\/\/www.minoanlife.com\/de\/wp-json\/wp\/v2\/product_brand?post=8805"},{"taxonomy":"product_cat","embeddable":true,"href":"https:\/\/www.minoanlife.com\/de\/wp-json\/wp\/v2\/product_cat?post=8805"},{"taxonomy":"product_tag","embeddable":true,"href":"https:\/\/www.minoanlife.com\/de\/wp-json\/wp\/v2\/product_tag?post=8805"}],"curies":[{"name":"wp","href":"https:\/\/api.w.org\/{rel}","templated":true}]}}