{"id":8803,"date":"2014-05-22T14:03:40","date_gmt":"2014-05-23T07:59:27","guid":{"rendered":"http:\/\/www.minoanlife.com\/?post_type=product&#038;p=8803"},"modified":"2021-02-15T10:39:06","modified_gmt":"2021-02-15T10:39:06","slug":"haar-mask","status":"publish","type":"product","link":"https:\/\/www.minoanlife.com\/de\/eshop\/haar-mask\/","title":{"rendered":"Haar Mask mit Olive &amp; Amaranth"},"content":{"rendered":"<p>Die Haarmaske mit Amaranth enth\u00e4lt Weichmachermitteln aus Kartoffelst\u00e4rke, die zum leichten Haarenentwirren beitr\u00e4gt und den Haaren weiche Textur schenkt. Weiterhin enth\u00e4lt sie Soja Phospholipide, die zur Vermeidung der statischen Elektrizit\u00e4t der Haare beitragen und verleihen der Kopfhaut Feuchtigkeit und Schutz. Die Kombination aus Oliven\u00f6l und Avocado mit Unverseifbaren Bestandteile bieten den Haaren Glanz und Weichheit an. Die Reis-Proteine gemeinsam mit Aloe-Saft und Amaranth, bieten Flexibilit\u00e4t und antioxidativen Schutz an.<\/p>\n","protected":false},"excerpt":{"rendered":"<p>Olive &amp; Amaranth<\/p>\n","protected":false},"featured_media":23937,"comment_status":"open","ping_status":"closed","template":"","meta":[],"product_brand":[],"product_cat":[884],"product_tag":[],"class_list":{"0":"post-8803","1":"product","2":"type-product","3":"status-publish","4":"has-post-thumbnail","6":"product_cat-haarpflege","7":"brand-olive-beauty-medi-care-brand-de","9":"first","10":"instock","11":"taxable","12":"shipping-taxable","13":"purchasable","14":"product-type-simple"},"yoast_head":"<!-- This site is optimized with the Yoast SEO plugin v27.2 - https:\/\/yoast.com\/product\/yoast-seo-wordpress\/ -->\n<title>Haar Mask mit Olive &amp; Amaranth | Minoan Life<\/title>\n<meta name=\"description\" content=\"Die Haarmaske mit Amaranth enth\u00e4lt Weichmachermitteln aus Kartoffelst\u00e4rke, die zum leichten Haarenentwirren beitr\u00e4gt und den Haaren weiche Textur schenkt.\" \/>\n<meta name=\"robots\" content=\"index, follow, max-snippet:-1, max-image-preview:large, max-video-preview:-1\" \/>\n<link rel=\"canonical\" href=\"https:\/\/www.minoanlife.com\/de\/eshop\/haar-mask\/\" \/>\n<meta property=\"og:locale\" content=\"de_DE\" \/>\n<meta property=\"og:type\" content=\"article\" \/>\n<meta property=\"og:title\" content=\"Haar Mask mit Olive &amp; Amaranth | Minoan Life\" \/>\n<meta property=\"og:description\" content=\"Die Haarmaske mit Amaranth enth\u00e4lt Weichmachermitteln aus Kartoffelst\u00e4rke, die zum leichten Haarenentwirren beitr\u00e4gt und den Haaren weiche Textur schenkt.\" \/>\n<meta property=\"og:url\" content=\"https:\/\/www.minoanlife.com\/de\/eshop\/haar-mask\/\" \/>\n<meta property=\"og:site_name\" content=\"Minoan Life\" \/>\n<meta property=\"article:modified_time\" content=\"2021-02-15T10:39:06+00:00\" \/>\n<meta property=\"og:image\" content=\"https:\/\/www.minoanlife.com\/wp-content\/uploads\/hair_mask_minoanlife.jpg\" \/>\n\t<meta property=\"og:image:width\" content=\"600\" \/>\n\t<meta property=\"og:image:height\" content=\"600\" \/>\n\t<meta property=\"og:image:type\" content=\"image\/jpeg\" \/>\n<script type=\"application\/ld+json\" class=\"yoast-schema-graph\">{\"@context\":\"https:\/\/schema.org\",\"@graph\":[{\"@type\":\"WebPage\",\"@id\":\"https:\/\/www.minoanlife.com\/de\/eshop\/haar-mask\/\",\"url\":\"https:\/\/www.minoanlife.com\/de\/eshop\/haar-mask\/\",\"name\":\"Haar Mask mit Olive &amp; Amaranth | Minoan Life\",\"isPartOf\":{\"@id\":\"https:\/\/www.minoanlife.com\/de\/#website\"},\"primaryImageOfPage\":{\"@id\":\"https:\/\/www.minoanlife.com\/de\/eshop\/haar-mask\/#primaryimage\"},\"image\":{\"@id\":\"https:\/\/www.minoanlife.com\/de\/eshop\/haar-mask\/#primaryimage\"},\"thumbnailUrl\":\"https:\/\/www.minoanlife.com\/wp-content\/uploads\/hair_mask_minoanlife.jpg\",\"datePublished\":\"2014-05-23T07:59:27+00:00\",\"dateModified\":\"2021-02-15T10:39:06+00:00\",\"description\":\"Die Haarmaske mit Amaranth enth\u00e4lt Weichmachermitteln aus Kartoffelst\u00e4rke, die zum leichten Haarenentwirren beitr\u00e4gt und den Haaren weiche Textur schenkt.\",\"breadcrumb\":{\"@id\":\"https:\/\/www.minoanlife.com\/de\/eshop\/haar-mask\/#breadcrumb\"},\"inLanguage\":\"de\",\"potentialAction\":[{\"@type\":\"ReadAction\",\"target\":[\"https:\/\/www.minoanlife.com\/de\/eshop\/haar-mask\/\"]}]},{\"@type\":\"ImageObject\",\"inLanguage\":\"de\",\"@id\":\"https:\/\/www.minoanlife.com\/de\/eshop\/haar-mask\/#primaryimage\",\"url\":\"https:\/\/www.minoanlife.com\/wp-content\/uploads\/hair_mask_minoanlife.jpg\",\"contentUrl\":\"https:\/\/www.minoanlife.com\/wp-content\/uploads\/hair_mask_minoanlife.jpg\",\"width\":600,\"height\":600,\"caption\":\"hair_mask_minoanlife\"},{\"@type\":\"BreadcrumbList\",\"@id\":\"https:\/\/www.minoanlife.com\/de\/eshop\/haar-mask\/#breadcrumb\",\"itemListElement\":[{\"@type\":\"ListItem\",\"position\":1,\"name\":\"Home\",\"item\":\"https:\/\/www.minoanlife.com\/de\/\"},{\"@type\":\"ListItem\",\"position\":2,\"name\":\"Eshop\",\"item\":\"https:\/\/www.minoanlife.com\/de\/eshop\/\"},{\"@type\":\"ListItem\",\"position\":3,\"name\":\"Haar Mask mit Olive &amp; Amaranth\"}]},{\"@type\":\"WebSite\",\"@id\":\"https:\/\/www.minoanlife.com\/de\/#website\",\"url\":\"https:\/\/www.minoanlife.com\/de\/\",\"name\":\"Minoan Life\",\"description\":\"\",\"potentialAction\":[{\"@type\":\"SearchAction\",\"target\":{\"@type\":\"EntryPoint\",\"urlTemplate\":\"https:\/\/www.minoanlife.com\/de\/?s={search_term_string}\"},\"query-input\":{\"@type\":\"PropertyValueSpecification\",\"valueRequired\":true,\"valueName\":\"search_term_string\"}}],\"inLanguage\":\"de\"}]}<\/script>\n<!-- \/ Yoast SEO plugin. -->","yoast_head_json":{"title":"Haar Mask mit Olive &amp; Amaranth | Minoan Life","description":"Die Haarmaske mit Amaranth enth\u00e4lt Weichmachermitteln aus Kartoffelst\u00e4rke, die zum leichten Haarenentwirren beitr\u00e4gt und den Haaren weiche Textur schenkt.","robots":{"index":"index","follow":"follow","max-snippet":"max-snippet:-1","max-image-preview":"max-image-preview:large","max-video-preview":"max-video-preview:-1"},"canonical":"https:\/\/www.minoanlife.com\/de\/eshop\/haar-mask\/","og_locale":"de_DE","og_type":"article","og_title":"Haar Mask mit Olive &amp; Amaranth | Minoan Life","og_description":"Die Haarmaske mit Amaranth enth\u00e4lt Weichmachermitteln aus Kartoffelst\u00e4rke, die zum leichten Haarenentwirren beitr\u00e4gt und den Haaren weiche Textur schenkt.","og_url":"https:\/\/www.minoanlife.com\/de\/eshop\/haar-mask\/","og_site_name":"Minoan Life","article_modified_time":"2021-02-15T10:39:06+00:00","og_image":[{"width":600,"height":600,"url":"https:\/\/www.minoanlife.com\/wp-content\/uploads\/hair_mask_minoanlife.jpg","type":"image\/jpeg"}],"schema":{"@context":"https:\/\/schema.org","@graph":[{"@type":"WebPage","@id":"https:\/\/www.minoanlife.com\/de\/eshop\/haar-mask\/","url":"https:\/\/www.minoanlife.com\/de\/eshop\/haar-mask\/","name":"Haar Mask mit Olive &amp; Amaranth | Minoan Life","isPartOf":{"@id":"https:\/\/www.minoanlife.com\/de\/#website"},"primaryImageOfPage":{"@id":"https:\/\/www.minoanlife.com\/de\/eshop\/haar-mask\/#primaryimage"},"image":{"@id":"https:\/\/www.minoanlife.com\/de\/eshop\/haar-mask\/#primaryimage"},"thumbnailUrl":"https:\/\/www.minoanlife.com\/wp-content\/uploads\/hair_mask_minoanlife.jpg","datePublished":"2014-05-23T07:59:27+00:00","dateModified":"2021-02-15T10:39:06+00:00","description":"Die Haarmaske mit Amaranth enth\u00e4lt Weichmachermitteln aus Kartoffelst\u00e4rke, die zum leichten Haarenentwirren beitr\u00e4gt und den Haaren weiche Textur schenkt.","breadcrumb":{"@id":"https:\/\/www.minoanlife.com\/de\/eshop\/haar-mask\/#breadcrumb"},"inLanguage":"de","potentialAction":[{"@type":"ReadAction","target":["https:\/\/www.minoanlife.com\/de\/eshop\/haar-mask\/"]}]},{"@type":"ImageObject","inLanguage":"de","@id":"https:\/\/www.minoanlife.com\/de\/eshop\/haar-mask\/#primaryimage","url":"https:\/\/www.minoanlife.com\/wp-content\/uploads\/hair_mask_minoanlife.jpg","contentUrl":"https:\/\/www.minoanlife.com\/wp-content\/uploads\/hair_mask_minoanlife.jpg","width":600,"height":600,"caption":"hair_mask_minoanlife"},{"@type":"BreadcrumbList","@id":"https:\/\/www.minoanlife.com\/de\/eshop\/haar-mask\/#breadcrumb","itemListElement":[{"@type":"ListItem","position":1,"name":"Home","item":"https:\/\/www.minoanlife.com\/de\/"},{"@type":"ListItem","position":2,"name":"Eshop","item":"https:\/\/www.minoanlife.com\/de\/eshop\/"},{"@type":"ListItem","position":3,"name":"Haar Mask mit Olive &amp; Amaranth"}]},{"@type":"WebSite","@id":"https:\/\/www.minoanlife.com\/de\/#website","url":"https:\/\/www.minoanlife.com\/de\/","name":"Minoan Life","description":"","potentialAction":[{"@type":"SearchAction","target":{"@type":"EntryPoint","urlTemplate":"https:\/\/www.minoanlife.com\/de\/?s={search_term_string}"},"query-input":{"@type":"PropertyValueSpecification","valueRequired":true,"valueName":"search_term_string"}}],"inLanguage":"de"}]}},"_links":{"self":[{"href":"https:\/\/www.minoanlife.com\/de\/wp-json\/wp\/v2\/product\/8803","targetHints":{"allow":["GET"]}}],"collection":[{"href":"https:\/\/www.minoanlife.com\/de\/wp-json\/wp\/v2\/product"}],"about":[{"href":"https:\/\/www.minoanlife.com\/de\/wp-json\/wp\/v2\/types\/product"}],"replies":[{"embeddable":true,"href":"https:\/\/www.minoanlife.com\/de\/wp-json\/wp\/v2\/comments?post=8803"}],"wp:featuredmedia":[{"embeddable":true,"href":"https:\/\/www.minoanlife.com\/de\/wp-json\/wp\/v2\/media\/23937"}],"wp:attachment":[{"href":"https:\/\/www.minoanlife.com\/de\/wp-json\/wp\/v2\/media?parent=8803"}],"wp:term":[{"taxonomy":"product_brand","embeddable":true,"href":"https:\/\/www.minoanlife.com\/de\/wp-json\/wp\/v2\/product_brand?post=8803"},{"taxonomy":"product_cat","embeddable":true,"href":"https:\/\/www.minoanlife.com\/de\/wp-json\/wp\/v2\/product_cat?post=8803"},{"taxonomy":"product_tag","embeddable":true,"href":"https:\/\/www.minoanlife.com\/de\/wp-json\/wp\/v2\/product_tag?post=8803"}],"curies":[{"name":"wp","href":"https:\/\/api.w.org\/{rel}","templated":true}]}}