{"id":8790,"date":"2014-05-22T14:08:37","date_gmt":"2014-05-23T07:28:30","guid":{"rendered":"http:\/\/www.minoanlife.com\/?post_type=product&#038;p=8790"},"modified":"2021-02-15T08:20:10","modified_gmt":"2021-02-15T08:20:10","slug":"korpermilch-olive-aloe-diptam-fenchel","status":"publish","type":"product","link":"https:\/\/www.minoanlife.com\/de\/eshop\/korpermilch-olive-aloe-diptam-fenchel\/","title":{"rendered":"K\u00f6rpermilch &#8211; Olive, Aloe, Diptam &amp; Fenchel"},"content":{"rendered":"<p>Die Bodylotion mit Fenchel und Diptam enth\u00e4lt pflanzliche Butter und \u00d6le, die die Haut befeuchten und n\u00e4hren. Das Trauben Kern\u00f6l bietet starken antioxidativen Schutz gegen t\u00e4gliche Hautbelastungen aus der Umwelt. Oliven\u00f6l in Kombination mit Avocado-\u00d6l und Sheabutter sch\u00fctzen und pflegen die Haut vor Trockenheit, ohne ein fettiges und unangenehmes Gef\u00fchl zu hinterlassen. Schlie\u00dflich die Aloe-Saft in Kombination mit Fenchel und Diptamextrakten, verleiht den ganzen Tag Feuchtigkeit und ein frisches Gef\u00fchl.<\/p>\n<p><strong>Anwendungsweise :<\/strong>\u00a0Tragen Sie eine Menge auf den ganzen K\u00f6rper auf und massieren Sie sanft ein, bis sie vollst\u00e4ndig absorbiert wird. Im Idealfall nach dem Baden zu verwenden.<\/p>\n","protected":false},"excerpt":{"rendered":"<p>Olive, Aloe, Diptam &amp; Fenchel<\/p>\n","protected":false},"featured_media":24046,"comment_status":"open","ping_status":"closed","template":"","meta":[],"product_brand":[],"product_cat":[877],"product_tag":[1736],"class_list":{"0":"post-8790","1":"product","2":"type-product","3":"status-publish","4":"has-post-thumbnail","6":"product_cat-koerperpflege","7":"product_tag-produkte_in_reisegroesse","8":"brand-olive-beauty-medi-care-brand-de","10":"first","11":"instock","12":"featured","13":"taxable","14":"shipping-taxable","15":"purchasable","16":"product-type-variable","17":"has-default-attributes"},"yoast_head":"<!-- This site is optimized with the Yoast SEO plugin v27.2 - https:\/\/yoast.com\/product\/yoast-seo-wordpress\/ -->\n<title>K\u00f6rpermilch - Olive, Aloe, Diptam &amp; Fenchel | Minoan Life<\/title>\n<meta name=\"description\" content=\"Die Bodylotion mit Fenchel und Diptam enth\u00e4lt pflanzliche Butter und \u00d6le, die die Haut befeuchten und n\u00e4hren. Dermatologisch getestet.\" \/>\n<meta name=\"robots\" content=\"index, follow, max-snippet:-1, max-image-preview:large, max-video-preview:-1\" \/>\n<link rel=\"canonical\" href=\"https:\/\/www.minoanlife.com\/de\/eshop\/korpermilch-olive-aloe-diptam-fenchel\/\" \/>\n<meta property=\"og:locale\" content=\"de_DE\" \/>\n<meta property=\"og:type\" content=\"article\" \/>\n<meta property=\"og:title\" content=\"K\u00f6rpermilch - Olive, Aloe, Diptam &amp; Fenchel | Minoan Life\" \/>\n<meta property=\"og:description\" content=\"Die Bodylotion mit Fenchel und Diptam enth\u00e4lt pflanzliche Butter und \u00d6le, die die Haut befeuchten und n\u00e4hren. Dermatologisch getestet.\" \/>\n<meta property=\"og:url\" content=\"https:\/\/www.minoanlife.com\/de\/eshop\/korpermilch-olive-aloe-diptam-fenchel\/\" \/>\n<meta property=\"og:site_name\" content=\"Minoan Life\" \/>\n<meta property=\"article:modified_time\" content=\"2021-02-15T08:20:10+00:00\" \/>\n<meta property=\"og:image\" content=\"https:\/\/www.minoanlife.com\/wp-content\/uploads\/body_milk_with_olive_and_aloe_minoanlife.jpg\" \/>\n\t<meta property=\"og:image:width\" content=\"600\" \/>\n\t<meta property=\"og:image:height\" content=\"600\" \/>\n\t<meta property=\"og:image:type\" content=\"image\/jpeg\" \/>\n<meta name=\"twitter:label1\" content=\"Gesch\u00e4tzte Lesezeit\" \/>\n\t<meta name=\"twitter:data1\" content=\"1\u00a0Minute\" \/>\n<script type=\"application\/ld+json\" class=\"yoast-schema-graph\">{\"@context\":\"https:\/\/schema.org\",\"@graph\":[{\"@type\":\"WebPage\",\"@id\":\"https:\/\/www.minoanlife.com\/de\/eshop\/korpermilch-olive-aloe-diptam-fenchel\/\",\"url\":\"https:\/\/www.minoanlife.com\/de\/eshop\/korpermilch-olive-aloe-diptam-fenchel\/\",\"name\":\"K\u00f6rpermilch - Olive, Aloe, Diptam &amp; Fenchel | Minoan Life\",\"isPartOf\":{\"@id\":\"https:\/\/www.minoanlife.com\/de\/#website\"},\"primaryImageOfPage\":{\"@id\":\"https:\/\/www.minoanlife.com\/de\/eshop\/korpermilch-olive-aloe-diptam-fenchel\/#primaryimage\"},\"image\":{\"@id\":\"https:\/\/www.minoanlife.com\/de\/eshop\/korpermilch-olive-aloe-diptam-fenchel\/#primaryimage\"},\"thumbnailUrl\":\"https:\/\/www.minoanlife.com\/wp-content\/uploads\/body_milk_with_olive_and_aloe_minoanlife.jpg\",\"datePublished\":\"2014-05-23T07:28:30+00:00\",\"dateModified\":\"2021-02-15T08:20:10+00:00\",\"description\":\"Die Bodylotion mit Fenchel und Diptam enth\u00e4lt pflanzliche Butter und \u00d6le, die die Haut befeuchten und n\u00e4hren. Dermatologisch getestet.\",\"breadcrumb\":{\"@id\":\"https:\/\/www.minoanlife.com\/de\/eshop\/korpermilch-olive-aloe-diptam-fenchel\/#breadcrumb\"},\"inLanguage\":\"de\",\"potentialAction\":[{\"@type\":\"ReadAction\",\"target\":[\"https:\/\/www.minoanlife.com\/de\/eshop\/korpermilch-olive-aloe-diptam-fenchel\/\"]}]},{\"@type\":\"ImageObject\",\"inLanguage\":\"de\",\"@id\":\"https:\/\/www.minoanlife.com\/de\/eshop\/korpermilch-olive-aloe-diptam-fenchel\/#primaryimage\",\"url\":\"https:\/\/www.minoanlife.com\/wp-content\/uploads\/body_milk_with_olive_and_aloe_minoanlife.jpg\",\"contentUrl\":\"https:\/\/www.minoanlife.com\/wp-content\/uploads\/body_milk_with_olive_and_aloe_minoanlife.jpg\",\"width\":600,\"height\":600,\"caption\":\"body_milk_with_olive_and_aloe_minoanlife\"},{\"@type\":\"BreadcrumbList\",\"@id\":\"https:\/\/www.minoanlife.com\/de\/eshop\/korpermilch-olive-aloe-diptam-fenchel\/#breadcrumb\",\"itemListElement\":[{\"@type\":\"ListItem\",\"position\":1,\"name\":\"Home\",\"item\":\"https:\/\/www.minoanlife.com\/de\/\"},{\"@type\":\"ListItem\",\"position\":2,\"name\":\"Eshop\",\"item\":\"https:\/\/www.minoanlife.com\/de\/eshop\/\"},{\"@type\":\"ListItem\",\"position\":3,\"name\":\"K\u00f6rpermilch &#8211; Olive, Aloe, Diptam &amp; Fenchel\"}]},{\"@type\":\"WebSite\",\"@id\":\"https:\/\/www.minoanlife.com\/de\/#website\",\"url\":\"https:\/\/www.minoanlife.com\/de\/\",\"name\":\"Minoan Life\",\"description\":\"\",\"potentialAction\":[{\"@type\":\"SearchAction\",\"target\":{\"@type\":\"EntryPoint\",\"urlTemplate\":\"https:\/\/www.minoanlife.com\/de\/?s={search_term_string}\"},\"query-input\":{\"@type\":\"PropertyValueSpecification\",\"valueRequired\":true,\"valueName\":\"search_term_string\"}}],\"inLanguage\":\"de\"}]}<\/script>\n<!-- \/ Yoast SEO plugin. -->","yoast_head_json":{"title":"K\u00f6rpermilch - Olive, Aloe, Diptam &amp; Fenchel | Minoan Life","description":"Die Bodylotion mit Fenchel und Diptam enth\u00e4lt pflanzliche Butter und \u00d6le, die die Haut befeuchten und n\u00e4hren. Dermatologisch getestet.","robots":{"index":"index","follow":"follow","max-snippet":"max-snippet:-1","max-image-preview":"max-image-preview:large","max-video-preview":"max-video-preview:-1"},"canonical":"https:\/\/www.minoanlife.com\/de\/eshop\/korpermilch-olive-aloe-diptam-fenchel\/","og_locale":"de_DE","og_type":"article","og_title":"K\u00f6rpermilch - Olive, Aloe, Diptam &amp; Fenchel | Minoan Life","og_description":"Die Bodylotion mit Fenchel und Diptam enth\u00e4lt pflanzliche Butter und \u00d6le, die die Haut befeuchten und n\u00e4hren. Dermatologisch getestet.","og_url":"https:\/\/www.minoanlife.com\/de\/eshop\/korpermilch-olive-aloe-diptam-fenchel\/","og_site_name":"Minoan Life","article_modified_time":"2021-02-15T08:20:10+00:00","og_image":[{"width":600,"height":600,"url":"https:\/\/www.minoanlife.com\/wp-content\/uploads\/body_milk_with_olive_and_aloe_minoanlife.jpg","type":"image\/jpeg"}],"twitter_misc":{"Gesch\u00e4tzte Lesezeit":"1\u00a0Minute"},"schema":{"@context":"https:\/\/schema.org","@graph":[{"@type":"WebPage","@id":"https:\/\/www.minoanlife.com\/de\/eshop\/korpermilch-olive-aloe-diptam-fenchel\/","url":"https:\/\/www.minoanlife.com\/de\/eshop\/korpermilch-olive-aloe-diptam-fenchel\/","name":"K\u00f6rpermilch - Olive, Aloe, Diptam &amp; Fenchel | Minoan Life","isPartOf":{"@id":"https:\/\/www.minoanlife.com\/de\/#website"},"primaryImageOfPage":{"@id":"https:\/\/www.minoanlife.com\/de\/eshop\/korpermilch-olive-aloe-diptam-fenchel\/#primaryimage"},"image":{"@id":"https:\/\/www.minoanlife.com\/de\/eshop\/korpermilch-olive-aloe-diptam-fenchel\/#primaryimage"},"thumbnailUrl":"https:\/\/www.minoanlife.com\/wp-content\/uploads\/body_milk_with_olive_and_aloe_minoanlife.jpg","datePublished":"2014-05-23T07:28:30+00:00","dateModified":"2021-02-15T08:20:10+00:00","description":"Die Bodylotion mit Fenchel und Diptam enth\u00e4lt pflanzliche Butter und \u00d6le, die die Haut befeuchten und n\u00e4hren. Dermatologisch getestet.","breadcrumb":{"@id":"https:\/\/www.minoanlife.com\/de\/eshop\/korpermilch-olive-aloe-diptam-fenchel\/#breadcrumb"},"inLanguage":"de","potentialAction":[{"@type":"ReadAction","target":["https:\/\/www.minoanlife.com\/de\/eshop\/korpermilch-olive-aloe-diptam-fenchel\/"]}]},{"@type":"ImageObject","inLanguage":"de","@id":"https:\/\/www.minoanlife.com\/de\/eshop\/korpermilch-olive-aloe-diptam-fenchel\/#primaryimage","url":"https:\/\/www.minoanlife.com\/wp-content\/uploads\/body_milk_with_olive_and_aloe_minoanlife.jpg","contentUrl":"https:\/\/www.minoanlife.com\/wp-content\/uploads\/body_milk_with_olive_and_aloe_minoanlife.jpg","width":600,"height":600,"caption":"body_milk_with_olive_and_aloe_minoanlife"},{"@type":"BreadcrumbList","@id":"https:\/\/www.minoanlife.com\/de\/eshop\/korpermilch-olive-aloe-diptam-fenchel\/#breadcrumb","itemListElement":[{"@type":"ListItem","position":1,"name":"Home","item":"https:\/\/www.minoanlife.com\/de\/"},{"@type":"ListItem","position":2,"name":"Eshop","item":"https:\/\/www.minoanlife.com\/de\/eshop\/"},{"@type":"ListItem","position":3,"name":"K\u00f6rpermilch &#8211; Olive, Aloe, Diptam &amp; Fenchel"}]},{"@type":"WebSite","@id":"https:\/\/www.minoanlife.com\/de\/#website","url":"https:\/\/www.minoanlife.com\/de\/","name":"Minoan Life","description":"","potentialAction":[{"@type":"SearchAction","target":{"@type":"EntryPoint","urlTemplate":"https:\/\/www.minoanlife.com\/de\/?s={search_term_string}"},"query-input":{"@type":"PropertyValueSpecification","valueRequired":true,"valueName":"search_term_string"}}],"inLanguage":"de"}]}},"_links":{"self":[{"href":"https:\/\/www.minoanlife.com\/de\/wp-json\/wp\/v2\/product\/8790","targetHints":{"allow":["GET"]}}],"collection":[{"href":"https:\/\/www.minoanlife.com\/de\/wp-json\/wp\/v2\/product"}],"about":[{"href":"https:\/\/www.minoanlife.com\/de\/wp-json\/wp\/v2\/types\/product"}],"replies":[{"embeddable":true,"href":"https:\/\/www.minoanlife.com\/de\/wp-json\/wp\/v2\/comments?post=8790"}],"wp:featuredmedia":[{"embeddable":true,"href":"https:\/\/www.minoanlife.com\/de\/wp-json\/wp\/v2\/media\/24046"}],"wp:attachment":[{"href":"https:\/\/www.minoanlife.com\/de\/wp-json\/wp\/v2\/media?parent=8790"}],"wp:term":[{"taxonomy":"product_brand","embeddable":true,"href":"https:\/\/www.minoanlife.com\/de\/wp-json\/wp\/v2\/product_brand?post=8790"},{"taxonomy":"product_cat","embeddable":true,"href":"https:\/\/www.minoanlife.com\/de\/wp-json\/wp\/v2\/product_cat?post=8790"},{"taxonomy":"product_tag","embeddable":true,"href":"https:\/\/www.minoanlife.com\/de\/wp-json\/wp\/v2\/product_tag?post=8790"}],"curies":[{"name":"wp","href":"https:\/\/api.w.org\/{rel}","templated":true}]}}