{"id":34866,"date":"2020-03-11T13:56:35","date_gmt":"2020-03-11T13:56:35","guid":{"rendered":"https:\/\/www.minoanlife.com\/eshop\/korperlotion\/"},"modified":"2021-02-16T06:53:10","modified_gmt":"2021-02-16T06:53:10","slug":"korperlotion","status":"publish","type":"product","link":"https:\/\/www.minoanlife.com\/de\/eshop\/korperlotion\/","title":{"rendered":"K\u00f6rperlotion mit Bio-Oliven\u00f6l und Granatapfel-Extrakt"},"content":{"rendered":"<p>Sanfte K\u00f6rperlotion mit Bio-Oliven\u00f6l und Granatapfel-Extrakt zur Versorgung der Haut mit Feuchtigkeit, N\u00e4hrstoffen und Pflegestoffen.<\/p>\n<p><strong>Anwendung<\/strong>: Die Lotion t\u00e4glich nach dem Duschen mit sanften Bewegungen auf den ganzen K\u00f6rper verteilen.<\/p>\n","protected":false},"excerpt":{"rendered":"<p>Bio-Oliven\u00f6l und Granatapfel-Extrakt<\/p>\n","protected":false},"featured_media":33826,"comment_status":"open","ping_status":"closed","template":"","meta":[],"product_brand":[],"product_cat":[877],"product_tag":[4621,4687,4688,4622,4631,4632,4634,4635,4636],"class_list":{"0":"post-34866","1":"product","2":"type-product","3":"status-publish","4":"has-post-thumbnail","6":"product_cat-koerperpflege","7":"product_tag-beauty-de","8":"product_tag-body-de","9":"product_tag-body-care-de","10":"product_tag-care-de","11":"product_tag-natural-cosmetics-de","12":"product_tag-olive-de","13":"product_tag-organic-olive-oil-de","14":"product_tag-pomegranate-de","15":"product_tag-pomegranate-extract-de","16":"brand-olive-beauty-medi-care-brand-de","18":"first","19":"instock","20":"taxable","21":"shipping-taxable","22":"purchasable","23":"product-type-simple"},"yoast_head":"<!-- This site is optimized with the Yoast SEO plugin v27.2 - https:\/\/yoast.com\/product\/yoast-seo-wordpress\/ -->\n<title>K\u00f6rperlotion mit Bio-Oliven\u00f6l und Granatapfel-Extrakt | Minoan Life<\/title>\n<meta name=\"description\" content=\"K\u00d6RPERLOTION\" \/>\n<meta name=\"robots\" content=\"index, follow, max-snippet:-1, max-image-preview:large, max-video-preview:-1\" \/>\n<link rel=\"canonical\" href=\"https:\/\/www.minoanlife.com\/de\/eshop\/korperlotion\/\" \/>\n<meta property=\"og:locale\" content=\"de_DE\" \/>\n<meta property=\"og:type\" content=\"article\" \/>\n<meta property=\"og:title\" content=\"K\u00f6rperlotion mit Bio-Oliven\u00f6l und Granatapfel-Extrakt | Minoan Life\" \/>\n<meta property=\"og:description\" content=\"K\u00d6RPERLOTION\" \/>\n<meta property=\"og:url\" content=\"https:\/\/www.minoanlife.com\/de\/eshop\/korperlotion\/\" \/>\n<meta property=\"og:site_name\" content=\"Minoan Life\" \/>\n<meta property=\"article:modified_time\" content=\"2021-02-16T06:53:10+00:00\" \/>\n<meta property=\"og:image\" content=\"https:\/\/www.minoanlife.com\/wp-content\/uploads\/23058-scaled.jpg\" \/>\n\t<meta property=\"og:image:width\" content=\"2560\" \/>\n\t<meta property=\"og:image:height\" content=\"2560\" \/>\n\t<meta property=\"og:image:type\" content=\"image\/jpeg\" \/>\n<script type=\"application\/ld+json\" class=\"yoast-schema-graph\">{\"@context\":\"https:\/\/schema.org\",\"@graph\":[{\"@type\":\"WebPage\",\"@id\":\"https:\/\/www.minoanlife.com\/de\/eshop\/korperlotion\/\",\"url\":\"https:\/\/www.minoanlife.com\/de\/eshop\/korperlotion\/\",\"name\":\"K\u00f6rperlotion mit Bio-Oliven\u00f6l und Granatapfel-Extrakt | Minoan Life\",\"isPartOf\":{\"@id\":\"https:\/\/www.minoanlife.com\/de\/#website\"},\"primaryImageOfPage\":{\"@id\":\"https:\/\/www.minoanlife.com\/de\/eshop\/korperlotion\/#primaryimage\"},\"image\":{\"@id\":\"https:\/\/www.minoanlife.com\/de\/eshop\/korperlotion\/#primaryimage\"},\"thumbnailUrl\":\"https:\/\/www.minoanlife.com\/wp-content\/uploads\/23058-scaled.jpg\",\"datePublished\":\"2020-03-11T13:56:35+00:00\",\"dateModified\":\"2021-02-16T06:53:10+00:00\",\"description\":\"K\u00d6RPERLOTION\",\"breadcrumb\":{\"@id\":\"https:\/\/www.minoanlife.com\/de\/eshop\/korperlotion\/#breadcrumb\"},\"inLanguage\":\"de\",\"potentialAction\":[{\"@type\":\"ReadAction\",\"target\":[\"https:\/\/www.minoanlife.com\/de\/eshop\/korperlotion\/\"]}]},{\"@type\":\"ImageObject\",\"inLanguage\":\"de\",\"@id\":\"https:\/\/www.minoanlife.com\/de\/eshop\/korperlotion\/#primaryimage\",\"url\":\"https:\/\/www.minoanlife.com\/wp-content\/uploads\/23058-scaled.jpg\",\"contentUrl\":\"https:\/\/www.minoanlife.com\/wp-content\/uploads\/23058-scaled.jpg\",\"width\":2560,\"height\":2560},{\"@type\":\"BreadcrumbList\",\"@id\":\"https:\/\/www.minoanlife.com\/de\/eshop\/korperlotion\/#breadcrumb\",\"itemListElement\":[{\"@type\":\"ListItem\",\"position\":1,\"name\":\"Home\",\"item\":\"https:\/\/www.minoanlife.com\/de\/\"},{\"@type\":\"ListItem\",\"position\":2,\"name\":\"Eshop\",\"item\":\"https:\/\/www.minoanlife.com\/de\/eshop\/\"},{\"@type\":\"ListItem\",\"position\":3,\"name\":\"K\u00f6rperlotion mit Bio-Oliven\u00f6l und Granatapfel-Extrakt\"}]},{\"@type\":\"WebSite\",\"@id\":\"https:\/\/www.minoanlife.com\/de\/#website\",\"url\":\"https:\/\/www.minoanlife.com\/de\/\",\"name\":\"Minoan Life\",\"description\":\"\",\"potentialAction\":[{\"@type\":\"SearchAction\",\"target\":{\"@type\":\"EntryPoint\",\"urlTemplate\":\"https:\/\/www.minoanlife.com\/de\/?s={search_term_string}\"},\"query-input\":{\"@type\":\"PropertyValueSpecification\",\"valueRequired\":true,\"valueName\":\"search_term_string\"}}],\"inLanguage\":\"de\"}]}<\/script>\n<!-- \/ Yoast SEO plugin. -->","yoast_head_json":{"title":"K\u00f6rperlotion mit Bio-Oliven\u00f6l und Granatapfel-Extrakt | Minoan Life","description":"K\u00d6RPERLOTION","robots":{"index":"index","follow":"follow","max-snippet":"max-snippet:-1","max-image-preview":"max-image-preview:large","max-video-preview":"max-video-preview:-1"},"canonical":"https:\/\/www.minoanlife.com\/de\/eshop\/korperlotion\/","og_locale":"de_DE","og_type":"article","og_title":"K\u00f6rperlotion mit Bio-Oliven\u00f6l und Granatapfel-Extrakt | Minoan Life","og_description":"K\u00d6RPERLOTION","og_url":"https:\/\/www.minoanlife.com\/de\/eshop\/korperlotion\/","og_site_name":"Minoan Life","article_modified_time":"2021-02-16T06:53:10+00:00","og_image":[{"width":2560,"height":2560,"url":"https:\/\/www.minoanlife.com\/wp-content\/uploads\/23058-scaled.jpg","type":"image\/jpeg"}],"schema":{"@context":"https:\/\/schema.org","@graph":[{"@type":"WebPage","@id":"https:\/\/www.minoanlife.com\/de\/eshop\/korperlotion\/","url":"https:\/\/www.minoanlife.com\/de\/eshop\/korperlotion\/","name":"K\u00f6rperlotion mit Bio-Oliven\u00f6l und Granatapfel-Extrakt | Minoan Life","isPartOf":{"@id":"https:\/\/www.minoanlife.com\/de\/#website"},"primaryImageOfPage":{"@id":"https:\/\/www.minoanlife.com\/de\/eshop\/korperlotion\/#primaryimage"},"image":{"@id":"https:\/\/www.minoanlife.com\/de\/eshop\/korperlotion\/#primaryimage"},"thumbnailUrl":"https:\/\/www.minoanlife.com\/wp-content\/uploads\/23058-scaled.jpg","datePublished":"2020-03-11T13:56:35+00:00","dateModified":"2021-02-16T06:53:10+00:00","description":"K\u00d6RPERLOTION","breadcrumb":{"@id":"https:\/\/www.minoanlife.com\/de\/eshop\/korperlotion\/#breadcrumb"},"inLanguage":"de","potentialAction":[{"@type":"ReadAction","target":["https:\/\/www.minoanlife.com\/de\/eshop\/korperlotion\/"]}]},{"@type":"ImageObject","inLanguage":"de","@id":"https:\/\/www.minoanlife.com\/de\/eshop\/korperlotion\/#primaryimage","url":"https:\/\/www.minoanlife.com\/wp-content\/uploads\/23058-scaled.jpg","contentUrl":"https:\/\/www.minoanlife.com\/wp-content\/uploads\/23058-scaled.jpg","width":2560,"height":2560},{"@type":"BreadcrumbList","@id":"https:\/\/www.minoanlife.com\/de\/eshop\/korperlotion\/#breadcrumb","itemListElement":[{"@type":"ListItem","position":1,"name":"Home","item":"https:\/\/www.minoanlife.com\/de\/"},{"@type":"ListItem","position":2,"name":"Eshop","item":"https:\/\/www.minoanlife.com\/de\/eshop\/"},{"@type":"ListItem","position":3,"name":"K\u00f6rperlotion mit Bio-Oliven\u00f6l und Granatapfel-Extrakt"}]},{"@type":"WebSite","@id":"https:\/\/www.minoanlife.com\/de\/#website","url":"https:\/\/www.minoanlife.com\/de\/","name":"Minoan Life","description":"","potentialAction":[{"@type":"SearchAction","target":{"@type":"EntryPoint","urlTemplate":"https:\/\/www.minoanlife.com\/de\/?s={search_term_string}"},"query-input":{"@type":"PropertyValueSpecification","valueRequired":true,"valueName":"search_term_string"}}],"inLanguage":"de"}]}},"_links":{"self":[{"href":"https:\/\/www.minoanlife.com\/de\/wp-json\/wp\/v2\/product\/34866","targetHints":{"allow":["GET"]}}],"collection":[{"href":"https:\/\/www.minoanlife.com\/de\/wp-json\/wp\/v2\/product"}],"about":[{"href":"https:\/\/www.minoanlife.com\/de\/wp-json\/wp\/v2\/types\/product"}],"replies":[{"embeddable":true,"href":"https:\/\/www.minoanlife.com\/de\/wp-json\/wp\/v2\/comments?post=34866"}],"wp:featuredmedia":[{"embeddable":true,"href":"https:\/\/www.minoanlife.com\/de\/wp-json\/wp\/v2\/media\/33826"}],"wp:attachment":[{"href":"https:\/\/www.minoanlife.com\/de\/wp-json\/wp\/v2\/media?parent=34866"}],"wp:term":[{"taxonomy":"product_brand","embeddable":true,"href":"https:\/\/www.minoanlife.com\/de\/wp-json\/wp\/v2\/product_brand?post=34866"},{"taxonomy":"product_cat","embeddable":true,"href":"https:\/\/www.minoanlife.com\/de\/wp-json\/wp\/v2\/product_cat?post=34866"},{"taxonomy":"product_tag","embeddable":true,"href":"https:\/\/www.minoanlife.com\/de\/wp-json\/wp\/v2\/product_tag?post=34866"}],"curies":[{"name":"wp","href":"https:\/\/api.w.org\/{rel}","templated":true}]}}