{"id":23130,"date":"2019-04-08T12:16:12","date_gmt":"2019-04-08T12:16:12","guid":{"rendered":"https:\/\/www.minoanlife.com\/eshop\/aloe-vera-after-sun-gel\/"},"modified":"2021-02-15T10:44:12","modified_gmt":"2021-02-15T10:44:12","slug":"aloe-vera-after-sun-gel","status":"publish","type":"product","link":"https:\/\/www.minoanlife.com\/de\/eshop\/aloe-vera-after-sun-gel\/","title":{"rendered":"Aloe Vera After-Sun-Gel mit Oliven\u00f6l &amp; Aloe Vera Extrakt"},"content":{"rendered":"<p>Ein k\u00fchlendes After-Sun-Gel, angereichert mit Aloe Vera &amp; Oliven\u00f6l, das die Haut bei einem Sonnenbrand mit Feuchtigkeit versorgt und beruhigt. Die Haut wird erfrischt und verw\u00f6hnt. Aloe Vera Saft, extrahiert aus den Bl\u00e4ttern der Pflanze Aloe, spendet der Haut Feuchtigkeit und wirkt aufgrund seines reichhaltigen Polysaccharidanteils reizlindernd. Das Gel ist reich an Antioxidantien wie beispielsweise Vitamine (Vitamin C, Vitamin E) und besitzt starke entz\u00fcndungshemmende Eigenschaften.<\/p>\n","protected":false},"excerpt":{"rendered":"<p>Oliven\u00f6l &amp; Aloe Vera Extrakt<\/p>\n","protected":false},"featured_media":23758,"comment_status":"open","ping_status":"closed","template":"","meta":[],"product_brand":[],"product_cat":[880,877],"product_tag":[],"class_list":{"0":"post-23130","1":"product","2":"type-product","3":"status-publish","4":"has-post-thumbnail","6":"product_cat-gesichtspflege","7":"product_cat-koerperpflege","8":"brand-olive-beauty-medi-care-brand-de","10":"first","11":"instock","12":"taxable","13":"shipping-taxable","14":"purchasable","15":"product-type-simple"},"yoast_head":"<!-- This site is optimized with the Yoast SEO plugin v27.2 - https:\/\/yoast.com\/product\/yoast-seo-wordpress\/ -->\n<title>Aloe Vera After-Sun-Gel mit Oliven\u00f6l &amp; Aloe Vera Extrakt | Minoan Life<\/title>\n<meta name=\"robots\" content=\"index, follow, max-snippet:-1, max-image-preview:large, max-video-preview:-1\" \/>\n<link rel=\"canonical\" href=\"https:\/\/www.minoanlife.com\/de\/eshop\/aloe-vera-after-sun-gel\/\" \/>\n<meta property=\"og:locale\" content=\"de_DE\" \/>\n<meta property=\"og:type\" content=\"article\" \/>\n<meta property=\"og:title\" content=\"Aloe Vera After-Sun-Gel mit Oliven\u00f6l &amp; Aloe Vera Extrakt | Minoan Life\" \/>\n<meta property=\"og:description\" content=\"Oliven\u00f6l &amp; Aloe Vera Extrakt\" \/>\n<meta property=\"og:url\" content=\"https:\/\/www.minoanlife.com\/de\/eshop\/aloe-vera-after-sun-gel\/\" \/>\n<meta property=\"og:site_name\" content=\"Minoan Life\" \/>\n<meta property=\"article:modified_time\" content=\"2021-02-15T10:44:12+00:00\" \/>\n<meta property=\"og:image\" content=\"https:\/\/www.minoanlife.com\/wp-content\/uploads\/aloe_vera_after_sun_gel_minoanlife-1.jpg\" \/>\n\t<meta property=\"og:image:width\" content=\"600\" \/>\n\t<meta property=\"og:image:height\" content=\"600\" \/>\n\t<meta property=\"og:image:type\" content=\"image\/jpeg\" \/>\n<script type=\"application\/ld+json\" class=\"yoast-schema-graph\">{\"@context\":\"https:\/\/schema.org\",\"@graph\":[{\"@type\":\"WebPage\",\"@id\":\"https:\/\/www.minoanlife.com\/de\/eshop\/aloe-vera-after-sun-gel\/\",\"url\":\"https:\/\/www.minoanlife.com\/de\/eshop\/aloe-vera-after-sun-gel\/\",\"name\":\"Aloe Vera After-Sun-Gel mit Oliven\u00f6l &amp; Aloe Vera Extrakt | Minoan Life\",\"isPartOf\":{\"@id\":\"https:\/\/www.minoanlife.com\/de\/#website\"},\"primaryImageOfPage\":{\"@id\":\"https:\/\/www.minoanlife.com\/de\/eshop\/aloe-vera-after-sun-gel\/#primaryimage\"},\"image\":{\"@id\":\"https:\/\/www.minoanlife.com\/de\/eshop\/aloe-vera-after-sun-gel\/#primaryimage\"},\"thumbnailUrl\":\"https:\/\/www.minoanlife.com\/wp-content\/uploads\/aloe_vera_after_sun_gel_minoanlife-1.jpg\",\"datePublished\":\"2019-04-08T12:16:12+00:00\",\"dateModified\":\"2021-02-15T10:44:12+00:00\",\"breadcrumb\":{\"@id\":\"https:\/\/www.minoanlife.com\/de\/eshop\/aloe-vera-after-sun-gel\/#breadcrumb\"},\"inLanguage\":\"de\",\"potentialAction\":[{\"@type\":\"ReadAction\",\"target\":[\"https:\/\/www.minoanlife.com\/de\/eshop\/aloe-vera-after-sun-gel\/\"]}]},{\"@type\":\"ImageObject\",\"inLanguage\":\"de\",\"@id\":\"https:\/\/www.minoanlife.com\/de\/eshop\/aloe-vera-after-sun-gel\/#primaryimage\",\"url\":\"https:\/\/www.minoanlife.com\/wp-content\/uploads\/aloe_vera_after_sun_gel_minoanlife-1.jpg\",\"contentUrl\":\"https:\/\/www.minoanlife.com\/wp-content\/uploads\/aloe_vera_after_sun_gel_minoanlife-1.jpg\",\"width\":600,\"height\":600,\"caption\":\"aloe_vera_after_sun_gel_minoanlife\"},{\"@type\":\"BreadcrumbList\",\"@id\":\"https:\/\/www.minoanlife.com\/de\/eshop\/aloe-vera-after-sun-gel\/#breadcrumb\",\"itemListElement\":[{\"@type\":\"ListItem\",\"position\":1,\"name\":\"Home\",\"item\":\"https:\/\/www.minoanlife.com\/de\/\"},{\"@type\":\"ListItem\",\"position\":2,\"name\":\"Eshop\",\"item\":\"https:\/\/www.minoanlife.com\/de\/eshop\/\"},{\"@type\":\"ListItem\",\"position\":3,\"name\":\"Aloe Vera After-Sun-Gel mit Oliven\u00f6l &amp; Aloe Vera Extrakt\"}]},{\"@type\":\"WebSite\",\"@id\":\"https:\/\/www.minoanlife.com\/de\/#website\",\"url\":\"https:\/\/www.minoanlife.com\/de\/\",\"name\":\"Minoan Life\",\"description\":\"\",\"potentialAction\":[{\"@type\":\"SearchAction\",\"target\":{\"@type\":\"EntryPoint\",\"urlTemplate\":\"https:\/\/www.minoanlife.com\/de\/?s={search_term_string}\"},\"query-input\":{\"@type\":\"PropertyValueSpecification\",\"valueRequired\":true,\"valueName\":\"search_term_string\"}}],\"inLanguage\":\"de\"}]}<\/script>\n<!-- \/ Yoast SEO plugin. -->","yoast_head_json":{"title":"Aloe Vera After-Sun-Gel mit Oliven\u00f6l &amp; Aloe Vera Extrakt | Minoan Life","robots":{"index":"index","follow":"follow","max-snippet":"max-snippet:-1","max-image-preview":"max-image-preview:large","max-video-preview":"max-video-preview:-1"},"canonical":"https:\/\/www.minoanlife.com\/de\/eshop\/aloe-vera-after-sun-gel\/","og_locale":"de_DE","og_type":"article","og_title":"Aloe Vera After-Sun-Gel mit Oliven\u00f6l &amp; Aloe Vera Extrakt | Minoan Life","og_description":"Oliven\u00f6l &amp; Aloe Vera Extrakt","og_url":"https:\/\/www.minoanlife.com\/de\/eshop\/aloe-vera-after-sun-gel\/","og_site_name":"Minoan Life","article_modified_time":"2021-02-15T10:44:12+00:00","og_image":[{"width":600,"height":600,"url":"https:\/\/www.minoanlife.com\/wp-content\/uploads\/aloe_vera_after_sun_gel_minoanlife-1.jpg","type":"image\/jpeg"}],"schema":{"@context":"https:\/\/schema.org","@graph":[{"@type":"WebPage","@id":"https:\/\/www.minoanlife.com\/de\/eshop\/aloe-vera-after-sun-gel\/","url":"https:\/\/www.minoanlife.com\/de\/eshop\/aloe-vera-after-sun-gel\/","name":"Aloe Vera After-Sun-Gel mit Oliven\u00f6l &amp; Aloe Vera Extrakt | Minoan Life","isPartOf":{"@id":"https:\/\/www.minoanlife.com\/de\/#website"},"primaryImageOfPage":{"@id":"https:\/\/www.minoanlife.com\/de\/eshop\/aloe-vera-after-sun-gel\/#primaryimage"},"image":{"@id":"https:\/\/www.minoanlife.com\/de\/eshop\/aloe-vera-after-sun-gel\/#primaryimage"},"thumbnailUrl":"https:\/\/www.minoanlife.com\/wp-content\/uploads\/aloe_vera_after_sun_gel_minoanlife-1.jpg","datePublished":"2019-04-08T12:16:12+00:00","dateModified":"2021-02-15T10:44:12+00:00","breadcrumb":{"@id":"https:\/\/www.minoanlife.com\/de\/eshop\/aloe-vera-after-sun-gel\/#breadcrumb"},"inLanguage":"de","potentialAction":[{"@type":"ReadAction","target":["https:\/\/www.minoanlife.com\/de\/eshop\/aloe-vera-after-sun-gel\/"]}]},{"@type":"ImageObject","inLanguage":"de","@id":"https:\/\/www.minoanlife.com\/de\/eshop\/aloe-vera-after-sun-gel\/#primaryimage","url":"https:\/\/www.minoanlife.com\/wp-content\/uploads\/aloe_vera_after_sun_gel_minoanlife-1.jpg","contentUrl":"https:\/\/www.minoanlife.com\/wp-content\/uploads\/aloe_vera_after_sun_gel_minoanlife-1.jpg","width":600,"height":600,"caption":"aloe_vera_after_sun_gel_minoanlife"},{"@type":"BreadcrumbList","@id":"https:\/\/www.minoanlife.com\/de\/eshop\/aloe-vera-after-sun-gel\/#breadcrumb","itemListElement":[{"@type":"ListItem","position":1,"name":"Home","item":"https:\/\/www.minoanlife.com\/de\/"},{"@type":"ListItem","position":2,"name":"Eshop","item":"https:\/\/www.minoanlife.com\/de\/eshop\/"},{"@type":"ListItem","position":3,"name":"Aloe Vera After-Sun-Gel mit Oliven\u00f6l &amp; Aloe Vera Extrakt"}]},{"@type":"WebSite","@id":"https:\/\/www.minoanlife.com\/de\/#website","url":"https:\/\/www.minoanlife.com\/de\/","name":"Minoan Life","description":"","potentialAction":[{"@type":"SearchAction","target":{"@type":"EntryPoint","urlTemplate":"https:\/\/www.minoanlife.com\/de\/?s={search_term_string}"},"query-input":{"@type":"PropertyValueSpecification","valueRequired":true,"valueName":"search_term_string"}}],"inLanguage":"de"}]}},"_links":{"self":[{"href":"https:\/\/www.minoanlife.com\/de\/wp-json\/wp\/v2\/product\/23130","targetHints":{"allow":["GET"]}}],"collection":[{"href":"https:\/\/www.minoanlife.com\/de\/wp-json\/wp\/v2\/product"}],"about":[{"href":"https:\/\/www.minoanlife.com\/de\/wp-json\/wp\/v2\/types\/product"}],"replies":[{"embeddable":true,"href":"https:\/\/www.minoanlife.com\/de\/wp-json\/wp\/v2\/comments?post=23130"}],"wp:featuredmedia":[{"embeddable":true,"href":"https:\/\/www.minoanlife.com\/de\/wp-json\/wp\/v2\/media\/23758"}],"wp:attachment":[{"href":"https:\/\/www.minoanlife.com\/de\/wp-json\/wp\/v2\/media?parent=23130"}],"wp:term":[{"taxonomy":"product_brand","embeddable":true,"href":"https:\/\/www.minoanlife.com\/de\/wp-json\/wp\/v2\/product_brand?post=23130"},{"taxonomy":"product_cat","embeddable":true,"href":"https:\/\/www.minoanlife.com\/de\/wp-json\/wp\/v2\/product_cat?post=23130"},{"taxonomy":"product_tag","embeddable":true,"href":"https:\/\/www.minoanlife.com\/de\/wp-json\/wp\/v2\/product_tag?post=23130"}],"curies":[{"name":"wp","href":"https:\/\/api.w.org\/{rel}","templated":true}]}}