{"id":23112,"date":"2019-04-08T11:00:01","date_gmt":"2019-04-08T11:00:01","guid":{"rendered":"https:\/\/www.minoanlife.com\/eshop\/multivitamin-pflegemaske\/"},"modified":"2021-02-16T06:46:07","modified_gmt":"2021-02-16T06:46:07","slug":"multivitamin-pflegemaske","status":"publish","type":"product","link":"https:\/\/www.minoanlife.com\/de\/eshop\/multivitamin-pflegemaske\/","title":{"rendered":"Multivitamin-Pflegemaske mit Bio-Oliven\u00f6l &amp; Orangenextrakt"},"content":{"rendered":"<p>Vitaminreiche Maske zur N\u00e4hrstoffversorgung der Haut. Eine intensive Behandlung mit regenerierender Wirkung dank der Vitamine A, F, H, E und des Vitamin B-Komplexes, die der Haut die erforderliche Feuchtigkeit und Elastizit\u00e4t verleihen. Die Orangen- und Propolis-Extrakte sowie die Oliven-, Argan-, Ringelblumen- und Weizen\u00f6le verbessern die Gesamtfunktion der Haut. Die Haut erh\u00e4lt ihre gesunde, gl\u00e4nzende und samtige Textur zur\u00fcck.<br \/>\n<strong>ANWENDUNG:<\/strong> Auf saubere und trockene Haut auftragen und dabei die Augenpartie vermeiden. 10 bis 15 Minuten einwirken lassen und dann mit reichlich Wasser absp\u00fclen<\/p>\n","protected":false},"excerpt":{"rendered":"<p>Bio-Oliven\u00f6l &amp; Orangenextrakt<\/p>\n","protected":false},"featured_media":23748,"comment_status":"open","ping_status":"closed","template":"","meta":[],"product_brand":[],"product_cat":[880],"product_tag":[],"class_list":{"0":"post-23112","1":"product","2":"type-product","3":"status-publish","4":"has-post-thumbnail","6":"product_cat-gesichtspflege","7":"brand-olive-beauty-medi-care-brand-de","9":"first","10":"outofstock","11":"taxable","12":"shipping-taxable","13":"purchasable","14":"product-type-simple"},"yoast_head":"<!-- This site is optimized with the Yoast SEO plugin v27.2 - https:\/\/yoast.com\/product\/yoast-seo-wordpress\/ -->\n<title>Multivitamin-Pflegemaske mit Bio-Oliven\u00f6l &amp; Orangenextrakt | Minoan Life<\/title>\n<meta name=\"robots\" content=\"index, follow, max-snippet:-1, max-image-preview:large, max-video-preview:-1\" \/>\n<link rel=\"canonical\" href=\"https:\/\/www.minoanlife.com\/de\/eshop\/multivitamin-pflegemaske\/\" \/>\n<meta property=\"og:locale\" content=\"de_DE\" \/>\n<meta property=\"og:type\" content=\"article\" \/>\n<meta property=\"og:title\" content=\"Multivitamin-Pflegemaske mit Bio-Oliven\u00f6l &amp; Orangenextrakt | Minoan Life\" \/>\n<meta property=\"og:description\" content=\"Bio-Oliven\u00f6l &amp; Orangenextrakt\" \/>\n<meta property=\"og:url\" content=\"https:\/\/www.minoanlife.com\/de\/eshop\/multivitamin-pflegemaske\/\" \/>\n<meta property=\"og:site_name\" content=\"Minoan Life\" \/>\n<meta property=\"article:modified_time\" content=\"2021-02-16T06:46:07+00:00\" \/>\n<meta property=\"og:image\" content=\"https:\/\/www.minoanlife.com\/wp-content\/uploads\/multivitamin_nourishing_face_mask_minoanlife-1.jpg\" \/>\n\t<meta property=\"og:image:width\" content=\"600\" \/>\n\t<meta property=\"og:image:height\" content=\"600\" \/>\n\t<meta property=\"og:image:type\" content=\"image\/jpeg\" \/>\n<script type=\"application\/ld+json\" class=\"yoast-schema-graph\">{\"@context\":\"https:\/\/schema.org\",\"@graph\":[{\"@type\":\"WebPage\",\"@id\":\"https:\/\/www.minoanlife.com\/de\/eshop\/multivitamin-pflegemaske\/\",\"url\":\"https:\/\/www.minoanlife.com\/de\/eshop\/multivitamin-pflegemaske\/\",\"name\":\"Multivitamin-Pflegemaske mit Bio-Oliven\u00f6l &amp; Orangenextrakt | Minoan Life\",\"isPartOf\":{\"@id\":\"https:\/\/www.minoanlife.com\/de\/#website\"},\"primaryImageOfPage\":{\"@id\":\"https:\/\/www.minoanlife.com\/de\/eshop\/multivitamin-pflegemaske\/#primaryimage\"},\"image\":{\"@id\":\"https:\/\/www.minoanlife.com\/de\/eshop\/multivitamin-pflegemaske\/#primaryimage\"},\"thumbnailUrl\":\"https:\/\/www.minoanlife.com\/wp-content\/uploads\/multivitamin_nourishing_face_mask_minoanlife-1.jpg\",\"datePublished\":\"2019-04-08T11:00:01+00:00\",\"dateModified\":\"2021-02-16T06:46:07+00:00\",\"breadcrumb\":{\"@id\":\"https:\/\/www.minoanlife.com\/de\/eshop\/multivitamin-pflegemaske\/#breadcrumb\"},\"inLanguage\":\"de\",\"potentialAction\":[{\"@type\":\"ReadAction\",\"target\":[\"https:\/\/www.minoanlife.com\/de\/eshop\/multivitamin-pflegemaske\/\"]}]},{\"@type\":\"ImageObject\",\"inLanguage\":\"de\",\"@id\":\"https:\/\/www.minoanlife.com\/de\/eshop\/multivitamin-pflegemaske\/#primaryimage\",\"url\":\"https:\/\/www.minoanlife.com\/wp-content\/uploads\/multivitamin_nourishing_face_mask_minoanlife-1.jpg\",\"contentUrl\":\"https:\/\/www.minoanlife.com\/wp-content\/uploads\/multivitamin_nourishing_face_mask_minoanlife-1.jpg\",\"width\":600,\"height\":600,\"caption\":\"multivitamin_nourishing_face_mask_minoanlife\"},{\"@type\":\"BreadcrumbList\",\"@id\":\"https:\/\/www.minoanlife.com\/de\/eshop\/multivitamin-pflegemaske\/#breadcrumb\",\"itemListElement\":[{\"@type\":\"ListItem\",\"position\":1,\"name\":\"Home\",\"item\":\"https:\/\/www.minoanlife.com\/de\/\"},{\"@type\":\"ListItem\",\"position\":2,\"name\":\"Eshop\",\"item\":\"https:\/\/www.minoanlife.com\/de\/eshop\/\"},{\"@type\":\"ListItem\",\"position\":3,\"name\":\"Multivitamin-Pflegemaske mit Bio-Oliven\u00f6l &amp; Orangenextrakt\"}]},{\"@type\":\"WebSite\",\"@id\":\"https:\/\/www.minoanlife.com\/de\/#website\",\"url\":\"https:\/\/www.minoanlife.com\/de\/\",\"name\":\"Minoan Life\",\"description\":\"\",\"potentialAction\":[{\"@type\":\"SearchAction\",\"target\":{\"@type\":\"EntryPoint\",\"urlTemplate\":\"https:\/\/www.minoanlife.com\/de\/?s={search_term_string}\"},\"query-input\":{\"@type\":\"PropertyValueSpecification\",\"valueRequired\":true,\"valueName\":\"search_term_string\"}}],\"inLanguage\":\"de\"}]}<\/script>\n<!-- \/ Yoast SEO plugin. -->","yoast_head_json":{"title":"Multivitamin-Pflegemaske mit Bio-Oliven\u00f6l &amp; Orangenextrakt | Minoan Life","robots":{"index":"index","follow":"follow","max-snippet":"max-snippet:-1","max-image-preview":"max-image-preview:large","max-video-preview":"max-video-preview:-1"},"canonical":"https:\/\/www.minoanlife.com\/de\/eshop\/multivitamin-pflegemaske\/","og_locale":"de_DE","og_type":"article","og_title":"Multivitamin-Pflegemaske mit Bio-Oliven\u00f6l &amp; Orangenextrakt | Minoan Life","og_description":"Bio-Oliven\u00f6l &amp; Orangenextrakt","og_url":"https:\/\/www.minoanlife.com\/de\/eshop\/multivitamin-pflegemaske\/","og_site_name":"Minoan Life","article_modified_time":"2021-02-16T06:46:07+00:00","og_image":[{"width":600,"height":600,"url":"https:\/\/www.minoanlife.com\/wp-content\/uploads\/multivitamin_nourishing_face_mask_minoanlife-1.jpg","type":"image\/jpeg"}],"schema":{"@context":"https:\/\/schema.org","@graph":[{"@type":"WebPage","@id":"https:\/\/www.minoanlife.com\/de\/eshop\/multivitamin-pflegemaske\/","url":"https:\/\/www.minoanlife.com\/de\/eshop\/multivitamin-pflegemaske\/","name":"Multivitamin-Pflegemaske mit Bio-Oliven\u00f6l &amp; Orangenextrakt | Minoan Life","isPartOf":{"@id":"https:\/\/www.minoanlife.com\/de\/#website"},"primaryImageOfPage":{"@id":"https:\/\/www.minoanlife.com\/de\/eshop\/multivitamin-pflegemaske\/#primaryimage"},"image":{"@id":"https:\/\/www.minoanlife.com\/de\/eshop\/multivitamin-pflegemaske\/#primaryimage"},"thumbnailUrl":"https:\/\/www.minoanlife.com\/wp-content\/uploads\/multivitamin_nourishing_face_mask_minoanlife-1.jpg","datePublished":"2019-04-08T11:00:01+00:00","dateModified":"2021-02-16T06:46:07+00:00","breadcrumb":{"@id":"https:\/\/www.minoanlife.com\/de\/eshop\/multivitamin-pflegemaske\/#breadcrumb"},"inLanguage":"de","potentialAction":[{"@type":"ReadAction","target":["https:\/\/www.minoanlife.com\/de\/eshop\/multivitamin-pflegemaske\/"]}]},{"@type":"ImageObject","inLanguage":"de","@id":"https:\/\/www.minoanlife.com\/de\/eshop\/multivitamin-pflegemaske\/#primaryimage","url":"https:\/\/www.minoanlife.com\/wp-content\/uploads\/multivitamin_nourishing_face_mask_minoanlife-1.jpg","contentUrl":"https:\/\/www.minoanlife.com\/wp-content\/uploads\/multivitamin_nourishing_face_mask_minoanlife-1.jpg","width":600,"height":600,"caption":"multivitamin_nourishing_face_mask_minoanlife"},{"@type":"BreadcrumbList","@id":"https:\/\/www.minoanlife.com\/de\/eshop\/multivitamin-pflegemaske\/#breadcrumb","itemListElement":[{"@type":"ListItem","position":1,"name":"Home","item":"https:\/\/www.minoanlife.com\/de\/"},{"@type":"ListItem","position":2,"name":"Eshop","item":"https:\/\/www.minoanlife.com\/de\/eshop\/"},{"@type":"ListItem","position":3,"name":"Multivitamin-Pflegemaske mit Bio-Oliven\u00f6l &amp; Orangenextrakt"}]},{"@type":"WebSite","@id":"https:\/\/www.minoanlife.com\/de\/#website","url":"https:\/\/www.minoanlife.com\/de\/","name":"Minoan Life","description":"","potentialAction":[{"@type":"SearchAction","target":{"@type":"EntryPoint","urlTemplate":"https:\/\/www.minoanlife.com\/de\/?s={search_term_string}"},"query-input":{"@type":"PropertyValueSpecification","valueRequired":true,"valueName":"search_term_string"}}],"inLanguage":"de"}]}},"_links":{"self":[{"href":"https:\/\/www.minoanlife.com\/de\/wp-json\/wp\/v2\/product\/23112","targetHints":{"allow":["GET"]}}],"collection":[{"href":"https:\/\/www.minoanlife.com\/de\/wp-json\/wp\/v2\/product"}],"about":[{"href":"https:\/\/www.minoanlife.com\/de\/wp-json\/wp\/v2\/types\/product"}],"replies":[{"embeddable":true,"href":"https:\/\/www.minoanlife.com\/de\/wp-json\/wp\/v2\/comments?post=23112"}],"wp:featuredmedia":[{"embeddable":true,"href":"https:\/\/www.minoanlife.com\/de\/wp-json\/wp\/v2\/media\/23748"}],"wp:attachment":[{"href":"https:\/\/www.minoanlife.com\/de\/wp-json\/wp\/v2\/media?parent=23112"}],"wp:term":[{"taxonomy":"product_brand","embeddable":true,"href":"https:\/\/www.minoanlife.com\/de\/wp-json\/wp\/v2\/product_brand?post=23112"},{"taxonomy":"product_cat","embeddable":true,"href":"https:\/\/www.minoanlife.com\/de\/wp-json\/wp\/v2\/product_cat?post=23112"},{"taxonomy":"product_tag","embeddable":true,"href":"https:\/\/www.minoanlife.com\/de\/wp-json\/wp\/v2\/product_tag?post=23112"}],"curies":[{"name":"wp","href":"https:\/\/api.w.org\/{rel}","templated":true}]}}