{"id":23083,"date":"2019-04-05T18:03:51","date_gmt":"2019-04-05T18:03:51","guid":{"rendered":"https:\/\/www.minoanlife.com\/eshop\/after-sun-gel-mit-olivenol-und-joghurt\/"},"modified":"2021-02-15T10:41:55","modified_gmt":"2021-02-15T10:41:55","slug":"after-sun-gel-mit-olivenol-und-joghurt","status":"publish","type":"product","link":"https:\/\/www.minoanlife.com\/de\/eshop\/after-sun-gel-mit-olivenol-und-joghurt\/","title":{"rendered":"After-Sun-Creme Mit Oliven\u00f6l Und Joghurt"},"content":{"rendered":"<p>Erfrischende und feuchtigkeitsspendende Creme f\u00fcr Gesicht und K\u00f6rper, angereichert mit Joghurt, Bio-Oliven\u00f6l und Mandel\u00f6l. Ideal f\u00fcr eine Anwendung nach jeder Sonnenbestrahlung, aber auch als feuchtigkeitsspendende Gesichts- und K\u00f6rperemulsion f\u00fcr den t\u00e4glichen Gebrauch. Das Gel wirkt reizlindernd und versorgt die trockene und gesch\u00e4digte Haut mit Feuchtigkeit und sch\u00fctzt vor allem in den hei\u00dfen Sommermonaten die Haut vor den negativen Einfl\u00fcssen der Sonneneinstrahlung sowie jeglicher W\u00e4rmestrahlung.<br \/>\n<strong>Anwendung:<\/strong> Nach Sonneneinstrahlung auf Gesicht und K\u00f6rper auftragen. So oft wie n\u00f6tig wiederholen.<\/p>\n","protected":false},"excerpt":{"rendered":"<p>Oliven\u00f6l Und Joghurt<\/p>\n","protected":false},"featured_media":24026,"comment_status":"open","ping_status":"closed","template":"","meta":[],"product_brand":[],"product_cat":[880,877],"product_tag":[],"class_list":{"0":"post-23083","1":"product","2":"type-product","3":"status-publish","4":"has-post-thumbnail","6":"product_cat-gesichtspflege","7":"product_cat-koerperpflege","8":"brand-olive-beauty-medi-care-brand-de","10":"first","11":"instock","12":"taxable","13":"shipping-taxable","14":"purchasable","15":"product-type-simple"},"yoast_head":"<!-- This site is optimized with the Yoast SEO plugin v27.2 - https:\/\/yoast.com\/product\/yoast-seo-wordpress\/ -->\n<title>After-Sun-Creme Mit Oliven\u00f6l Und Joghurt | Minoan Life<\/title>\n<meta name=\"robots\" content=\"index, follow, max-snippet:-1, max-image-preview:large, max-video-preview:-1\" \/>\n<link rel=\"canonical\" href=\"https:\/\/www.minoanlife.com\/de\/eshop\/after-sun-gel-mit-olivenol-und-joghurt\/\" \/>\n<meta property=\"og:locale\" content=\"de_DE\" \/>\n<meta property=\"og:type\" content=\"article\" \/>\n<meta property=\"og:title\" content=\"After-Sun-Creme Mit Oliven\u00f6l Und Joghurt | Minoan Life\" \/>\n<meta property=\"og:description\" content=\"Oliven\u00f6l Und Joghurt\" \/>\n<meta property=\"og:url\" content=\"https:\/\/www.minoanlife.com\/de\/eshop\/after-sun-gel-mit-olivenol-und-joghurt\/\" \/>\n<meta property=\"og:site_name\" content=\"Minoan Life\" \/>\n<meta property=\"article:modified_time\" content=\"2021-02-15T10:41:55+00:00\" \/>\n<meta property=\"og:image\" content=\"https:\/\/www.minoanlife.com\/wp-content\/uploads\/after_sun_cream_olive_and_yogurt_minoanlife.jpg\" \/>\n\t<meta property=\"og:image:width\" content=\"600\" \/>\n\t<meta property=\"og:image:height\" content=\"600\" \/>\n\t<meta property=\"og:image:type\" content=\"image\/jpeg\" \/>\n<script type=\"application\/ld+json\" class=\"yoast-schema-graph\">{\"@context\":\"https:\/\/schema.org\",\"@graph\":[{\"@type\":\"WebPage\",\"@id\":\"https:\/\/www.minoanlife.com\/de\/eshop\/after-sun-gel-mit-olivenol-und-joghurt\/\",\"url\":\"https:\/\/www.minoanlife.com\/de\/eshop\/after-sun-gel-mit-olivenol-und-joghurt\/\",\"name\":\"After-Sun-Creme Mit Oliven\u00f6l Und Joghurt | Minoan Life\",\"isPartOf\":{\"@id\":\"https:\/\/www.minoanlife.com\/de\/#website\"},\"primaryImageOfPage\":{\"@id\":\"https:\/\/www.minoanlife.com\/de\/eshop\/after-sun-gel-mit-olivenol-und-joghurt\/#primaryimage\"},\"image\":{\"@id\":\"https:\/\/www.minoanlife.com\/de\/eshop\/after-sun-gel-mit-olivenol-und-joghurt\/#primaryimage\"},\"thumbnailUrl\":\"https:\/\/www.minoanlife.com\/wp-content\/uploads\/after_sun_cream_olive_and_yogurt_minoanlife.jpg\",\"datePublished\":\"2019-04-05T18:03:51+00:00\",\"dateModified\":\"2021-02-15T10:41:55+00:00\",\"breadcrumb\":{\"@id\":\"https:\/\/www.minoanlife.com\/de\/eshop\/after-sun-gel-mit-olivenol-und-joghurt\/#breadcrumb\"},\"inLanguage\":\"de\",\"potentialAction\":[{\"@type\":\"ReadAction\",\"target\":[\"https:\/\/www.minoanlife.com\/de\/eshop\/after-sun-gel-mit-olivenol-und-joghurt\/\"]}]},{\"@type\":\"ImageObject\",\"inLanguage\":\"de\",\"@id\":\"https:\/\/www.minoanlife.com\/de\/eshop\/after-sun-gel-mit-olivenol-und-joghurt\/#primaryimage\",\"url\":\"https:\/\/www.minoanlife.com\/wp-content\/uploads\/after_sun_cream_olive_and_yogurt_minoanlife.jpg\",\"contentUrl\":\"https:\/\/www.minoanlife.com\/wp-content\/uploads\/after_sun_cream_olive_and_yogurt_minoanlife.jpg\",\"width\":600,\"height\":600,\"caption\":\"after_sun_cream_olive_and_yogurt_minoanlife\"},{\"@type\":\"BreadcrumbList\",\"@id\":\"https:\/\/www.minoanlife.com\/de\/eshop\/after-sun-gel-mit-olivenol-und-joghurt\/#breadcrumb\",\"itemListElement\":[{\"@type\":\"ListItem\",\"position\":1,\"name\":\"Home\",\"item\":\"https:\/\/www.minoanlife.com\/de\/\"},{\"@type\":\"ListItem\",\"position\":2,\"name\":\"Eshop\",\"item\":\"https:\/\/www.minoanlife.com\/de\/eshop\/\"},{\"@type\":\"ListItem\",\"position\":3,\"name\":\"After-Sun-Creme Mit Oliven\u00f6l Und Joghurt\"}]},{\"@type\":\"WebSite\",\"@id\":\"https:\/\/www.minoanlife.com\/de\/#website\",\"url\":\"https:\/\/www.minoanlife.com\/de\/\",\"name\":\"Minoan Life\",\"description\":\"\",\"potentialAction\":[{\"@type\":\"SearchAction\",\"target\":{\"@type\":\"EntryPoint\",\"urlTemplate\":\"https:\/\/www.minoanlife.com\/de\/?s={search_term_string}\"},\"query-input\":{\"@type\":\"PropertyValueSpecification\",\"valueRequired\":true,\"valueName\":\"search_term_string\"}}],\"inLanguage\":\"de\"}]}<\/script>\n<!-- \/ Yoast SEO plugin. -->","yoast_head_json":{"title":"After-Sun-Creme Mit Oliven\u00f6l Und Joghurt | Minoan Life","robots":{"index":"index","follow":"follow","max-snippet":"max-snippet:-1","max-image-preview":"max-image-preview:large","max-video-preview":"max-video-preview:-1"},"canonical":"https:\/\/www.minoanlife.com\/de\/eshop\/after-sun-gel-mit-olivenol-und-joghurt\/","og_locale":"de_DE","og_type":"article","og_title":"After-Sun-Creme Mit Oliven\u00f6l Und Joghurt | Minoan Life","og_description":"Oliven\u00f6l Und Joghurt","og_url":"https:\/\/www.minoanlife.com\/de\/eshop\/after-sun-gel-mit-olivenol-und-joghurt\/","og_site_name":"Minoan Life","article_modified_time":"2021-02-15T10:41:55+00:00","og_image":[{"width":600,"height":600,"url":"https:\/\/www.minoanlife.com\/wp-content\/uploads\/after_sun_cream_olive_and_yogurt_minoanlife.jpg","type":"image\/jpeg"}],"schema":{"@context":"https:\/\/schema.org","@graph":[{"@type":"WebPage","@id":"https:\/\/www.minoanlife.com\/de\/eshop\/after-sun-gel-mit-olivenol-und-joghurt\/","url":"https:\/\/www.minoanlife.com\/de\/eshop\/after-sun-gel-mit-olivenol-und-joghurt\/","name":"After-Sun-Creme Mit Oliven\u00f6l Und Joghurt | Minoan Life","isPartOf":{"@id":"https:\/\/www.minoanlife.com\/de\/#website"},"primaryImageOfPage":{"@id":"https:\/\/www.minoanlife.com\/de\/eshop\/after-sun-gel-mit-olivenol-und-joghurt\/#primaryimage"},"image":{"@id":"https:\/\/www.minoanlife.com\/de\/eshop\/after-sun-gel-mit-olivenol-und-joghurt\/#primaryimage"},"thumbnailUrl":"https:\/\/www.minoanlife.com\/wp-content\/uploads\/after_sun_cream_olive_and_yogurt_minoanlife.jpg","datePublished":"2019-04-05T18:03:51+00:00","dateModified":"2021-02-15T10:41:55+00:00","breadcrumb":{"@id":"https:\/\/www.minoanlife.com\/de\/eshop\/after-sun-gel-mit-olivenol-und-joghurt\/#breadcrumb"},"inLanguage":"de","potentialAction":[{"@type":"ReadAction","target":["https:\/\/www.minoanlife.com\/de\/eshop\/after-sun-gel-mit-olivenol-und-joghurt\/"]}]},{"@type":"ImageObject","inLanguage":"de","@id":"https:\/\/www.minoanlife.com\/de\/eshop\/after-sun-gel-mit-olivenol-und-joghurt\/#primaryimage","url":"https:\/\/www.minoanlife.com\/wp-content\/uploads\/after_sun_cream_olive_and_yogurt_minoanlife.jpg","contentUrl":"https:\/\/www.minoanlife.com\/wp-content\/uploads\/after_sun_cream_olive_and_yogurt_minoanlife.jpg","width":600,"height":600,"caption":"after_sun_cream_olive_and_yogurt_minoanlife"},{"@type":"BreadcrumbList","@id":"https:\/\/www.minoanlife.com\/de\/eshop\/after-sun-gel-mit-olivenol-und-joghurt\/#breadcrumb","itemListElement":[{"@type":"ListItem","position":1,"name":"Home","item":"https:\/\/www.minoanlife.com\/de\/"},{"@type":"ListItem","position":2,"name":"Eshop","item":"https:\/\/www.minoanlife.com\/de\/eshop\/"},{"@type":"ListItem","position":3,"name":"After-Sun-Creme Mit Oliven\u00f6l Und Joghurt"}]},{"@type":"WebSite","@id":"https:\/\/www.minoanlife.com\/de\/#website","url":"https:\/\/www.minoanlife.com\/de\/","name":"Minoan Life","description":"","potentialAction":[{"@type":"SearchAction","target":{"@type":"EntryPoint","urlTemplate":"https:\/\/www.minoanlife.com\/de\/?s={search_term_string}"},"query-input":{"@type":"PropertyValueSpecification","valueRequired":true,"valueName":"search_term_string"}}],"inLanguage":"de"}]}},"_links":{"self":[{"href":"https:\/\/www.minoanlife.com\/de\/wp-json\/wp\/v2\/product\/23083","targetHints":{"allow":["GET"]}}],"collection":[{"href":"https:\/\/www.minoanlife.com\/de\/wp-json\/wp\/v2\/product"}],"about":[{"href":"https:\/\/www.minoanlife.com\/de\/wp-json\/wp\/v2\/types\/product"}],"replies":[{"embeddable":true,"href":"https:\/\/www.minoanlife.com\/de\/wp-json\/wp\/v2\/comments?post=23083"}],"wp:featuredmedia":[{"embeddable":true,"href":"https:\/\/www.minoanlife.com\/de\/wp-json\/wp\/v2\/media\/24026"}],"wp:attachment":[{"href":"https:\/\/www.minoanlife.com\/de\/wp-json\/wp\/v2\/media?parent=23083"}],"wp:term":[{"taxonomy":"product_brand","embeddable":true,"href":"https:\/\/www.minoanlife.com\/de\/wp-json\/wp\/v2\/product_brand?post=23083"},{"taxonomy":"product_cat","embeddable":true,"href":"https:\/\/www.minoanlife.com\/de\/wp-json\/wp\/v2\/product_cat?post=23083"},{"taxonomy":"product_tag","embeddable":true,"href":"https:\/\/www.minoanlife.com\/de\/wp-json\/wp\/v2\/product_tag?post=23083"}],"curies":[{"name":"wp","href":"https:\/\/api.w.org\/{rel}","templated":true}]}}