{"id":21099,"date":"2018-03-23T17:28:15","date_gmt":"2018-03-23T17:28:15","guid":{"rendered":"https:\/\/minoanlife.com\/eshop\/lifting-creme-fur-gesicht-und-hals\/"},"modified":"2021-02-15T10:06:26","modified_gmt":"2021-02-15T10:06:26","slug":"lifting-creme-fur-gesicht-und-hals","status":"publish","type":"product","link":"https:\/\/www.minoanlife.com\/de\/eshop\/lifting-creme-fur-gesicht-und-hals\/","title":{"rendered":"Lifting-Creme F\u00fcr Gesicht Und Hals"},"content":{"rendered":"<p><strong>Lifting-Creme<\/strong> f\u00fcr Gesicht und Hals mit <strong>Oliven\u00f6l<\/strong> und <strong>Gel\u00e9e Royale<\/strong> verj\u00fcngt und n\u00e4hrt die Haut. <strong>Gel\u00e9e Royale<\/strong> und <strong>Hyalurons\u00e4ure<\/strong> f\u00f6rdern die Hauterneuerung, verbessern die Elastizit\u00e4t der Haut und mildern die Falten. Das <strong>Caesalpinia Spinosa<\/strong> (Johannisbrotbaum) -Extrakt bildet eine d\u00fcnne Schicht, um die Haut vor Schadstoffen und anderen exogenen Stoffen zu sch\u00fctzen, und in Kombination mit Oliven\u00f6l wirkt es als Radikalf\u00e4nger. <strong>Pro-Vitamin B5<\/strong> (Panthenol) als tief eindringende und langanhaltende Feuchtigkeitscreme hinterl\u00e4sst ein einzigartiges geschmeidiges Gef\u00fchl auf der Haut.<\/p>\n","protected":false},"excerpt":{"rendered":"<p>Oliven\u00f6l und Gel\u00e9e Royal <\/p>\n","protected":false},"featured_media":23676,"comment_status":"open","ping_status":"closed","template":"","meta":[],"product_brand":[],"product_cat":[880],"product_tag":[],"class_list":{"0":"post-21099","1":"product","2":"type-product","3":"status-publish","4":"has-post-thumbnail","6":"product_cat-gesichtspflege","7":"brand-olive-beauty-medi-care-brand-de","9":"first","10":"instock","11":"taxable","12":"shipping-taxable","13":"purchasable","14":"product-type-simple"},"yoast_head":"<!-- This site is optimized with the Yoast SEO plugin v27.2 - https:\/\/yoast.com\/product\/yoast-seo-wordpress\/ -->\n<title>Lifting-Creme F\u00fcr Gesicht Und Hals | Minoan Life<\/title>\n<meta name=\"robots\" content=\"index, follow, max-snippet:-1, max-image-preview:large, max-video-preview:-1\" \/>\n<link rel=\"canonical\" href=\"https:\/\/www.minoanlife.com\/de\/eshop\/lifting-creme-fur-gesicht-und-hals\/\" \/>\n<meta property=\"og:locale\" content=\"de_DE\" \/>\n<meta property=\"og:type\" content=\"article\" \/>\n<meta property=\"og:title\" content=\"Lifting-Creme F\u00fcr Gesicht Und Hals | Minoan Life\" \/>\n<meta property=\"og:description\" content=\"Oliven\u00f6l und Gel\u00e9e Royal\" \/>\n<meta property=\"og:url\" content=\"https:\/\/www.minoanlife.com\/de\/eshop\/lifting-creme-fur-gesicht-und-hals\/\" \/>\n<meta property=\"og:site_name\" content=\"Minoan Life\" \/>\n<meta property=\"article:modified_time\" content=\"2021-02-15T10:06:26+00:00\" \/>\n<meta property=\"og:image\" content=\"https:\/\/www.minoanlife.com\/wp-content\/uploads\/face_and_neck_lifting_cream_minoanlife.jpg\" \/>\n\t<meta property=\"og:image:width\" content=\"600\" \/>\n\t<meta property=\"og:image:height\" content=\"600\" \/>\n\t<meta property=\"og:image:type\" content=\"image\/jpeg\" \/>\n<script type=\"application\/ld+json\" class=\"yoast-schema-graph\">{\"@context\":\"https:\/\/schema.org\",\"@graph\":[{\"@type\":\"WebPage\",\"@id\":\"https:\/\/www.minoanlife.com\/de\/eshop\/lifting-creme-fur-gesicht-und-hals\/\",\"url\":\"https:\/\/www.minoanlife.com\/de\/eshop\/lifting-creme-fur-gesicht-und-hals\/\",\"name\":\"Lifting-Creme F\u00fcr Gesicht Und Hals | Minoan Life\",\"isPartOf\":{\"@id\":\"https:\/\/www.minoanlife.com\/de\/#website\"},\"primaryImageOfPage\":{\"@id\":\"https:\/\/www.minoanlife.com\/de\/eshop\/lifting-creme-fur-gesicht-und-hals\/#primaryimage\"},\"image\":{\"@id\":\"https:\/\/www.minoanlife.com\/de\/eshop\/lifting-creme-fur-gesicht-und-hals\/#primaryimage\"},\"thumbnailUrl\":\"https:\/\/www.minoanlife.com\/wp-content\/uploads\/face_and_neck_lifting_cream_minoanlife.jpg\",\"datePublished\":\"2018-03-23T17:28:15+00:00\",\"dateModified\":\"2021-02-15T10:06:26+00:00\",\"breadcrumb\":{\"@id\":\"https:\/\/www.minoanlife.com\/de\/eshop\/lifting-creme-fur-gesicht-und-hals\/#breadcrumb\"},\"inLanguage\":\"de\",\"potentialAction\":[{\"@type\":\"ReadAction\",\"target\":[\"https:\/\/www.minoanlife.com\/de\/eshop\/lifting-creme-fur-gesicht-und-hals\/\"]}]},{\"@type\":\"ImageObject\",\"inLanguage\":\"de\",\"@id\":\"https:\/\/www.minoanlife.com\/de\/eshop\/lifting-creme-fur-gesicht-und-hals\/#primaryimage\",\"url\":\"https:\/\/www.minoanlife.com\/wp-content\/uploads\/face_and_neck_lifting_cream_minoanlife.jpg\",\"contentUrl\":\"https:\/\/www.minoanlife.com\/wp-content\/uploads\/face_and_neck_lifting_cream_minoanlife.jpg\",\"width\":600,\"height\":600,\"caption\":\"face_and_neck_lifting_cream_minoanlife\"},{\"@type\":\"BreadcrumbList\",\"@id\":\"https:\/\/www.minoanlife.com\/de\/eshop\/lifting-creme-fur-gesicht-und-hals\/#breadcrumb\",\"itemListElement\":[{\"@type\":\"ListItem\",\"position\":1,\"name\":\"Home\",\"item\":\"https:\/\/www.minoanlife.com\/de\/\"},{\"@type\":\"ListItem\",\"position\":2,\"name\":\"Eshop\",\"item\":\"https:\/\/www.minoanlife.com\/de\/eshop\/\"},{\"@type\":\"ListItem\",\"position\":3,\"name\":\"Lifting-Creme F\u00fcr Gesicht Und Hals\"}]},{\"@type\":\"WebSite\",\"@id\":\"https:\/\/www.minoanlife.com\/de\/#website\",\"url\":\"https:\/\/www.minoanlife.com\/de\/\",\"name\":\"Minoan Life\",\"description\":\"\",\"potentialAction\":[{\"@type\":\"SearchAction\",\"target\":{\"@type\":\"EntryPoint\",\"urlTemplate\":\"https:\/\/www.minoanlife.com\/de\/?s={search_term_string}\"},\"query-input\":{\"@type\":\"PropertyValueSpecification\",\"valueRequired\":true,\"valueName\":\"search_term_string\"}}],\"inLanguage\":\"de\"}]}<\/script>\n<!-- \/ Yoast SEO plugin. -->","yoast_head_json":{"title":"Lifting-Creme F\u00fcr Gesicht Und Hals | Minoan Life","robots":{"index":"index","follow":"follow","max-snippet":"max-snippet:-1","max-image-preview":"max-image-preview:large","max-video-preview":"max-video-preview:-1"},"canonical":"https:\/\/www.minoanlife.com\/de\/eshop\/lifting-creme-fur-gesicht-und-hals\/","og_locale":"de_DE","og_type":"article","og_title":"Lifting-Creme F\u00fcr Gesicht Und Hals | Minoan Life","og_description":"Oliven\u00f6l und Gel\u00e9e Royal","og_url":"https:\/\/www.minoanlife.com\/de\/eshop\/lifting-creme-fur-gesicht-und-hals\/","og_site_name":"Minoan Life","article_modified_time":"2021-02-15T10:06:26+00:00","og_image":[{"width":600,"height":600,"url":"https:\/\/www.minoanlife.com\/wp-content\/uploads\/face_and_neck_lifting_cream_minoanlife.jpg","type":"image\/jpeg"}],"schema":{"@context":"https:\/\/schema.org","@graph":[{"@type":"WebPage","@id":"https:\/\/www.minoanlife.com\/de\/eshop\/lifting-creme-fur-gesicht-und-hals\/","url":"https:\/\/www.minoanlife.com\/de\/eshop\/lifting-creme-fur-gesicht-und-hals\/","name":"Lifting-Creme F\u00fcr Gesicht Und Hals | Minoan Life","isPartOf":{"@id":"https:\/\/www.minoanlife.com\/de\/#website"},"primaryImageOfPage":{"@id":"https:\/\/www.minoanlife.com\/de\/eshop\/lifting-creme-fur-gesicht-und-hals\/#primaryimage"},"image":{"@id":"https:\/\/www.minoanlife.com\/de\/eshop\/lifting-creme-fur-gesicht-und-hals\/#primaryimage"},"thumbnailUrl":"https:\/\/www.minoanlife.com\/wp-content\/uploads\/face_and_neck_lifting_cream_minoanlife.jpg","datePublished":"2018-03-23T17:28:15+00:00","dateModified":"2021-02-15T10:06:26+00:00","breadcrumb":{"@id":"https:\/\/www.minoanlife.com\/de\/eshop\/lifting-creme-fur-gesicht-und-hals\/#breadcrumb"},"inLanguage":"de","potentialAction":[{"@type":"ReadAction","target":["https:\/\/www.minoanlife.com\/de\/eshop\/lifting-creme-fur-gesicht-und-hals\/"]}]},{"@type":"ImageObject","inLanguage":"de","@id":"https:\/\/www.minoanlife.com\/de\/eshop\/lifting-creme-fur-gesicht-und-hals\/#primaryimage","url":"https:\/\/www.minoanlife.com\/wp-content\/uploads\/face_and_neck_lifting_cream_minoanlife.jpg","contentUrl":"https:\/\/www.minoanlife.com\/wp-content\/uploads\/face_and_neck_lifting_cream_minoanlife.jpg","width":600,"height":600,"caption":"face_and_neck_lifting_cream_minoanlife"},{"@type":"BreadcrumbList","@id":"https:\/\/www.minoanlife.com\/de\/eshop\/lifting-creme-fur-gesicht-und-hals\/#breadcrumb","itemListElement":[{"@type":"ListItem","position":1,"name":"Home","item":"https:\/\/www.minoanlife.com\/de\/"},{"@type":"ListItem","position":2,"name":"Eshop","item":"https:\/\/www.minoanlife.com\/de\/eshop\/"},{"@type":"ListItem","position":3,"name":"Lifting-Creme F\u00fcr Gesicht Und Hals"}]},{"@type":"WebSite","@id":"https:\/\/www.minoanlife.com\/de\/#website","url":"https:\/\/www.minoanlife.com\/de\/","name":"Minoan Life","description":"","potentialAction":[{"@type":"SearchAction","target":{"@type":"EntryPoint","urlTemplate":"https:\/\/www.minoanlife.com\/de\/?s={search_term_string}"},"query-input":{"@type":"PropertyValueSpecification","valueRequired":true,"valueName":"search_term_string"}}],"inLanguage":"de"}]}},"_links":{"self":[{"href":"https:\/\/www.minoanlife.com\/de\/wp-json\/wp\/v2\/product\/21099","targetHints":{"allow":["GET"]}}],"collection":[{"href":"https:\/\/www.minoanlife.com\/de\/wp-json\/wp\/v2\/product"}],"about":[{"href":"https:\/\/www.minoanlife.com\/de\/wp-json\/wp\/v2\/types\/product"}],"replies":[{"embeddable":true,"href":"https:\/\/www.minoanlife.com\/de\/wp-json\/wp\/v2\/comments?post=21099"}],"wp:featuredmedia":[{"embeddable":true,"href":"https:\/\/www.minoanlife.com\/de\/wp-json\/wp\/v2\/media\/23676"}],"wp:attachment":[{"href":"https:\/\/www.minoanlife.com\/de\/wp-json\/wp\/v2\/media?parent=21099"}],"wp:term":[{"taxonomy":"product_brand","embeddable":true,"href":"https:\/\/www.minoanlife.com\/de\/wp-json\/wp\/v2\/product_brand?post=21099"},{"taxonomy":"product_cat","embeddable":true,"href":"https:\/\/www.minoanlife.com\/de\/wp-json\/wp\/v2\/product_cat?post=21099"},{"taxonomy":"product_tag","embeddable":true,"href":"https:\/\/www.minoanlife.com\/de\/wp-json\/wp\/v2\/product_tag?post=21099"}],"curies":[{"name":"wp","href":"https:\/\/api.w.org\/{rel}","templated":true}]}}