{"id":18718,"date":"2017-04-07T12:24:22","date_gmt":"2017-04-07T12:24:22","guid":{"rendered":"https:\/\/www.minoanlife.com\/eshop\/mini-beauty-kit-handcreme-after-sun-gel-face-body-korperbutter\/"},"modified":"2021-01-12T12:29:17","modified_gmt":"2021-01-12T12:29:17","slug":"mini-beauty-kit-handcreme-after-sun-gel-face-body-korperbutter","status":"publish","type":"product","link":"https:\/\/www.minoanlife.com\/de\/eshop\/mini-beauty-kit-handcreme-after-sun-gel-face-body-korperbutter\/","title":{"rendered":"Mini Beauty Kit: Handcreme, After Sun Gel Face &amp; K\u00f6rperbutter"},"content":{"rendered":"<p><strong>Mini Beauty Kit: Handcreme, After Sun Gel Face &amp; Body &amp; K\u00f6rperbutter<\/strong><\/p>\n<ul>\n<li><strong>Handcreme<\/strong><\/li>\n<\/ul>\n<p>Die Handcreme mit Fenchel und Diptam basiert sich auf einem Emulgatoren System aus Oliven\u00f6l. Sie enth\u00e4lt Sheabutter und Oliven\u00f6l, die die Haut pflegen ohne ein fettiges unangenehmes Gef\u00fchl zu hinterlassen. Die Kombination aus Oliven\u00f6l und unverseifbaren von Avocado \u00f6l feuchten und straffen die H\u00e4ndehaut. Schlie\u00dflich die Aloe-Saft in Kombination mit Fenchel und Diptam Extrakten, bieten Feuchtigkeit und antioxidativen Schutz.<\/p>\n<p><strong>Anwendungsweise :<\/strong>\u00a0Tragen Sie die Creme t\u00e4glich auf die H\u00e4nde auf und massieren Sie sanft ein. Idealerweise verwenden Sie die Creme nach jedem Kontakt der H\u00e4nde mit Wasser.<\/p>\n<ul>\n<li><strong>After Sun Gel Face\u00a0<\/strong><\/li>\n<\/ul>\n<p>Feuchtigkeitsgel f\u00fcr Gesicht und K\u00f6rper nach dem Sonnenbad. Die leichte und erfrischende Formel mit Extrakt aus Salbei und Oliven\u00f6l, beruhigt und sch\u00fctzt die Haut vor Irritationen und pflegt das dehydrierte Gesicht und den K\u00f6rper.<\/p>\n<p><strong>Anwendungsweise:<\/strong>\u00a0Tragen Sie auf Gesicht und K\u00f6rper nach dem Sonnenbad auf. Wiederholen Sie 2-3-mal auf gereizte Haut.<\/p>\n<ul>\n<li><strong>K\u00f6rperbutter<\/strong><\/li>\n<\/ul>\n<p>Die K\u00f6rperbutter mit Fenchel und Diptam enth\u00e4lt pflanzliche Butter und \u00d6le, die die Haut befeuchten und n\u00e4hren. Oliven\u00f6l in Kombination mit Avocado-\u00d6l und dessen unverseifbaren sch\u00fctzen die Haut vor Trockenheit, w\u00e4hrend Sheabutter und Oliven\u00f6l die Haut pflegen, ohne ein fettiges und unangenehmes Gef\u00fchl zu hinterlassen. Schlie\u00dflich die Aloe-Saft in Kombination mit Fenchel und Diptam Extrakten, bieten Feuchtigkeit und antioxidativen Schutz.<\/p>\n<p><strong>Anwendung :<\/strong>\u00a0Tragen Sie sie auf trockene Haut und massieren Sie sanft ein. Verwenden Sie so oft Sie m\u00f6chten.<\/p>\n","protected":false},"excerpt":{"rendered":"<p>Mini Beauty Kit: Handcreme, After Sun Gel Face &amp; Body &amp; K\u00f6rperbutter Handcreme Die Handcreme mit Fenchel und Diptam basiert sich auf einem Emulgatoren System aus Oliven\u00f6l. Sie enth\u00e4lt Sheabutter und Oliven\u00f6l, die die Haut pflegen ohne ein fettiges unangenehmes Gef\u00fchl zu hinterlassen. Die Kombination aus Oliven\u00f6l und unverseifbaren von&#8230;<\/p>\n","protected":false},"featured_media":18988,"comment_status":"open","ping_status":"closed","template":"","meta":[],"product_brand":[],"product_cat":[880,877,69],"product_tag":[1732,1736],"class_list":{"0":"post-18718","1":"product","2":"type-product","3":"status-publish","4":"has-post-thumbnail","6":"product_cat-gesichtspflege","7":"product_cat-koerperpflege","8":"product_cat-olive-beauty-medi-care-de","9":"product_tag-beauty_kit-de","10":"product_tag-produkte_in_reisegroesse","11":"brand-olive-beauty-medi-care-brand-de","13":"first","14":"outofstock","15":"taxable","16":"shipping-taxable","17":"purchasable","18":"product-type-simple"},"yoast_head":"<!-- This site is optimized with the Yoast SEO plugin v27.2 - https:\/\/yoast.com\/product\/yoast-seo-wordpress\/ -->\n<title>Mini Beauty Kit: Handcreme, After Sun Gel Face &amp; K\u00f6rperbutter | Minoan Life<\/title>\n<meta name=\"description\" content=\"Handcreme (Olive &amp; Weintraube), After Sun Gel Face &amp; Body (Bergtee Und Strohblume) &amp; K\u00f6rperbutter (Olive, Avocado, Diptam &amp; Amaranth)\" \/>\n<meta name=\"robots\" content=\"index, follow, max-snippet:-1, max-image-preview:large, max-video-preview:-1\" \/>\n<link rel=\"canonical\" href=\"https:\/\/www.minoanlife.com\/de\/eshop\/mini-beauty-kit-handcreme-after-sun-gel-face-body-korperbutter\/\" \/>\n<meta property=\"og:locale\" content=\"de_DE\" \/>\n<meta property=\"og:type\" content=\"article\" \/>\n<meta property=\"og:title\" content=\"Mini Beauty Kit: Handcreme, After Sun Gel Face &amp; K\u00f6rperbutter | Minoan Life\" \/>\n<meta property=\"og:description\" content=\"Handcreme (Olive &amp; Weintraube), After Sun Gel Face &amp; Body (Bergtee Und Strohblume) &amp; K\u00f6rperbutter (Olive, Avocado, Diptam &amp; Amaranth)\" \/>\n<meta property=\"og:url\" content=\"https:\/\/www.minoanlife.com\/de\/eshop\/mini-beauty-kit-handcreme-after-sun-gel-face-body-korperbutter\/\" \/>\n<meta property=\"og:site_name\" content=\"Minoan Life\" \/>\n<meta property=\"article:modified_time\" content=\"2021-01-12T12:29:17+00:00\" \/>\n<meta property=\"og:image\" content=\"https:\/\/www.minoanlife.com\/wp-content\/uploads\/23089.png\" \/>\n\t<meta property=\"og:image:width\" content=\"600\" \/>\n\t<meta property=\"og:image:height\" content=\"600\" \/>\n\t<meta property=\"og:image:type\" content=\"image\/png\" \/>\n<meta name=\"twitter:label1\" content=\"Gesch\u00e4tzte Lesezeit\" \/>\n\t<meta name=\"twitter:data1\" content=\"1\u00a0Minute\" \/>\n<script type=\"application\/ld+json\" class=\"yoast-schema-graph\">{\"@context\":\"https:\/\/schema.org\",\"@graph\":[{\"@type\":\"WebPage\",\"@id\":\"https:\/\/www.minoanlife.com\/de\/eshop\/mini-beauty-kit-handcreme-after-sun-gel-face-body-korperbutter\/\",\"url\":\"https:\/\/www.minoanlife.com\/de\/eshop\/mini-beauty-kit-handcreme-after-sun-gel-face-body-korperbutter\/\",\"name\":\"Mini Beauty Kit: Handcreme, After Sun Gel Face &amp; K\u00f6rperbutter | Minoan Life\",\"isPartOf\":{\"@id\":\"https:\/\/www.minoanlife.com\/de\/#website\"},\"primaryImageOfPage\":{\"@id\":\"https:\/\/www.minoanlife.com\/de\/eshop\/mini-beauty-kit-handcreme-after-sun-gel-face-body-korperbutter\/#primaryimage\"},\"image\":{\"@id\":\"https:\/\/www.minoanlife.com\/de\/eshop\/mini-beauty-kit-handcreme-after-sun-gel-face-body-korperbutter\/#primaryimage\"},\"thumbnailUrl\":\"https:\/\/www.minoanlife.com\/wp-content\/uploads\/23089.png\",\"datePublished\":\"2017-04-07T12:24:22+00:00\",\"dateModified\":\"2021-01-12T12:29:17+00:00\",\"description\":\"Handcreme (Olive & Weintraube), After Sun Gel Face & Body (Bergtee Und Strohblume) & K\u00f6rperbutter (Olive, Avocado, Diptam & Amaranth)\",\"breadcrumb\":{\"@id\":\"https:\/\/www.minoanlife.com\/de\/eshop\/mini-beauty-kit-handcreme-after-sun-gel-face-body-korperbutter\/#breadcrumb\"},\"inLanguage\":\"de\",\"potentialAction\":[{\"@type\":\"ReadAction\",\"target\":[\"https:\/\/www.minoanlife.com\/de\/eshop\/mini-beauty-kit-handcreme-after-sun-gel-face-body-korperbutter\/\"]}]},{\"@type\":\"ImageObject\",\"inLanguage\":\"de\",\"@id\":\"https:\/\/www.minoanlife.com\/de\/eshop\/mini-beauty-kit-handcreme-after-sun-gel-face-body-korperbutter\/#primaryimage\",\"url\":\"https:\/\/www.minoanlife.com\/wp-content\/uploads\/23089.png\",\"contentUrl\":\"https:\/\/www.minoanlife.com\/wp-content\/uploads\/23089.png\",\"width\":600,\"height\":600},{\"@type\":\"BreadcrumbList\",\"@id\":\"https:\/\/www.minoanlife.com\/de\/eshop\/mini-beauty-kit-handcreme-after-sun-gel-face-body-korperbutter\/#breadcrumb\",\"itemListElement\":[{\"@type\":\"ListItem\",\"position\":1,\"name\":\"Home\",\"item\":\"https:\/\/www.minoanlife.com\/de\/\"},{\"@type\":\"ListItem\",\"position\":2,\"name\":\"Eshop\",\"item\":\"https:\/\/www.minoanlife.com\/de\/eshop\/\"},{\"@type\":\"ListItem\",\"position\":3,\"name\":\"Mini Beauty Kit: Handcreme, After Sun Gel Face &amp; K\u00f6rperbutter\"}]},{\"@type\":\"WebSite\",\"@id\":\"https:\/\/www.minoanlife.com\/de\/#website\",\"url\":\"https:\/\/www.minoanlife.com\/de\/\",\"name\":\"Minoan Life\",\"description\":\"\",\"potentialAction\":[{\"@type\":\"SearchAction\",\"target\":{\"@type\":\"EntryPoint\",\"urlTemplate\":\"https:\/\/www.minoanlife.com\/de\/?s={search_term_string}\"},\"query-input\":{\"@type\":\"PropertyValueSpecification\",\"valueRequired\":true,\"valueName\":\"search_term_string\"}}],\"inLanguage\":\"de\"}]}<\/script>\n<!-- \/ Yoast SEO plugin. -->","yoast_head_json":{"title":"Mini Beauty Kit: Handcreme, After Sun Gel Face &amp; K\u00f6rperbutter | Minoan Life","description":"Handcreme (Olive & Weintraube), After Sun Gel Face & Body (Bergtee Und Strohblume) & K\u00f6rperbutter (Olive, Avocado, Diptam & Amaranth)","robots":{"index":"index","follow":"follow","max-snippet":"max-snippet:-1","max-image-preview":"max-image-preview:large","max-video-preview":"max-video-preview:-1"},"canonical":"https:\/\/www.minoanlife.com\/de\/eshop\/mini-beauty-kit-handcreme-after-sun-gel-face-body-korperbutter\/","og_locale":"de_DE","og_type":"article","og_title":"Mini Beauty Kit: Handcreme, After Sun Gel Face &amp; K\u00f6rperbutter | Minoan Life","og_description":"Handcreme (Olive & Weintraube), After Sun Gel Face & Body (Bergtee Und Strohblume) & K\u00f6rperbutter (Olive, Avocado, Diptam & Amaranth)","og_url":"https:\/\/www.minoanlife.com\/de\/eshop\/mini-beauty-kit-handcreme-after-sun-gel-face-body-korperbutter\/","og_site_name":"Minoan Life","article_modified_time":"2021-01-12T12:29:17+00:00","og_image":[{"width":600,"height":600,"url":"https:\/\/www.minoanlife.com\/wp-content\/uploads\/23089.png","type":"image\/png"}],"twitter_misc":{"Gesch\u00e4tzte Lesezeit":"1\u00a0Minute"},"schema":{"@context":"https:\/\/schema.org","@graph":[{"@type":"WebPage","@id":"https:\/\/www.minoanlife.com\/de\/eshop\/mini-beauty-kit-handcreme-after-sun-gel-face-body-korperbutter\/","url":"https:\/\/www.minoanlife.com\/de\/eshop\/mini-beauty-kit-handcreme-after-sun-gel-face-body-korperbutter\/","name":"Mini Beauty Kit: Handcreme, After Sun Gel Face &amp; K\u00f6rperbutter | Minoan Life","isPartOf":{"@id":"https:\/\/www.minoanlife.com\/de\/#website"},"primaryImageOfPage":{"@id":"https:\/\/www.minoanlife.com\/de\/eshop\/mini-beauty-kit-handcreme-after-sun-gel-face-body-korperbutter\/#primaryimage"},"image":{"@id":"https:\/\/www.minoanlife.com\/de\/eshop\/mini-beauty-kit-handcreme-after-sun-gel-face-body-korperbutter\/#primaryimage"},"thumbnailUrl":"https:\/\/www.minoanlife.com\/wp-content\/uploads\/23089.png","datePublished":"2017-04-07T12:24:22+00:00","dateModified":"2021-01-12T12:29:17+00:00","description":"Handcreme (Olive & Weintraube), After Sun Gel Face & Body (Bergtee Und Strohblume) & K\u00f6rperbutter (Olive, Avocado, Diptam & Amaranth)","breadcrumb":{"@id":"https:\/\/www.minoanlife.com\/de\/eshop\/mini-beauty-kit-handcreme-after-sun-gel-face-body-korperbutter\/#breadcrumb"},"inLanguage":"de","potentialAction":[{"@type":"ReadAction","target":["https:\/\/www.minoanlife.com\/de\/eshop\/mini-beauty-kit-handcreme-after-sun-gel-face-body-korperbutter\/"]}]},{"@type":"ImageObject","inLanguage":"de","@id":"https:\/\/www.minoanlife.com\/de\/eshop\/mini-beauty-kit-handcreme-after-sun-gel-face-body-korperbutter\/#primaryimage","url":"https:\/\/www.minoanlife.com\/wp-content\/uploads\/23089.png","contentUrl":"https:\/\/www.minoanlife.com\/wp-content\/uploads\/23089.png","width":600,"height":600},{"@type":"BreadcrumbList","@id":"https:\/\/www.minoanlife.com\/de\/eshop\/mini-beauty-kit-handcreme-after-sun-gel-face-body-korperbutter\/#breadcrumb","itemListElement":[{"@type":"ListItem","position":1,"name":"Home","item":"https:\/\/www.minoanlife.com\/de\/"},{"@type":"ListItem","position":2,"name":"Eshop","item":"https:\/\/www.minoanlife.com\/de\/eshop\/"},{"@type":"ListItem","position":3,"name":"Mini Beauty Kit: Handcreme, After Sun Gel Face &amp; K\u00f6rperbutter"}]},{"@type":"WebSite","@id":"https:\/\/www.minoanlife.com\/de\/#website","url":"https:\/\/www.minoanlife.com\/de\/","name":"Minoan Life","description":"","potentialAction":[{"@type":"SearchAction","target":{"@type":"EntryPoint","urlTemplate":"https:\/\/www.minoanlife.com\/de\/?s={search_term_string}"},"query-input":{"@type":"PropertyValueSpecification","valueRequired":true,"valueName":"search_term_string"}}],"inLanguage":"de"}]}},"_links":{"self":[{"href":"https:\/\/www.minoanlife.com\/de\/wp-json\/wp\/v2\/product\/18718","targetHints":{"allow":["GET"]}}],"collection":[{"href":"https:\/\/www.minoanlife.com\/de\/wp-json\/wp\/v2\/product"}],"about":[{"href":"https:\/\/www.minoanlife.com\/de\/wp-json\/wp\/v2\/types\/product"}],"replies":[{"embeddable":true,"href":"https:\/\/www.minoanlife.com\/de\/wp-json\/wp\/v2\/comments?post=18718"}],"wp:featuredmedia":[{"embeddable":true,"href":"https:\/\/www.minoanlife.com\/de\/wp-json\/wp\/v2\/media\/18988"}],"wp:attachment":[{"href":"https:\/\/www.minoanlife.com\/de\/wp-json\/wp\/v2\/media?parent=18718"}],"wp:term":[{"taxonomy":"product_brand","embeddable":true,"href":"https:\/\/www.minoanlife.com\/de\/wp-json\/wp\/v2\/product_brand?post=18718"},{"taxonomy":"product_cat","embeddable":true,"href":"https:\/\/www.minoanlife.com\/de\/wp-json\/wp\/v2\/product_cat?post=18718"},{"taxonomy":"product_tag","embeddable":true,"href":"https:\/\/www.minoanlife.com\/de\/wp-json\/wp\/v2\/product_tag?post=18718"}],"curies":[{"name":"wp","href":"https:\/\/api.w.org\/{rel}","templated":true}]}}