{"id":15438,"date":"2015-02-16T14:56:08","date_gmt":"2016-03-09T12:22:02","guid":{"rendered":"https:\/\/www.minoanlife.com\/de\/?post_type=product&#038;p=15438"},"modified":"2021-01-12T12:51:37","modified_gmt":"2021-01-12T12:51:37","slug":"beauty-kit-shampoo-haarconditioner-schaumbad","status":"publish","type":"product","link":"https:\/\/www.minoanlife.com\/de\/eshop\/beauty-kit-shampoo-haarconditioner-schaumbad\/","title":{"rendered":"Beauty Kit: Shampoo, Haarconditioner, Schaumbad"},"content":{"rendered":"<p><strong>Beauty Kit: Shampoo, Haarconditioner, Schaumbad<\/strong><\/p>\n<ul>\n<li><strong>Shampoo<\/strong><\/li>\n<\/ul>\n<p>Ein mildes Shampoo mit Extrakten aus Salbei und Olive mit antioxidativen Eigenschaften, die Glanz verleihen, die nat\u00fcrliche Farbe st\u00e4rken und die Gesundheit von Haar und Kopfhaut f\u00f6rdern. Angereichert mit Provitamin B5 und milden Reinigungsmitteln, die keine Trockenheit verursachen.<\/p>\n<p><strong>Anwendungsweise:<\/strong>\u00a0Tragen Sie eine Menge auf das nasse Haar auf und massieren Sie sanft ein. Lassen Sie die aktiven Inhaltsstoffe ein paar Minuten einwirken und sp\u00fclen Sie mit viel Wasser aus. Ideal f\u00fcr den h\u00e4ufigen Gebrauch.<\/p>\n<ul>\n<li><strong>Haarconditioner<\/strong><\/li>\n<\/ul>\n<p>Haarconditioner mit Oliven\u00f6l und Extrakte aus Salbei und Olivenbl\u00e4tter, die die Kopfhaut st\u00e4rken, n\u00e4hren sie das Haar und sch\u00fctzen sie vor der Bildung freier Radikale. Angereichert mit Panthenol, das Irritationen beruhigt und vermeidet. Es ist wohlt\u00e4tig f\u00fcr das Haar von der Wurzel bis zur Spitze.<\/p>\n<p><strong>Anwendung :<\/strong>\u00a0Nach der Haarw\u00e4sche verteilen Sie eine kleine Menge auf gut getrocknetes Haar und sp\u00fclen sie es aus.<\/p>\n<ul>\n<li><strong>Schaumbad<\/strong><\/li>\n<\/ul>\n<p>Mildes K\u00f6rperschaumbad mit einer einzigartigen Kombination von Pflanzenextrakten aus Olivenbl\u00e4ttern, Majoran und Feigenkaktus reich an Antioxidantien wie Polyphenole und Flavonoide, die Sch\u00fctzen, Beruhigen und die Haut straffen. Seine milde Reinigungsbasis ist ideal f\u00fcr die t\u00e4gliche Reinigung der Haut.<\/p>\n<p><strong>Anwendungsweise:<\/strong>\u00a0Tragen Sie eine Menge auf den K\u00f6rper auf und massieren Sie sanft f\u00fcr reichhaltigen Schaum. Sp\u00fclen Sie mit reichlichem Wasser aus. Ideal f\u00fcr den t\u00e4glichen Gebrauch und f\u00fcr empfindliche Haut.<\/p>\n","protected":false},"excerpt":{"rendered":"<p>Beauty Kit: Shampoo, Haarconditioner, Schaumbad Shampoo Ein mildes Shampoo mit Extrakten aus Salbei und Olive mit antioxidativen Eigenschaften, die Glanz verleihen, die nat\u00fcrliche Farbe st\u00e4rken und die Gesundheit von Haar und Kopfhaut f\u00f6rdern. Angereichert mit Provitamin B5 und milden Reinigungsmitteln, die keine Trockenheit verursachen. Anwendungsweise:\u00a0Tragen Sie eine Menge auf das&#8230;<\/p>\n","protected":false},"featured_media":12910,"comment_status":"open","ping_status":"closed","template":"","meta":[],"product_brand":[],"product_cat":[884,877],"product_tag":[1732,1736],"class_list":{"0":"post-15438","1":"product","2":"type-product","3":"status-publish","4":"has-post-thumbnail","6":"product_cat-haarpflege","7":"product_cat-koerperpflege","8":"product_tag-beauty_kit-de","9":"product_tag-produkte_in_reisegroesse","10":"brand-olive-beauty-medi-care-brand-de","12":"first","13":"outofstock","14":"taxable","15":"shipping-taxable","16":"purchasable","17":"product-type-simple"},"yoast_head":"<!-- This site is optimized with the Yoast SEO plugin v27.2 - https:\/\/yoast.com\/product\/yoast-seo-wordpress\/ -->\n<title>Beauty Kit: Shampoo, Haarconditioner, Schaumbad | Minoan Life<\/title>\n<meta name=\"description\" content=\"Ein mildes Shampoo mit Extrakten aus Salbei und Olive mit antioxidativen Eigenschaften, die Glanz verleihen, die nat\u00fcrliche Farbe st\u00e4rken und die Gesundheit von Haar und Kopfhaut f\u00f6rdern.\" \/>\n<meta name=\"robots\" content=\"index, follow, max-snippet:-1, max-image-preview:large, max-video-preview:-1\" \/>\n<link rel=\"canonical\" href=\"https:\/\/www.minoanlife.com\/de\/eshop\/beauty-kit-shampoo-haarconditioner-schaumbad\/\" \/>\n<meta property=\"og:locale\" content=\"de_DE\" \/>\n<meta property=\"og:type\" content=\"article\" \/>\n<meta property=\"og:title\" content=\"Beauty Kit: Shampoo, Haarconditioner, Schaumbad | Minoan Life\" \/>\n<meta property=\"og:description\" content=\"Ein mildes Shampoo mit Extrakten aus Salbei und Olive mit antioxidativen Eigenschaften, die Glanz verleihen, die nat\u00fcrliche Farbe st\u00e4rken und die Gesundheit von Haar und Kopfhaut f\u00f6rdern.\" \/>\n<meta property=\"og:url\" content=\"https:\/\/www.minoanlife.com\/de\/eshop\/beauty-kit-shampoo-haarconditioner-schaumbad\/\" \/>\n<meta property=\"og:site_name\" content=\"Minoan Life\" \/>\n<meta property=\"article:modified_time\" content=\"2021-01-12T12:51:37+00:00\" \/>\n<meta property=\"og:image\" content=\"https:\/\/www.minoanlife.com\/wp-content\/uploads\/beauty_kit_bath.png\" \/>\n\t<meta property=\"og:image:width\" content=\"1563\" \/>\n\t<meta property=\"og:image:height\" content=\"1563\" \/>\n\t<meta property=\"og:image:type\" content=\"image\/png\" \/>\n<meta name=\"twitter:label1\" content=\"Gesch\u00e4tzte Lesezeit\" \/>\n\t<meta name=\"twitter:data1\" content=\"1\u00a0Minute\" \/>\n<script type=\"application\/ld+json\" class=\"yoast-schema-graph\">{\"@context\":\"https:\/\/schema.org\",\"@graph\":[{\"@type\":\"WebPage\",\"@id\":\"https:\/\/www.minoanlife.com\/de\/eshop\/beauty-kit-shampoo-haarconditioner-schaumbad\/\",\"url\":\"https:\/\/www.minoanlife.com\/de\/eshop\/beauty-kit-shampoo-haarconditioner-schaumbad\/\",\"name\":\"Beauty Kit: Shampoo, Haarconditioner, Schaumbad | Minoan Life\",\"isPartOf\":{\"@id\":\"https:\/\/www.minoanlife.com\/de\/#website\"},\"primaryImageOfPage\":{\"@id\":\"https:\/\/www.minoanlife.com\/de\/eshop\/beauty-kit-shampoo-haarconditioner-schaumbad\/#primaryimage\"},\"image\":{\"@id\":\"https:\/\/www.minoanlife.com\/de\/eshop\/beauty-kit-shampoo-haarconditioner-schaumbad\/#primaryimage\"},\"thumbnailUrl\":\"https:\/\/www.minoanlife.com\/wp-content\/uploads\/beauty_kit_bath.png\",\"datePublished\":\"2016-03-09T12:22:02+00:00\",\"dateModified\":\"2021-01-12T12:51:37+00:00\",\"description\":\"Ein mildes Shampoo mit Extrakten aus Salbei und Olive mit antioxidativen Eigenschaften, die Glanz verleihen, die nat\u00fcrliche Farbe st\u00e4rken und die Gesundheit von Haar und Kopfhaut f\u00f6rdern.\",\"breadcrumb\":{\"@id\":\"https:\/\/www.minoanlife.com\/de\/eshop\/beauty-kit-shampoo-haarconditioner-schaumbad\/#breadcrumb\"},\"inLanguage\":\"de\",\"potentialAction\":[{\"@type\":\"ReadAction\",\"target\":[\"https:\/\/www.minoanlife.com\/de\/eshop\/beauty-kit-shampoo-haarconditioner-schaumbad\/\"]}]},{\"@type\":\"ImageObject\",\"inLanguage\":\"de\",\"@id\":\"https:\/\/www.minoanlife.com\/de\/eshop\/beauty-kit-shampoo-haarconditioner-schaumbad\/#primaryimage\",\"url\":\"https:\/\/www.minoanlife.com\/wp-content\/uploads\/beauty_kit_bath.png\",\"contentUrl\":\"https:\/\/www.minoanlife.com\/wp-content\/uploads\/beauty_kit_bath.png\",\"width\":1563,\"height\":1563,\"caption\":\"beauty_kit_bath\"},{\"@type\":\"BreadcrumbList\",\"@id\":\"https:\/\/www.minoanlife.com\/de\/eshop\/beauty-kit-shampoo-haarconditioner-schaumbad\/#breadcrumb\",\"itemListElement\":[{\"@type\":\"ListItem\",\"position\":1,\"name\":\"Home\",\"item\":\"https:\/\/www.minoanlife.com\/de\/\"},{\"@type\":\"ListItem\",\"position\":2,\"name\":\"Eshop\",\"item\":\"https:\/\/www.minoanlife.com\/de\/eshop\/\"},{\"@type\":\"ListItem\",\"position\":3,\"name\":\"Beauty Kit: Shampoo, Haarconditioner, Schaumbad\"}]},{\"@type\":\"WebSite\",\"@id\":\"https:\/\/www.minoanlife.com\/de\/#website\",\"url\":\"https:\/\/www.minoanlife.com\/de\/\",\"name\":\"Minoan Life\",\"description\":\"\",\"potentialAction\":[{\"@type\":\"SearchAction\",\"target\":{\"@type\":\"EntryPoint\",\"urlTemplate\":\"https:\/\/www.minoanlife.com\/de\/?s={search_term_string}\"},\"query-input\":{\"@type\":\"PropertyValueSpecification\",\"valueRequired\":true,\"valueName\":\"search_term_string\"}}],\"inLanguage\":\"de\"}]}<\/script>\n<!-- \/ Yoast SEO plugin. -->","yoast_head_json":{"title":"Beauty Kit: Shampoo, Haarconditioner, Schaumbad | Minoan Life","description":"Ein mildes Shampoo mit Extrakten aus Salbei und Olive mit antioxidativen Eigenschaften, die Glanz verleihen, die nat\u00fcrliche Farbe st\u00e4rken und die Gesundheit von Haar und Kopfhaut f\u00f6rdern.","robots":{"index":"index","follow":"follow","max-snippet":"max-snippet:-1","max-image-preview":"max-image-preview:large","max-video-preview":"max-video-preview:-1"},"canonical":"https:\/\/www.minoanlife.com\/de\/eshop\/beauty-kit-shampoo-haarconditioner-schaumbad\/","og_locale":"de_DE","og_type":"article","og_title":"Beauty Kit: Shampoo, Haarconditioner, Schaumbad | Minoan Life","og_description":"Ein mildes Shampoo mit Extrakten aus Salbei und Olive mit antioxidativen Eigenschaften, die Glanz verleihen, die nat\u00fcrliche Farbe st\u00e4rken und die Gesundheit von Haar und Kopfhaut f\u00f6rdern.","og_url":"https:\/\/www.minoanlife.com\/de\/eshop\/beauty-kit-shampoo-haarconditioner-schaumbad\/","og_site_name":"Minoan Life","article_modified_time":"2021-01-12T12:51:37+00:00","og_image":[{"width":1563,"height":1563,"url":"https:\/\/www.minoanlife.com\/wp-content\/uploads\/beauty_kit_bath.png","type":"image\/png"}],"twitter_misc":{"Gesch\u00e4tzte Lesezeit":"1\u00a0Minute"},"schema":{"@context":"https:\/\/schema.org","@graph":[{"@type":"WebPage","@id":"https:\/\/www.minoanlife.com\/de\/eshop\/beauty-kit-shampoo-haarconditioner-schaumbad\/","url":"https:\/\/www.minoanlife.com\/de\/eshop\/beauty-kit-shampoo-haarconditioner-schaumbad\/","name":"Beauty Kit: Shampoo, Haarconditioner, Schaumbad | Minoan Life","isPartOf":{"@id":"https:\/\/www.minoanlife.com\/de\/#website"},"primaryImageOfPage":{"@id":"https:\/\/www.minoanlife.com\/de\/eshop\/beauty-kit-shampoo-haarconditioner-schaumbad\/#primaryimage"},"image":{"@id":"https:\/\/www.minoanlife.com\/de\/eshop\/beauty-kit-shampoo-haarconditioner-schaumbad\/#primaryimage"},"thumbnailUrl":"https:\/\/www.minoanlife.com\/wp-content\/uploads\/beauty_kit_bath.png","datePublished":"2016-03-09T12:22:02+00:00","dateModified":"2021-01-12T12:51:37+00:00","description":"Ein mildes Shampoo mit Extrakten aus Salbei und Olive mit antioxidativen Eigenschaften, die Glanz verleihen, die nat\u00fcrliche Farbe st\u00e4rken und die Gesundheit von Haar und Kopfhaut f\u00f6rdern.","breadcrumb":{"@id":"https:\/\/www.minoanlife.com\/de\/eshop\/beauty-kit-shampoo-haarconditioner-schaumbad\/#breadcrumb"},"inLanguage":"de","potentialAction":[{"@type":"ReadAction","target":["https:\/\/www.minoanlife.com\/de\/eshop\/beauty-kit-shampoo-haarconditioner-schaumbad\/"]}]},{"@type":"ImageObject","inLanguage":"de","@id":"https:\/\/www.minoanlife.com\/de\/eshop\/beauty-kit-shampoo-haarconditioner-schaumbad\/#primaryimage","url":"https:\/\/www.minoanlife.com\/wp-content\/uploads\/beauty_kit_bath.png","contentUrl":"https:\/\/www.minoanlife.com\/wp-content\/uploads\/beauty_kit_bath.png","width":1563,"height":1563,"caption":"beauty_kit_bath"},{"@type":"BreadcrumbList","@id":"https:\/\/www.minoanlife.com\/de\/eshop\/beauty-kit-shampoo-haarconditioner-schaumbad\/#breadcrumb","itemListElement":[{"@type":"ListItem","position":1,"name":"Home","item":"https:\/\/www.minoanlife.com\/de\/"},{"@type":"ListItem","position":2,"name":"Eshop","item":"https:\/\/www.minoanlife.com\/de\/eshop\/"},{"@type":"ListItem","position":3,"name":"Beauty Kit: Shampoo, Haarconditioner, Schaumbad"}]},{"@type":"WebSite","@id":"https:\/\/www.minoanlife.com\/de\/#website","url":"https:\/\/www.minoanlife.com\/de\/","name":"Minoan Life","description":"","potentialAction":[{"@type":"SearchAction","target":{"@type":"EntryPoint","urlTemplate":"https:\/\/www.minoanlife.com\/de\/?s={search_term_string}"},"query-input":{"@type":"PropertyValueSpecification","valueRequired":true,"valueName":"search_term_string"}}],"inLanguage":"de"}]}},"_links":{"self":[{"href":"https:\/\/www.minoanlife.com\/de\/wp-json\/wp\/v2\/product\/15438","targetHints":{"allow":["GET"]}}],"collection":[{"href":"https:\/\/www.minoanlife.com\/de\/wp-json\/wp\/v2\/product"}],"about":[{"href":"https:\/\/www.minoanlife.com\/de\/wp-json\/wp\/v2\/types\/product"}],"replies":[{"embeddable":true,"href":"https:\/\/www.minoanlife.com\/de\/wp-json\/wp\/v2\/comments?post=15438"}],"wp:featuredmedia":[{"embeddable":true,"href":"https:\/\/www.minoanlife.com\/de\/wp-json\/wp\/v2\/media\/12910"}],"wp:attachment":[{"href":"https:\/\/www.minoanlife.com\/de\/wp-json\/wp\/v2\/media?parent=15438"}],"wp:term":[{"taxonomy":"product_brand","embeddable":true,"href":"https:\/\/www.minoanlife.com\/de\/wp-json\/wp\/v2\/product_brand?post=15438"},{"taxonomy":"product_cat","embeddable":true,"href":"https:\/\/www.minoanlife.com\/de\/wp-json\/wp\/v2\/product_cat?post=15438"},{"taxonomy":"product_tag","embeddable":true,"href":"https:\/\/www.minoanlife.com\/de\/wp-json\/wp\/v2\/product_tag?post=15438"}],"curies":[{"name":"wp","href":"https:\/\/api.w.org\/{rel}","templated":true}]}}