{"id":15019,"date":"2016-03-22T09:35:03","date_gmt":"2016-04-01T06:16:10","guid":{"rendered":"https:\/\/www.minoanlife.com\/?post_type=product&#038;p=15019"},"modified":"2021-02-16T06:38:30","modified_gmt":"2021-02-16T06:38:30","slug":"gesichtsreinigungsmilch","status":"publish","type":"product","link":"https:\/\/www.minoanlife.com\/de\/eshop\/gesichtsreinigungsmilch\/","title":{"rendered":"Gesichtsreinigungsmilch mit Bergtee Und Strohblume"},"content":{"rendered":"<p class=\"normal\" style=\"text-align: justify;line-height: 116%\"><span lang=\"DE\" style=\"line-height: 116%;font-family: Arial\">Sanfte Gesichtsreinigungsmilch, angereichert mit wertvollen Extrakten der griechischen Natur. Die Extrakte der Strohblume, die reich an Terpenen und Flavonoiden sind, bieten antioxidativen Schutz, w\u00e4hrend der Bergtee mit seinem reichen Eisengehalt beruhigende und lindernde Wirkstoffe enth\u00e4lt, die die Haut w\u00e4hrend der Reinigung pflegen. <\/span><\/p>\n<p><!-- [if gte mso 9]&gt;--><\/p>\n<p class=\"normal\" style=\"text-align: justify;line-height: 116%\"><strong><span lang=\"DE\" style=\"line-height: 116%;font-family: Arial\">Gebrauch:<\/span><\/strong><span lang=\"DE\" style=\"line-height: 116%;font-family: Arial\"> Ausreichende Menge an Gesichtsreinigungsmilch auf dem Gesicht und am Hals auftragen und das Make-Up mit einem Pad oder einem Tuch entfernen. \u00a0<\/span><\/p>\n","protected":false},"excerpt":{"rendered":"<p>Bergtee Und Strohblume<\/p>\n","protected":false},"featured_media":24056,"comment_status":"open","ping_status":"closed","template":"","meta":[],"product_brand":[],"product_cat":[880],"product_tag":[4626,1736],"class_list":{"0":"post-15019","1":"product","2":"type-product","3":"status-publish","4":"has-post-thumbnail","6":"product_cat-gesichtspflege","7":"product_tag-face-care-de","8":"product_tag-produkte_in_reisegroesse","9":"brand-olive-beauty-medi-care-brand-de","11":"first","12":"instock","13":"taxable","14":"shipping-taxable","15":"purchasable","16":"product-type-simple"},"yoast_head":"<!-- This site is optimized with the Yoast SEO plugin v27.2 - https:\/\/yoast.com\/product\/yoast-seo-wordpress\/ -->\n<title>Gesichtsreinigungsmilch mit Bergtee Und Strohblume | Minoan Life<\/title>\n<meta name=\"robots\" content=\"index, follow, max-snippet:-1, max-image-preview:large, max-video-preview:-1\" \/>\n<link rel=\"canonical\" href=\"https:\/\/www.minoanlife.com\/de\/eshop\/gesichtsreinigungsmilch\/\" \/>\n<meta property=\"og:locale\" content=\"de_DE\" \/>\n<meta property=\"og:type\" content=\"article\" \/>\n<meta property=\"og:title\" content=\"Gesichtsreinigungsmilch mit Bergtee Und Strohblume | Minoan Life\" \/>\n<meta property=\"og:description\" content=\"Bergtee Und Strohblume\" \/>\n<meta property=\"og:url\" content=\"https:\/\/www.minoanlife.com\/de\/eshop\/gesichtsreinigungsmilch\/\" \/>\n<meta property=\"og:site_name\" content=\"Minoan Life\" \/>\n<meta property=\"article:modified_time\" content=\"2021-02-16T06:38:30+00:00\" \/>\n<meta property=\"og:image\" content=\"https:\/\/www.minoanlife.com\/wp-content\/uploads\/facial_cleansing_milk_minoanlife.jpg\" \/>\n\t<meta property=\"og:image:width\" content=\"600\" \/>\n\t<meta property=\"og:image:height\" content=\"600\" \/>\n\t<meta property=\"og:image:type\" content=\"image\/jpeg\" \/>\n<script type=\"application\/ld+json\" class=\"yoast-schema-graph\">{\"@context\":\"https:\/\/schema.org\",\"@graph\":[{\"@type\":\"WebPage\",\"@id\":\"https:\/\/www.minoanlife.com\/de\/eshop\/gesichtsreinigungsmilch\/\",\"url\":\"https:\/\/www.minoanlife.com\/de\/eshop\/gesichtsreinigungsmilch\/\",\"name\":\"Gesichtsreinigungsmilch mit Bergtee Und Strohblume | Minoan Life\",\"isPartOf\":{\"@id\":\"https:\/\/www.minoanlife.com\/de\/#website\"},\"primaryImageOfPage\":{\"@id\":\"https:\/\/www.minoanlife.com\/de\/eshop\/gesichtsreinigungsmilch\/#primaryimage\"},\"image\":{\"@id\":\"https:\/\/www.minoanlife.com\/de\/eshop\/gesichtsreinigungsmilch\/#primaryimage\"},\"thumbnailUrl\":\"https:\/\/www.minoanlife.com\/wp-content\/uploads\/facial_cleansing_milk_minoanlife.jpg\",\"datePublished\":\"2016-04-01T06:16:10+00:00\",\"dateModified\":\"2021-02-16T06:38:30+00:00\",\"breadcrumb\":{\"@id\":\"https:\/\/www.minoanlife.com\/de\/eshop\/gesichtsreinigungsmilch\/#breadcrumb\"},\"inLanguage\":\"de\",\"potentialAction\":[{\"@type\":\"ReadAction\",\"target\":[\"https:\/\/www.minoanlife.com\/de\/eshop\/gesichtsreinigungsmilch\/\"]}]},{\"@type\":\"ImageObject\",\"inLanguage\":\"de\",\"@id\":\"https:\/\/www.minoanlife.com\/de\/eshop\/gesichtsreinigungsmilch\/#primaryimage\",\"url\":\"https:\/\/www.minoanlife.com\/wp-content\/uploads\/facial_cleansing_milk_minoanlife.jpg\",\"contentUrl\":\"https:\/\/www.minoanlife.com\/wp-content\/uploads\/facial_cleansing_milk_minoanlife.jpg\",\"width\":600,\"height\":600,\"caption\":\"facial_cleansing_milk_minoanlife\"},{\"@type\":\"BreadcrumbList\",\"@id\":\"https:\/\/www.minoanlife.com\/de\/eshop\/gesichtsreinigungsmilch\/#breadcrumb\",\"itemListElement\":[{\"@type\":\"ListItem\",\"position\":1,\"name\":\"Home\",\"item\":\"https:\/\/www.minoanlife.com\/de\/\"},{\"@type\":\"ListItem\",\"position\":2,\"name\":\"Eshop\",\"item\":\"https:\/\/www.minoanlife.com\/de\/eshop\/\"},{\"@type\":\"ListItem\",\"position\":3,\"name\":\"Gesichtsreinigungsmilch mit Bergtee Und Strohblume\"}]},{\"@type\":\"WebSite\",\"@id\":\"https:\/\/www.minoanlife.com\/de\/#website\",\"url\":\"https:\/\/www.minoanlife.com\/de\/\",\"name\":\"Minoan Life\",\"description\":\"\",\"potentialAction\":[{\"@type\":\"SearchAction\",\"target\":{\"@type\":\"EntryPoint\",\"urlTemplate\":\"https:\/\/www.minoanlife.com\/de\/?s={search_term_string}\"},\"query-input\":{\"@type\":\"PropertyValueSpecification\",\"valueRequired\":true,\"valueName\":\"search_term_string\"}}],\"inLanguage\":\"de\"}]}<\/script>\n<!-- \/ Yoast SEO plugin. -->","yoast_head_json":{"title":"Gesichtsreinigungsmilch mit Bergtee Und Strohblume | Minoan Life","robots":{"index":"index","follow":"follow","max-snippet":"max-snippet:-1","max-image-preview":"max-image-preview:large","max-video-preview":"max-video-preview:-1"},"canonical":"https:\/\/www.minoanlife.com\/de\/eshop\/gesichtsreinigungsmilch\/","og_locale":"de_DE","og_type":"article","og_title":"Gesichtsreinigungsmilch mit Bergtee Und Strohblume | Minoan Life","og_description":"Bergtee Und Strohblume","og_url":"https:\/\/www.minoanlife.com\/de\/eshop\/gesichtsreinigungsmilch\/","og_site_name":"Minoan Life","article_modified_time":"2021-02-16T06:38:30+00:00","og_image":[{"width":600,"height":600,"url":"https:\/\/www.minoanlife.com\/wp-content\/uploads\/facial_cleansing_milk_minoanlife.jpg","type":"image\/jpeg"}],"schema":{"@context":"https:\/\/schema.org","@graph":[{"@type":"WebPage","@id":"https:\/\/www.minoanlife.com\/de\/eshop\/gesichtsreinigungsmilch\/","url":"https:\/\/www.minoanlife.com\/de\/eshop\/gesichtsreinigungsmilch\/","name":"Gesichtsreinigungsmilch mit Bergtee Und Strohblume | Minoan Life","isPartOf":{"@id":"https:\/\/www.minoanlife.com\/de\/#website"},"primaryImageOfPage":{"@id":"https:\/\/www.minoanlife.com\/de\/eshop\/gesichtsreinigungsmilch\/#primaryimage"},"image":{"@id":"https:\/\/www.minoanlife.com\/de\/eshop\/gesichtsreinigungsmilch\/#primaryimage"},"thumbnailUrl":"https:\/\/www.minoanlife.com\/wp-content\/uploads\/facial_cleansing_milk_minoanlife.jpg","datePublished":"2016-04-01T06:16:10+00:00","dateModified":"2021-02-16T06:38:30+00:00","breadcrumb":{"@id":"https:\/\/www.minoanlife.com\/de\/eshop\/gesichtsreinigungsmilch\/#breadcrumb"},"inLanguage":"de","potentialAction":[{"@type":"ReadAction","target":["https:\/\/www.minoanlife.com\/de\/eshop\/gesichtsreinigungsmilch\/"]}]},{"@type":"ImageObject","inLanguage":"de","@id":"https:\/\/www.minoanlife.com\/de\/eshop\/gesichtsreinigungsmilch\/#primaryimage","url":"https:\/\/www.minoanlife.com\/wp-content\/uploads\/facial_cleansing_milk_minoanlife.jpg","contentUrl":"https:\/\/www.minoanlife.com\/wp-content\/uploads\/facial_cleansing_milk_minoanlife.jpg","width":600,"height":600,"caption":"facial_cleansing_milk_minoanlife"},{"@type":"BreadcrumbList","@id":"https:\/\/www.minoanlife.com\/de\/eshop\/gesichtsreinigungsmilch\/#breadcrumb","itemListElement":[{"@type":"ListItem","position":1,"name":"Home","item":"https:\/\/www.minoanlife.com\/de\/"},{"@type":"ListItem","position":2,"name":"Eshop","item":"https:\/\/www.minoanlife.com\/de\/eshop\/"},{"@type":"ListItem","position":3,"name":"Gesichtsreinigungsmilch mit Bergtee Und Strohblume"}]},{"@type":"WebSite","@id":"https:\/\/www.minoanlife.com\/de\/#website","url":"https:\/\/www.minoanlife.com\/de\/","name":"Minoan Life","description":"","potentialAction":[{"@type":"SearchAction","target":{"@type":"EntryPoint","urlTemplate":"https:\/\/www.minoanlife.com\/de\/?s={search_term_string}"},"query-input":{"@type":"PropertyValueSpecification","valueRequired":true,"valueName":"search_term_string"}}],"inLanguage":"de"}]}},"_links":{"self":[{"href":"https:\/\/www.minoanlife.com\/de\/wp-json\/wp\/v2\/product\/15019","targetHints":{"allow":["GET"]}}],"collection":[{"href":"https:\/\/www.minoanlife.com\/de\/wp-json\/wp\/v2\/product"}],"about":[{"href":"https:\/\/www.minoanlife.com\/de\/wp-json\/wp\/v2\/types\/product"}],"replies":[{"embeddable":true,"href":"https:\/\/www.minoanlife.com\/de\/wp-json\/wp\/v2\/comments?post=15019"}],"wp:featuredmedia":[{"embeddable":true,"href":"https:\/\/www.minoanlife.com\/de\/wp-json\/wp\/v2\/media\/24056"}],"wp:attachment":[{"href":"https:\/\/www.minoanlife.com\/de\/wp-json\/wp\/v2\/media?parent=15019"}],"wp:term":[{"taxonomy":"product_brand","embeddable":true,"href":"https:\/\/www.minoanlife.com\/de\/wp-json\/wp\/v2\/product_brand?post=15019"},{"taxonomy":"product_cat","embeddable":true,"href":"https:\/\/www.minoanlife.com\/de\/wp-json\/wp\/v2\/product_cat?post=15019"},{"taxonomy":"product_tag","embeddable":true,"href":"https:\/\/www.minoanlife.com\/de\/wp-json\/wp\/v2\/product_tag?post=15019"}],"curies":[{"name":"wp","href":"https:\/\/api.w.org\/{rel}","templated":true}]}}