{"id":15017,"date":"2016-03-22T13:21:46","date_gmt":"2016-04-01T06:16:07","guid":{"rendered":"https:\/\/www.minoanlife.com\/?post_type=product&#038;p=15017"},"modified":"2021-02-16T06:37:36","modified_gmt":"2021-02-16T06:37:36","slug":"bb-gesichtscreme","status":"publish","type":"product","link":"https:\/\/www.minoanlife.com\/de\/eshop\/bb-gesichtscreme\/","title":{"rendered":"BB &#8211; Gesichtscreme mit Roter Traube &amp; Strohblume"},"content":{"rendered":"<p class=\"normal\" style=\"text-align: justify;line-height: 116%\"><span lang=\"DE\" style=\"line-height: 116%;font-family: Arial\">Leichte Tagesgesichtscreme, die bereits mit einer Bewegung Unregelm\u00e4\u00dfigkeiten abdeckt, ein geschmeidiges und strahlendes Aussehen verleiht, dem vorzeitigen Alterungsprozess entgegenwirkt und zudem auch einen geringen UVA-UVB-Schutz bietet. Die enthaltenen Extrakte, die aus roter Traube und der Strohblume gewonnen werden, sind reich an antioxidativen Inhaltsstoffen, die freien Radikalen entgegenwirken und vor vorzeitiger Alterung und Irritationen sch\u00fctzen. Organisches Oliven\u00f6l und Sheabutter spenden Feuchtigkeit und n\u00e4hren die Haut.<\/span><\/p>\n<p><!-- [if gte mso 9]&gt;--><\/p>\n<p class=\"normal\" style=\"text-align: justify;line-height: 116%\"><strong><span lang=\"DE\" style=\"line-height: 116%;font-family: Arial\">Gebrauch: <\/span><\/strong><span lang=\"DE\" style=\"line-height: 116%;font-family: Arial\">In der Fr\u00fch oder zu einer anderen Tageszeit t\u00e4glich auf die gereinigte Haut auftragen, um der Haut ein strahlendes Aussehen und Schutz zu verleihen. <\/span><\/p>\n","protected":false},"excerpt":{"rendered":"<p>Roter Traube &amp; Strohblume<\/p>\n","protected":false},"featured_media":24062,"comment_status":"open","ping_status":"closed","template":"","meta":[],"product_brand":[],"product_cat":[880],"product_tag":[4626,4627],"class_list":{"0":"post-15017","1":"product","2":"type-product","3":"status-publish","4":"has-post-thumbnail","6":"product_cat-gesichtspflege","7":"product_tag-face-care-de","8":"product_tag-face-cream-de","9":"brand-olive-beauty-medi-care-brand-de","11":"first","12":"instock","13":"taxable","14":"shipping-taxable","15":"purchasable","16":"product-type-simple"},"yoast_head":"<!-- This site is optimized with the Yoast SEO plugin v27.2 - https:\/\/yoast.com\/product\/yoast-seo-wordpress\/ -->\n<title>BB - Gesichtscreme mit Roter Traube &amp; Strohblume | Minoan Life<\/title>\n<meta name=\"description\" content=\"Leichte Tagesgesichtscreme, die bereits mit einer Bewegung Unregelm\u00e4\u00dfigkeiten abdeckt, ein geschmeidiges und strahlendes Aussehen verleiht und zudem auch einen geringen UVA-UVB-Schutz bietet.\" \/>\n<meta name=\"robots\" content=\"index, follow, max-snippet:-1, max-image-preview:large, max-video-preview:-1\" \/>\n<link rel=\"canonical\" href=\"https:\/\/www.minoanlife.com\/de\/eshop\/bb-gesichtscreme\/\" \/>\n<meta property=\"og:locale\" content=\"de_DE\" \/>\n<meta property=\"og:type\" content=\"article\" \/>\n<meta property=\"og:title\" content=\"BB - Gesichtscreme mit Roter Traube &amp; Strohblume | Minoan Life\" \/>\n<meta property=\"og:description\" content=\"Leichte Tagesgesichtscreme, die bereits mit einer Bewegung Unregelm\u00e4\u00dfigkeiten abdeckt, ein geschmeidiges und strahlendes Aussehen verleiht und zudem auch einen geringen UVA-UVB-Schutz bietet.\" \/>\n<meta property=\"og:url\" content=\"https:\/\/www.minoanlife.com\/de\/eshop\/bb-gesichtscreme\/\" \/>\n<meta property=\"og:site_name\" content=\"Minoan Life\" \/>\n<meta property=\"article:modified_time\" content=\"2021-02-16T06:37:36+00:00\" \/>\n<meta property=\"og:image\" content=\"https:\/\/www.minoanlife.com\/wp-content\/uploads\/bb_face_cream_minoanlife.jpg\" \/>\n\t<meta property=\"og:image:width\" content=\"600\" \/>\n\t<meta property=\"og:image:height\" content=\"600\" \/>\n\t<meta property=\"og:image:type\" content=\"image\/jpeg\" \/>\n<script type=\"application\/ld+json\" class=\"yoast-schema-graph\">{\"@context\":\"https:\/\/schema.org\",\"@graph\":[{\"@type\":\"WebPage\",\"@id\":\"https:\/\/www.minoanlife.com\/de\/eshop\/bb-gesichtscreme\/\",\"url\":\"https:\/\/www.minoanlife.com\/de\/eshop\/bb-gesichtscreme\/\",\"name\":\"BB - Gesichtscreme mit Roter Traube &amp; Strohblume | Minoan Life\",\"isPartOf\":{\"@id\":\"https:\/\/www.minoanlife.com\/de\/#website\"},\"primaryImageOfPage\":{\"@id\":\"https:\/\/www.minoanlife.com\/de\/eshop\/bb-gesichtscreme\/#primaryimage\"},\"image\":{\"@id\":\"https:\/\/www.minoanlife.com\/de\/eshop\/bb-gesichtscreme\/#primaryimage\"},\"thumbnailUrl\":\"https:\/\/www.minoanlife.com\/wp-content\/uploads\/bb_face_cream_minoanlife.jpg\",\"datePublished\":\"2016-04-01T06:16:07+00:00\",\"dateModified\":\"2021-02-16T06:37:36+00:00\",\"description\":\"Leichte Tagesgesichtscreme, die bereits mit einer Bewegung Unregelm\u00e4\u00dfigkeiten abdeckt, ein geschmeidiges und strahlendes Aussehen verleiht und zudem auch einen geringen UVA-UVB-Schutz bietet.\",\"breadcrumb\":{\"@id\":\"https:\/\/www.minoanlife.com\/de\/eshop\/bb-gesichtscreme\/#breadcrumb\"},\"inLanguage\":\"de\",\"potentialAction\":[{\"@type\":\"ReadAction\",\"target\":[\"https:\/\/www.minoanlife.com\/de\/eshop\/bb-gesichtscreme\/\"]}]},{\"@type\":\"ImageObject\",\"inLanguage\":\"de\",\"@id\":\"https:\/\/www.minoanlife.com\/de\/eshop\/bb-gesichtscreme\/#primaryimage\",\"url\":\"https:\/\/www.minoanlife.com\/wp-content\/uploads\/bb_face_cream_minoanlife.jpg\",\"contentUrl\":\"https:\/\/www.minoanlife.com\/wp-content\/uploads\/bb_face_cream_minoanlife.jpg\",\"width\":600,\"height\":600,\"caption\":\"bb_face_cream_minoanlife\"},{\"@type\":\"BreadcrumbList\",\"@id\":\"https:\/\/www.minoanlife.com\/de\/eshop\/bb-gesichtscreme\/#breadcrumb\",\"itemListElement\":[{\"@type\":\"ListItem\",\"position\":1,\"name\":\"Home\",\"item\":\"https:\/\/www.minoanlife.com\/de\/\"},{\"@type\":\"ListItem\",\"position\":2,\"name\":\"Eshop\",\"item\":\"https:\/\/www.minoanlife.com\/de\/eshop\/\"},{\"@type\":\"ListItem\",\"position\":3,\"name\":\"BB &#8211; Gesichtscreme mit Roter Traube &amp; Strohblume\"}]},{\"@type\":\"WebSite\",\"@id\":\"https:\/\/www.minoanlife.com\/de\/#website\",\"url\":\"https:\/\/www.minoanlife.com\/de\/\",\"name\":\"Minoan Life\",\"description\":\"\",\"potentialAction\":[{\"@type\":\"SearchAction\",\"target\":{\"@type\":\"EntryPoint\",\"urlTemplate\":\"https:\/\/www.minoanlife.com\/de\/?s={search_term_string}\"},\"query-input\":{\"@type\":\"PropertyValueSpecification\",\"valueRequired\":true,\"valueName\":\"search_term_string\"}}],\"inLanguage\":\"de\"}]}<\/script>\n<!-- \/ Yoast SEO plugin. -->","yoast_head_json":{"title":"BB - Gesichtscreme mit Roter Traube &amp; Strohblume | Minoan Life","description":"Leichte Tagesgesichtscreme, die bereits mit einer Bewegung Unregelm\u00e4\u00dfigkeiten abdeckt, ein geschmeidiges und strahlendes Aussehen verleiht und zudem auch einen geringen UVA-UVB-Schutz bietet.","robots":{"index":"index","follow":"follow","max-snippet":"max-snippet:-1","max-image-preview":"max-image-preview:large","max-video-preview":"max-video-preview:-1"},"canonical":"https:\/\/www.minoanlife.com\/de\/eshop\/bb-gesichtscreme\/","og_locale":"de_DE","og_type":"article","og_title":"BB - Gesichtscreme mit Roter Traube &amp; Strohblume | Minoan Life","og_description":"Leichte Tagesgesichtscreme, die bereits mit einer Bewegung Unregelm\u00e4\u00dfigkeiten abdeckt, ein geschmeidiges und strahlendes Aussehen verleiht und zudem auch einen geringen UVA-UVB-Schutz bietet.","og_url":"https:\/\/www.minoanlife.com\/de\/eshop\/bb-gesichtscreme\/","og_site_name":"Minoan Life","article_modified_time":"2021-02-16T06:37:36+00:00","og_image":[{"width":600,"height":600,"url":"https:\/\/www.minoanlife.com\/wp-content\/uploads\/bb_face_cream_minoanlife.jpg","type":"image\/jpeg"}],"schema":{"@context":"https:\/\/schema.org","@graph":[{"@type":"WebPage","@id":"https:\/\/www.minoanlife.com\/de\/eshop\/bb-gesichtscreme\/","url":"https:\/\/www.minoanlife.com\/de\/eshop\/bb-gesichtscreme\/","name":"BB - Gesichtscreme mit Roter Traube &amp; Strohblume | Minoan Life","isPartOf":{"@id":"https:\/\/www.minoanlife.com\/de\/#website"},"primaryImageOfPage":{"@id":"https:\/\/www.minoanlife.com\/de\/eshop\/bb-gesichtscreme\/#primaryimage"},"image":{"@id":"https:\/\/www.minoanlife.com\/de\/eshop\/bb-gesichtscreme\/#primaryimage"},"thumbnailUrl":"https:\/\/www.minoanlife.com\/wp-content\/uploads\/bb_face_cream_minoanlife.jpg","datePublished":"2016-04-01T06:16:07+00:00","dateModified":"2021-02-16T06:37:36+00:00","description":"Leichte Tagesgesichtscreme, die bereits mit einer Bewegung Unregelm\u00e4\u00dfigkeiten abdeckt, ein geschmeidiges und strahlendes Aussehen verleiht und zudem auch einen geringen UVA-UVB-Schutz bietet.","breadcrumb":{"@id":"https:\/\/www.minoanlife.com\/de\/eshop\/bb-gesichtscreme\/#breadcrumb"},"inLanguage":"de","potentialAction":[{"@type":"ReadAction","target":["https:\/\/www.minoanlife.com\/de\/eshop\/bb-gesichtscreme\/"]}]},{"@type":"ImageObject","inLanguage":"de","@id":"https:\/\/www.minoanlife.com\/de\/eshop\/bb-gesichtscreme\/#primaryimage","url":"https:\/\/www.minoanlife.com\/wp-content\/uploads\/bb_face_cream_minoanlife.jpg","contentUrl":"https:\/\/www.minoanlife.com\/wp-content\/uploads\/bb_face_cream_minoanlife.jpg","width":600,"height":600,"caption":"bb_face_cream_minoanlife"},{"@type":"BreadcrumbList","@id":"https:\/\/www.minoanlife.com\/de\/eshop\/bb-gesichtscreme\/#breadcrumb","itemListElement":[{"@type":"ListItem","position":1,"name":"Home","item":"https:\/\/www.minoanlife.com\/de\/"},{"@type":"ListItem","position":2,"name":"Eshop","item":"https:\/\/www.minoanlife.com\/de\/eshop\/"},{"@type":"ListItem","position":3,"name":"BB &#8211; Gesichtscreme mit Roter Traube &amp; Strohblume"}]},{"@type":"WebSite","@id":"https:\/\/www.minoanlife.com\/de\/#website","url":"https:\/\/www.minoanlife.com\/de\/","name":"Minoan Life","description":"","potentialAction":[{"@type":"SearchAction","target":{"@type":"EntryPoint","urlTemplate":"https:\/\/www.minoanlife.com\/de\/?s={search_term_string}"},"query-input":{"@type":"PropertyValueSpecification","valueRequired":true,"valueName":"search_term_string"}}],"inLanguage":"de"}]}},"_links":{"self":[{"href":"https:\/\/www.minoanlife.com\/de\/wp-json\/wp\/v2\/product\/15017","targetHints":{"allow":["GET"]}}],"collection":[{"href":"https:\/\/www.minoanlife.com\/de\/wp-json\/wp\/v2\/product"}],"about":[{"href":"https:\/\/www.minoanlife.com\/de\/wp-json\/wp\/v2\/types\/product"}],"replies":[{"embeddable":true,"href":"https:\/\/www.minoanlife.com\/de\/wp-json\/wp\/v2\/comments?post=15017"}],"wp:featuredmedia":[{"embeddable":true,"href":"https:\/\/www.minoanlife.com\/de\/wp-json\/wp\/v2\/media\/24062"}],"wp:attachment":[{"href":"https:\/\/www.minoanlife.com\/de\/wp-json\/wp\/v2\/media?parent=15017"}],"wp:term":[{"taxonomy":"product_brand","embeddable":true,"href":"https:\/\/www.minoanlife.com\/de\/wp-json\/wp\/v2\/product_brand?post=15017"},{"taxonomy":"product_cat","embeddable":true,"href":"https:\/\/www.minoanlife.com\/de\/wp-json\/wp\/v2\/product_cat?post=15017"},{"taxonomy":"product_tag","embeddable":true,"href":"https:\/\/www.minoanlife.com\/de\/wp-json\/wp\/v2\/product_tag?post=15017"}],"curies":[{"name":"wp","href":"https:\/\/api.w.org\/{rel}","templated":true}]}}