{"id":9496,"date":"2014-05-24T18:11:30","date_gmt":"2014-05-24T18:11:30","guid":{"rendered":"http:\/\/www.minoanlife.com\/?page_id=9496"},"modified":"2014-11-24T02:13:48","modified_gmt":"2014-11-24T02:13:48","slug":"das-unternehmen","status":"publish","type":"page","link":"https:\/\/www.minoanlife.com\/de\/das-unternehmen\/","title":{"rendered":"Das Unternehmen"},"content":{"rendered":"<div class=\"wpb-content-wrapper\"><p>[vc_row css=&#8221;.vc_custom_1415098205669{padding-right: 150px !important;padding-left: 150px !important;}&#8221; full_width=&#8221;1&#8243; css_outer=&#8221;.vc_custom_1415098205668{padding-top: 150px !important;padding-bottom: 150px !important;background-image: url(https:\/\/www.minoanlife.com\/wp-content\/uploads\/2014\/05\/company.jpg?id=9941) !important;}&#8221; parallax=&#8221;1&#8243;][vc_column width=&#8221;1\/1&#8243;][\/vc_column][\/vc_row][vc_row][vc_column][vc_column_text]Minoan Life bietet eine Vielzahl von qualitativ hochwertigen Produkten wie\u00a0<strong>Naturkosmetik<\/strong>,\u00a0<strong>Oliven\u00f6l<\/strong>,\u00a0<strong>Kr\u00e4utern und Gew\u00fcrzen<\/strong>, die sich alle auf echten griechischen Rohstoffen basieren.<\/p>\n<p>Es hat seine eigene Naturkosmetik-Produktlinie entwickelt, die so genannte<strong>\u00a0&#8220;Olive Beauty Medi Care&#8221;<\/strong>, mit mehr als 40 Cremen und Oliven\u00f6l-Seifen und seine eigenen Kr\u00e4uter und Gew\u00fcrze-Produktlinie, die so genannte\u00a0<strong>&#8220;Minoan Life Herbs &amp; Spices&#8221;,<\/strong>\u00a0mit mehr als 35 verschiedenen Geschmacksrichtungen.<\/p>\n<p>Dar\u00fcber hinaus arbeitet es mit dem Thrapsanos Landwirtschaftlichen Genossenschaft und dem Agarathos Kloster in die Standardisierung und Verbreitung seinem\u00a0<strong>extra reinen<\/strong><strong>\u00a0kretischen Oliven\u00f6l<\/strong>, sowie der Agarathos\u00a0<strong>Klosterwein\u00a0<\/strong>zusammen.<\/p>\n<p>Schlie\u00dflich, bietet es\u00a0<strong>echten griechischen<\/strong><strong>\u00a0Honig<\/strong>, von lokalen Produzenten,\u00a0<strong>griechische Oliven<\/strong>, und eine Vielzahl von\u00a0<strong>traditionellen griechischen<\/strong><strong>\u00a0S\u00fc\u00dfigkeiten<\/strong>.<\/p>\n<p>Minoan Life wurde von Irida Vekraki und Myrto Vekraki gegr\u00fcndet und befindet sich in Karteros, Heraklion auf der sch\u00f6nen Insel Kreta in Griechenland.[\/vc_column_text][\/vc_column][\/vc_row]<\/p>\n<\/div>","protected":false},"excerpt":{"rendered":"<p>[vc_row css=&#8221;.vc_custom_1415098205669{padding-right: 150px !important;padding-left: 150px !important;}&#8221; full_width=&#8221;1&#8243; css_outer=&#8221;.vc_custom_1415098205668{padding-top: 150px !important;padding-bottom: 150px !important;background-image: url(https:\/\/www.minoanlife.com\/wp-content\/uploads\/2014\/05\/company.jpg?id=9941) !important;}&#8221; parallax=&#8221;1&#8243;][vc_column width=&#8221;1\/1&#8243;][\/vc_column][\/vc_row][vc_row][vc_column][vc_column_text]Minoan Life bietet eine Vielzahl von qualitativ hochwertigen Produkten wie\u00a0Naturkosmetik,\u00a0Oliven\u00f6l,\u00a0Kr\u00e4utern und Gew\u00fcrzen, die sich alle auf echten griechischen Rohstoffen basieren. Es hat seine eigene Naturkosmetik-Produktlinie entwickelt, die so genannte\u00a0&#8220;Olive Beauty Medi Care&#8221;, mit mehr als&#8230;<\/p>\n","protected":false},"author":1,"featured_media":0,"parent":0,"menu_order":147,"comment_status":"open","ping_status":"open","template":"","meta":{"footnotes":""},"class_list":["post-9496","page","type-page","status-publish","hentry"],"yoast_head":"<!-- This site is optimized with the Yoast SEO plugin v27.2 - https:\/\/yoast.com\/product\/yoast-seo-wordpress\/ -->\n<title>Das Unternehmen | Minoan Life<\/title>\n<meta name=\"description\" content=\"Minoan Life bietet eine Vielzahl von qualitativ hochwertigen Produkten wie Naturkosmetik, Oliven\u00f6l, Kr\u00e4utern und Gew\u00fcrzen, die sich alle auf echten griechischen Rohstoffen basieren.\" \/>\n<meta name=\"robots\" content=\"index, follow, max-snippet:-1, max-image-preview:large, max-video-preview:-1\" \/>\n<link rel=\"canonical\" href=\"https:\/\/www.minoanlife.com\/de\/das-unternehmen\/\" \/>\n<meta property=\"og:locale\" content=\"de_DE\" \/>\n<meta property=\"og:type\" content=\"article\" \/>\n<meta property=\"og:title\" content=\"Das Unternehmen | Minoan Life\" \/>\n<meta property=\"og:description\" content=\"Minoan Life bietet eine Vielzahl von qualitativ hochwertigen Produkten wie Naturkosmetik, Oliven\u00f6l, Kr\u00e4utern und Gew\u00fcrzen, die sich alle auf echten griechischen Rohstoffen basieren.\" \/>\n<meta property=\"og:url\" content=\"https:\/\/www.minoanlife.com\/de\/das-unternehmen\/\" \/>\n<meta property=\"og:site_name\" content=\"Minoan Life\" \/>\n<meta property=\"article:modified_time\" content=\"2014-11-24T02:13:48+00:00\" \/>\n<meta name=\"twitter:label1\" content=\"Gesch\u00e4tzte Lesezeit\" \/>\n\t<meta name=\"twitter:data1\" content=\"1\u00a0Minute\" \/>\n<script type=\"application\/ld+json\" class=\"yoast-schema-graph\">{\"@context\":\"https:\/\/schema.org\",\"@graph\":[{\"@type\":\"WebPage\",\"@id\":\"https:\/\/www.minoanlife.com\/de\/das-unternehmen\/\",\"url\":\"https:\/\/www.minoanlife.com\/de\/das-unternehmen\/\",\"name\":\"Das Unternehmen | Minoan Life\",\"isPartOf\":{\"@id\":\"https:\/\/www.minoanlife.com\/de\/#website\"},\"datePublished\":\"2014-05-24T18:11:30+00:00\",\"dateModified\":\"2014-11-24T02:13:48+00:00\",\"description\":\"Minoan Life bietet eine Vielzahl von qualitativ hochwertigen Produkten wie Naturkosmetik, Oliven\u00f6l, Kr\u00e4utern und Gew\u00fcrzen, die sich alle auf echten griechischen Rohstoffen basieren.\",\"breadcrumb\":{\"@id\":\"https:\/\/www.minoanlife.com\/de\/das-unternehmen\/#breadcrumb\"},\"inLanguage\":\"de\",\"potentialAction\":[{\"@type\":\"ReadAction\",\"target\":[\"https:\/\/www.minoanlife.com\/de\/das-unternehmen\/\"]}]},{\"@type\":\"BreadcrumbList\",\"@id\":\"https:\/\/www.minoanlife.com\/de\/das-unternehmen\/#breadcrumb\",\"itemListElement\":[{\"@type\":\"ListItem\",\"position\":1,\"name\":\"Home\",\"item\":\"https:\/\/www.minoanlife.com\/de\/\"},{\"@type\":\"ListItem\",\"position\":2,\"name\":\"Das Unternehmen\"}]},{\"@type\":\"WebSite\",\"@id\":\"https:\/\/www.minoanlife.com\/de\/#website\",\"url\":\"https:\/\/www.minoanlife.com\/de\/\",\"name\":\"Minoan Life\",\"description\":\"\",\"potentialAction\":[{\"@type\":\"SearchAction\",\"target\":{\"@type\":\"EntryPoint\",\"urlTemplate\":\"https:\/\/www.minoanlife.com\/de\/?s={search_term_string}\"},\"query-input\":{\"@type\":\"PropertyValueSpecification\",\"valueRequired\":true,\"valueName\":\"search_term_string\"}}],\"inLanguage\":\"de\"}]}<\/script>\n<!-- \/ Yoast SEO plugin. -->","yoast_head_json":{"title":"Das Unternehmen | Minoan Life","description":"Minoan Life bietet eine Vielzahl von qualitativ hochwertigen Produkten wie Naturkosmetik, Oliven\u00f6l, Kr\u00e4utern und Gew\u00fcrzen, die sich alle auf echten griechischen Rohstoffen basieren.","robots":{"index":"index","follow":"follow","max-snippet":"max-snippet:-1","max-image-preview":"max-image-preview:large","max-video-preview":"max-video-preview:-1"},"canonical":"https:\/\/www.minoanlife.com\/de\/das-unternehmen\/","og_locale":"de_DE","og_type":"article","og_title":"Das Unternehmen | Minoan Life","og_description":"Minoan Life bietet eine Vielzahl von qualitativ hochwertigen Produkten wie Naturkosmetik, Oliven\u00f6l, Kr\u00e4utern und Gew\u00fcrzen, die sich alle auf echten griechischen Rohstoffen basieren.","og_url":"https:\/\/www.minoanlife.com\/de\/das-unternehmen\/","og_site_name":"Minoan Life","article_modified_time":"2014-11-24T02:13:48+00:00","twitter_misc":{"Gesch\u00e4tzte Lesezeit":"1\u00a0Minute"},"schema":{"@context":"https:\/\/schema.org","@graph":[{"@type":"WebPage","@id":"https:\/\/www.minoanlife.com\/de\/das-unternehmen\/","url":"https:\/\/www.minoanlife.com\/de\/das-unternehmen\/","name":"Das Unternehmen | Minoan Life","isPartOf":{"@id":"https:\/\/www.minoanlife.com\/de\/#website"},"datePublished":"2014-05-24T18:11:30+00:00","dateModified":"2014-11-24T02:13:48+00:00","description":"Minoan Life bietet eine Vielzahl von qualitativ hochwertigen Produkten wie Naturkosmetik, Oliven\u00f6l, Kr\u00e4utern und Gew\u00fcrzen, die sich alle auf echten griechischen Rohstoffen basieren.","breadcrumb":{"@id":"https:\/\/www.minoanlife.com\/de\/das-unternehmen\/#breadcrumb"},"inLanguage":"de","potentialAction":[{"@type":"ReadAction","target":["https:\/\/www.minoanlife.com\/de\/das-unternehmen\/"]}]},{"@type":"BreadcrumbList","@id":"https:\/\/www.minoanlife.com\/de\/das-unternehmen\/#breadcrumb","itemListElement":[{"@type":"ListItem","position":1,"name":"Home","item":"https:\/\/www.minoanlife.com\/de\/"},{"@type":"ListItem","position":2,"name":"Das Unternehmen"}]},{"@type":"WebSite","@id":"https:\/\/www.minoanlife.com\/de\/#website","url":"https:\/\/www.minoanlife.com\/de\/","name":"Minoan Life","description":"","potentialAction":[{"@type":"SearchAction","target":{"@type":"EntryPoint","urlTemplate":"https:\/\/www.minoanlife.com\/de\/?s={search_term_string}"},"query-input":{"@type":"PropertyValueSpecification","valueRequired":true,"valueName":"search_term_string"}}],"inLanguage":"de"}]}},"_links":{"self":[{"href":"https:\/\/www.minoanlife.com\/de\/wp-json\/wp\/v2\/pages\/9496","targetHints":{"allow":["GET"]}}],"collection":[{"href":"https:\/\/www.minoanlife.com\/de\/wp-json\/wp\/v2\/pages"}],"about":[{"href":"https:\/\/www.minoanlife.com\/de\/wp-json\/wp\/v2\/types\/page"}],"author":[{"embeddable":true,"href":"https:\/\/www.minoanlife.com\/de\/wp-json\/wp\/v2\/users\/1"}],"replies":[{"embeddable":true,"href":"https:\/\/www.minoanlife.com\/de\/wp-json\/wp\/v2\/comments?post=9496"}],"version-history":[{"count":0,"href":"https:\/\/www.minoanlife.com\/de\/wp-json\/wp\/v2\/pages\/9496\/revisions"}],"wp:attachment":[{"href":"https:\/\/www.minoanlife.com\/de\/wp-json\/wp\/v2\/media?parent=9496"}],"curies":[{"name":"wp","href":"https:\/\/api.w.org\/{rel}","templated":true}]}}