{"id":18565,"date":"2017-03-30T15:36:02","date_gmt":"2017-03-30T15:36:02","guid":{"rendered":"https:\/\/www.minoanlife.com\/?page_id=18565\/"},"modified":"2017-03-30T15:38:32","modified_gmt":"2017-03-30T15:38:32","slug":"qualitaetsrichtlinien","status":"publish","type":"page","link":"https:\/\/www.minoanlife.com\/de\/qualitaetsrichtlinien\/","title":{"rendered":"Qualit\u00e4tsrichtlinien"},"content":{"rendered":"<div class=\"wpb-content-wrapper\"><p>[vc_row][vc_column width=&#8221;1\/2&#8243;][vc_gallery interval=&#8221;3&#8243; images=&#8221;16803,16798,16783,16788&#8243; img_size=&#8221;570&#215;570&#8243;][\/vc_column][vc_column width=&#8221;1\/2&#8243;][vc_column_text]Die Qualit\u00e4tsrichtlinien des Unternehmens gew\u00e4hrleisten eine Zusammenarbeit mit <strong>hochmodernen Forschungszentren<\/strong>. Minoan Life verwendet Pflanzen aus der einzigartigen kretischen Flora, die entweder in gemeinsamen Forschungszentren angebaut werden, spezialisiert auf die Herstellung von Kr\u00e4uterextrakten, \u00e4therischen \u00d6len und bioaktiven Verbindungen nat\u00fcrlichen Ursprungs, oder von <strong>einheimischen Bauern<\/strong>, die spezifische Anbauverfahren anwenden. So wird die hohe Qualit\u00e4t und Konsistenz der Wirkstoffe in jeder Phase des Herstellungsprozesses gew\u00e4hrleistet und \u00fcberwacht.<\/p>\n<p>Die gemeinsamen Forschungszentren sind ebenfalls mit moderner analytischer Infrastruktur ausgestattet und \u00fcberwachen st\u00e4ndig die Qualit\u00e4t der Pflanzen, der Wirkstoffe und der Endprodukte und erf\u00fcllen damit alle Anforderungen an die Qualit\u00e4t der Handhabung von Lebensmitteln (HACCP) und stellen sicher, dass keine mikrobiologischen, chemischen und physikalischen Verunreinigungen vorliegen.<\/p>\n<p><strong>\u00dcber die Produkte:<\/strong><\/p>\n<ul>\n<li>Alle verwendeten Konservierungsstoffe sind bewilligt und werden in der Nahrungserg\u00e4nzungs- und Lebensmittelindustrie verwendet.<\/li>\n<li>Sie enthalten keine Konservierungsstoffe oder andere Wirkstoffe, die im Verdacht stehen, unerw\u00fcnschte Hautreaktionen auszul\u00f6sen, wie Parabene, Mineral\u00f6le, Silikon oder SLS, SLES (Natriumlaurylsulfat, Sodium-Laureth-Sulfat).<\/li>\n<li>Keines der Produkte wird an Tieren getestet.<\/li>\n<li>Sie sind dermatologisch auf m\u00f6gliche unerw\u00fcnschte Hautreaktionen getestet.<\/li>\n<li>Sie sind in Griechenland hergestellt und ihre Qualit\u00e4t wird in jeder Produktionscharge \u00fcberwacht und getestet.<\/li>\n<li>Alle Produktmappen wurden bei der Europ\u00e4ischen Union und dem Griechischen Nationalen \u00c4rzteverband zusammen mit den Sicherheitsdatenbl\u00e4ttern (SDB) eingereicht.<\/li>\n<li>Sie sind ISO 9001: 2008 und ISO 22000: 2005 zertifiziert, sowohl f\u00fcr ihre Rohstoffqualit\u00e4t als auch f\u00fcr ihren Herstellungsprozess.<\/li>\n<\/ul>\n<p>Die <strong>hohen Reinheitsgrade<\/strong> der Produkte (bis zu 99,5 %) dokumentieren ihre vorteilhaften und revitalisierenden Eigenschaften, w\u00e4hrend sie ein Gef\u00fchl der Entspannung und Verj\u00fcngung hinterlassen The olive oil being used is 100% organic.[\/vc_column_text][\/vc_column][\/vc_row]<\/p>\n<\/div>","protected":false},"excerpt":{"rendered":"<p>[vc_row][vc_column width=&#8221;1\/2&#8243;][vc_gallery interval=&#8221;3&#8243; images=&#8221;16803,16798,16783,16788&#8243; img_size=&#8221;570&#215;570&#8243;][\/vc_column][vc_column width=&#8221;1\/2&#8243;][vc_column_text]Die Qualit\u00e4tsrichtlinien des Unternehmens gew\u00e4hrleisten eine Zusammenarbeit mit hochmodernen Forschungszentren. Minoan Life verwendet Pflanzen aus der einzigartigen kretischen Flora, die entweder in gemeinsamen Forschungszentren angebaut werden, spezialisiert auf die Herstellung von Kr\u00e4uterextrakten, \u00e4therischen \u00d6len und bioaktiven Verbindungen nat\u00fcrlichen Ursprungs, oder von einheimischen Bauern, die spezifische&#8230;<\/p>\n","protected":false},"author":124,"featured_media":0,"parent":0,"menu_order":7,"comment_status":"closed","ping_status":"closed","template":"","meta":{"footnotes":""},"class_list":["post-18565","page","type-page","status-publish","hentry"],"yoast_head":"<!-- This site is optimized with the Yoast SEO plugin v27.2 - https:\/\/yoast.com\/product\/yoast-seo-wordpress\/ -->\n<title>Qualit\u00e4tsrichtlinien | Minoan Life<\/title>\n<meta name=\"description\" content=\"Die hohen Reinheitsgrade der Produkte (bis zu 99,5 %) dokumentieren ihre vorteilhaften und revitalisierenden Eigenschaften.\" \/>\n<meta name=\"robots\" content=\"index, follow, max-snippet:-1, max-image-preview:large, max-video-preview:-1\" \/>\n<link rel=\"canonical\" href=\"https:\/\/www.minoanlife.com\/de\/qualitaetsrichtlinien\/\" \/>\n<meta property=\"og:locale\" content=\"de_DE\" \/>\n<meta property=\"og:type\" content=\"article\" \/>\n<meta property=\"og:title\" content=\"Qualit\u00e4tsrichtlinien | Minoan Life\" \/>\n<meta property=\"og:description\" content=\"Die hohen Reinheitsgrade der Produkte (bis zu 99,5 %) dokumentieren ihre vorteilhaften und revitalisierenden Eigenschaften.\" \/>\n<meta property=\"og:url\" content=\"https:\/\/www.minoanlife.com\/de\/qualitaetsrichtlinien\/\" \/>\n<meta property=\"og:site_name\" content=\"Minoan Life\" \/>\n<meta property=\"article:modified_time\" content=\"2017-03-30T15:38:32+00:00\" \/>\n<meta name=\"twitter:label1\" content=\"Gesch\u00e4tzte Lesezeit\" \/>\n\t<meta name=\"twitter:data1\" content=\"1\u00a0Minute\" \/>\n<script type=\"application\/ld+json\" class=\"yoast-schema-graph\">{\"@context\":\"https:\/\/schema.org\",\"@graph\":[{\"@type\":\"WebPage\",\"@id\":\"https:\/\/www.minoanlife.com\/de\/qualitaetsrichtlinien\/\",\"url\":\"https:\/\/www.minoanlife.com\/de\/qualitaetsrichtlinien\/\",\"name\":\"Qualit\u00e4tsrichtlinien | Minoan Life\",\"isPartOf\":{\"@id\":\"https:\/\/www.minoanlife.com\/de\/#website\"},\"datePublished\":\"2017-03-30T15:36:02+00:00\",\"dateModified\":\"2017-03-30T15:38:32+00:00\",\"description\":\"Die hohen Reinheitsgrade der Produkte (bis zu 99,5 %) dokumentieren ihre vorteilhaften und revitalisierenden Eigenschaften.\",\"breadcrumb\":{\"@id\":\"https:\/\/www.minoanlife.com\/de\/qualitaetsrichtlinien\/#breadcrumb\"},\"inLanguage\":\"de\",\"potentialAction\":[{\"@type\":\"ReadAction\",\"target\":[\"https:\/\/www.minoanlife.com\/de\/qualitaetsrichtlinien\/\"]}]},{\"@type\":\"BreadcrumbList\",\"@id\":\"https:\/\/www.minoanlife.com\/de\/qualitaetsrichtlinien\/#breadcrumb\",\"itemListElement\":[{\"@type\":\"ListItem\",\"position\":1,\"name\":\"Home\",\"item\":\"https:\/\/www.minoanlife.com\/de\/\"},{\"@type\":\"ListItem\",\"position\":2,\"name\":\"Qualit\u00e4tsrichtlinien\"}]},{\"@type\":\"WebSite\",\"@id\":\"https:\/\/www.minoanlife.com\/de\/#website\",\"url\":\"https:\/\/www.minoanlife.com\/de\/\",\"name\":\"Minoan Life\",\"description\":\"\",\"potentialAction\":[{\"@type\":\"SearchAction\",\"target\":{\"@type\":\"EntryPoint\",\"urlTemplate\":\"https:\/\/www.minoanlife.com\/de\/?s={search_term_string}\"},\"query-input\":{\"@type\":\"PropertyValueSpecification\",\"valueRequired\":true,\"valueName\":\"search_term_string\"}}],\"inLanguage\":\"de\"}]}<\/script>\n<!-- \/ Yoast SEO plugin. -->","yoast_head_json":{"title":"Qualit\u00e4tsrichtlinien | Minoan Life","description":"Die hohen Reinheitsgrade der Produkte (bis zu 99,5 %) dokumentieren ihre vorteilhaften und revitalisierenden Eigenschaften.","robots":{"index":"index","follow":"follow","max-snippet":"max-snippet:-1","max-image-preview":"max-image-preview:large","max-video-preview":"max-video-preview:-1"},"canonical":"https:\/\/www.minoanlife.com\/de\/qualitaetsrichtlinien\/","og_locale":"de_DE","og_type":"article","og_title":"Qualit\u00e4tsrichtlinien | Minoan Life","og_description":"Die hohen Reinheitsgrade der Produkte (bis zu 99,5 %) dokumentieren ihre vorteilhaften und revitalisierenden Eigenschaften.","og_url":"https:\/\/www.minoanlife.com\/de\/qualitaetsrichtlinien\/","og_site_name":"Minoan Life","article_modified_time":"2017-03-30T15:38:32+00:00","twitter_misc":{"Gesch\u00e4tzte Lesezeit":"1\u00a0Minute"},"schema":{"@context":"https:\/\/schema.org","@graph":[{"@type":"WebPage","@id":"https:\/\/www.minoanlife.com\/de\/qualitaetsrichtlinien\/","url":"https:\/\/www.minoanlife.com\/de\/qualitaetsrichtlinien\/","name":"Qualit\u00e4tsrichtlinien | Minoan Life","isPartOf":{"@id":"https:\/\/www.minoanlife.com\/de\/#website"},"datePublished":"2017-03-30T15:36:02+00:00","dateModified":"2017-03-30T15:38:32+00:00","description":"Die hohen Reinheitsgrade der Produkte (bis zu 99,5 %) dokumentieren ihre vorteilhaften und revitalisierenden Eigenschaften.","breadcrumb":{"@id":"https:\/\/www.minoanlife.com\/de\/qualitaetsrichtlinien\/#breadcrumb"},"inLanguage":"de","potentialAction":[{"@type":"ReadAction","target":["https:\/\/www.minoanlife.com\/de\/qualitaetsrichtlinien\/"]}]},{"@type":"BreadcrumbList","@id":"https:\/\/www.minoanlife.com\/de\/qualitaetsrichtlinien\/#breadcrumb","itemListElement":[{"@type":"ListItem","position":1,"name":"Home","item":"https:\/\/www.minoanlife.com\/de\/"},{"@type":"ListItem","position":2,"name":"Qualit\u00e4tsrichtlinien"}]},{"@type":"WebSite","@id":"https:\/\/www.minoanlife.com\/de\/#website","url":"https:\/\/www.minoanlife.com\/de\/","name":"Minoan Life","description":"","potentialAction":[{"@type":"SearchAction","target":{"@type":"EntryPoint","urlTemplate":"https:\/\/www.minoanlife.com\/de\/?s={search_term_string}"},"query-input":{"@type":"PropertyValueSpecification","valueRequired":true,"valueName":"search_term_string"}}],"inLanguage":"de"}]}},"_links":{"self":[{"href":"https:\/\/www.minoanlife.com\/de\/wp-json\/wp\/v2\/pages\/18565","targetHints":{"allow":["GET"]}}],"collection":[{"href":"https:\/\/www.minoanlife.com\/de\/wp-json\/wp\/v2\/pages"}],"about":[{"href":"https:\/\/www.minoanlife.com\/de\/wp-json\/wp\/v2\/types\/page"}],"author":[{"embeddable":true,"href":"https:\/\/www.minoanlife.com\/de\/wp-json\/wp\/v2\/users\/124"}],"replies":[{"embeddable":true,"href":"https:\/\/www.minoanlife.com\/de\/wp-json\/wp\/v2\/comments?post=18565"}],"version-history":[{"count":1,"href":"https:\/\/www.minoanlife.com\/de\/wp-json\/wp\/v2\/pages\/18565\/revisions"}],"predecessor-version":[{"id":18566,"href":"https:\/\/www.minoanlife.com\/de\/wp-json\/wp\/v2\/pages\/18565\/revisions\/18566"}],"wp:attachment":[{"href":"https:\/\/www.minoanlife.com\/de\/wp-json\/wp\/v2\/media?parent=18565"}],"curies":[{"name":"wp","href":"https:\/\/api.w.org\/{rel}","templated":true}]}}