{"id":16090,"date":"2016-04-04T11:49:45","date_gmt":"2016-04-04T11:49:45","guid":{"rendered":"https:\/\/www.minoanlife.com\/de\/?page_id=16090"},"modified":"2016-12-08T14:45:20","modified_gmt":"2016-12-08T14:45:20","slug":"naturschwaemme","status":"publish","type":"page","link":"https:\/\/www.minoanlife.com\/de\/naturschwaemme\/","title":{"rendered":"Naturschw\u00e4mme"},"content":{"rendered":"<p><strong>Product Details<\/strong><\/p>\n<p>Naturschw\u00e4mme werden seit <strong>Tausenden von Jahren<\/strong> benutzt. Wegen ihrer einzigartigen Eigenschaften sind sie ideal f\u00fcr das <strong>Bad<\/strong> und die <strong>t\u00e4gliche K\u00f6rperpflege<\/strong>. Der <strong>Naturschwamm Minoan Life<\/strong> ist ein <strong>hochwertiger<\/strong> Schwamm, sorgf\u00e4ltig ausgew\u00e4hlt aus dem <strong>Mittelmeer<\/strong>.<\/p>\n<p>Der <strong>Naturschwamm Minoan Life<\/strong> ist ideal f\u00fcr Massage und gibt dem K\u00f6rper ein einzigartiges <strong>Entspannungserlebnis<\/strong>. Er ist hypoallergen und hilft bei der Reinigung, ohne die Haut zu verletzen. Und da der <strong>Minoan Life Naturschwamm<\/strong> ein<strong> lebender Organismus<\/strong> ist, behindert er die Ansammlung von Bakterien. Im Gegensatz zum Industrieschwamm hat er eine lange Lebensdauer und nimmt keine Ger\u00fcche an.<\/p>\n","protected":false},"excerpt":{"rendered":"<p>Product Details Naturschw\u00e4mme werden seit Tausenden von Jahren benutzt. Wegen ihrer einzigartigen Eigenschaften sind sie ideal f\u00fcr das Bad und die t\u00e4gliche K\u00f6rperpflege. Der Naturschwamm Minoan Life ist ein hochwertiger Schwamm, sorgf\u00e4ltig ausgew\u00e4hlt aus dem Mittelmeer. Der Naturschwamm Minoan Life ist ideal f\u00fcr Massage und gibt dem K\u00f6rper ein einzigartiges&#8230;<\/p>\n","protected":false},"author":124,"featured_media":0,"parent":0,"menu_order":9,"comment_status":"closed","ping_status":"closed","template":"","meta":{"footnotes":""},"class_list":["post-16090","page","type-page","status-publish","hentry"],"yoast_head":"<!-- This site is optimized with the Yoast SEO plugin v27.2 - https:\/\/yoast.com\/product\/yoast-seo-wordpress\/ -->\n<title>Naturschw\u00e4mme | Minoan Life<\/title>\n<meta name=\"robots\" content=\"index, follow, max-snippet:-1, max-image-preview:large, max-video-preview:-1\" \/>\n<link rel=\"canonical\" href=\"https:\/\/www.minoanlife.com\/de\/naturschwaemme\/\" \/>\n<meta property=\"og:locale\" content=\"de_DE\" \/>\n<meta property=\"og:type\" content=\"article\" \/>\n<meta property=\"og:title\" content=\"Naturschw\u00e4mme | Minoan Life\" \/>\n<meta property=\"og:description\" content=\"Product Details Naturschw\u00e4mme werden seit Tausenden von Jahren benutzt. Wegen ihrer einzigartigen Eigenschaften sind sie ideal f\u00fcr das Bad und die t\u00e4gliche K\u00f6rperpflege. Der Naturschwamm Minoan Life ist ein hochwertiger Schwamm, sorgf\u00e4ltig ausgew\u00e4hlt aus dem Mittelmeer. Der Naturschwamm Minoan Life ist ideal f\u00fcr Massage und gibt dem K\u00f6rper ein einzigartiges...\" \/>\n<meta property=\"og:url\" content=\"https:\/\/www.minoanlife.com\/de\/naturschwaemme\/\" \/>\n<meta property=\"og:site_name\" content=\"Minoan Life\" \/>\n<meta property=\"article:modified_time\" content=\"2016-12-08T14:45:20+00:00\" \/>\n<meta name=\"twitter:label1\" content=\"Gesch\u00e4tzte Lesezeit\" \/>\n\t<meta name=\"twitter:data1\" content=\"1\u00a0Minute\" \/>\n<script type=\"application\/ld+json\" class=\"yoast-schema-graph\">{\"@context\":\"https:\/\/schema.org\",\"@graph\":[{\"@type\":\"WebPage\",\"@id\":\"https:\/\/www.minoanlife.com\/de\/naturschwaemme\/\",\"url\":\"https:\/\/www.minoanlife.com\/de\/naturschwaemme\/\",\"name\":\"Naturschw\u00e4mme | Minoan Life\",\"isPartOf\":{\"@id\":\"https:\/\/www.minoanlife.com\/de\/#website\"},\"datePublished\":\"2016-04-04T11:49:45+00:00\",\"dateModified\":\"2016-12-08T14:45:20+00:00\",\"breadcrumb\":{\"@id\":\"https:\/\/www.minoanlife.com\/de\/naturschwaemme\/#breadcrumb\"},\"inLanguage\":\"de\",\"potentialAction\":[{\"@type\":\"ReadAction\",\"target\":[\"https:\/\/www.minoanlife.com\/de\/naturschwaemme\/\"]}]},{\"@type\":\"BreadcrumbList\",\"@id\":\"https:\/\/www.minoanlife.com\/de\/naturschwaemme\/#breadcrumb\",\"itemListElement\":[{\"@type\":\"ListItem\",\"position\":1,\"name\":\"Home\",\"item\":\"https:\/\/www.minoanlife.com\/de\/\"},{\"@type\":\"ListItem\",\"position\":2,\"name\":\"Naturschw\u00e4mme\"}]},{\"@type\":\"WebSite\",\"@id\":\"https:\/\/www.minoanlife.com\/de\/#website\",\"url\":\"https:\/\/www.minoanlife.com\/de\/\",\"name\":\"Minoan Life\",\"description\":\"\",\"potentialAction\":[{\"@type\":\"SearchAction\",\"target\":{\"@type\":\"EntryPoint\",\"urlTemplate\":\"https:\/\/www.minoanlife.com\/de\/?s={search_term_string}\"},\"query-input\":{\"@type\":\"PropertyValueSpecification\",\"valueRequired\":true,\"valueName\":\"search_term_string\"}}],\"inLanguage\":\"de\"}]}<\/script>\n<!-- \/ Yoast SEO plugin. -->","yoast_head_json":{"title":"Naturschw\u00e4mme | Minoan Life","robots":{"index":"index","follow":"follow","max-snippet":"max-snippet:-1","max-image-preview":"max-image-preview:large","max-video-preview":"max-video-preview:-1"},"canonical":"https:\/\/www.minoanlife.com\/de\/naturschwaemme\/","og_locale":"de_DE","og_type":"article","og_title":"Naturschw\u00e4mme | Minoan Life","og_description":"Product Details Naturschw\u00e4mme werden seit Tausenden von Jahren benutzt. Wegen ihrer einzigartigen Eigenschaften sind sie ideal f\u00fcr das Bad und die t\u00e4gliche K\u00f6rperpflege. Der Naturschwamm Minoan Life ist ein hochwertiger Schwamm, sorgf\u00e4ltig ausgew\u00e4hlt aus dem Mittelmeer. Der Naturschwamm Minoan Life ist ideal f\u00fcr Massage und gibt dem K\u00f6rper ein einzigartiges...","og_url":"https:\/\/www.minoanlife.com\/de\/naturschwaemme\/","og_site_name":"Minoan Life","article_modified_time":"2016-12-08T14:45:20+00:00","twitter_misc":{"Gesch\u00e4tzte Lesezeit":"1\u00a0Minute"},"schema":{"@context":"https:\/\/schema.org","@graph":[{"@type":"WebPage","@id":"https:\/\/www.minoanlife.com\/de\/naturschwaemme\/","url":"https:\/\/www.minoanlife.com\/de\/naturschwaemme\/","name":"Naturschw\u00e4mme | Minoan Life","isPartOf":{"@id":"https:\/\/www.minoanlife.com\/de\/#website"},"datePublished":"2016-04-04T11:49:45+00:00","dateModified":"2016-12-08T14:45:20+00:00","breadcrumb":{"@id":"https:\/\/www.minoanlife.com\/de\/naturschwaemme\/#breadcrumb"},"inLanguage":"de","potentialAction":[{"@type":"ReadAction","target":["https:\/\/www.minoanlife.com\/de\/naturschwaemme\/"]}]},{"@type":"BreadcrumbList","@id":"https:\/\/www.minoanlife.com\/de\/naturschwaemme\/#breadcrumb","itemListElement":[{"@type":"ListItem","position":1,"name":"Home","item":"https:\/\/www.minoanlife.com\/de\/"},{"@type":"ListItem","position":2,"name":"Naturschw\u00e4mme"}]},{"@type":"WebSite","@id":"https:\/\/www.minoanlife.com\/de\/#website","url":"https:\/\/www.minoanlife.com\/de\/","name":"Minoan Life","description":"","potentialAction":[{"@type":"SearchAction","target":{"@type":"EntryPoint","urlTemplate":"https:\/\/www.minoanlife.com\/de\/?s={search_term_string}"},"query-input":{"@type":"PropertyValueSpecification","valueRequired":true,"valueName":"search_term_string"}}],"inLanguage":"de"}]}},"_links":{"self":[{"href":"https:\/\/www.minoanlife.com\/de\/wp-json\/wp\/v2\/pages\/16090","targetHints":{"allow":["GET"]}}],"collection":[{"href":"https:\/\/www.minoanlife.com\/de\/wp-json\/wp\/v2\/pages"}],"about":[{"href":"https:\/\/www.minoanlife.com\/de\/wp-json\/wp\/v2\/types\/page"}],"author":[{"embeddable":true,"href":"https:\/\/www.minoanlife.com\/de\/wp-json\/wp\/v2\/users\/124"}],"replies":[{"embeddable":true,"href":"https:\/\/www.minoanlife.com\/de\/wp-json\/wp\/v2\/comments?post=16090"}],"version-history":[{"count":1,"href":"https:\/\/www.minoanlife.com\/de\/wp-json\/wp\/v2\/pages\/16090\/revisions"}],"predecessor-version":[{"id":17237,"href":"https:\/\/www.minoanlife.com\/de\/wp-json\/wp\/v2\/pages\/16090\/revisions\/17237"}],"wp:attachment":[{"href":"https:\/\/www.minoanlife.com\/de\/wp-json\/wp\/v2\/media?parent=16090"}],"curies":[{"name":"wp","href":"https:\/\/api.w.org\/{rel}","templated":true}]}}