{"id":11325,"date":"2014-07-07T07:25:42","date_gmt":"2014-07-07T07:25:42","guid":{"rendered":"http:\/\/www.minoanlife.com\/?page_id=11325"},"modified":"2016-03-31T14:30:58","modified_gmt":"2016-03-31T14:30:58","slug":"verkaufsstellen-griechenland","status":"publish","type":"page","link":"https:\/\/www.minoanlife.com\/de\/verkaufsstellen-griechenland\/","title":{"rendered":"Verkaufsstellen in Griechenland"},"content":{"rendered":"<p>Auf der untenstehenden Karte k\u00f6nnen Sie die Verkaufsstellen von MinoanLife Produkten sehen.<\/p>\n<p>Durch einen einfachen Klick auf ein beliebiges Symbol, k\u00f6nnen Sie Informationen \u00fcber die Firma erhalten und durch Doppelklick k\u00f6nnen Sie in ihrem Standort hineinzoomen.<\/p>\n<p>&nbsp;<\/p>\n<div id='sales-points-page' class='wp_sales_points_map_container'><div class='wp_sales_points_map_overlay'><\/div><div class='wp_sales_points_map'><\/div><\/div>\n","protected":false},"excerpt":{"rendered":"<p>Auf der untenstehenden Karte k\u00f6nnen Sie die Verkaufsstellen von MinoanLife Produkten sehen. Durch einen einfachen Klick auf ein beliebiges Symbol, k\u00f6nnen Sie Informationen \u00fcber die Firma erhalten und durch Doppelklick k\u00f6nnen Sie in ihrem Standort hineinzoomen. &nbsp;<\/p>\n","protected":false},"author":1,"featured_media":0,"parent":0,"menu_order":123,"comment_status":"open","ping_status":"closed","template":"","meta":{"footnotes":""},"class_list":["post-11325","page","type-page","status-publish","hentry"],"yoast_head":"<!-- This site is optimized with the Yoast SEO plugin v27.2 - https:\/\/yoast.com\/product\/yoast-seo-wordpress\/ -->\n<title>Verkaufsstellen in Griechenland | Minoan Life<\/title>\n<meta name=\"description\" content=\"Auf der untenstehenden Karte k\u00f6nnen Sie die Verkaufsstellen von MinoanLife Produkten sehen.\" \/>\n<meta name=\"robots\" content=\"index, follow, max-snippet:-1, max-image-preview:large, max-video-preview:-1\" \/>\n<link rel=\"canonical\" href=\"https:\/\/www.minoanlife.com\/de\/verkaufsstellen-griechenland\/\" \/>\n<meta property=\"og:locale\" content=\"de_DE\" \/>\n<meta property=\"og:type\" content=\"article\" \/>\n<meta property=\"og:title\" content=\"Verkaufsstellen in Griechenland | Minoan Life\" \/>\n<meta property=\"og:description\" content=\"Auf der untenstehenden Karte k\u00f6nnen Sie die Verkaufsstellen von MinoanLife Produkten sehen.\" \/>\n<meta property=\"og:url\" content=\"https:\/\/www.minoanlife.com\/de\/verkaufsstellen-griechenland\/\" \/>\n<meta property=\"og:site_name\" content=\"Minoan Life\" \/>\n<meta property=\"article:modified_time\" content=\"2016-03-31T14:30:58+00:00\" \/>\n<script type=\"application\/ld+json\" class=\"yoast-schema-graph\">{\"@context\":\"https:\/\/schema.org\",\"@graph\":[{\"@type\":\"WebPage\",\"@id\":\"https:\/\/www.minoanlife.com\/de\/verkaufsstellen-griechenland\/\",\"url\":\"https:\/\/www.minoanlife.com\/de\/verkaufsstellen-griechenland\/\",\"name\":\"Verkaufsstellen in Griechenland | Minoan Life\",\"isPartOf\":{\"@id\":\"https:\/\/www.minoanlife.com\/de\/#website\"},\"datePublished\":\"2014-07-07T07:25:42+00:00\",\"dateModified\":\"2016-03-31T14:30:58+00:00\",\"description\":\"Auf der untenstehenden Karte k\u00f6nnen Sie die Verkaufsstellen von MinoanLife Produkten sehen.\",\"breadcrumb\":{\"@id\":\"https:\/\/www.minoanlife.com\/de\/verkaufsstellen-griechenland\/#breadcrumb\"},\"inLanguage\":\"de\",\"potentialAction\":[{\"@type\":\"ReadAction\",\"target\":[\"https:\/\/www.minoanlife.com\/de\/verkaufsstellen-griechenland\/\"]}]},{\"@type\":\"BreadcrumbList\",\"@id\":\"https:\/\/www.minoanlife.com\/de\/verkaufsstellen-griechenland\/#breadcrumb\",\"itemListElement\":[{\"@type\":\"ListItem\",\"position\":1,\"name\":\"Home\",\"item\":\"https:\/\/www.minoanlife.com\/de\/\"},{\"@type\":\"ListItem\",\"position\":2,\"name\":\"Verkaufsstellen in Griechenland\"}]},{\"@type\":\"WebSite\",\"@id\":\"https:\/\/www.minoanlife.com\/de\/#website\",\"url\":\"https:\/\/www.minoanlife.com\/de\/\",\"name\":\"Minoan Life\",\"description\":\"\",\"potentialAction\":[{\"@type\":\"SearchAction\",\"target\":{\"@type\":\"EntryPoint\",\"urlTemplate\":\"https:\/\/www.minoanlife.com\/de\/?s={search_term_string}\"},\"query-input\":{\"@type\":\"PropertyValueSpecification\",\"valueRequired\":true,\"valueName\":\"search_term_string\"}}],\"inLanguage\":\"de\"}]}<\/script>\n<!-- \/ Yoast SEO plugin. -->","yoast_head_json":{"title":"Verkaufsstellen in Griechenland | Minoan Life","description":"Auf der untenstehenden Karte k\u00f6nnen Sie die Verkaufsstellen von MinoanLife Produkten sehen.","robots":{"index":"index","follow":"follow","max-snippet":"max-snippet:-1","max-image-preview":"max-image-preview:large","max-video-preview":"max-video-preview:-1"},"canonical":"https:\/\/www.minoanlife.com\/de\/verkaufsstellen-griechenland\/","og_locale":"de_DE","og_type":"article","og_title":"Verkaufsstellen in Griechenland | Minoan Life","og_description":"Auf der untenstehenden Karte k\u00f6nnen Sie die Verkaufsstellen von MinoanLife Produkten sehen.","og_url":"https:\/\/www.minoanlife.com\/de\/verkaufsstellen-griechenland\/","og_site_name":"Minoan Life","article_modified_time":"2016-03-31T14:30:58+00:00","schema":{"@context":"https:\/\/schema.org","@graph":[{"@type":"WebPage","@id":"https:\/\/www.minoanlife.com\/de\/verkaufsstellen-griechenland\/","url":"https:\/\/www.minoanlife.com\/de\/verkaufsstellen-griechenland\/","name":"Verkaufsstellen in Griechenland | Minoan Life","isPartOf":{"@id":"https:\/\/www.minoanlife.com\/de\/#website"},"datePublished":"2014-07-07T07:25:42+00:00","dateModified":"2016-03-31T14:30:58+00:00","description":"Auf der untenstehenden Karte k\u00f6nnen Sie die Verkaufsstellen von MinoanLife Produkten sehen.","breadcrumb":{"@id":"https:\/\/www.minoanlife.com\/de\/verkaufsstellen-griechenland\/#breadcrumb"},"inLanguage":"de","potentialAction":[{"@type":"ReadAction","target":["https:\/\/www.minoanlife.com\/de\/verkaufsstellen-griechenland\/"]}]},{"@type":"BreadcrumbList","@id":"https:\/\/www.minoanlife.com\/de\/verkaufsstellen-griechenland\/#breadcrumb","itemListElement":[{"@type":"ListItem","position":1,"name":"Home","item":"https:\/\/www.minoanlife.com\/de\/"},{"@type":"ListItem","position":2,"name":"Verkaufsstellen in Griechenland"}]},{"@type":"WebSite","@id":"https:\/\/www.minoanlife.com\/de\/#website","url":"https:\/\/www.minoanlife.com\/de\/","name":"Minoan Life","description":"","potentialAction":[{"@type":"SearchAction","target":{"@type":"EntryPoint","urlTemplate":"https:\/\/www.minoanlife.com\/de\/?s={search_term_string}"},"query-input":{"@type":"PropertyValueSpecification","valueRequired":true,"valueName":"search_term_string"}}],"inLanguage":"de"}]}},"_links":{"self":[{"href":"https:\/\/www.minoanlife.com\/de\/wp-json\/wp\/v2\/pages\/11325","targetHints":{"allow":["GET"]}}],"collection":[{"href":"https:\/\/www.minoanlife.com\/de\/wp-json\/wp\/v2\/pages"}],"about":[{"href":"https:\/\/www.minoanlife.com\/de\/wp-json\/wp\/v2\/types\/page"}],"author":[{"embeddable":true,"href":"https:\/\/www.minoanlife.com\/de\/wp-json\/wp\/v2\/users\/1"}],"replies":[{"embeddable":true,"href":"https:\/\/www.minoanlife.com\/de\/wp-json\/wp\/v2\/comments?post=11325"}],"version-history":[{"count":0,"href":"https:\/\/www.minoanlife.com\/de\/wp-json\/wp\/v2\/pages\/11325\/revisions"}],"wp:attachment":[{"href":"https:\/\/www.minoanlife.com\/de\/wp-json\/wp\/v2\/media?parent=11325"}],"curies":[{"name":"wp","href":"https:\/\/api.w.org\/{rel}","templated":true}]}}