{"id":11133,"date":"2014-07-06T17:32:14","date_gmt":"2014-07-06T17:32:14","guid":{"rendered":"http:\/\/www.minoanlife.com\/?page_id=11133"},"modified":"2017-02-22T14:47:37","modified_gmt":"2017-02-22T14:47:37","slug":"olive-beauty-medi-care","status":"publish","type":"page","link":"https:\/\/www.minoanlife.com\/de\/olive-beauty-medi-care\/","title":{"rendered":"Olive &#8211; Beauty\u2022Medi\u2022Care"},"content":{"rendered":"<div class=\"wpb-content-wrapper\"><p>[vc_row][vc_column width=&#8221;2\/3&#8243;][vc_gallery interval=&#8221;3&#8243; images=&#8221;13882,13887,13256,13239,12632,13897,11111,12605,11101&#8243; img_size=&#8221;770&#215;600&#8243;][\/vc_column][vc_column width=&#8221;1\/3&#8243;][vc_column_text]F\u00fcr Frauen und M\u00e4nner, die nah an der Natur leben m\u00f6chten.<\/p>\n<p><strong>\u00abOlive &#8211; Beauty\u2022Medi\u2022Care\u00bb<\/strong>, ist eine Naturkosmetik-Marke, die sich der Darbietung von qualitativ hochwertigen Produkten widmete, produziert aus Zutaten, die aus <strong>kretische<\/strong><strong> Oliven\u00f6l<\/strong> und <strong>Naturkr\u00e4uter <\/strong>stammen.<\/p>\n<p>Minoan Life hat seine eigene komplette Linie von nat\u00fcrlichen <strong>Gesichts<\/strong>-und <strong>K\u00f6rperpflege<\/strong>-Kosmetikentwickelt, welche sich auf griechischem Oliven\u00f6l und Naturkr\u00e4utern basieren. Die Qualit\u00e4tspolitik des Unternehmens gew\u00e4hrleistet die Zusammenarbeit mit den modernsten Forschungszentren. 30 verschiedene Formeln aus sorgf\u00e4ltig ausgew\u00e4hlten Kr\u00e4uter-und anderen Rohstoffkombinationen sind bereits ausschlie\u00dflich f\u00fcr Minoan Life produziert. Das <strong>hohe Reinheit Niveau <\/strong>hervorhebt seine <strong>wohltuende<\/strong> und <strong>belebende<\/strong> Eigenschaften.<\/p>\n<p>Die Unterlagenaller Produktesind der Europ\u00e4ischen Union und der griechischenArzneimittel-Agenturvorgelegt.[\/vc_column_text][\/vc_column][\/vc_row]<\/p>\n<\/div>","protected":false},"excerpt":{"rendered":"<p>[vc_row][vc_column width=&#8221;2\/3&#8243;][vc_gallery interval=&#8221;3&#8243; images=&#8221;13882,13887,13256,13239,12632,13897,11111,12605,11101&#8243; img_size=&#8221;770&#215;600&#8243;][\/vc_column][vc_column width=&#8221;1\/3&#8243;][vc_column_text]F\u00fcr Frauen und M\u00e4nner, die nah an der Natur leben m\u00f6chten. \u00abOlive &#8211; Beauty\u2022Medi\u2022Care\u00bb, ist eine Naturkosmetik-Marke, die sich der Darbietung von qualitativ hochwertigen Produkten widmete, produziert aus Zutaten, die aus kretische Oliven\u00f6l und Naturkr\u00e4uter stammen. Minoan Life hat seine eigene komplette Linie von nat\u00fcrlichen&#8230;<\/p>\n","protected":false},"author":1,"featured_media":0,"parent":0,"menu_order":76,"comment_status":"open","ping_status":"closed","template":"","meta":{"footnotes":""},"class_list":["post-11133","page","type-page","status-publish","hentry"],"yoast_head":"<!-- This site is optimized with the Yoast SEO plugin v27.2 - https:\/\/yoast.com\/product\/yoast-seo-wordpress\/ -->\n<title>Olive - Beauty\u2022Medi\u2022Care | Minoan Life<\/title>\n<meta name=\"description\" content=\"\u00abOlive - Beauty\u2022Medi\u2022Care\u00bb, ist eine Naturkosmetiksmarke und bietet qualitativ hochwertige Produkte, die aus kretische Oliven\u00f6l und Naturkr\u00e4uter stammen\" \/>\n<meta name=\"robots\" content=\"index, follow, max-snippet:-1, max-image-preview:large, max-video-preview:-1\" \/>\n<link rel=\"canonical\" href=\"https:\/\/www.minoanlife.com\/de\/olive-beauty-medi-care\/\" \/>\n<meta property=\"og:locale\" content=\"de_DE\" \/>\n<meta property=\"og:type\" content=\"article\" \/>\n<meta property=\"og:title\" content=\"Olive - Beauty\u2022Medi\u2022Care | Minoan Life\" \/>\n<meta property=\"og:description\" content=\"\u00abOlive - Beauty\u2022Medi\u2022Care\u00bb, ist eine Naturkosmetiksmarke und bietet qualitativ hochwertige Produkte, die aus kretische Oliven\u00f6l und Naturkr\u00e4uter stammen\" \/>\n<meta property=\"og:url\" content=\"https:\/\/www.minoanlife.com\/de\/olive-beauty-medi-care\/\" \/>\n<meta property=\"og:site_name\" content=\"Minoan Life\" \/>\n<meta property=\"article:modified_time\" content=\"2017-02-22T14:47:37+00:00\" \/>\n<meta name=\"twitter:label1\" content=\"Gesch\u00e4tzte Lesezeit\" \/>\n\t<meta name=\"twitter:data1\" content=\"1\u00a0Minute\" \/>\n<script type=\"application\/ld+json\" class=\"yoast-schema-graph\">{\"@context\":\"https:\/\/schema.org\",\"@graph\":[{\"@type\":\"WebPage\",\"@id\":\"https:\/\/www.minoanlife.com\/de\/olive-beauty-medi-care\/\",\"url\":\"https:\/\/www.minoanlife.com\/de\/olive-beauty-medi-care\/\",\"name\":\"Olive - Beauty\u2022Medi\u2022Care | Minoan Life\",\"isPartOf\":{\"@id\":\"https:\/\/www.minoanlife.com\/de\/#website\"},\"datePublished\":\"2014-07-06T17:32:14+00:00\",\"dateModified\":\"2017-02-22T14:47:37+00:00\",\"description\":\"\u00abOlive - Beauty\u2022Medi\u2022Care\u00bb, ist eine Naturkosmetiksmarke und bietet qualitativ hochwertige Produkte, die aus kretische Oliven\u00f6l und Naturkr\u00e4uter stammen\",\"breadcrumb\":{\"@id\":\"https:\/\/www.minoanlife.com\/de\/olive-beauty-medi-care\/#breadcrumb\"},\"inLanguage\":\"de\",\"potentialAction\":[{\"@type\":\"ReadAction\",\"target\":[\"https:\/\/www.minoanlife.com\/de\/olive-beauty-medi-care\/\"]}]},{\"@type\":\"BreadcrumbList\",\"@id\":\"https:\/\/www.minoanlife.com\/de\/olive-beauty-medi-care\/#breadcrumb\",\"itemListElement\":[{\"@type\":\"ListItem\",\"position\":1,\"name\":\"Home\",\"item\":\"https:\/\/www.minoanlife.com\/de\/\"},{\"@type\":\"ListItem\",\"position\":2,\"name\":\"Olive &#8211; Beauty\u2022Medi\u2022Care\"}]},{\"@type\":\"WebSite\",\"@id\":\"https:\/\/www.minoanlife.com\/de\/#website\",\"url\":\"https:\/\/www.minoanlife.com\/de\/\",\"name\":\"Minoan Life\",\"description\":\"\",\"potentialAction\":[{\"@type\":\"SearchAction\",\"target\":{\"@type\":\"EntryPoint\",\"urlTemplate\":\"https:\/\/www.minoanlife.com\/de\/?s={search_term_string}\"},\"query-input\":{\"@type\":\"PropertyValueSpecification\",\"valueRequired\":true,\"valueName\":\"search_term_string\"}}],\"inLanguage\":\"de\"}]}<\/script>\n<!-- \/ Yoast SEO plugin. -->","yoast_head_json":{"title":"Olive - Beauty\u2022Medi\u2022Care | Minoan Life","description":"\u00abOlive - Beauty\u2022Medi\u2022Care\u00bb, ist eine Naturkosmetiksmarke und bietet qualitativ hochwertige Produkte, die aus kretische Oliven\u00f6l und Naturkr\u00e4uter stammen","robots":{"index":"index","follow":"follow","max-snippet":"max-snippet:-1","max-image-preview":"max-image-preview:large","max-video-preview":"max-video-preview:-1"},"canonical":"https:\/\/www.minoanlife.com\/de\/olive-beauty-medi-care\/","og_locale":"de_DE","og_type":"article","og_title":"Olive - Beauty\u2022Medi\u2022Care | Minoan Life","og_description":"\u00abOlive - Beauty\u2022Medi\u2022Care\u00bb, ist eine Naturkosmetiksmarke und bietet qualitativ hochwertige Produkte, die aus kretische Oliven\u00f6l und Naturkr\u00e4uter stammen","og_url":"https:\/\/www.minoanlife.com\/de\/olive-beauty-medi-care\/","og_site_name":"Minoan Life","article_modified_time":"2017-02-22T14:47:37+00:00","twitter_misc":{"Gesch\u00e4tzte Lesezeit":"1\u00a0Minute"},"schema":{"@context":"https:\/\/schema.org","@graph":[{"@type":"WebPage","@id":"https:\/\/www.minoanlife.com\/de\/olive-beauty-medi-care\/","url":"https:\/\/www.minoanlife.com\/de\/olive-beauty-medi-care\/","name":"Olive - Beauty\u2022Medi\u2022Care | Minoan Life","isPartOf":{"@id":"https:\/\/www.minoanlife.com\/de\/#website"},"datePublished":"2014-07-06T17:32:14+00:00","dateModified":"2017-02-22T14:47:37+00:00","description":"\u00abOlive - Beauty\u2022Medi\u2022Care\u00bb, ist eine Naturkosmetiksmarke und bietet qualitativ hochwertige Produkte, die aus kretische Oliven\u00f6l und Naturkr\u00e4uter stammen","breadcrumb":{"@id":"https:\/\/www.minoanlife.com\/de\/olive-beauty-medi-care\/#breadcrumb"},"inLanguage":"de","potentialAction":[{"@type":"ReadAction","target":["https:\/\/www.minoanlife.com\/de\/olive-beauty-medi-care\/"]}]},{"@type":"BreadcrumbList","@id":"https:\/\/www.minoanlife.com\/de\/olive-beauty-medi-care\/#breadcrumb","itemListElement":[{"@type":"ListItem","position":1,"name":"Home","item":"https:\/\/www.minoanlife.com\/de\/"},{"@type":"ListItem","position":2,"name":"Olive &#8211; Beauty\u2022Medi\u2022Care"}]},{"@type":"WebSite","@id":"https:\/\/www.minoanlife.com\/de\/#website","url":"https:\/\/www.minoanlife.com\/de\/","name":"Minoan Life","description":"","potentialAction":[{"@type":"SearchAction","target":{"@type":"EntryPoint","urlTemplate":"https:\/\/www.minoanlife.com\/de\/?s={search_term_string}"},"query-input":{"@type":"PropertyValueSpecification","valueRequired":true,"valueName":"search_term_string"}}],"inLanguage":"de"}]}},"_links":{"self":[{"href":"https:\/\/www.minoanlife.com\/de\/wp-json\/wp\/v2\/pages\/11133","targetHints":{"allow":["GET"]}}],"collection":[{"href":"https:\/\/www.minoanlife.com\/de\/wp-json\/wp\/v2\/pages"}],"about":[{"href":"https:\/\/www.minoanlife.com\/de\/wp-json\/wp\/v2\/types\/page"}],"author":[{"embeddable":true,"href":"https:\/\/www.minoanlife.com\/de\/wp-json\/wp\/v2\/users\/1"}],"replies":[{"embeddable":true,"href":"https:\/\/www.minoanlife.com\/de\/wp-json\/wp\/v2\/comments?post=11133"}],"version-history":[{"count":2,"href":"https:\/\/www.minoanlife.com\/de\/wp-json\/wp\/v2\/pages\/11133\/revisions"}],"predecessor-version":[{"id":17502,"href":"https:\/\/www.minoanlife.com\/de\/wp-json\/wp\/v2\/pages\/11133\/revisions\/17502"}],"wp:attachment":[{"href":"https:\/\/www.minoanlife.com\/de\/wp-json\/wp\/v2\/media?parent=11133"}],"curies":[{"name":"wp","href":"https:\/\/api.w.org\/{rel}","templated":true}]}}